{"id":7267,"date":"2021-05-07T08:48:43","date_gmt":"2021-05-07T06:48:43","guid":{"rendered":"https:\/\/certisys.poush.be\/ueber\/engagement\/"},"modified":"2025-03-11T15:38:31","modified_gmt":"2025-03-11T13:38:31","slug":"engagement","status":"publish","type":"page","link":"https:\/\/www.certisys.eu\/de\/ueber\/engagement\/","title":{"rendered":"Unser engagement"},"content":{"rendered":"<div class=\"wpb-content-wrapper\"><p>[vc_row content_placement=&#8220;middle&#8220; css=&#8220;.vc_custom_1605630337493{padding-bottom: 30px !important;}&#8220;][vc_column width=&#8220;1\/2&#8243; offset=&#8220;vc_col-lg-offset-2 vc_col-lg-4&#8243;][vc_column_text]<\/p>\n<h2>Unsere Vision<\/h2>\n<p><strong><em>\u201eWenn es ein Projekt gibt, sind wir \u00fcberzeugt davon, dass es nachhaltig sein sollte!\u201c<\/em><\/strong><\/p>\n<p><strong><em>\u00a0<\/em><\/strong><\/p>\n<p>Dieser Satz steht symbolisch f\u00fcr unsere Vision und unsere Ambition, <strong>unseren positiven Impakt<\/strong> auf die Umwelt und die Gesellschaft zu <strong>verst\u00e4rken<\/strong>.<\/p>\n<p>Die Welt ist im Wandel. Und damit werden wir uns immer mehr bewusst, dass wir es in der Hand haben. Heute sind der Erhalt der Biodiversit\u00e4t, der Klimawandel, der Umweltschutz und die gerechte Verteilung der Ressourcen die dr\u00e4ngenden Themen unserer Gesellschaft. Wir bei CERTISYS sind deshalb mehr denn je davon \u00fcberzeugt, dass unsere Modelle weiterentwickelt werden m\u00fcssen.<\/p>\n<p>Wir stehen vor gro\u00dfen Herausforderungen. Wir sind uns sicher, dass wir diese nur meistern k\u00f6nnen, wenn jeder einen Beitrag leistet. Als unseren Beitrag haben wir den <strong>Weg der Zertifizierung<\/strong> gew\u00e4hlt. Indem wir nachhaltige Modelle vorantreiben, m\u00f6chten wir jene Prinzipien weiterf\u00fchren, f\u00fcr die die biologische Landwirtschaft steht.<\/p>\n<p>[\/vc_column_text][\/vc_column][vc_column width=&#8220;1\/3&#8243;][vc_single_image image=&#8220;3692&#8243; img_size=&#8220;400&#215;400&#8243; alignment=&#8220;center&#8220; style=&#8220;vc_box_circle_2&#8243; css_animation=&#8220;fadeInDown&#8220;][\/vc_column][\/vc_row][vc_row content_placement=&#8220;middle&#8220; css=&#8220;.vc_custom_1605630337493{padding-bottom: 30px !important;}&#8220;][vc_column offset=&#8220;vc_col-lg-offset-2 vc_col-lg-8&#8243;][vc_column_text]<\/p>\n<ul>\n<li><strong>F\u00fcr unsere Kunden<\/strong><\/li>\n<\/ul>\n<p>Wir sind nah an Ihnen dran, h\u00f6ren uns Ihre Bed\u00fcrfnisse an und gehen auf die Besonderheiten Ihres Marktes ein. Dank unserer weltweiten Pr\u00e4senz bieten wir Ihnen innovative, integrierte L\u00f6sungen, um Ihnen dabei zu helfen, sich nachhaltig weiterzuentwickeln.<\/p>\n<ul>\n<li><strong>F\u00fcr die Gesellschaft<\/strong><\/li>\n<\/ul>\n<p>Wir sind seit unserer Gr\u00fcndung im Einsatz f\u00fcr die biologische Landwirtschaft und w\u00e4hlen nur jene Garantien aus, die sich durch ihren positiven Einfluss auf die Gesellschaft auszeichnen.<\/p>\n<ul>\n<li><strong>Mit unserem Team<\/strong><\/li>\n<\/ul>\n<p>Unser Team &#8211; inspiriert, vielseitig, ambitioniert und gest\u00e4rkt durch ein umfassendes Fachwissen. Wir sind vereint durch unseren Einsatz f\u00fcr eine nachhaltige Welt.[\/vc_column_text][\/vc_column][\/vc_row][vc_row content_placement=&#8220;middle&#8220; css=&#8220;.vc_custom_1614101002332{padding-bottom: 30px !important;}&#8220; el_id=&#8220;missions&#8220;][vc_column width=&#8220;1\/2&#8243;][vc_single_image image=&#8220;19075&#8243; img_size=&#8220;500&#215;500&#8243; alignment=&#8220;center&#8220; style=&#8220;vc_box_circle_2&#8243; css_animation=&#8220;fadeInDown&#8220; css=&#8220;.vc_custom_1674033229772{padding-left: 0px !important;}&#8220;][\/vc_column][vc_column width=&#8220;1\/2&#8243; offset=&#8220;vc_col-lg-4&#8243;][vc_column_text css=&#8220;&#8220;]<\/p>\n<h2>Unsere Mission<\/h2>\n<p><strong><em>Unsere Mission besteht darin, die Kunden aus verschiedenen Branchen bei ihren nachhaltigen Vorhaben zu begleiten und ihnen Zertifikate zu bieten, die ihre guten Sozial- und Umweltpraktiken garantieren und valorisieren. <\/em><\/strong><\/p>\n<p>Wir sind vor 40 Jahren auf Initiative mehrerer Pioniere entstanden, die passioniert waren vom Boden. Es waren Ingenieure und Agronomen, die sich der Herausforderung stellten, eine <strong>zuverl\u00e4ssige und glaubw\u00fcrdige Kontrolle und Zertifizierung<\/strong> der biologischen Landwirtschaft vorzunehmen.<\/p>\n<p>Wir haben dieses anerkannte Fachwissen im Bereich BIO zu unserem Kapital gemacht und <strong>unsere T\u00e4tigkeit auf andere Branchen<\/strong>, wie z. B. Kosmetik und nat\u00fcrliche Reinigungsmittel, fairer Handel oder auch <strong>Betriebsmittel<\/strong>.<\/p>\n<p>Wir setzen uns ein f\u00fcr eine Produktion, die die lebenden \u00d6kosysteme sch\u00fctzt, f\u00fcr einen besseren Umgang mit den nat\u00fcrlichen Ressourcen (Wasser, Luft, Bodenfruchtbarkeit) und der Energie, f\u00fcr sozialverantwortliche Gewerbszweige und f\u00fcr eine bessere Produktqualit\u00e4t und -sicherheit. All dies sind unerl\u00e4ssliche Elemente, um auf die derzeitigen wirtschaftlichen, sozialen und \u00f6kologischen Herausforderungen einzugehen und die Welt von morgen aufzubauen.<\/p>\n<p>&nbsp;<\/p>\n<div id=\"ConnectiveDocSignExtentionInstalled\" data-extension-version=\"1.0.4\"><\/div>\n<p>[\/vc_column_text]<div class=\"d-flex justify-content-start vc_custom_1620387963507\"><a class=\"psh_button btn-30657503\" href=\"https:\/\/www.certisys.eu\/de\/ueber\/teams\/\" alt=\"Teams\" target=\"\">Unsere Teams<\/a><\/div>\n        <style>.psh_button.btn-30657503{\n          font-size: 20px;\n          text-transform: none;\n          padding: 10px 25px 10px 25px;\n          border-radius: 80px;\n          border-width: 0px;\n          background-color: #e30613;\n          border-color: ;\n          border-style: solid;\n          color: #ffffff;\n          display: inline-block;\n          \n          transition: all .3s ease-in-out;\n        }\n        .psh_button.btn-30657503:hover{\n          background-color: #f18970;\n          border-color: ;\n          color: #ffffff;\n          transition: all .3s ease-in-out;\n        }.vc_custom_1620387963507{margin-bottom: 35px !important;}<\/style>[\/vc_column][\/vc_row][vc_row full_width=&#8220;stretch_row&#8220; css=&#8220;.vc_custom_1620370505677{padding-top: 50px !important;padding-bottom: 50px !important;}&#8220;][vc_column][vc_row_inner][vc_column_inner width=&#8220;1\/6&#8243;][\/vc_column_inner][vc_column_inner width=&#8220;2\/3&#8243;][vc_column_text]<\/p>\n<h2 style=\"text-align: center;\">Unsere Werte<\/h2>\n<p style=\"text-align: center;\">Unsere Arbeit gr\u00fcndet auf starken Werten, dank derer wir ein <strong>Vertrauensverh\u00e4ltnis <\/strong>zwischen unseren Kunden, den Verbrauchern, den Akteuren der BIO-Branche und den Beh\u00f6rden pflegen.<\/p>\n<p>[\/vc_column_text][\/vc_column_inner][vc_column_inner width=&#8220;1\/6&#8243;][\/vc_column_inner][\/vc_row_inner][vc_row_inner][vc_column_inner width=&#8220;1\/5&#8243;][vc_single_image image=&#8220;19050&#8243; img_size=&#8220;80&#215;80&#8243; alignment=&#8220;center&#8220; css_animation=&#8220;fadeInDown&#8220; css=&#8220;.vc_custom_1674033833358{margin-bottom: 20px !important;}&#8220;][vc_column_text]<\/p>\n<p style=\"text-align: center;\">Achtung des Menschen und seiner Umwelt<\/p>\n<p>[\/vc_column_text][\/vc_column_inner][vc_column_inner width=&#8220;1\/5&#8243;][vc_single_image image=&#8220;3124&#8243; img_size=&#8220;80&#215;80&#8243; alignment=&#8220;center&#8220; css_animation=&#8220;fadeInDown&#8220; css=&#8220;.vc_custom_1614242108693{margin-bottom: 20px !important;}&#8220;][vc_column_text]<\/p>\n<p style=\"text-align: center;\">N\u00e4he zum Kunden und lokale Verankerun<\/p>\n<p>[\/vc_column_text][\/vc_column_inner][vc_column_inner width=&#8220;1\/5&#8243;][vc_single_image image=&#8220;19046&#8243; img_size=&#8220;80&#215;80&#8243; alignment=&#8220;center&#8220; css_animation=&#8220;fadeInDown&#8220; css=&#8220;.vc_custom_1674033881360{margin-bottom: 20px !important;}&#8220;][vc_column_text]<\/p>\n<p style=\"text-align: center;\">Expertise und Innovation im Dienste des Kunden<\/p>\n<p>[\/vc_column_text][\/vc_column_inner][vc_column_inner width=&#8220;1\/5&#8243;][vc_single_image image=&#8220;3116&#8243; img_size=&#8220;80&#215;80&#8243; alignment=&#8220;center&#8220; css_animation=&#8220;fadeInDown&#8220; css=&#8220;.vc_custom_1614242117512{margin-bottom: 20px !important;}&#8220;][vc_column_text]<\/p>\n<p style=\"text-align: center;\">Zusammenarbeit und Vertrauensverh\u00e4ltnis zu unseren Partnern<\/p>\n<p>[\/vc_column_text][\/vc_column_inner][vc_column_inner width=&#8220;1\/5&#8243;][vc_single_image image=&#8220;3128&#8243; img_size=&#8220;80&#215;80&#8243; alignment=&#8220;center&#8220; css_animation=&#8220;fadeInDown&#8220; css=&#8220;.vc_custom_1614242138180{margin-bottom: 20px !important;}&#8220;][vc_column_text]<\/p>\n<p style=\"text-align: center;\">Integrit\u00e4t und Transparenz<\/p>\n<p>[\/vc_column_text][\/vc_column_inner][\/vc_row_inner][\/vc_column][\/vc_row][vc_row][vc_column][vc_column_text]<\/p>\n<div id=\"ConnectiveDocSignExtentionInstalled\" data-extension-version=\"1.0.4\"><\/div>\n<p>[\/vc_column_text][\/vc_column][\/vc_row]<\/p>\n<\/div>","protected":false},"excerpt":{"rendered":"<p>[vc_row content_placement=&#8220;middle&#8220; css=&#8220;.vc_custom_1605630337493{padding-bottom: 30px !important;}&#8220;][vc_column width=&#8220;1\/2&#8243; offset=&#8220;vc_col-lg-offset-2 vc_col-lg-4&#8243;][vc_column_text] Unsere Vision \u201eWenn es ein Projekt gibt, sind wir \u00fcberzeugt davon, dass es nachhaltig sein sollte!\u201c \u00a0 Dieser Satz steht symbolisch f\u00fcr unsere Vision und unsere Ambition, unseren positiven Impakt auf die Umwelt und die Gesellschaft zu verst\u00e4rken. Die Welt ist im Wandel. Und damit werden wir [&hellip;]<\/p>\n","protected":false},"author":1,"featured_media":0,"parent":6961,"menu_order":0,"comment_status":"closed","ping_status":"closed","template":"","meta":{"_acf_changed":false,"footnotes":""},"class_list":["post-7267","page","type-page","status-publish","hentry"],"acf":[],"yoast_head":"<!-- This site is optimized with the Yoast SEO plugin v26.6 - https:\/\/yoast.com\/wordpress\/plugins\/seo\/ -->\n<title>Unser engagement - CERTISYS<\/title>\n<meta name=\"description\" content=\"Als historischer Partner und Akteur in der Bio-Bewegung wollen wir auch weiterhin ein Experte auf dem Gebiet von BIO bleiben, indem wir uns zu 100% engagieren, sowohl lokal als auch international.\" \/>\n<meta name=\"robots\" content=\"index, follow, max-snippet:-1, max-image-preview:large, max-video-preview:-1\" \/>\n<link rel=\"canonical\" href=\"https:\/\/www.certisys.eu\/de\/ueber\/engagement\/\" \/>\n<meta property=\"og:locale\" content=\"de_DE\" \/>\n<meta property=\"og:type\" content=\"article\" \/>\n<meta property=\"og:title\" content=\"Unser engagement - CERTISYS\" \/>\n<meta property=\"og:description\" content=\"Als historischer Partner und Akteur in der Bio-Bewegung wollen wir auch weiterhin ein Experte auf dem Gebiet von BIO bleiben, indem wir uns zu 100% engagieren, sowohl lokal als auch international.\" \/>\n<meta property=\"og:url\" content=\"https:\/\/www.certisys.eu\/de\/ueber\/engagement\/\" \/>\n<meta property=\"og:site_name\" content=\"CERTISYS\" \/>\n<meta property=\"article:modified_time\" content=\"2025-03-11T13:38:31+00:00\" \/>\n<meta name=\"twitter:card\" content=\"summary_large_image\" \/>\n<meta name=\"twitter:label1\" content=\"Gesch\u00e4tzte Lesezeit\" \/>\n\t<meta name=\"twitter:data1\" content=\"4\u00a0Minuten\" \/>\n<!-- \/ Yoast SEO plugin. -->","yoast_head_json":{"title":"Unser engagement - CERTISYS","description":"Als historischer Partner und Akteur in der Bio-Bewegung wollen wir auch weiterhin ein Experte auf dem Gebiet von BIO bleiben, indem wir uns zu 100% engagieren, sowohl lokal als auch international.","robots":{"index":"index","follow":"follow","max-snippet":"max-snippet:-1","max-image-preview":"max-image-preview:large","max-video-preview":"max-video-preview:-1"},"canonical":"https:\/\/www.certisys.eu\/de\/ueber\/engagement\/","og_locale":"de_DE","og_type":"article","og_title":"Unser engagement - CERTISYS","og_description":"Als historischer Partner und Akteur in der Bio-Bewegung wollen wir auch weiterhin ein Experte auf dem Gebiet von BIO bleiben, indem wir uns zu 100% engagieren, sowohl lokal als auch international.","og_url":"https:\/\/www.certisys.eu\/de\/ueber\/engagement\/","og_site_name":"CERTISYS","article_modified_time":"2025-03-11T13:38:31+00:00","twitter_card":"summary_large_image","twitter_misc":{"Gesch\u00e4tzte Lesezeit":"4\u00a0Minuten"},"schema":{"@context":"https:\/\/schema.org","@graph":[{"@type":"WebPage","@id":"https:\/\/www.certisys.eu\/de\/ueber\/engagement\/","url":"https:\/\/www.certisys.eu\/de\/ueber\/engagement\/","name":"Unser engagement - CERTISYS","isPartOf":{"@id":"https:\/\/www.certisys.eu\/de\/#website"},"datePublished":"2021-05-07T06:48:43+00:00","dateModified":"2025-03-11T13:38:31+00:00","description":"Als historischer Partner und Akteur in der Bio-Bewegung wollen wir auch weiterhin ein Experte auf dem Gebiet von BIO bleiben, indem wir uns zu 100% engagieren, sowohl lokal als auch international.","breadcrumb":{"@id":"https:\/\/www.certisys.eu\/de\/ueber\/engagement\/#breadcrumb"},"inLanguage":"de","potentialAction":[{"@type":"ReadAction","target":["https:\/\/www.certisys.eu\/de\/ueber\/engagement\/"]}]},{"@type":"BreadcrumbList","@id":"https:\/\/www.certisys.eu\/de\/ueber\/engagement\/#breadcrumb","itemListElement":[{"@type":"ListItem","position":1,"name":"Home","item":"https:\/\/www.certisys.eu\/de\/"},{"@type":"ListItem","position":2,"name":"\u00dcber uns","item":"https:\/\/www.certisys.eu\/de\/ueber\/"},{"@type":"ListItem","position":3,"name":"Unser engagement"}]},{"@type":"WebSite","@id":"https:\/\/www.certisys.eu\/de\/#website","url":"https:\/\/www.certisys.eu\/de\/","name":"CERTISYS","description":"Bio Certification","potentialAction":[{"@type":"SearchAction","target":{"@type":"EntryPoint","urlTemplate":"https:\/\/www.certisys.eu\/de\/?s={search_term_string}"},"query-input":{"@type":"PropertyValueSpecification","valueRequired":true,"valueName":"search_term_string"}}],"inLanguage":"de"}]}},"jetpack_sharing_enabled":true,"_links":{"self":[{"href":"https:\/\/www.certisys.eu\/de\/wp-json\/wp\/v2\/pages\/7267","targetHints":{"allow":["GET"]}}],"collection":[{"href":"https:\/\/www.certisys.eu\/de\/wp-json\/wp\/v2\/pages"}],"about":[{"href":"https:\/\/www.certisys.eu\/de\/wp-json\/wp\/v2\/types\/page"}],"author":[{"embeddable":true,"href":"https:\/\/www.certisys.eu\/de\/wp-json\/wp\/v2\/users\/1"}],"replies":[{"embeddable":true,"href":"https:\/\/www.certisys.eu\/de\/wp-json\/wp\/v2\/comments?post=7267"}],"version-history":[{"count":9,"href":"https:\/\/www.certisys.eu\/de\/wp-json\/wp\/v2\/pages\/7267\/revisions"}],"predecessor-version":[{"id":41743,"href":"https:\/\/www.certisys.eu\/de\/wp-json\/wp\/v2\/pages\/7267\/revisions\/41743"}],"up":[{"embeddable":true,"href":"https:\/\/www.certisys.eu\/de\/wp-json\/wp\/v2\/pages\/6961"}],"wp:attachment":[{"href":"https:\/\/www.certisys.eu\/de\/wp-json\/wp\/v2\/media?parent=7267"}],"curies":[{"name":"wp","href":"https:\/\/api.w.org\/{rel}","templated":true}]}}