{"id":7072,"date":"2021-04-02T11:08:54","date_gmt":"2021-04-02T09:08:54","guid":{"rendered":"https:\/\/certisys.poush.be\/liens\/"},"modified":"2021-06-09T15:04:41","modified_gmt":"2021-06-09T13:04:41","slug":"links","status":"publish","type":"page","link":"https:\/\/www.certisys.eu\/de\/links\/","title":{"rendered":"Links"},"content":{"rendered":"<div class=\"wpb-content-wrapper\"><p>[vc_row][vc_column width=&#8220;1\/6&#8243;][\/vc_column][vc_column width=&#8220;2\/3&#8243;]<div class=\"d-flex justify-content-start \"><a class=\"psh_button btn-18598125\" href=\"https:\/\/www.certisys.eu\/wp-content\/uploads\/2021\/05\/Organigramme_secteur_BIO.pdf\" alt=\"Organigram BIO sector\" target=\"_blank\">Organigram BIO sector<\/a><\/div>\n        <style>.psh_button.btn-18598125{\n          font-size: 20px;\n          text-transform: none;\n          padding: 10px 25px 10px 25px;\n          border-radius: 80px;\n          border-width: 0px;\n          background-color: #e30613;\n          border-color: ;\n          border-style: solid;\n          color: #ffffff;\n          display: inline-block;\n          \n          transition: all .3s ease-in-out;\n        }\n        .psh_button.btn-18598125:hover{\n          background-color: #f18970;\n          border-color: ;\n          color: #ffffff;\n          transition: all .3s ease-in-out;\n        }<\/style>[vc_column_text css=&#8220;.vc_custom_1622462102406{margin-top: 30px !important;}&#8220;]<\/p>\n<p><em>CERTISYS\u00ae arbeitet eng mit verschiedenen Akteuren im Bio-Sektor zusammen, auf regionaler und europ\u00e4ischer Ebene, aber auch mit internationalen Bio-Partnern. Auf dieser Seite finden Sie alle Links zu diesen Organisationen.<\/em><\/p>\n<p>&nbsp;<\/p>\n<h2>Auf belgischer und luxemburgischer Ebene<\/h2>\n<p>&nbsp;<\/p>\n<h3>Zust\u00e4ndige Beh\u00f6rden<\/h3>\n<ul>\n<li><a href=\"https:\/\/agriculture.wallonie.be\/accueil\" target=\"_blank\" rel=\"noopener\">Minist\u00e8re de la R\u00e9gion Wallonne<\/a> &#8211; Direction g\u00e9n\u00e9rale de l&#8217;agriculture<\/li>\n<li><a href=\"https:\/\/lv.vlaanderen.be\/de\" target=\"_blank\" rel=\"noopener\">Minist\u00e8re de la R\u00e9gion flamande<\/a> &#8211; Agriculture et p\u00eache<\/li>\n<li><a href=\"http:\/\/werk-economie-emploi.brussels\/fr_FR\/operateurs-bio\" target=\"_blank\" rel=\"noopener\">Minist\u00e8re de la R\u00e9gion Bruxelles Capitale<\/a><\/li>\n<li><a href=\"https:\/\/agriculture.public.lu\/de\/lebensmittelsicherheit-qualitatszeichen\/biologische-landwirtschaft.html\" target=\"_blank\" rel=\"noopener\">Minist\u00e8re de l\u2019agriculture, viticulture et de la protection des consommateurs au Luxembourg<\/a><\/li>\n<\/ul>\n<p>&nbsp;<\/p>\n<h3>Fokus auf den belgischen Bio-Sektor<\/h3>\n<h4>F\u00f6rderung des \u00f6kologischen Landbaus:<\/h4>\n<ul>\n<li><a href=\"http:\/\/www.apaqw.be\/\" target=\"_blank\" rel=\"noopener\">ApaqW<\/a>: Agence wallonne pour la promotion d&#8217;une agriculture de qualit\u00e9<\/li>\n<li><a href=\"https:\/\/www.bioforum.be\/\">BioForum vlaanderen<\/a><\/li>\n<li><a href=\"http:\/\/www.vlam.be\/\" target=\"_blank\" rel=\"noopener\">VLAM<\/a> : Vlaams Centrum voor Agro-en Visserijmarketing<\/li>\n<\/ul>\n<p>&nbsp;<\/p>\n<h4>Vertreter der Landwirte :<\/h4>\n<ul>\n<li><a href=\"http:\/\/www.biowallonie.be\/\" target=\"_blank\" rel=\"noopener\">Biowallonie<\/a><\/li>\n<li><a href=\"http:\/\/www.unab-bio.be\/\" target=\"_blank\" rel=\"noopener\">UNAB <\/a>: Union Nationale des agriculteurs bio<\/li>\n<li><a href=\"http:\/\/www.fwa.be\/\" target=\"_blank\" rel=\"noopener\">FWA: <\/a>F\u00e9d\u00e9ration wallonne de l&#8217;agriculture<\/li>\n<\/ul>\n<p>&nbsp;<\/p>\n<h4>Vertreter der Verarbeiter- H\u00e4ndler :<\/h4>\n<ul>\n<li><a href=\"http:\/\/www.probila-unitrab.be\/\" target=\"_blank\" rel=\"noopener\">Probila -Unitrab<\/a>:\u00a0 Union nationale des transformateurs et distributeurs des produits de l&#8217;agriculture biologique<\/li>\n<\/ul>\n<p>&nbsp;<\/p>\n<h4>Vertreter von H\u00e4ndler und Verkaufsstellen:<\/h4>\n<ul>\n<li><a href=\"https:\/\/be-sup.be\/\" target=\"_blank\" rel=\"noopener\">Be-sup<\/a> : Repr\u00e9sentant du secteur des compl\u00e9ments alimentaires<\/li>\n<li><a href=\"https:\/\/www.comeos.be\/home\" target=\"_blank\" rel=\"noopener\">Comeos (Fedis)<\/a> : F\u00e9d\u00e9ration belge des entreprises de distribution<\/li>\n<\/ul>\n<p>&nbsp;<\/p>\n<h4>Vertreter der Verbraucher :<\/h4>\n<ul>\n<li><a href=\"http:\/\/www.natpro.be\/\" target=\"_blank\" rel=\"noopener\">Nature &amp; Progr\u00e8s Belgique<\/a><\/li>\n<li><a href=\"http:\/\/www.velt.be\" target=\"_blank\" rel=\"noopener\">VELT<\/a> : Vereniging voor Ecologisch Leven en Tuinieren.<\/li>\n<\/ul>\n<p>&nbsp;<\/p>\n<h4>Andere :<\/h4>\n<ul>\n<li><a href=\"http:\/\/www.cra.wallonie.be\/\" target=\"_blank\" rel=\"noopener\">CRA-Wallonie<\/a>: Centre wallon de Recherches agronomiques<\/li>\n<li><a href=\"http:\/\/www.bioguide.be\/\" target=\"_blank\" rel=\"noopener\">Bioguide.be<\/a>: Vos adresses BIO \u00e0 Bruxelles<\/li>\n<\/ul>\n<p>&nbsp;<\/p>\n<h3>Zust\u00e4ndige Beh\u00f6rden<\/h3>\n<ul>\n<li><a href=\"http:\/\/www.favv-afsca.fgov.be\/\" target=\"_blank\" rel=\"noopener\">AFSCA <\/a>: Agence f\u00e9d\u00e9rale pour la s\u00e9curit\u00e9 de la Cha\u00eene alimentaire<\/li>\n<li><a href=\"https:\/\/fytoweb.be\/de\" target=\"_blank\" rel=\"noopener\">FytoWeb<\/a> : Produits phytosanitaires agr\u00e9\u00e9s en Belgique<\/li>\n<li><a href=\"http:\/\/www.cbip-vet.be\/\" target=\"_blank\" rel=\"noopener\">BFCIvet &#8211; CBIPVet <\/a>: M\u00e9dicaments v\u00e9t\u00e9rinaires agr\u00e9\u00e9s en Belgique<\/li>\n<li><a href=\"http:\/\/www.sante-environnement.be\/-Pesticides-30-\" target=\"_blank\" rel=\"noopener\">Sant\u00e9 et environnement<\/a> Pesticides<\/li>\n<li><a href=\"https:\/\/statbel.fgov.be\/de\" target=\"_blank\" rel=\"noopener\">Statbel<\/a> La Belgique en chiffres<\/li>\n<li><a href=\"http:\/\/www.biosafety.be\/\" target=\"_blank\" rel=\"noopener\">Bio safety<\/a> : Belgian Biosafety Server<\/li>\n<\/ul>\n<p>&nbsp;<\/p>\n<h2>Auf europ\u00e4ischer Ebene<\/h2>\n<p>&nbsp;<\/p>\n<p><a href=\"https:\/\/ec.europa.eu\/agriculture\/ofis_public\/actor_cbeu\/ctrl.cfm?targetUrl=home\" target=\"_blank\" rel=\"noopener\">Kontrollorgane und Beh\u00f6rden<\/a><\/p>\n<h3>Zust\u00e4ndige Beh\u00f6rden<\/h3>\n<ul>\n<li><a href=\"https:\/\/ec.europa.eu\/info\/food-farming-fisheries\/farming\/organic-farming\/organics-glance_de\" target=\"_blank\" rel=\"noopener\">Commission europ\u00e9enne<\/a>: Direction g\u00e9n\u00e9rale de l\u2019agriculture et du d\u00e9veloppement rural<\/li>\n<li><a href=\"http:\/\/www.eocc.nu\/home\/index.php\" target=\"_blank\" rel=\"noopener\">European Organic Certifiers Council<\/a> (EOCC)<\/li>\n<li><a href=\"https:\/\/ec.europa.eu\/eurostat\/de\/home\">Eurostat<\/a>: statistiques europ\u00e9ennes<\/li>\n<li><a href=\"http:\/\/www.organicxseeds.com\/international\/countryselect?redirect=standard\/loginpage\" target=\"_blank\" rel=\"noopener\">Organicxseeds<\/a>: base de donn\u00e9es semences et plants<\/li>\n<li><a href=\"https:\/\/www.efsa.europa.eu\/de\" target=\"_blank\" rel=\"noopener\">EFSA<\/a>: Autorit\u00e9 Europ\u00e9enne de S\u00e9curit\u00e9 des Aliments<\/li>\n<li><a href=\"https:\/\/eur-lex.europa.eu\/homepage.html;ELX_SESSIONID=2wGWTyyXnPRfmVMjgtLdjLN96vGQGz4XKF7JgpNdgBYqHKpXG7BY!330258665?locale=de\" target=\"_blank\" rel=\"noopener\">Eur-lex<\/a>: Le bureau des publications de l&#8217;Union Europ\u00e9enne<\/li>\n<li><a href=\"http:\/\/orgprints.org\/\" target=\"_blank\" rel=\"noopener\">Organic eprints<\/a> : Archives internationales pour la documentation et les projets li\u00e9s \u00e0 la recherche en agriculture biologique.<\/li>\n<li><a href=\"http:\/\/www.efrc.com\/\" target=\"_blank\" rel=\"noopener\">Centre de recherche biologique<\/a> (en anglais uniquement)<\/li>\n<\/ul>\n<p>&nbsp;<\/p>\n<h2>Auf internationaler Ebene<\/h2>\n<ul>\n<li><a href=\"http:\/\/www.certibionet.org\/\" target=\"_blank\" rel=\"noopener\">CertiBioNet<\/a> : association internationale des organismes de contr\u00f4le et certification en agriculture biologique<\/li>\n<li><a href=\"http:\/\/www.ifoam.org\/\" target=\"_blank\" rel=\"noopener\">IFOAM<\/a>:\u00a0 International Federation of Organic Agriculture Movements<\/li>\n<li><a href=\"http:\/\/www.ifoam.bio\/sites\/default\/files\/directory_2016_web.pdf\" target=\"_blank\" rel=\"noopener\">IFOAM E-directory <\/a>\u00a0IFOAM Affiliates (Members, Associates, and Supporters)<\/li>\n<li><a href=\"http:\/\/www.fao.org\/home\/fr\/\" target=\"_blank\" rel=\"noopener\">FAO<\/a>:\u00a0 Organisation des Nations Unies pour l&#8217;alimentation et l&#8217;agriculture<\/li>\n<li><a href=\"https:\/\/www.fibl.org\/de\/ueber-uns\/taetigkeitsbericht.html\" target=\"_blank\" rel=\"noopener\">FIBL<\/a> : Institut de recherche de l&#8217;agriculture biologique<\/li>\n<li><a href=\"http:\/\/www.ams.usda.gov\/AMSv1.0\/nop\" target=\"_blank\" rel=\"noopener\">NOP<\/a>: National Organic Program (USA)<\/li>\n<li><a href=\"http:\/\/www.maff.go.jp\/e\/jas\/specific\/organic.html\" target=\"_blank\" rel=\"noopener\">JAS<\/a> : Ministry of Agriculture, Forestry and Fisheries (Japan)<\/li>\n<\/ul>\n<p>&nbsp;<\/p>\n<h2>Bio-Nachrichten<\/h2>\n<p>&nbsp;<\/p>\n<table>\n<thead>\n<tr>\n<th>Franz\u00f6sisch<\/th>\n<th>Dutch<\/th>\n<th>International<\/th>\n<\/tr>\n<\/thead>\n<tbody>\n<tr>\n<td><a href=\"http:\/\/www.bio-info.com\/\" target=\"_blank\" rel=\"noopener\">Bioinfo<\/a><\/td>\n<td><a href=\"https:\/\/www.biogezond.be\/\" target=\"_blank\" rel=\"noopener\">BioGezond<\/a><\/td>\n<td><a href=\"http:\/\/www.bioaddict.fr\/\">Bioaddict.fr<\/a><\/td>\n<\/tr>\n<tr>\n<td><a href=\"https:\/\/biotempo.bio\/\">Biotempo<\/a><\/td>\n<td><a href=\"https:\/\/www.boerenbond.be\/kenniscentrum\/publicaties\/boertuinder\" target=\"_blank\" rel=\"noopener\">Boer&amp;Tuinder<\/a><\/td>\n<td><a href=\"http:\/\/www.generations-futures.fr\/\">Generations futures.fr<\/a><\/td>\n<\/tr>\n<tr>\n<td><a href=\"http:\/\/www.sillonbelge.be\/\" target=\"_blank\" rel=\"noopener\">Sillon Belge<\/a><\/td>\n<td><a href=\"https:\/\/www.proeftuinnieuws.be\/\" target=\"_blank\" rel=\"noopener\">proeftuinnieuws<\/a><\/td>\n<td><a href=\"http:\/\/www.reporterre.net\/spip.php?article4920\">Reporterre<u>.fr<\/u><\/a><\/td>\n<\/tr>\n<tr>\n<td><a href=\"http:\/\/www.pleinchamp.com\/\" target=\"_blank\" rel=\"noopener\">Plein Champ<\/a><\/td>\n<td><a href=\"https:\/\/www.landbouwleven.be\" target=\"_blank\" rel=\"noopener\">Landbouwleven<\/a><\/td>\n<td><a href=\"http:\/\/www.bionext.nl\/\" target=\"_blank\" rel=\"noopener\">Bionext.nl<\/a><\/td>\n<\/tr>\n<tr>\n<td><a href=\"http:\/\/www.awenet.be\/awe\/commun\/asbl\/communication\/revue_articles.php\" target=\"_blank\" rel=\"noopener\">Wallonie Elevages<\/a><\/td>\n<td><a href=\"https:\/\/www.groenekring.be\/stiel\" target=\"_blank\" rel=\"noopener\">Stiel<\/a><\/td>\n<td><a href=\"http:\/\/www.coreorganic.org\/research\/projects\/ipopy\/index.html\" target=\"_blank\" rel=\"noopener\">Coreorganic.org<\/a><\/td>\n<\/tr>\n<tr>\n<td><a href=\"https:\/\/www.biowallonie.com\/types_documentations\/itineraires-bio\/\" target=\"_blank\" rel=\"noopener\">Itin\u00e9raires BIO<\/a><\/td>\n<td><a href=\"https:\/\/www.avbs.be\/kenniscentrum\/sierteelt-groenvoorziening\">Sierteler&amp;Groenvoorziening<\/a><\/td>\n<td><a href=\"http:\/\/www.disruptingfood.info\/en\/\">Disruptingfood.en<\/a><\/td>\n<\/tr>\n<tr>\n<td><a href=\"https:\/\/www.bioguide.be\/accueil\" target=\"_blank\" rel=\"noopener\">Bioguide<\/a><\/td>\n<td><a href=\"https:\/\/library.wur.nl\/WebQuery\/groenekennis?catalogus-isn=60285%20OR%201993752\">Management &amp; Techniek<\/a><\/td>\n<td><\/td>\n<\/tr>\n<tr>\n<td><a href=\"http:\/\/www.bionews.be\/fr\" target=\"_blank\" rel=\"noopener\">Bionews.be<\/a><\/td>\n<td><a href=\"https:\/\/www.bioforum.be\/fr\/nieuws\/bioactief_online\" target=\"_blank\" rel=\"noopener\">Bio Actief<\/a><\/td>\n<td><\/td>\n<\/tr>\n<tr>\n<td><\/td>\n<td><a href=\"http:\/\/www.biozoektboer.be\/\" target=\"_blank\" rel=\"noopener\">Biozoektboer.be<\/a><\/td>\n<td><\/td>\n<\/tr>\n<tr>\n<td><\/td>\n<td><\/td>\n<td><\/td>\n<\/tr>\n<\/tbody>\n<\/table>\n<p>[\/vc_column_text][\/vc_column][vc_column width=&#8220;1\/6&#8243;][\/vc_column][\/vc_row]<\/p>\n<\/div>","protected":false},"excerpt":{"rendered":"<p>[vc_row][vc_column width=&#8220;1\/6&#8243;][\/vc_column][vc_column width=&#8220;2\/3&#8243;][vc_column_text css=&#8220;.vc_custom_1622462102406{margin-top: 30px !important;}&#8220;] CERTISYS\u00ae arbeitet eng mit verschiedenen Akteuren im Bio-Sektor zusammen, auf regionaler und europ\u00e4ischer Ebene, aber auch mit internationalen Bio-Partnern. Auf dieser Seite finden Sie alle Links zu diesen Organisationen. &nbsp; Auf belgischer und luxemburgischer Ebene &nbsp; Zust\u00e4ndige Beh\u00f6rden Minist\u00e8re de la R\u00e9gion Wallonne &#8211; Direction g\u00e9n\u00e9rale de l&#8217;agriculture Minist\u00e8re [&hellip;]<\/p>\n","protected":false},"author":1,"featured_media":0,"parent":0,"menu_order":12,"comment_status":"closed","ping_status":"closed","template":"","meta":{"_acf_changed":false,"footnotes":""},"class_list":["post-7072","page","type-page","status-publish","hentry"],"acf":[],"yoast_head":"<!-- This site is optimized with the Yoast SEO plugin v26.6 - https:\/\/yoast.com\/wordpress\/plugins\/seo\/ -->\n<title>Links - CERTISYS<\/title>\n<meta name=\"description\" content=\"Certisys\u00ae arbeitet eng mit den verschiedenen Akteuren im Bio-Sektor zusammen. Auf dieser Seite finden Sie alle Links zu diesen Organisationen.\" \/>\n<meta name=\"robots\" content=\"index, follow, max-snippet:-1, max-image-preview:large, max-video-preview:-1\" \/>\n<link rel=\"canonical\" href=\"https:\/\/www.certisys.eu\/de\/links\/\" \/>\n<meta property=\"og:locale\" content=\"de_DE\" \/>\n<meta property=\"og:type\" content=\"article\" \/>\n<meta property=\"og:title\" content=\"Links - CERTISYS\" \/>\n<meta property=\"og:description\" content=\"Certisys\u00ae arbeitet eng mit den verschiedenen Akteuren im Bio-Sektor zusammen. Auf dieser Seite finden Sie alle Links zu diesen Organisationen.\" \/>\n<meta property=\"og:url\" content=\"https:\/\/www.certisys.eu\/de\/links\/\" \/>\n<meta property=\"og:site_name\" content=\"CERTISYS\" \/>\n<meta property=\"article:modified_time\" content=\"2021-06-09T13:04:41+00:00\" \/>\n<meta name=\"twitter:card\" content=\"summary_large_image\" \/>\n<meta name=\"twitter:label1\" content=\"Gesch\u00e4tzte Lesezeit\" \/>\n\t<meta name=\"twitter:data1\" content=\"3\u00a0Minuten\" \/>\n<!-- \/ Yoast SEO plugin. -->","yoast_head_json":{"title":"Links - CERTISYS","description":"Certisys\u00ae arbeitet eng mit den verschiedenen Akteuren im Bio-Sektor zusammen. Auf dieser Seite finden Sie alle Links zu diesen Organisationen.","robots":{"index":"index","follow":"follow","max-snippet":"max-snippet:-1","max-image-preview":"max-image-preview:large","max-video-preview":"max-video-preview:-1"},"canonical":"https:\/\/www.certisys.eu\/de\/links\/","og_locale":"de_DE","og_type":"article","og_title":"Links - CERTISYS","og_description":"Certisys\u00ae arbeitet eng mit den verschiedenen Akteuren im Bio-Sektor zusammen. Auf dieser Seite finden Sie alle Links zu diesen Organisationen.","og_url":"https:\/\/www.certisys.eu\/de\/links\/","og_site_name":"CERTISYS","article_modified_time":"2021-06-09T13:04:41+00:00","twitter_card":"summary_large_image","twitter_misc":{"Gesch\u00e4tzte Lesezeit":"3\u00a0Minuten"},"schema":{"@context":"https:\/\/schema.org","@graph":[{"@type":"WebPage","@id":"https:\/\/www.certisys.eu\/de\/links\/","url":"https:\/\/www.certisys.eu\/de\/links\/","name":"Links - CERTISYS","isPartOf":{"@id":"https:\/\/www.certisys.eu\/de\/#website"},"datePublished":"2021-04-02T09:08:54+00:00","dateModified":"2021-06-09T13:04:41+00:00","description":"Certisys\u00ae arbeitet eng mit den verschiedenen Akteuren im Bio-Sektor zusammen. Auf dieser Seite finden Sie alle Links zu diesen Organisationen.","breadcrumb":{"@id":"https:\/\/www.certisys.eu\/de\/links\/#breadcrumb"},"inLanguage":"de","potentialAction":[{"@type":"ReadAction","target":["https:\/\/www.certisys.eu\/de\/links\/"]}]},{"@type":"BreadcrumbList","@id":"https:\/\/www.certisys.eu\/de\/links\/#breadcrumb","itemListElement":[{"@type":"ListItem","position":1,"name":"Home","item":"https:\/\/www.certisys.eu\/de\/"},{"@type":"ListItem","position":2,"name":"Links"}]},{"@type":"WebSite","@id":"https:\/\/www.certisys.eu\/de\/#website","url":"https:\/\/www.certisys.eu\/de\/","name":"CERTISYS","description":"Bio Certification","potentialAction":[{"@type":"SearchAction","target":{"@type":"EntryPoint","urlTemplate":"https:\/\/www.certisys.eu\/de\/?s={search_term_string}"},"query-input":{"@type":"PropertyValueSpecification","valueRequired":true,"valueName":"search_term_string"}}],"inLanguage":"de"}]}},"jetpack_sharing_enabled":true,"_links":{"self":[{"href":"https:\/\/www.certisys.eu\/de\/wp-json\/wp\/v2\/pages\/7072","targetHints":{"allow":["GET"]}}],"collection":[{"href":"https:\/\/www.certisys.eu\/de\/wp-json\/wp\/v2\/pages"}],"about":[{"href":"https:\/\/www.certisys.eu\/de\/wp-json\/wp\/v2\/types\/page"}],"author":[{"embeddable":true,"href":"https:\/\/www.certisys.eu\/de\/wp-json\/wp\/v2\/users\/1"}],"replies":[{"embeddable":true,"href":"https:\/\/www.certisys.eu\/de\/wp-json\/wp\/v2\/comments?post=7072"}],"version-history":[{"count":12,"href":"https:\/\/www.certisys.eu\/de\/wp-json\/wp\/v2\/pages\/7072\/revisions"}],"predecessor-version":[{"id":9530,"href":"https:\/\/www.certisys.eu\/de\/wp-json\/wp\/v2\/pages\/7072\/revisions\/9530"}],"wp:attachment":[{"href":"https:\/\/www.certisys.eu\/de\/wp-json\/wp\/v2\/media?parent=7072"}],"curies":[{"name":"wp","href":"https:\/\/api.w.org\/{rel}","templated":true}]}}