{"id":7067,"date":"2020-10-12T10:26:13","date_gmt":"2020-10-12T08:26:13","guid":{"rendered":"https:\/\/certisys.poush.be\/unsere-bio-siegel-und-zertifikate\/autres-labels-prives\/"},"modified":"2025-07-17T11:20:48","modified_gmt":"2025-07-17T09:20:48","slug":"andere-eigensiegel","status":"publish","type":"page","link":"https:\/\/www.certisys.eu\/de\/labels-und-zertifizierungen\/andere-eigensiegel\/","title":{"rendered":"Andere Eigensiegel"},"content":{"rendered":"<div class=\"wpb-content-wrapper\"><p>[vc_row content_placement=&#8220;middle&#8220; css=&#8220;.vc_custom_1605630337493{padding-bottom: 30px !important;}&#8220;][vc_column width=&#8220;1\/2&#8243; offset=&#8220;vc_col-lg-offset-2 vc_col-lg-4&#8243;][vc_column_text]Es gibt <strong>weitere Eigensiegel <\/strong><strong>(au\u00dfer Ecogarantie<\/strong>\u00ae<strong> und Biogarantie<\/strong>\u00ae) f\u00fcr \u00f6kologische Lebensmittel auf Grundlage von <strong>Spezifikationen<\/strong>, die von Erzeuger-, Verarbeiter-oder Verbraucherorganisationen oder -Verb\u00e4nden verwaltet werden.<\/p>\n<p>Diese Siegel existierten oft schon vor der europ\u00e4ischen Verordnung und einige von ihnen decken Bereiche ab, die von letzterer nicht abgedeckt werden, so z.\u00a0B. Kosmetika, Kleidung, Pflegemittel, Catering (Gemeinschaftsgastronomie) usw., oder enthalten bestimmte <strong>Normen, die strenger sind<\/strong> als die europ\u00e4ische Bio-Verordnung.[\/vc_column_text][\/vc_column][vc_column width=&#8220;1\/3&#8243;][vc_single_image image=&#8220;4253&#8243; img_size=&#8220;400&#215;400&#8243; alignment=&#8220;center&#8220; style=&#8220;vc_box_circle_2&#8243; css_animation=&#8220;fadeInDown&#8220;][\/vc_column][\/vc_row][vc_row css=&#8220;.vc_custom_1619097505310{margin-bottom: 50px !important;padding-top: 50px !important;padding-bottom: 50px !important;background-color: #f0f3f1 !important;}&#8220;][vc_column css=&#8220;.vc_custom_1619094754273{padding-top: 0px !important;}&#8220; offset=&#8220;vc_col-lg-offset-1 vc_col-lg-10&#8243;][vc_column_text]<\/p>\n<h2 style=\"text-align: center;\">Nachfolgend finden Sie eine \u00dcbersicht \u00fcber die beliebtesten Siegel<\/h2>\n<p>[\/vc_column_text][vc_column_text]<\/p>\n<h3 style=\"text-align: center;\">BELGIEN<\/h3>\n<p style=\"text-align: center;\"><strong>Biogarantie\u00ae<\/strong><\/p>\n<p>[\/vc_column_text][vc_row_inner][vc_column_inner width=&#8220;1\/4&#8243;][\/vc_column_inner][vc_column_inner width=&#8220;1\/2&#8243;][vc_single_image image=&#8220;12268&#8243; img_size=&#8220;250&#215;117&#8243; alignment=&#8220;center&#8220; onclick=&#8220;custom_link&#8220; link=&#8220;https:\/\/biogarantie.be\/&#8220;][vc_column_text]<\/p>\n<p style=\"text-align: left;\"><a href=\"https:\/\/biogarantie.be\/\">Biogarantie\u00ae<\/a> ist ein belgisches Siegel, mit dem man seine BIO-Ma\u00dfnahmen im Hinblick auf Nachhaltigkeit bewerten kann; sei es in \u00f6kologischer, sozialer oder wirtschaftlicher Hinsicht. Biogarantie\u00ae basiert nicht nur auf der EU-Verordnung, sondern f\u00f6rdert auch :<\/p>\n<ul style=\"text-align: left;\">\n<li>Die Durchsetzung von fairen Preisen<\/li>\n<li>Erhaltung von Ressourcen (Wasser, Energie, Biodiversit\u00e4t)<\/li>\n<li>Die Minimierung von Transport, Verpackung und Abfall<\/li>\n<li>Und die F\u00f6rderung von lokalen und saisonalen Produkten<\/li>\n<\/ul>\n<p style=\"text-align: left;\">Die Verwendung des <a href=\"https:\/\/biogarantie.be\/\">Biogarantie\u00ae<\/a>-Siegels bescheinigt, dass Sie sich z. B. als Hersteller oder Zubereiter an all diesen nachhaltigen Ma\u00dfnahmen beteiligen, die in einer Charta zusammengefasst sind. Um es verwenden zu k\u00f6nnen, m\u00fcssen Sie die <a href=\"https:\/\/www.certisys.eu\/wp-content\/uploads\/2022\/11\/CDCH-BIOGARANTIE_2024_FR.pdf\">Biogarantie\u00ae-Spezifikationen<\/a> einhalten und die dazugeh\u00f6rige Nachhaltigkeitscharta unterzeichnen.<\/p>\n<p style=\"text-align: left;\">Die Verwaltung des Biogarantie\u00ae-Labels obliegt auf der franz\u00f6sischsprachigen Seite dem Berufsverband <a href=\"https:\/\/probila-unitrab.be\/\">Probila-Unitrab<\/a> f\u00fcr Zubereiter\/Verarbeiter, H\u00e4ndler, Verkaufsstellen und Cateringunternehmen und der UNAB f\u00fcr Erzeuger. Auf der niederl\u00e4ndischsprachigen Seite wird das Biogarantie\u00ae-Siegel vom <a href=\"https:\/\/www.bioforum.be\/\">BioForum Vlaanderen<\/a> verwaltet.<\/p>\n<p style=\"text-align: left;\">Lust, mehr \u00fcber <a href=\"https:\/\/biogarantie.be\/\">Biogarantie\u00ae<\/a> zu erfahren?<\/p>\n<p>[\/vc_column_text]<div class=\"d-flex justify-content-center vc_custom_1669297263714\"><a class=\"psh_button btn-10408620\" href=\"https:\/\/biogarantie.be\/\" alt=\"\" target=\"_blank\">Mehr Informationen<\/a><\/div>\n        <style>.psh_button.btn-10408620{\n          font-size: 18px;\n          text-transform: none;\n          padding: 10px 20px 10px 20px;\n          border-radius: 80px;\n          border-width: 0px;\n          background-color: #e30613;\n          border-color: ;\n          border-style: solid;\n          color: #ffffff;\n          display: inline-block;\n          \n          transition: all .3s ease-in-out;\n        }\n        .psh_button.btn-10408620:hover{\n          background-color: #f18970;\n          border-color: ;\n          color: #ffffff;\n          transition: all .3s ease-in-out;\n        }.vc_custom_1669297263714{margin-bottom: 50px !important;}<\/style>[\/vc_column_inner][vc_column_inner width=&#8220;1\/4&#8243;][\/vc_column_inner][\/vc_row_inner][\/vc_column][\/vc_row][vc_row css=&#8220;.vc_custom_1669295355173{margin-bottom: 50px !important;padding-top: 50px !important;padding-bottom: 50px !important;background-color: #ffffff !important;}&#8220;][vc_column css=&#8220;.vc_custom_1619094754273{padding-top: 0px !important;}&#8220; offset=&#8220;vc_col-lg-offset-1 vc_col-lg-10&#8243;][vc_column_text]<\/p>\n<h3 style=\"text-align: center;\">FRANKREICH<\/h3>\n<p>[\/vc_column_text][vc_row_inner equal_height=&#8220;yes&#8220; gap=&#8220;20&#8243;][vc_column_inner width=&#8220;1\/2&#8243;][vc_empty_space][vc_column_text css=&#8220;.vc_custom_1669296434191{margin-bottom: 50px !important;}&#8220;]<\/p>\n<p style=\"text-align: center;\"><strong>AB-Siegel<\/strong><\/p>\n<p>[\/vc_column_text][vc_empty_space][vc_single_image image=&#8220;6008&#8243; img_size=&#8220;200&#215;129&#8243; alignment=&#8220;center&#8220; onclick=&#8220;custom_link&#8220; css=&#8220;.vc_custom_1669297164886{margin-bottom: 25px !important;}&#8220; link=&#8220;https:\/\/www.agencebio.org&#8220;][vc_column_text css=&#8220;.vc_custom_1669296356359{margin-bottom: 50px !important;}&#8220;]Das AB-Siegel, Eigentum des <a href=\"https:\/\/agriculture.gouv.fr\/thematiques\/ministere\">franz\u00f6sischen Landwirtschaftsministeriums<\/a>, ist freiwillig und kann zus\u00e4tzlich zum europ\u00e4ischen BIO-Logo verwendet werden. Es ist besonders auf dem <strong>franz\u00f6sischen<\/strong> <strong>Markt<\/strong> anerkannt.<\/p>\n<p>Die <a href=\"https:\/\/www.agencebio.org\/vos-outils\/utiliser-les-logos\/\" target=\"_blank\" rel=\"noopener\">Agence BIO<\/a> ist f\u00fcr die Verwaltung der AB-Marke zur Unterst\u00fctzung der Kommunikation verantwortlich.<\/p>\n<p>Das erste Siegel wird nur f\u00fcr Kommunikationszwecke verwendet, w\u00e4hrend das zweite auf dem Etikett eines zertifizierten Produkts verwendet wird.<\/p>\n<p>Wenn Sie das <strong>AB-<\/strong>Siegel auf Ihren Bio-Produkten verwenden m\u00f6chten, m\u00fcssen Sie zun\u00e4chst <a href=\"https:\/\/www.agencebio.org\/vos-outils\/communication-2\/\"><strong>die Regeln f\u00fcr die Verwendung des Siegels <\/strong><\/a>zur Kenntnis nehmen.<\/p>\n<p>Sie m\u00fcssen anschlie\u00dfend eine <a href=\"https:\/\/www.certisys.eu\/wp-content\/uploads\/2021\/02\/Declaration-Utilisation-Logo-AB.pdf\"><strong>Erkl\u00e4rung zur Verwendung der Marke \u201eAB\u201c <\/strong><\/a>f\u00fcr Zertifizierungszwecke bei CERTISYS\u00ae ausf\u00fcllen.[\/vc_column_text][vc_empty_space][vc_empty_space]<div class=\"d-flex justify-content-center vc_custom_1620311046853\"><a class=\"psh_button btn-45318701\" href=\"https:\/\/www.agencebio.org\/\" alt=\"\" target=\"_blank\">Mehr Informationen<\/a><\/div>\n        <style>.psh_button.btn-45318701{\n          font-size: 18px;\n          text-transform: none;\n          padding: 10px 20px 10px 20px;\n          border-radius: 80px;\n          border-width: 0px;\n          background-color: #e30613;\n          border-color: ;\n          border-style: solid;\n          color: #ffffff;\n          display: inline-block;\n          \n          transition: all .3s ease-in-out;\n        }\n        .psh_button.btn-45318701:hover{\n          background-color: #f18970;\n          border-color: ;\n          color: #ffffff;\n          transition: all .3s ease-in-out;\n        }.vc_custom_1620311046853{margin-bottom: 50px !important;}<\/style>[\/vc_column_inner][vc_column_inner width=&#8220;1\/2&#8243;][vc_empty_space][vc_column_text css=&#8220;.vc_custom_1669296613192{margin-bottom: 50px !important;}&#8220;]<\/p>\n<p style=\"text-align: center;\"><strong>Demeter\u00ae<\/strong><\/p>\n<p>[\/vc_column_text][vc_empty_space][vc_single_image image=&#8220;6000&#8243; img_size=&#8220;200&#215;129&#8243; alignment=&#8220;center&#8220; onclick=&#8220;custom_link&#8220; css=&#8220;.vc_custom_1669297195217{margin-bottom: 25px !important;}&#8220; link=&#8220;https:\/\/www.demeter.fr\/&#8220;][vc_column_text css=&#8220;.vc_custom_1743151612531{margin-bottom: 50px !important;}&#8220;]<strong>Demeter\u00ae<\/strong> ist eine Kollektivmarke f\u00fcr Lebensmittel, die aus der <strong>biodynamischen Landwirtschaft<\/strong> stammen.<\/p>\n<p>Das Vorhandensein dieses orangefarbenen Siegels auf dem Etikett eines Produktes garantiert, dass es nach den <strong>Demeter\u00ae -Spezifikationen<\/strong> hergestellt wurde<strong>.<\/strong><\/p>\n<p>Bei der <strong>biodynamischen Landwirtschaft <\/strong>handelt es sich um eine Form der ganzheitlichen, regenerativen Landwirtschaft, die den Hof und ganz allgemein die Natur als ein <strong>lebendiges \u00d6kosystem <\/strong>betrachtet<strong>, in dem Tiere, Pflanzen und Menschen in Synergie wirken<\/strong>.<\/p>\n<p>Weltweit gibt es mehrere Demeter\u00ae-Verb\u00e4nde und f\u00fcr die frankophonen Betriebe arbeiten wir eng zusammen mit <a href=\"https:\/\/www.demeter.fr\/\" target=\"_blank\" rel=\"noopener\"><strong>dem Verband Demeter<\/strong><strong>\u00ae<\/strong><strong> France<\/strong><\/a>.<\/p>\n<p>Wenn Sie das Demeter\u00ae<strong>&#8211;<\/strong>Siegel auf Ihren Bio-Produkten verwenden m\u00f6chten, m\u00fcssen Sie <a href=\"https:\/\/www.demeter.fr\/cahier-des-charges\/\" target=\"_blank\" rel=\"noopener\"><strong>die Spezifikation von <\/strong><strong>Demeter\u00ae<\/strong><\/a> <strong>zur Kenntnis nehmen\u00a0 <\/strong>und <a href=\"https:\/\/www.demeter.fr\/demander-la-labellisation-demeter\/\">Kontakt aufnehmen<\/a> mit Demeter\u00ae, um sich dort zu verpflichten.<\/p>\n<div id=\"ConnectiveDocSignExtentionInstalled\" data-extension-version=\"1.0.4\"><\/div>\n<p>[\/vc_column_text]<div class=\"d-flex justify-content-center vc_custom_1620311042735\"><a class=\"psh_button btn-27635551\" href=\"https:\/\/www.demeter.fr\/\" alt=\"\" target=\"_blank\">Mehr Informationen<\/a><\/div>\n        <style>.psh_button.btn-27635551{\n          font-size: 18px;\n          text-transform: none;\n          padding: 10px 20px 10px 20px;\n          border-radius: 80px;\n          border-width: 0px;\n          background-color: #e30613;\n          border-color: ;\n          border-style: solid;\n          color: #ffffff;\n          display: inline-block;\n          \n          transition: all .3s ease-in-out;\n        }\n        .psh_button.btn-27635551:hover{\n          background-color: #f18970;\n          border-color: ;\n          color: #ffffff;\n          transition: all .3s ease-in-out;\n        }.vc_custom_1620311042735{margin-bottom: 50px !important;}<\/style>[\/vc_column_inner][\/vc_row_inner][\/vc_column][\/vc_row][vc_row css=&#8220;.vc_custom_1669296036996{margin-bottom: 50px !important;padding-top: 50px !important;padding-bottom: 50px !important;background-color: #f0f3f1 !important;}&#8220;][vc_column css=&#8220;.vc_custom_1619094754273{padding-top: 0px !important;}&#8220; offset=&#8220;vc_col-lg-offset-1 vc_col-lg-10&#8243;][vc_column_text]<\/p>\n<h3 style=\"text-align: center;\">SCHWEIZ<\/h3>\n<p>[\/vc_column_text][vc_row_inner equal_height=&#8220;yes&#8220; gap=&#8220;20&#8243;][vc_column_inner][vc_column_text css=&#8220;.vc_custom_1734611404531{margin-bottom: 50px !important;}&#8220;]<\/p>\n<p style=\"text-align: center;\"><strong>Bio Suisse<\/strong><\/p>\n<p>[\/vc_column_text][vc_empty_space][vc_single_image image=&#8220;38692&#8243; img_size=&#8220;&#8220; alignment=&#8220;center&#8220; onclick=&#8220;custom_link&#8220; css=&#8220;.vc_custom_1734611465089{margin-bottom: 25px !important;}&#8220; link=&#8220;https:\/\/www.bio-suisse.ch\/de.html&#8220;][vc_column_text css=&#8220;.vc_custom_1734611519463{margin-bottom: 50px !important;}&#8220;]<\/p>\n<p style=\"text-align: center;\">Die <strong>Bio Suisse<\/strong>-Zertifizierung erlaubt Ihnen, Ihre Bio-Produkte mit dem Eigensiegel \u201e<strong>BIOSUISSE ORGANIC<\/strong>\u201c zu vermarkten.<\/p>\n<p>[\/vc_column_text][vc_empty_space]<div class=\"d-flex justify-content-center vc_custom_1669297234020\"><a class=\"psh_button btn-29730717\" href=\"https:\/\/www.bio-suisse.ch\/de.html\" alt=\"\" target=\"_blank\">Mehr Informationen<\/a><\/div>\n        <style>.psh_button.btn-29730717{\n          font-size: 18px;\n          text-transform: none;\n          padding: 10px 20px 10px 20px;\n          border-radius: 80px;\n          border-width: 0px;\n          background-color: #e30613;\n          border-color: ;\n          border-style: solid;\n          color: #ffffff;\n          display: inline-block;\n          \n          transition: all .3s ease-in-out;\n        }\n        .psh_button.btn-29730717:hover{\n          background-color: #f18970;\n          border-color: ;\n          color: #ffffff;\n          transition: all .3s ease-in-out;\n        }.vc_custom_1669297234020{margin-bottom: 50px !important;}<\/style>[\/vc_column_inner][\/vc_row_inner][\/vc_column][\/vc_row][vc_row css=&#8220;.vc_custom_1752743631225{margin-bottom: 50px !important;padding-top: 50px !important;padding-bottom: 50px !important;background-color: #F0F3F100 !important;}&#8220;][vc_column css=&#8220;.vc_custom_1619094754273{padding-top: 0px !important;}&#8220; offset=&#8220;vc_col-lg-offset-1 vc_col-lg-10&#8243;][vc_column_text css=&#8220;&#8220;]<\/p>\n<h3 style=\"text-align: center;\">DEUTSCHLAND<\/h3>\n<p>[\/vc_column_text][vc_row_inner equal_height=&#8220;yes&#8220; gap=&#8220;20&#8243;][vc_column_inner][vc_column_text css=&#8220;.vc_custom_1734611404531{margin-bottom: 50px !important;}&#8220;]<\/p>\n<p style=\"text-align: center;\"><strong>Bio-Siegel<\/strong><\/p>\n<p>[\/vc_column_text][vc_empty_space][vc_single_image image=&#8220;5992&#8243; img_size=&#8220;200&#215;129&#8243; alignment=&#8220;center&#8220; onclick=&#8220;custom_link&#8220; css=&#8220;.vc_custom_1752744046525{margin-bottom: 25px !important;}&#8220; link=&#8220;https:\/\/www.bmleh.de\/DE\/themen\/landwirtschaft\/oekologischer-landbau\/bio-siegel.html&#8220;][vc_column_text css=&#8220;&#8220;]<\/p>\n<p style=\"text-align: center;\">Das Bio-Siegel ist das deutsche Siegel, das auf jedes zertifizierte Bio-Produkt aufgebracht werden kann.<\/p>\n<p>[\/vc_column_text][vc_empty_space height=&#8220;60px&#8220;]<div class=\"d-flex justify-content-center vc_custom_1620311028627\"><a class=\"psh_button btn-03471473\" href=\"https:\/\/www.bmel.de\/DE\/themen\/landwirtschaft\/oekologischer-landbau\/bio-siegel.html\" alt=\"\" target=\"_blank\">Mehr Informationen<\/a><\/div>\n        <style>.psh_button.btn-03471473{\n          font-size: 18px;\n          text-transform: none;\n          padding: 10px 20px 10px 20px;\n          border-radius: 80px;\n          border-width: 0px;\n          background-color: #e30613;\n          border-color: ;\n          border-style: solid;\n          color: #ffffff;\n          display: inline-block;\n          \n          transition: all .3s ease-in-out;\n        }\n        .psh_button.btn-03471473:hover{\n          background-color: #f18970;\n          border-color: ;\n          color: #ffffff;\n          transition: all .3s ease-in-out;\n        }.vc_custom_1620311028627{margin-bottom: 50px !important;}<\/style>[\/vc_column_inner][\/vc_row_inner][\/vc_column][\/vc_row][vc_row css=&#8220;.vc_custom_1605630039270{padding-bottom: 150px !important;background-image: url(https:\/\/www.certisys.eu\/wp-content\/uploads\/2020\/10\/bg-3-1.png?id=892) !important;}&#8220; el_class=&#8220;custom-lastrow&#8220;][vc_column css=&#8220;.vc_custom_1619094754273{padding-top: 0px !important;}&#8220; offset=&#8220;vc_col-lg-offset-1 vc_col-lg-10&#8243;][vc_column_text]<\/p>\n<p>&nbsp;<\/p>\n<h3>Sie m\u00f6chten Ihre Produkte mit einem bestimmten Siegel im Zusammenhang mit der biologischen Landwirtschaft kennzeichnen, Sie m\u00f6chten mehr Informationen \u00fcber eine Zertifizierung im Zusammenhang mit BIO (Bioland in Deutschland, KRAV in Schweden, &#8230;) erhalten?<\/h3>\n<p style=\"text-align: center;\">Wir stehen Ihnen gerne f\u00fcr weitere Informationen zur Verf\u00fcgung.<\/p>\n<p>[\/vc_column_text]<div class=\"d-flex justify-content-center vc_custom_1669297404378\"><a class=\"psh_button btn-74811372\" href=\"https:\/\/www.certisys.eu\/de\/kontakt\/\" alt=\"Kontakt\" target=\"\">Kontaktiere uns<\/a><\/div>\n        <style>.psh_button.btn-74811372{\n          font-size: 18px;\n          text-transform: none;\n          padding: 10px 20px 10px 20px;\n          border-radius: 80px;\n          border-width: 0px;\n          background-color: #e30613;\n          border-color: ;\n          border-style: solid;\n          color: #ffffff;\n          display: inline-block;\n          \n          transition: all .3s ease-in-out;\n        }\n        .psh_button.btn-74811372:hover{\n          background-color: #f18970;\n          border-color: ;\n          color: #ffffff;\n          transition: all .3s ease-in-out;\n        }.vc_custom_1669297404378{margin-bottom: 50px !important;}<\/style>[\/vc_column][\/vc_row]<\/p>\n<\/div>","protected":false},"excerpt":{"rendered":"<p>[vc_row content_placement=&#8220;middle&#8220; css=&#8220;.vc_custom_1605630337493{padding-bottom: 30px !important;}&#8220;][vc_column width=&#8220;1\/2&#8243; offset=&#8220;vc_col-lg-offset-2 vc_col-lg-4&#8243;][vc_column_text]Es gibt weitere Eigensiegel (au\u00dfer Ecogarantie\u00ae und Biogarantie\u00ae) f\u00fcr \u00f6kologische Lebensmittel auf Grundlage von Spezifikationen, die von Erzeuger-, Verarbeiter-oder Verbraucherorganisationen oder -Verb\u00e4nden verwaltet werden. Diese Siegel existierten oft schon vor der europ\u00e4ischen Verordnung und einige von ihnen decken Bereiche ab, die von letzterer nicht abgedeckt werden, so z.\u00a0B. [&hellip;]<\/p>\n","protected":false},"author":1,"featured_media":0,"parent":17677,"menu_order":4,"comment_status":"closed","ping_status":"closed","template":"","meta":{"_acf_changed":false,"footnotes":""},"class_list":["post-7067","page","type-page","status-publish","hentry"],"acf":[],"yoast_head":"<!-- This site is optimized with the Yoast SEO plugin v26.6 - https:\/\/yoast.com\/wordpress\/plugins\/seo\/ -->\n<title>Andere Eigensiegel - CERTISYS<\/title>\n<meta name=\"description\" content=\"Es gibt weitere private Labels f\u00fcr Bio-Lebensmittel, die auf der Grundlage von Spezifikationen unter der Leitung von Organisationen vergeben werden.\" \/>\n<meta name=\"robots\" content=\"index, follow, max-snippet:-1, max-image-preview:large, max-video-preview:-1\" \/>\n<link rel=\"canonical\" href=\"https:\/\/www.certisys.eu\/de\/labels-und-zertifizierungen\/andere-eigensiegel\/\" \/>\n<meta property=\"og:locale\" content=\"de_DE\" \/>\n<meta property=\"og:type\" content=\"article\" \/>\n<meta property=\"og:title\" content=\"Andere Eigensiegel - CERTISYS\" \/>\n<meta property=\"og:description\" content=\"Es gibt weitere private Labels f\u00fcr Bio-Lebensmittel, die auf der Grundlage von Spezifikationen unter der Leitung von Organisationen vergeben werden.\" \/>\n<meta property=\"og:url\" content=\"https:\/\/www.certisys.eu\/de\/labels-und-zertifizierungen\/andere-eigensiegel\/\" \/>\n<meta property=\"og:site_name\" content=\"CERTISYS\" \/>\n<meta property=\"article:modified_time\" content=\"2025-07-17T09:20:48+00:00\" \/>\n<meta name=\"twitter:card\" content=\"summary_large_image\" \/>\n<meta name=\"twitter:label1\" content=\"Gesch\u00e4tzte Lesezeit\" \/>\n\t<meta name=\"twitter:data1\" content=\"4\u00a0Minuten\" \/>\n<!-- \/ Yoast SEO plugin. -->","yoast_head_json":{"title":"Andere Eigensiegel - CERTISYS","description":"Es gibt weitere private Labels f\u00fcr Bio-Lebensmittel, die auf der Grundlage von Spezifikationen unter der Leitung von Organisationen vergeben werden.","robots":{"index":"index","follow":"follow","max-snippet":"max-snippet:-1","max-image-preview":"max-image-preview:large","max-video-preview":"max-video-preview:-1"},"canonical":"https:\/\/www.certisys.eu\/de\/labels-und-zertifizierungen\/andere-eigensiegel\/","og_locale":"de_DE","og_type":"article","og_title":"Andere Eigensiegel - CERTISYS","og_description":"Es gibt weitere private Labels f\u00fcr Bio-Lebensmittel, die auf der Grundlage von Spezifikationen unter der Leitung von Organisationen vergeben werden.","og_url":"https:\/\/www.certisys.eu\/de\/labels-und-zertifizierungen\/andere-eigensiegel\/","og_site_name":"CERTISYS","article_modified_time":"2025-07-17T09:20:48+00:00","twitter_card":"summary_large_image","twitter_misc":{"Gesch\u00e4tzte Lesezeit":"4\u00a0Minuten"},"schema":{"@context":"https:\/\/schema.org","@graph":[{"@type":"WebPage","@id":"https:\/\/www.certisys.eu\/de\/labels-und-zertifizierungen\/andere-eigensiegel\/","url":"https:\/\/www.certisys.eu\/de\/labels-und-zertifizierungen\/andere-eigensiegel\/","name":"Andere Eigensiegel - CERTISYS","isPartOf":{"@id":"https:\/\/www.certisys.eu\/de\/#website"},"datePublished":"2020-10-12T08:26:13+00:00","dateModified":"2025-07-17T09:20:48+00:00","description":"Es gibt weitere private Labels f\u00fcr Bio-Lebensmittel, die auf der Grundlage von Spezifikationen unter der Leitung von Organisationen vergeben werden.","breadcrumb":{"@id":"https:\/\/www.certisys.eu\/de\/labels-und-zertifizierungen\/andere-eigensiegel\/#breadcrumb"},"inLanguage":"de","potentialAction":[{"@type":"ReadAction","target":["https:\/\/www.certisys.eu\/de\/labels-und-zertifizierungen\/andere-eigensiegel\/"]}]},{"@type":"BreadcrumbList","@id":"https:\/\/www.certisys.eu\/de\/labels-und-zertifizierungen\/andere-eigensiegel\/#breadcrumb","itemListElement":[{"@type":"ListItem","position":1,"name":"Home","item":"https:\/\/www.certisys.eu\/de\/"},{"@type":"ListItem","position":2,"name":"Labels und Zertifizierungen","item":"https:\/\/www.certisys.eu\/de\/labels-und-zertifizierungen\/"},{"@type":"ListItem","position":3,"name":"Andere Eigensiegel"}]},{"@type":"WebSite","@id":"https:\/\/www.certisys.eu\/de\/#website","url":"https:\/\/www.certisys.eu\/de\/","name":"CERTISYS","description":"Bio Certification","potentialAction":[{"@type":"SearchAction","target":{"@type":"EntryPoint","urlTemplate":"https:\/\/www.certisys.eu\/de\/?s={search_term_string}"},"query-input":{"@type":"PropertyValueSpecification","valueRequired":true,"valueName":"search_term_string"}}],"inLanguage":"de"}]}},"jetpack_sharing_enabled":true,"_links":{"self":[{"href":"https:\/\/www.certisys.eu\/de\/wp-json\/wp\/v2\/pages\/7067","targetHints":{"allow":["GET"]}}],"collection":[{"href":"https:\/\/www.certisys.eu\/de\/wp-json\/wp\/v2\/pages"}],"about":[{"href":"https:\/\/www.certisys.eu\/de\/wp-json\/wp\/v2\/types\/page"}],"author":[{"embeddable":true,"href":"https:\/\/www.certisys.eu\/de\/wp-json\/wp\/v2\/users\/1"}],"replies":[{"embeddable":true,"href":"https:\/\/www.certisys.eu\/de\/wp-json\/wp\/v2\/comments?post=7067"}],"version-history":[{"count":21,"href":"https:\/\/www.certisys.eu\/de\/wp-json\/wp\/v2\/pages\/7067\/revisions"}],"predecessor-version":[{"id":60014,"href":"https:\/\/www.certisys.eu\/de\/wp-json\/wp\/v2\/pages\/7067\/revisions\/60014"}],"up":[{"embeddable":true,"href":"https:\/\/www.certisys.eu\/de\/wp-json\/wp\/v2\/pages\/17677"}],"wp:attachment":[{"href":"https:\/\/www.certisys.eu\/de\/wp-json\/wp\/v2\/media?parent=7067"}],"curies":[{"name":"wp","href":"https:\/\/api.w.org\/{rel}","templated":true}]}}