{"id":7062,"date":"2020-10-12T10:25:49","date_gmt":"2020-10-12T08:25:49","guid":{"rendered":"https:\/\/certisys.poush.be\/unsere-bio-siegel-und-zertifikate\/biogarantie-et-ecogarantie\/"},"modified":"2022-02-03T10:44:11","modified_gmt":"2022-02-03T08:44:11","slug":"biogarantie-und-ecogarantie","status":"publish","type":"page","link":"https:\/\/www.certisys.eu\/de\/labels-und-zertifizierungen\/biogarantie-und-ecogarantie\/","title":{"rendered":"Biogarantie\u00ae und Ecogarantie\u00ae"},"content":{"rendered":"<div class=\"wpb-content-wrapper\"><p>[vc_row content_placement=&#8220;middle&#8220; css=&#8220;.vc_custom_1616059326651{padding-bottom: 20px !important;}&#8220;][vc_column width=&#8220;2\/3&#8243; offset=&#8220;vc_col-lg-offset-3 vc_col-lg-6&#8243;][vc_column_text]<\/p>\n<p style=\"text-align: center;\"><strong>Biogarantie\u00ae<\/strong> und <strong>Ecogarantie\u00ae<\/strong> <strong>sind<\/strong> G\u00fctesiegel, die privaten Spezifikationen entsprechen, welche die europ\u00e4ischen Vorschriften erg\u00e4nzen und <strong>Bereiche<\/strong> abdecken, die <strong>von den letztgenannten<\/strong> <strong>nicht geregelt werden<\/strong>, insbesondere in den Bereichen <strong>Gemeinschaftsverpflegung,<\/strong> <strong>Kosmetika und<\/strong> <strong>Reinigungsmittel.<\/strong> Sie sind auf der \u00fcberwiegenden Mehrheit der in Belgien verkauften Bio-Produkte zu finden. Diese beiden Eigensiegel werden durch zugelassene Kontrollstellen, z.\u00a0B. CERTISYS\u00ae, kontrolliert.<\/p>\n<p>[\/vc_column_text][\/vc_column][\/vc_row][vc_row css=&#8220;.vc_custom_1614846917657{padding-top: 50px !important;padding-bottom: 80px !important;background-color: #f0f3f1 !important;}&#8220;][vc_column width=&#8220;1\/6&#8243;][\/vc_column][vc_column width=&#8220;2\/3&#8243;][vc_tta_accordion style=&#8220;modern&#8220; shape=&#8220;round&#8220; color=&#8220;white&#8220; c_position=&#8220;right&#8220; active_section=&#8220;100&#8243; no_fill=&#8220;true&#8220; collapsible_all=&#8220;true&#8220;][vc_tta_section title=&#8220;Was spricht f\u00fcr das Siegel Ecogarantie\u00ae?&#8220; tab_id=&#8220;was-ecogarantie&#8220;][vc_column_text]<strong>Ecogarantie\u00ae <\/strong>ist ein Label, mit dem Sie die biologische Herkunft Ihrer Rohstoffe und den nachhaltigen Ansatz f\u00fcr Ihre kosmetischen Produkte, Reinigungsmittel, Haushaltsd\u00fcfte, Kerzen, usw., die nicht unter die EU-Bio-Verordnung fallen, hervorheben k\u00f6nnen).<\/p>\n<p>Das Siegel <strong>Ecogarantie\u00ae<\/strong> wird von dem Berufsverband <a href=\"https:\/\/www.probila-unitrab.be\/fr\" target=\"_blank\" rel=\"noopener\">Probila-Unitrab<\/a> verwaltet, der die Interessen von Verarbeitern und H\u00e4ndlern im Bio-Sektor (Food und Non-Food) und zu 100\u00a0% Eigent\u00fcmer des Siegels ist, vertritt.<\/p>\n<p>F\u00fcr weitere Informationen zum <strong>Ecogarantie\u00ae-Siegel <\/strong>besuchen Sie bitte die <a href=\"https:\/\/ecogarantie.eu\/fr\/\" target=\"_blank\" rel=\"noopener\">Website<\/a>.<\/p>\n<p>F\u00fcr weitere Informationen, wie Sie Ihre Produkte mit Ecogarantie\u00ae zertifizieren lassen k\u00f6nnen<strong>, <\/strong><a href=\"https:\/\/www.certisys.eu\/de\/meine-aktivitaet\/kosmetika-und-reinigungsmittel\/\">klicken Sie hier<\/a>[\/vc_column_text][\/vc_tta_section][vc_tta_section title=&#8220;Was spricht f\u00fcr das Siegel Biogarantie\u00ae?&#8220; tab_id=&#8220;was-biogarantie&#8220;][vc_column_text]<strong>Biogarantie\u00ae<\/strong> ist ein belgisches Siegel, das es Ihnen erm\u00f6glicht, Ihren \u00f6kologischen Ansatz in Bezug auf <strong>Nachhaltigkeit<\/strong> aufzuwerten, sei es \u00f6kologisch, sozial oder \u00f6konomisch. Biogarantie\u00ae basiert nicht nur auf europ\u00e4ischen Vorschriften, sondern f\u00f6rdert auch:<\/p>\n<ul>\n<li>die Anwendung fairer Preise<\/li>\n<li>die Schonung von Ressourcen (Wasser, Energie, Biodiversit\u00e4t)<\/li>\n<li>die Minimierung von Transport, Verpackung und Abfall<\/li>\n<li>und die F\u00f6rderung lokaler und saisonaler Produkte<\/li>\n<\/ul>\n<p>Die Verwendung des Biogarantie\u00ae-Siegels bescheinigt Ihnen, dass Sie sich beispielsweise als Produzent oder Verarbeiter zu all diesen nachhaltigen Ans\u00e4tzen bekennen, die in einer Charta festgehalten sind. Voraussetzung f\u00fcr die Nutzung ist die <a href=\"https:\/\/www.certisys.eu\/wp-content\/uploads\/2020\/11\/CDCH-BIOGARANTIE.pdf\" target=\"_blank\" rel=\"noopener\"><strong>Einhaltung der Biogarantie\u00ae-Spezifikation<\/strong><\/a> und die <strong>Unterzeichnung der begleitenden Nachhaltigkeitscharta<\/strong>.<\/p>\n<p>Biogarantie\u00ae-Spezifikationen<\/p>\n<p>Die Verwaltung des <strong>Biogarantie\u00ae-Siegels <\/strong>ist auf franz\u00f6sischer Seite dem Berufsverband <a href=\"https:\/\/www.probila-unitrab.be\/\" target=\"_blank\" rel=\"noopener\">Probila-Unitrab<\/a> f\u00fcr Verarbeiter, Anbieter, Verkaufsstellen und Catering sowie der <a href=\"https:\/\/www.unab-bio.be\/\" target=\"_blank\" rel=\"noopener\">UNAB<\/a> f\u00fcr die Hersteller anvertraut. Auf niederl\u00e4ndischer Seite wird das Biogarantie\u00ae-Siegel von <a href=\"https:\/\/www.bioforum.be\/\" target=\"_blank\" rel=\"noopener\">BioForum Vlaanderen<\/a> verwaltet.<\/p>\n<p><a href=\"https:\/\/biogarantie.be\/\" target=\"_blank\" rel=\"noopener\">M\u00f6chten Sie mehr \u00fcber Biogarantie\u00ae erfahren?<\/a>[\/vc_column_text][\/vc_tta_section][vc_tta_section title=&#8220;Aus der Praxis: Wie kommt man zu einer Biogarantie\u00ae-Zertifizierung?&#8220; tab_id=&#8220;zertifizierung&#8220;][vc_row_inner][vc_column_inner width=&#8220;1\/2&#8243;][vc_column_text]<\/p>\n<h3>Sie lassen Ihre Biogarantie\u00ae -Produkte von einem Lieferanten herstellen?<\/h3>\n<p>Produkte, die das Biogarantie\u00ae-Logo tragen, m\u00fcssen den Biogarantie\u00ae-Spezifikationen entsprechen. Bei Biogarantie\u00ae-zertifizierten Produkten, die von einem Zulieferer hergestellt werden, muss die Erkl\u00e4rung ordnungsgem\u00e4\u00df vom Leiter des Zulieferunternehmens ausgef\u00fcllt werden. Die verantwortliche Person verpflichtet sich, die Erkl\u00e4rung auf dem aktuellen Stand zu halten (mindestens einmal j\u00e4hrlich) und dem Biogarantie\u00ae-Anwender alle Informationen oder Unterlagen zur Verf\u00fcgung zu stellen, die zum Nachweis der Einhaltung der Normen der Spezifikationen erforderlich sind.[\/vc_column_text][\/vc_column_inner][vc_column_inner width=&#8220;1\/2&#8243;][vc_single_image image=&#8220;5613&#8243; img_size=&#8220;400&#215;400&#8243; alignment=&#8220;center&#8220;][\/vc_column_inner][\/vc_row_inner][vc_row_inner][vc_column_inner width=&#8220;1\/2&#8243;][vc_single_image image=&#8220;3603&#8243; img_size=&#8220;400&#215;400&#8243; alignment=&#8220;center&#8220;][\/vc_column_inner][vc_column_inner width=&#8220;1\/2&#8243;][vc_column_text]<\/p>\n<h3>Sie m\u00f6chten Ihre Verkaufsstelle mit einem Biogarantie\u00ae-Siegel ausstatten?<\/h3>\n<p>Biogarantie\u00ae-Verkaufsstellen erkennen Sie am Biogarantie\u00ae-Aufkleber am Eingang. Diese Gesch\u00e4fte respektieren <strong>Vorschriften<\/strong> in Bezug auf:<\/p>\n<ul>\n<li>das <strong>Sortiment<\/strong>: Sie bieten eine breite Palette von Lebensmitteln an (mind. 70 % ihres gesamten Sortiments), von denen mindestens 80 % aus zertifizierten BIO-Produkten bestehen.<\/li>\n<li>und die <strong>Kennzeichnung<\/strong>: Sie haben eine spezifische BIO-Kommunikation (Beschilderung, Etiketten, Produkte usw.), die ihren BIO-Ansatz und ihr BIO-Engagement hervorhebt.<\/li>\n<\/ul>\n<p>[\/vc_column_text][\/vc_column_inner][\/vc_row_inner][vc_row_inner][vc_column_inner width=&#8220;1\/2&#8243;][vc_column_text]<\/p>\n<h3>Biogarantie\u00ae, ein Kommunikationstool f\u00fcr BIO-Restaurantbesitzer?<\/h3>\n<p>Die europ\u00e4ische Verordnung deckt die <strong>BIO-Gastronomie<\/strong> nicht ab und bietet daher Gastronomen keine M\u00f6glichkeit, das Thema \u201eBIO\u201c, insbesondere mit dem europ\u00e4ischen BIO-Siegel, zu vermitteln. <strong>In Br\u00fcssel und Wallonien<\/strong> gibt es jedoch <strong>regionale Normen, die in Kraft<\/strong> sind. Diese Normen sind eine <strong>Umschreibung der Biogarantie\u00ae-Spezifikationen<\/strong> in Form einer offiziellen Anerkennung. Die gesch\u00fctzte BIO-Kennzeichnung verpflichtet jeden Restaurantbesitzer, der \u00fcber seine BIO-Eink\u00e4ufe oder BIO-Spezialit\u00e4ten kommuniziert, diese kontrollieren und zertifizieren zu lassen. Diese Zertifizierung erm\u00f6glicht es ihm, seinen Kunden Garantien zu bieten und seinen \u00f6kologischen Ansatz als Wert herauszustellen.<\/p>\n<p>Diese glaubw\u00fcrdige und legitime Kommunikation kann \u00fcber das Biogarantie\u00ae-Label erfolgen. <a href=\"https:\/\/www.probila-unitrab.be\/fr\" target=\"_blank\" rel=\"noopener\">Probila-Unitrab<\/a> stellt Ihnen Kommunikationsmittel f\u00fcr Ihr BIO-Restaurant zur Verf\u00fcgung.<\/p>\n<p>Bei CERTISYS\u00ae erhalten Sie au\u00dferdem die Plakate \u201eUnsere BIO-Produkte sind kontrolliert und zertifiziert\u201c mit Angabe des G\u00fcltigkeitsjahres des Zertifikats.[\/vc_column_text][\/vc_column_inner][vc_column_inner width=&#8220;1\/2&#8243;][vc_single_image image=&#8220;3159&#8243; img_size=&#8220;400&#215;500&#8243; alignment=&#8220;center&#8220;][\/vc_column_inner][\/vc_row_inner][\/vc_tta_section][\/vc_tta_accordion][\/vc_column][vc_column width=&#8220;1\/6&#8243;][\/vc_column][\/vc_row][vc_row full_width=&#8220;stretch_row_content_no_spaces&#8220; css=&#8220;.vc_custom_1619775024234{padding-top: 300px !important;background-image: url(https:\/\/www.certisys.eu\/wp-content\/uploads\/2021\/04\/shutterstock_94371310.png?id=6473) !important;background-position: center !important;background-repeat: no-repeat !important;background-size: cover !important;}&#8220;][vc_column][\/vc_column][\/vc_row]<\/p>\n<\/div>","protected":false},"excerpt":{"rendered":"<p>[vc_row content_placement=&#8220;middle&#8220; css=&#8220;.vc_custom_1616059326651{padding-bottom: 20px !important;}&#8220;][vc_column width=&#8220;2\/3&#8243; offset=&#8220;vc_col-lg-offset-3 vc_col-lg-6&#8243;][vc_column_text] Biogarantie\u00ae und Ecogarantie\u00ae sind G\u00fctesiegel, die privaten Spezifikationen entsprechen, welche die europ\u00e4ischen Vorschriften erg\u00e4nzen und Bereiche abdecken, die von den letztgenannten nicht geregelt werden, insbesondere in den Bereichen Gemeinschaftsverpflegung, Kosmetika und Reinigungsmittel. Sie sind auf der \u00fcberwiegenden Mehrheit der in Belgien verkauften Bio-Produkte zu finden. Diese beiden [&hellip;]<\/p>\n","protected":false},"author":1,"featured_media":0,"parent":17677,"menu_order":3,"comment_status":"closed","ping_status":"closed","template":"","meta":{"_acf_changed":false,"footnotes":""},"class_list":["post-7062","page","type-page","status-publish","hentry"],"acf":[],"yoast_head":"<!-- This site is optimized with the Yoast SEO plugin v26.6 - https:\/\/yoast.com\/wordpress\/plugins\/seo\/ -->\n<title>Biogarantie\u00ae und Ecogarantie\u00ae - CERTISYS<\/title>\n<meta name=\"description\" content=\"Biogarantie\u00ae und Ecogarantie\u00ae sind G\u00fctesiegel, die privaten Spezifikationen entsprechen, die die europ\u00e4ischen Vorschriften erg\u00e4nzen und Bereiche abdecken, die von diesen nicht geregelt werden.\" \/>\n<meta name=\"robots\" content=\"index, follow, max-snippet:-1, max-image-preview:large, max-video-preview:-1\" \/>\n<link rel=\"canonical\" href=\"https:\/\/www.certisys.eu\/de\/labels-und-zertifizierungen\/biogarantie-und-ecogarantie\/\" \/>\n<meta property=\"og:locale\" content=\"de_DE\" \/>\n<meta property=\"og:type\" content=\"article\" \/>\n<meta property=\"og:title\" content=\"Biogarantie\u00ae und Ecogarantie\u00ae - CERTISYS\" \/>\n<meta property=\"og:description\" content=\"Biogarantie\u00ae und Ecogarantie\u00ae sind G\u00fctesiegel, die privaten Spezifikationen entsprechen, die die europ\u00e4ischen Vorschriften erg\u00e4nzen und Bereiche abdecken, die von diesen nicht geregelt werden.\" \/>\n<meta property=\"og:url\" content=\"https:\/\/www.certisys.eu\/de\/labels-und-zertifizierungen\/biogarantie-und-ecogarantie\/\" \/>\n<meta property=\"og:site_name\" content=\"CERTISYS\" \/>\n<meta property=\"article:modified_time\" content=\"2022-02-03T08:44:11+00:00\" \/>\n<meta name=\"twitter:card\" content=\"summary_large_image\" \/>\n<meta name=\"twitter:label1\" content=\"Gesch\u00e4tzte Lesezeit\" \/>\n\t<meta name=\"twitter:data1\" content=\"5\u00a0Minuten\" \/>\n<!-- \/ Yoast SEO plugin. -->","yoast_head_json":{"title":"Biogarantie\u00ae und Ecogarantie\u00ae - CERTISYS","description":"Biogarantie\u00ae und Ecogarantie\u00ae sind G\u00fctesiegel, die privaten Spezifikationen entsprechen, die die europ\u00e4ischen Vorschriften erg\u00e4nzen und Bereiche abdecken, die von diesen nicht geregelt werden.","robots":{"index":"index","follow":"follow","max-snippet":"max-snippet:-1","max-image-preview":"max-image-preview:large","max-video-preview":"max-video-preview:-1"},"canonical":"https:\/\/www.certisys.eu\/de\/labels-und-zertifizierungen\/biogarantie-und-ecogarantie\/","og_locale":"de_DE","og_type":"article","og_title":"Biogarantie\u00ae und Ecogarantie\u00ae - CERTISYS","og_description":"Biogarantie\u00ae und Ecogarantie\u00ae sind G\u00fctesiegel, die privaten Spezifikationen entsprechen, die die europ\u00e4ischen Vorschriften erg\u00e4nzen und Bereiche abdecken, die von diesen nicht geregelt werden.","og_url":"https:\/\/www.certisys.eu\/de\/labels-und-zertifizierungen\/biogarantie-und-ecogarantie\/","og_site_name":"CERTISYS","article_modified_time":"2022-02-03T08:44:11+00:00","twitter_card":"summary_large_image","twitter_misc":{"Gesch\u00e4tzte Lesezeit":"5\u00a0Minuten"},"schema":{"@context":"https:\/\/schema.org","@graph":[{"@type":"WebPage","@id":"https:\/\/www.certisys.eu\/de\/labels-und-zertifizierungen\/biogarantie-und-ecogarantie\/","url":"https:\/\/www.certisys.eu\/de\/labels-und-zertifizierungen\/biogarantie-und-ecogarantie\/","name":"Biogarantie\u00ae und Ecogarantie\u00ae - CERTISYS","isPartOf":{"@id":"https:\/\/www.certisys.eu\/de\/#website"},"datePublished":"2020-10-12T08:25:49+00:00","dateModified":"2022-02-03T08:44:11+00:00","description":"Biogarantie\u00ae und Ecogarantie\u00ae sind G\u00fctesiegel, die privaten Spezifikationen entsprechen, die die europ\u00e4ischen Vorschriften erg\u00e4nzen und Bereiche abdecken, die von diesen nicht geregelt werden.","breadcrumb":{"@id":"https:\/\/www.certisys.eu\/de\/labels-und-zertifizierungen\/biogarantie-und-ecogarantie\/#breadcrumb"},"inLanguage":"de","potentialAction":[{"@type":"ReadAction","target":["https:\/\/www.certisys.eu\/de\/labels-und-zertifizierungen\/biogarantie-und-ecogarantie\/"]}]},{"@type":"BreadcrumbList","@id":"https:\/\/www.certisys.eu\/de\/labels-und-zertifizierungen\/biogarantie-und-ecogarantie\/#breadcrumb","itemListElement":[{"@type":"ListItem","position":1,"name":"Home","item":"https:\/\/www.certisys.eu\/de\/"},{"@type":"ListItem","position":2,"name":"Labels und Zertifizierungen","item":"https:\/\/www.certisys.eu\/de\/labels-und-zertifizierungen\/"},{"@type":"ListItem","position":3,"name":"Biogarantie\u00ae und Ecogarantie\u00ae"}]},{"@type":"WebSite","@id":"https:\/\/www.certisys.eu\/de\/#website","url":"https:\/\/www.certisys.eu\/de\/","name":"CERTISYS","description":"Bio Certification","potentialAction":[{"@type":"SearchAction","target":{"@type":"EntryPoint","urlTemplate":"https:\/\/www.certisys.eu\/de\/?s={search_term_string}"},"query-input":{"@type":"PropertyValueSpecification","valueRequired":true,"valueName":"search_term_string"}}],"inLanguage":"de"}]}},"jetpack_sharing_enabled":true,"_links":{"self":[{"href":"https:\/\/www.certisys.eu\/de\/wp-json\/wp\/v2\/pages\/7062","targetHints":{"allow":["GET"]}}],"collection":[{"href":"https:\/\/www.certisys.eu\/de\/wp-json\/wp\/v2\/pages"}],"about":[{"href":"https:\/\/www.certisys.eu\/de\/wp-json\/wp\/v2\/types\/page"}],"author":[{"embeddable":true,"href":"https:\/\/www.certisys.eu\/de\/wp-json\/wp\/v2\/users\/1"}],"replies":[{"embeddable":true,"href":"https:\/\/www.certisys.eu\/de\/wp-json\/wp\/v2\/comments?post=7062"}],"version-history":[{"count":9,"href":"https:\/\/www.certisys.eu\/de\/wp-json\/wp\/v2\/pages\/7062\/revisions"}],"predecessor-version":[{"id":12181,"href":"https:\/\/www.certisys.eu\/de\/wp-json\/wp\/v2\/pages\/7062\/revisions\/12181"}],"up":[{"embeddable":true,"href":"https:\/\/www.certisys.eu\/de\/wp-json\/wp\/v2\/pages\/17677"}],"wp:attachment":[{"href":"https:\/\/www.certisys.eu\/de\/wp-json\/wp\/v2\/media?parent=7062"}],"curies":[{"name":"wp","href":"https:\/\/api.w.org\/{rel}","templated":true}]}}