{"id":7057,"date":"2020-10-12T10:24:52","date_gmt":"2020-10-12T08:24:52","guid":{"rendered":"https:\/\/certisys.poush.be\/unsere-bio-siegel-und-zertifikate\/labels-bio-nationaux-officiels\/"},"modified":"2024-10-15T16:23:59","modified_gmt":"2024-10-15T14:23:59","slug":"offizielle-nationale-bio-siegel","status":"publish","type":"page","link":"https:\/\/www.certisys.eu\/de\/labels-und-zertifizierungen\/offizielle-nationale-bio-siegel\/","title":{"rendered":"Offizielle nationale BIO-Siegel"},"content":{"rendered":"<div class=\"wpb-content-wrapper\"><p>[vc_row content_placement=&#8220;middle&#8220; css=&#8220;.vc_custom_1605630337493{padding-bottom: 30px !important;}&#8220;][vc_column width=&#8220;1\/2&#8243; offset=&#8220;vc_col-lg-offset-2 vc_col-lg-4&#8243;][vc_column_text css=&#8220;&#8220;]Um Ihre Bio-Produkte auf M\u00e4rkten <strong>au\u00dferhalb Europas<\/strong> zu vermarkten, kann ein lokales offizielles internationales Siegel <strong>vorgeschrieben oder notwendig sein<\/strong>, um von den lokalen Verbrauchern anerkannt zu werden.<\/p>\n<p>Es kann auch n\u00fctzlich sein, um den Austausch zu erleichtern, weil dadurch bestimmte administrative Schritte reduziert werden. Die Bandbreite der Anforderungen ist so gro\u00df wie die Anzahl der L\u00e4nder, in die Sie exportieren!<\/p>\n<p>Erkundigen Sie sich daher schon jetzt, vor dem Export Ihrer Produkte, bei <strong>Ihrem Importeur<\/strong> nach den <strong>Anforderungen<\/strong> des Importlandes. Diese sind von Land zu Land unterschiedlich und \u00e4ndern sich im Laufe der Zeit.<\/p>\n<p>L\u00e4nderspezifische Exportinformationen finden Sie auch <u>auf <\/u><a href=\"https:\/\/www.organicexport.info\/about.html\" target=\"_blank\" rel=\"noopener\">OrganicExport.info<\/a>[\/vc_column_text][\/vc_column][vc_column width=&#8220;1\/3&#8243;][vc_single_image image=&#8220;3578&#8243; img_size=&#8220;400&#215;400&#8243; alignment=&#8220;center&#8220; style=&#8220;vc_box_circle_2&#8243; css_animation=&#8220;fadeInDown&#8220;][\/vc_column][\/vc_row][vc_row css=&#8220;.vc_custom_1605630039270{padding-bottom: 150px !important;background-image: url(https:\/\/www.certisys.eu\/wp-content\/uploads\/2020\/10\/bg-3-1.png?id=892) !important;}&#8220; el_class=&#8220;custom-lastrow&#8220;][vc_column width=&#8220;1\/3&#8243; css=&#8220;.vc_custom_1619094754273{padding-top: 0px !important;}&#8220; offset=&#8220;vc_col-lg-offset-1 vc_col-lg-10&#8243;][vc_column_text]<\/p>\n<h2 style=\"text-align: center;\">Im Folgenden finden Sie eine \u00dcbersicht der beliebtesten Labels nach L\u00e4ndern<\/h2>\n<p>[\/vc_column_text][vc_row_inner equal_height=&#8220;yes&#8220; gap=&#8220;20&#8243;][vc_column_inner width=&#8220;1\/3&#8243;][vc_column_text css=&#8220;.vc_custom_1669288163810{margin-bottom: 50px !important;}&#8220;]<\/p>\n<h3 style=\"text-align: center;\">USA:<\/h3>\n<p style=\"text-align: center;\"><strong>NOP \u2013 das USDA-Siegel<\/strong><\/p>\n<p>[\/vc_column_text][vc_single_image image=&#8220;5975&#8243; img_size=&#8220;100&#215;100&#8243; alignment=&#8220;center&#8220; onclick=&#8220;custom_link&#8220; css=&#8220;.vc_custom_1622023897209{margin-bottom: 25px !important;}&#8220; link=&#8220;https:\/\/www.ams.usda.gov\/about-ams\/programs-offices\/national-organic-program&#8220;][vc_column_text css=&#8220;.vc_custom_1699874129913{margin-bottom: 50px !important;}&#8220;]<\/p>\n<p style=\"text-align: center;\">Die <strong>NOP-Zertifizierung <\/strong>ist <strong>in den USA die offizielle Zertifizierung <\/strong>f\u00fcr <strong>biologische <\/strong>Produkte.<\/p>\n<p style=\"text-align: center;\">CERTISYS\u00ae bietet auch Zugang zur <strong>NOP-Zertifizierung f\u00fcr H\u00e4ndler in Belgien und Luxemburg bereits <\/strong>in der biologischen Landwirtschaft <strong>bei CERTISYS\u00ae zertifiziert <\/strong>via eine Zusammenarbeit mit <a href=\"https:\/\/www.ecocert.com\/de-DE\/home\"><strong>Ecocert.<\/strong><\/a><\/p>\n<p>[\/vc_column_text]<div class=\"d-flex justify-content-center \"><a class=\"psh_button btn-09560369\" href=\"https:\/\/www.certisys.eu\/wp-content\/uploads\/2026\/01\/GT061-v02_Datenblat-EXPORT-USA_DE.pdf\" alt=\"\" target=\"_blank\">Datenblatt Export USA<\/a><\/div>\n        <style>.psh_button.btn-09560369{\n          font-size: 18px;\n          text-transform: none;\n          padding: 10px 20px 10px 20px;\n          border-radius: 80px;\n          border-width: 0px;\n          background-color: #e30613;\n          border-color: ;\n          border-style: solid;\n          color: #ffffff;\n          display: inline-block;\n          \n          transition: all .3s ease-in-out;\n        }\n        .psh_button.btn-09560369:hover{\n          background-color: #f18970;\n          border-color: ;\n          color: #ffffff;\n          transition: all .3s ease-in-out;\n        }<\/style>[vc_empty_space][\/vc_column_inner][vc_column_inner width=&#8220;1\/3&#8243;][vc_column_text css=&#8220;.vc_custom_1669290755813{margin-bottom: 50px !important;}&#8220;]<\/p>\n<h3 style=\"text-align: center;\">JAPAN:<\/h3>\n<p style=\"text-align: center;\"><strong>JAS \u2013 Japanese Agriculture Standard<\/strong><\/p>\n<p>[\/vc_column_text][vc_single_image image=&#8220;5967&#8243; img_size=&#8220;100&#215;100&#8243; alignment=&#8220;center&#8220; onclick=&#8220;custom_link&#8220; css=&#8220;.vc_custom_1622023924205{margin-bottom: 25px !important;}&#8220; link=&#8220;https:\/\/www.maff.go.jp\/e\/policies\/standard\/jas\/&#8220;][vc_column_text css=&#8220;.vc_custom_1669290780472{margin-bottom: 50px !important;}&#8220;]<\/p>\n<p style=\"text-align: center;\">Sie d\u00fcrfen das JAS-Logo nicht auf Ihren Produkten verwenden, AUSSER wenn Ihr Importeur in Japan JAS-zertifiziert ist oder Sie eine JAS-Zertifizierung besitzen.<\/p>\n<p style=\"text-align: center;\">Weitere Informationen finden Sie auf der Website des <a href=\"https:\/\/www.maff.go.jp\/e\/\">MAFF<\/a> (Ministery of Agriculture, Forestry and Fisheries).<\/p>\n<p>[\/vc_column_text][vc_empty_space height=&#8220;40&#8243;]<div class=\"d-flex justify-content-center \"><a class=\"psh_button btn-59726938\" href=\"https:\/\/www.certisys.eu\/wp-content\/uploads\/2026\/01\/GT062-v02_Fiche-EXPORT-Japon_NL-1.pdf\" alt=\"\" target=\"_blank\">Datenblatt Export JAPAN<\/a><\/div>\n        <style>.psh_button.btn-59726938{\n          font-size: 18px;\n          text-transform: none;\n          padding: 10px 20px 10px 20px;\n          border-radius: 80px;\n          border-width: 0px;\n          background-color: #e30613;\n          border-color: ;\n          border-style: solid;\n          color: #ffffff;\n          display: inline-block;\n          \n          transition: all .3s ease-in-out;\n        }\n        .psh_button.btn-59726938:hover{\n          background-color: #f18970;\n          border-color: ;\n          color: #ffffff;\n          transition: all .3s ease-in-out;\n        }<\/style>[vc_empty_space][\/vc_column_inner][vc_column_inner width=&#8220;1\/3&#8243;][vc_column_text css=&#8220;.vc_custom_1669290851674{margin-bottom: 50px !important;}&#8220;]<\/p>\n<h3 style=\"text-align: center;\">KANADA:<\/h3>\n<p style=\"text-align: center;\"><strong>COR \u2013 Canadian Organic Regime<\/strong><\/p>\n<p>[\/vc_column_text][vc_single_image image=&#8220;5963&#8243; img_size=&#8220;100&#215;100&#8243; alignment=&#8220;center&#8220; onclick=&#8220;custom_link&#8220; css=&#8220;.vc_custom_1621258036926{margin-bottom: 25px !important;}&#8220; link=&#8220;https:\/\/www.canada-organic.ca\/fr&#8220;][vc_column_text css=&#8220;.vc_custom_1669287796836{margin-bottom: 50px !important;}&#8220;]<\/p>\n<p style=\"text-align: center;\">Zertifizierte BIO-Produkte, die nach Kanada exportiert werden, d\u00fcrfen das <strong>kanadische BIO-Siegel <\/strong>tragen.<\/p>\n<p style=\"text-align: center;\">F\u00fcr weitere Informationen besuchen Sie die Website von <a href=\"https:\/\/www.canada-organic.ca\/fr\" target=\"_blank\" rel=\"noopener\">Canada Organic<\/a><\/p>\n<p>[\/vc_column_text][vc_empty_space height=&#8220;40&#8243;][vc_empty_space height=&#8220;32&#8243;]<div class=\"d-flex justify-content-center \"><a class=\"psh_button btn-54504550\" href=\"https:\/\/www.certisys.eu\/wp-content\/uploads\/2022\/06\/GT059-v01_Fiche-EXPORT-Canada_DE.pdf\" alt=\"\" target=\"_blank\">Datenblatt Export KANADA<\/a><\/div>\n        <style>.psh_button.btn-54504550{\n          font-size: 18px;\n          text-transform: none;\n          padding: 10px 20px 10px 20px;\n          border-radius: 80px;\n          border-width: 0px;\n          background-color: #e30613;\n          border-color: ;\n          border-style: solid;\n          color: #ffffff;\n          display: inline-block;\n          \n          transition: all .3s ease-in-out;\n        }\n        .psh_button.btn-54504550:hover{\n          background-color: #f18970;\n          border-color: ;\n          color: #ffffff;\n          transition: all .3s ease-in-out;\n        }<\/style>[\/vc_column_inner][vc_column_inner width=&#8220;1\/3&#8243;][vc_single_image image=&#8220;5971&#8243; img_size=&#8220;100&#215;100&#8243; alignment=&#8220;center&#8220; onclick=&#8220;custom_link&#8220; css=&#8220;.vc_custom_1621326929197{margin-bottom: 25px !important;}&#8220; link=&#8220;https:\/\/www.mafra.go.kr\/english\/index..do&#8220;][vc_column_text css=&#8220;.vc_custom_1669287936691{margin-bottom: 50px !important;}&#8220;]<\/p>\n<h3 style=\"text-align: center;\">S\u00dcDKOREA:<\/h3>\n<p style=\"text-align: center;\"><strong>MAFRA &#8211; Organic Korea<\/strong><\/p>\n<p>[\/vc_column_text][vc_column_text css=&#8220;.vc_custom_1669287955245{margin-bottom: 50px !important;}&#8220;]<\/p>\n<p style=\"text-align: center;\">Es besteht <strong>Gleichwertigkeit <\/strong>zwischen europ\u00e4ischen und koreanischen BIO-Siegeln. Sie k\u00f6nnen also Ihre verarbeiteten Bioprodukte unter bestimmten Kennzeichnungsbedingungen <strong>nach S\u00fcdkorea<\/strong> exportieren.<\/p>\n<p style=\"text-align: center;\">Weitere Informationen hierzu finden Sie auf der Website des <a href=\"https:\/\/www.mafra.go.kr\/english\/index.do\" target=\"_blank\" rel=\"noopener\">MAFRA<\/a> (Ministery of Agriculture, Food and Rural Affairs).<\/p>\n<p>[\/vc_column_text]<div class=\"d-flex justify-content-center \"><a class=\"psh_button btn-45694360\" href=\"https:\/\/www.certisys.eu\/wp-content\/uploads\/2022\/06\/GT060-v01_Fiche-EXPORT-Coree-du-sud_DE.pdf\" alt=\"\" target=\"_blank\">Datenblatt Export S\u00dcDKOREA<\/a><\/div>\n        <style>.psh_button.btn-45694360{\n          font-size: 18px;\n          text-transform: none;\n          padding: 10px 20px 10px 20px;\n          border-radius: 80px;\n          border-width: 0px;\n          background-color: #e30613;\n          border-color: ;\n          border-style: solid;\n          color: #ffffff;\n          display: inline-block;\n          \n          transition: all .3s ease-in-out;\n        }\n        .psh_button.btn-45694360:hover{\n          background-color: #f18970;\n          border-color: ;\n          color: #ffffff;\n          transition: all .3s ease-in-out;\n        }<\/style>[\/vc_column_inner][vc_column_inner width=&#8220;1\/3&#8243;][vc_column_text]<\/p>\n<h3 style=\"text-align: center;\">CHINA:<\/h3>\n<p style=\"text-align: center;\"><strong>China &#8211; Chinesische \u00d6kolandwirtschaft<\/strong><\/p>\n<p>[\/vc_column_text][vc_single_image image=&#8220;5959&#8243; img_size=&#8220;100&#215;100&#8243; alignment=&#8220;center&#8220; css=&#8220;.vc_custom_1619095489288{margin-bottom: 25px !important;}&#8220;][vc_column_text]<\/p>\n<p style=\"text-align: center;\">Wir k\u00f6nnen Sie mit einer Zertifizierungsstelle in Kontakt bringen, um die chinesische BIO-Zertifizierung zu erhalten, die f\u00fcr den Export jedes BIO-Produkts nach China erforderlich ist.<\/p>\n<p>[\/vc_column_text][\/vc_column_inner][vc_column_inner width=&#8220;1\/3&#8243;][vc_column_text]<\/p>\n<h3 style=\"text-align: center;\">MEXICO:<\/h3>\n<p style=\"text-align: center;\"><strong>Mexique \u2013 LPO : Ley de los Productos Organicos<\/strong><\/p>\n<p>[\/vc_column_text][vc_single_image image=&#8220;16964&#8243; img_size=&#8220;100&#215;100&#8243;][vc_column_text]Wir k\u00f6nnen Ihnen den Kontakt zu <a href=\"https:\/\/www.ecocert.com\/es-MX\/lista-de-articulos?id=5091263\">ECOCERT Mexiko<\/a> vermitteln. Das Audit wird von einem CERTISYS-Pr\u00fcfer durchgef\u00fchrt, die Zertifizierung hingegen von ECOCERT Mexiko.<\/p>\n<p>Es gibt kein \u00c4quivalenzabkommen zwischen dem LPO und anderen BIO-Regelungen. Das bedeutet, dass eine LPO-Zertifizierung f\u00fcr den Export von Bio-Produkten nach Mexiko unerl\u00e4sslich ist.[\/vc_column_text]<div class=\"d-flex justify-content-center \"><a class=\"psh_button btn-54846126\" href=\"https:\/\/www.certisys.eu\/wp-content\/uploads\/2022\/09\/Datenblatt_EXPORT_MEXIKO.pdf\" alt=\"\" target=\"_blank\">Datenblatt Export MEXICO<\/a><\/div>\n        <style>.psh_button.btn-54846126{\n          font-size: 18px;\n          text-transform: none;\n          padding: 10px 20px 10px 20px;\n          border-radius: 80px;\n          border-width: 0px;\n          background-color: #e30613;\n          border-color: ;\n          border-style: solid;\n          color: #ffffff;\n          display: inline-block;\n          \n          transition: all .3s ease-in-out;\n        }\n        .psh_button.btn-54846126:hover{\n          background-color: #f18970;\n          border-color: ;\n          color: #ffffff;\n          transition: all .3s ease-in-out;\n        }<\/style>[\/vc_column_inner][\/vc_row_inner][vc_row_inner][vc_column_inner][vc_empty_space][vc_empty_space][vc_empty_space]<div class=\"d-flex justify-content-center vc_custom_1669291177066\"><a class=\"psh_button btn-60508820\" href=\"https:\/\/www.certisys.eu\/de\/meine-aktivitaet\/eu-importeure-und-eu-exporteure\/\" alt=\"EU-Importeure und EU-Exporteure\" target=\"\">Importeur und\/oder Exporteur von Waren aus Nicht-EU-L\u00e4ndern werden<\/a><\/div>\n        <style>.psh_button.btn-60508820{\n          font-size: 18px;\n          text-transform: none;\n          padding: 10px 20px 10px 20px;\n          border-radius: 80px;\n          border-width: 0px;\n          background-color: #e30613;\n          border-color: ;\n          border-style: solid;\n          color: #ffffff;\n          display: inline-block;\n          \n          transition: all .3s ease-in-out;\n        }\n        .psh_button.btn-60508820:hover{\n          background-color: #f18970;\n          border-color: ;\n          color: #ffffff;\n          transition: all .3s ease-in-out;\n        }.vc_custom_1669291177066{margin-bottom: 50px !important;}<\/style>[\/vc_column_inner][\/vc_row_inner][\/vc_column][\/vc_row][vc_section][\/vc_section]<\/p>\n<\/div>","protected":false},"excerpt":{"rendered":"<p>[vc_row content_placement=&#8220;middle&#8220; css=&#8220;.vc_custom_1605630337493{padding-bottom: 30px !important;}&#8220;][vc_column width=&#8220;1\/2&#8243; offset=&#8220;vc_col-lg-offset-2 vc_col-lg-4&#8243;][vc_column_text css=&#8220;&#8220;]Um Ihre Bio-Produkte auf M\u00e4rkten au\u00dferhalb Europas zu vermarkten, kann ein lokales offizielles internationales Siegel vorgeschrieben oder notwendig sein, um von den lokalen Verbrauchern anerkannt zu werden. Es kann auch n\u00fctzlich sein, um den Austausch zu erleichtern, weil dadurch bestimmte administrative Schritte reduziert werden. Die Bandbreite der [&hellip;]<\/p>\n","protected":false},"author":1,"featured_media":0,"parent":17677,"menu_order":2,"comment_status":"closed","ping_status":"closed","template":"","meta":{"_acf_changed":false,"footnotes":""},"class_list":["post-7057","page","type-page","status-publish","hentry"],"acf":[],"yoast_head":"<!-- This site is optimized with the Yoast SEO plugin v26.6 - https:\/\/yoast.com\/wordpress\/plugins\/seo\/ -->\n<title>Offizielle nationale BIO-Siegel - CERTISYS<\/title>\n<meta name=\"description\" content=\"Um Ihre Bio-Produkte auf M\u00e4rkten au\u00dferhalb Europas zu verkaufen, kann ein lokales, offizielles internationales Label erforderlich oder notwendig sein.\" \/>\n<meta name=\"robots\" content=\"index, follow, max-snippet:-1, max-image-preview:large, max-video-preview:-1\" \/>\n<link rel=\"canonical\" href=\"https:\/\/www.certisys.eu\/de\/labels-und-zertifizierungen\/offizielle-nationale-bio-siegel\/\" \/>\n<meta property=\"og:locale\" content=\"de_DE\" \/>\n<meta property=\"og:type\" content=\"article\" \/>\n<meta property=\"og:title\" content=\"Offizielle nationale BIO-Siegel - CERTISYS\" \/>\n<meta property=\"og:description\" content=\"Um Ihre Bio-Produkte auf M\u00e4rkten au\u00dferhalb Europas zu verkaufen, kann ein lokales, offizielles internationales Label erforderlich oder notwendig sein.\" \/>\n<meta property=\"og:url\" content=\"https:\/\/www.certisys.eu\/de\/labels-und-zertifizierungen\/offizielle-nationale-bio-siegel\/\" \/>\n<meta property=\"og:site_name\" content=\"CERTISYS\" \/>\n<meta property=\"article:modified_time\" content=\"2024-10-15T14:23:59+00:00\" \/>\n<meta name=\"twitter:card\" content=\"summary_large_image\" \/>\n<meta name=\"twitter:label1\" content=\"Gesch\u00e4tzte Lesezeit\" \/>\n\t<meta name=\"twitter:data1\" content=\"3\u00a0Minuten\" \/>\n<!-- \/ Yoast SEO plugin. -->","yoast_head_json":{"title":"Offizielle nationale BIO-Siegel - CERTISYS","description":"Um Ihre Bio-Produkte auf M\u00e4rkten au\u00dferhalb Europas zu verkaufen, kann ein lokales, offizielles internationales Label erforderlich oder notwendig sein.","robots":{"index":"index","follow":"follow","max-snippet":"max-snippet:-1","max-image-preview":"max-image-preview:large","max-video-preview":"max-video-preview:-1"},"canonical":"https:\/\/www.certisys.eu\/de\/labels-und-zertifizierungen\/offizielle-nationale-bio-siegel\/","og_locale":"de_DE","og_type":"article","og_title":"Offizielle nationale BIO-Siegel - CERTISYS","og_description":"Um Ihre Bio-Produkte auf M\u00e4rkten au\u00dferhalb Europas zu verkaufen, kann ein lokales, offizielles internationales Label erforderlich oder notwendig sein.","og_url":"https:\/\/www.certisys.eu\/de\/labels-und-zertifizierungen\/offizielle-nationale-bio-siegel\/","og_site_name":"CERTISYS","article_modified_time":"2024-10-15T14:23:59+00:00","twitter_card":"summary_large_image","twitter_misc":{"Gesch\u00e4tzte Lesezeit":"3\u00a0Minuten"},"schema":{"@context":"https:\/\/schema.org","@graph":[{"@type":"WebPage","@id":"https:\/\/www.certisys.eu\/de\/labels-und-zertifizierungen\/offizielle-nationale-bio-siegel\/","url":"https:\/\/www.certisys.eu\/de\/labels-und-zertifizierungen\/offizielle-nationale-bio-siegel\/","name":"Offizielle nationale BIO-Siegel - CERTISYS","isPartOf":{"@id":"https:\/\/www.certisys.eu\/de\/#website"},"datePublished":"2020-10-12T08:24:52+00:00","dateModified":"2024-10-15T14:23:59+00:00","description":"Um Ihre Bio-Produkte auf M\u00e4rkten au\u00dferhalb Europas zu verkaufen, kann ein lokales, offizielles internationales Label erforderlich oder notwendig sein.","breadcrumb":{"@id":"https:\/\/www.certisys.eu\/de\/labels-und-zertifizierungen\/offizielle-nationale-bio-siegel\/#breadcrumb"},"inLanguage":"de","potentialAction":[{"@type":"ReadAction","target":["https:\/\/www.certisys.eu\/de\/labels-und-zertifizierungen\/offizielle-nationale-bio-siegel\/"]}]},{"@type":"BreadcrumbList","@id":"https:\/\/www.certisys.eu\/de\/labels-und-zertifizierungen\/offizielle-nationale-bio-siegel\/#breadcrumb","itemListElement":[{"@type":"ListItem","position":1,"name":"Home","item":"https:\/\/www.certisys.eu\/de\/"},{"@type":"ListItem","position":2,"name":"Labels und Zertifizierungen","item":"https:\/\/www.certisys.eu\/de\/labels-und-zertifizierungen\/"},{"@type":"ListItem","position":3,"name":"Offizielle nationale BIO-Siegel"}]},{"@type":"WebSite","@id":"https:\/\/www.certisys.eu\/de\/#website","url":"https:\/\/www.certisys.eu\/de\/","name":"CERTISYS","description":"Bio Certification","potentialAction":[{"@type":"SearchAction","target":{"@type":"EntryPoint","urlTemplate":"https:\/\/www.certisys.eu\/de\/?s={search_term_string}"},"query-input":{"@type":"PropertyValueSpecification","valueRequired":true,"valueName":"search_term_string"}}],"inLanguage":"de"}]}},"jetpack_sharing_enabled":true,"_links":{"self":[{"href":"https:\/\/www.certisys.eu\/de\/wp-json\/wp\/v2\/pages\/7057","targetHints":{"allow":["GET"]}}],"collection":[{"href":"https:\/\/www.certisys.eu\/de\/wp-json\/wp\/v2\/pages"}],"about":[{"href":"https:\/\/www.certisys.eu\/de\/wp-json\/wp\/v2\/types\/page"}],"author":[{"embeddable":true,"href":"https:\/\/www.certisys.eu\/de\/wp-json\/wp\/v2\/users\/1"}],"replies":[{"embeddable":true,"href":"https:\/\/www.certisys.eu\/de\/wp-json\/wp\/v2\/comments?post=7057"}],"version-history":[{"count":25,"href":"https:\/\/www.certisys.eu\/de\/wp-json\/wp\/v2\/pages\/7057\/revisions"}],"predecessor-version":[{"id":36351,"href":"https:\/\/www.certisys.eu\/de\/wp-json\/wp\/v2\/pages\/7057\/revisions\/36351"}],"up":[{"embeddable":true,"href":"https:\/\/www.certisys.eu\/de\/wp-json\/wp\/v2\/pages\/17677"}],"wp:attachment":[{"href":"https:\/\/www.certisys.eu\/de\/wp-json\/wp\/v2\/media?parent=7057"}],"curies":[{"name":"wp","href":"https:\/\/api.w.org\/{rel}","templated":true}]}}