{"id":7053,"date":"2020-10-12T10:24:36","date_gmt":"2020-10-12T08:24:36","guid":{"rendered":"https:\/\/certisys.poush.be\/unsere-bio-siegel-und-zertifikate\/label-bio-europeen\/"},"modified":"2022-11-24T12:44:44","modified_gmt":"2022-11-24T10:44:44","slug":"bio-siegel-der-eu","status":"publish","type":"page","link":"https:\/\/www.certisys.eu\/de\/labels-und-zertifizierungen\/bio-siegel-der-eu\/","title":{"rendered":"BIO-Siegel der EU"},"content":{"rendered":"<div class=\"wpb-content-wrapper\"><p>[vc_row content_placement=&#8220;middle&#8220; css=&#8220;.vc_custom_1605630337493{padding-bottom: 30px !important;}&#8220;][vc_column width=&#8220;1\/2&#8243; offset=&#8220;vc_col-lg-offset-2 vc_col-lg-4&#8243;][vc_column_text]Das europ\u00e4ische BIO-Logo bescheinigt, dass die unter dem BIO-Siegel verkauften Produkte den EU-Verordnungen \u00fcber den \u00f6kologischen Landbau entsprechen. Es verleiht biologischen Produkten eine <strong>einheitliche <\/strong>und f\u00fcr <strong>alle erkennbare visuelle Identit\u00e4t.<\/strong><\/p>\n<p>Es soll das <strong>Vertrauen <\/strong>der Verbraucher in die Kontrolle und die Herkunft der Produkte, die sie konsumieren, festigen und bietet der BIO mehr <strong>Sichtbarkeit <\/strong>und <strong>Anerkennung.<\/strong> Das europ\u00e4ische BIO-Logo ist seit dem 1. Juli 2010 auf allen vorverpackten europ\u00e4ischen BIO-Lebensmitteln, die f\u00fcr den Endverbraucher bestimmt sind, vorgeschrieben.[\/vc_column_text][\/vc_column][vc_column width=&#8220;1\/3&#8243;][vc_single_image image=&#8220;17088&#8243; img_size=&#8220;medium&#8220; alignment=&#8220;center&#8220; css_animation=&#8220;fadeInDown&#8220;][vc_column_text]<\/p>\n<p style=\"text-align: center;\">BE-BIO-01<\/p>\n<p style=\"text-align: center;\">LI-BIO-06<\/p>\n<p>[\/vc_column_text][\/vc_column][\/vc_row][vc_row content_placement=&#8220;middle&#8220; css=&#8220;.vc_custom_1619094121978{padding-bottom: 60px !important;}&#8220;][vc_column width=&#8220;1\/3&#8243; offset=&#8220;vc_col-lg-offset-2&#8243;][vc_single_image image=&#8220;5938&#8243; img_size=&#8220;400&#215;400&#8243; alignment=&#8220;center&#8220; style=&#8220;vc_box_circle_2&#8243; css_animation=&#8220;fadeInDown&#8220;][\/vc_column][vc_column width=&#8220;1\/2&#8243; offset=&#8220;vc_col-lg-4&#8243;][vc_column_text]CERTISYS\u00ae ist in <strong>Belgien (BE-BIO-01) <\/strong>und im <strong>Gro\u00dfherzogtum Luxemburg (BE-BIO-06) <\/strong>von den offiziellen Beh\u00f6rden als <strong>BIO-Kontrollstelle <\/strong>anerkannt.<\/p>\n<p>CERTISYS\u00ae war zudem viele Jahre lang in Westafrika aktiv. Heute k\u00f6nnen wir Ihnen durch die internationalen Aktivit\u00e4ten der <a href=\"https:\/\/www.ecocert.com\/de-DE\/home\" target=\"_blank\" rel=\"noopener\">Ecocert-Gruppe,<\/a> zu der wir geh\u00f6ren, Zugang zu diesen M\u00e4rkten bieten.<\/p>\n<p>F\u00fcr weitere Informationen k\u00f6nnen Sie sich an unsere Kollegen von Ecocert wenden unter +226 25 37 44 45 oder <a href=\"mailto:office.burkinafaso@ecocert.com\">office.burkinafaso@ecocert.com<\/a> oderf\u00fcllen Sie einen <a href=\"https:\/\/www.certisys.eu\/wp-content\/uploads\/2022\/10\/Application-for-certification.doc\">Antrag auf Zertifizierung<\/a> aus und senden Sie ihn an <a href=\"mailto:office.burkinafaso@ecocert.com\">office.burkinafaso@ecocert.com<\/a><\/p>\n<p>[\/vc_column_text]<div class=\"d-flex justify-content-center \"><a class=\"psh_button btn-60953331\" href=\"https:\/\/www.certisys.eu\/de\/meine-taetigkeit\/internationale-projekte\/\" alt=\"Internationale Projekte\" target=\"\">Mehr lesen<\/a><\/div>\n        <style>.psh_button.btn-60953331{\n          font-size: 18px;\n          text-transform: none;\n          padding: 10px 20px 10px 20px;\n          border-radius: 80px;\n          border-width: 0px;\n          background-color: #e30613;\n          border-color: ;\n          border-style: solid;\n          color: #ffffff;\n          display: inline-block;\n          \n          transition: all .3s ease-in-out;\n        }\n        .psh_button.btn-60953331:hover{\n          background-color: #f18970;\n          border-color: ;\n          color: #ffffff;\n          transition: all .3s ease-in-out;\n        }<\/style>[\/vc_column][\/vc_row][vc_row css=&#8220;.vc_custom_1605630039270{padding-bottom: 150px !important;background-image: url(https:\/\/www.certisys.eu\/wp-content\/uploads\/2020\/10\/bg-3-1.png?id=892) !important;}&#8220; el_class=&#8220;custom-lastrow&#8220;][vc_column css=&#8220;.vc_custom_1616056778505{padding-top: 0px !important;}&#8220; offset=&#8220;vc_col-lg-offset-2 vc_col-lg-8 vc_col-md-offset-1 vc_col-md-10&#8243;][vc_column_text]<\/p>\n<h2 style=\"text-align: center;\">Weitere Informationen zu den Regeln f\u00fcr die Verwendung des EU-Bio-Logos<\/h2>\n<p>[\/vc_column_text]<div class=\"d-flex justify-content-center \"><a class=\"psh_button btn-27337563\" href=\"https:\/\/www.certisys.eu\/wp-content\/uploads\/2021\/04\/PU4458de05ReglesEtiquetage.pdf\" alt=\"Kennzeichnung\" target=\"_blank\">Vorschriften - Etikettierung<\/a><\/div>\n        <style>.psh_button.btn-27337563{\n          font-size: 18px;\n          text-transform: none;\n          padding: 10px 20px 10px 20px;\n          border-radius: 80px;\n          border-width: 0px;\n          background-color: #e30613;\n          border-color: ;\n          border-style: solid;\n          color: #ffffff;\n          display: inline-block;\n          \n          transition: all .3s ease-in-out;\n        }\n        .psh_button.btn-27337563:hover{\n          background-color: #f18970;\n          border-color: ;\n          color: #ffffff;\n          transition: all .3s ease-in-out;\n        }<\/style>[\/vc_column][\/vc_row]<\/p>\n<\/div>","protected":false},"excerpt":{"rendered":"<p>[vc_row content_placement=&#8220;middle&#8220; css=&#8220;.vc_custom_1605630337493{padding-bottom: 30px !important;}&#8220;][vc_column width=&#8220;1\/2&#8243; offset=&#8220;vc_col-lg-offset-2 vc_col-lg-4&#8243;][vc_column_text]Das europ\u00e4ische BIO-Logo bescheinigt, dass die unter dem BIO-Siegel verkauften Produkte den EU-Verordnungen \u00fcber den \u00f6kologischen Landbau entsprechen. Es verleiht biologischen Produkten eine einheitliche und f\u00fcr alle erkennbare visuelle Identit\u00e4t. Es soll das Vertrauen der Verbraucher in die Kontrolle und die Herkunft der Produkte, die sie konsumieren, festigen [&hellip;]<\/p>\n","protected":false},"author":1,"featured_media":0,"parent":17677,"menu_order":1,"comment_status":"closed","ping_status":"closed","template":"","meta":{"_acf_changed":false,"footnotes":""},"class_list":["post-7053","page","type-page","status-publish","hentry"],"acf":[],"yoast_head":"<!-- This site is optimized with the Yoast SEO plugin v26.6 - https:\/\/yoast.com\/wordpress\/plugins\/seo\/ -->\n<title>BIO-Siegel der EU - CERTISYS<\/title>\n<meta name=\"description\" content=\"Das europ\u00e4ische Bio-Logo belegt, dass die Produkte den europ\u00e4ischen Richtlinien f\u00fcr den \u00f6kologischen Landbau entsprechen. Sie gibt Bio-Produkten eine koh\u00e4rente und wiedererkennbare visuelle Identit\u00e4t.\" \/>\n<meta name=\"robots\" content=\"index, follow, max-snippet:-1, max-image-preview:large, max-video-preview:-1\" \/>\n<link rel=\"canonical\" href=\"https:\/\/www.certisys.eu\/de\/labels-und-zertifizierungen\/bio-siegel-der-eu\/\" \/>\n<meta property=\"og:locale\" content=\"de_DE\" \/>\n<meta property=\"og:type\" content=\"article\" \/>\n<meta property=\"og:title\" content=\"BIO-Siegel der EU - CERTISYS\" \/>\n<meta property=\"og:description\" content=\"Das europ\u00e4ische Bio-Logo belegt, dass die Produkte den europ\u00e4ischen Richtlinien f\u00fcr den \u00f6kologischen Landbau entsprechen. Sie gibt Bio-Produkten eine koh\u00e4rente und wiedererkennbare visuelle Identit\u00e4t.\" \/>\n<meta property=\"og:url\" content=\"https:\/\/www.certisys.eu\/de\/labels-und-zertifizierungen\/bio-siegel-der-eu\/\" \/>\n<meta property=\"og:site_name\" content=\"CERTISYS\" \/>\n<meta property=\"article:modified_time\" content=\"2022-11-24T10:44:44+00:00\" \/>\n<meta name=\"twitter:card\" content=\"summary_large_image\" \/>\n<meta name=\"twitter:label1\" content=\"Gesch\u00e4tzte Lesezeit\" \/>\n\t<meta name=\"twitter:data1\" content=\"2\u00a0Minuten\" \/>\n<!-- \/ Yoast SEO plugin. -->","yoast_head_json":{"title":"BIO-Siegel der EU - CERTISYS","description":"Das europ\u00e4ische Bio-Logo belegt, dass die Produkte den europ\u00e4ischen Richtlinien f\u00fcr den \u00f6kologischen Landbau entsprechen. Sie gibt Bio-Produkten eine koh\u00e4rente und wiedererkennbare visuelle Identit\u00e4t.","robots":{"index":"index","follow":"follow","max-snippet":"max-snippet:-1","max-image-preview":"max-image-preview:large","max-video-preview":"max-video-preview:-1"},"canonical":"https:\/\/www.certisys.eu\/de\/labels-und-zertifizierungen\/bio-siegel-der-eu\/","og_locale":"de_DE","og_type":"article","og_title":"BIO-Siegel der EU - CERTISYS","og_description":"Das europ\u00e4ische Bio-Logo belegt, dass die Produkte den europ\u00e4ischen Richtlinien f\u00fcr den \u00f6kologischen Landbau entsprechen. Sie gibt Bio-Produkten eine koh\u00e4rente und wiedererkennbare visuelle Identit\u00e4t.","og_url":"https:\/\/www.certisys.eu\/de\/labels-und-zertifizierungen\/bio-siegel-der-eu\/","og_site_name":"CERTISYS","article_modified_time":"2022-11-24T10:44:44+00:00","twitter_card":"summary_large_image","twitter_misc":{"Gesch\u00e4tzte Lesezeit":"2\u00a0Minuten"},"schema":{"@context":"https:\/\/schema.org","@graph":[{"@type":"WebPage","@id":"https:\/\/www.certisys.eu\/de\/labels-und-zertifizierungen\/bio-siegel-der-eu\/","url":"https:\/\/www.certisys.eu\/de\/labels-und-zertifizierungen\/bio-siegel-der-eu\/","name":"BIO-Siegel der EU - CERTISYS","isPartOf":{"@id":"https:\/\/www.certisys.eu\/de\/#website"},"datePublished":"2020-10-12T08:24:36+00:00","dateModified":"2022-11-24T10:44:44+00:00","description":"Das europ\u00e4ische Bio-Logo belegt, dass die Produkte den europ\u00e4ischen Richtlinien f\u00fcr den \u00f6kologischen Landbau entsprechen. Sie gibt Bio-Produkten eine koh\u00e4rente und wiedererkennbare visuelle Identit\u00e4t.","breadcrumb":{"@id":"https:\/\/www.certisys.eu\/de\/labels-und-zertifizierungen\/bio-siegel-der-eu\/#breadcrumb"},"inLanguage":"de","potentialAction":[{"@type":"ReadAction","target":["https:\/\/www.certisys.eu\/de\/labels-und-zertifizierungen\/bio-siegel-der-eu\/"]}]},{"@type":"BreadcrumbList","@id":"https:\/\/www.certisys.eu\/de\/labels-und-zertifizierungen\/bio-siegel-der-eu\/#breadcrumb","itemListElement":[{"@type":"ListItem","position":1,"name":"Home","item":"https:\/\/www.certisys.eu\/de\/"},{"@type":"ListItem","position":2,"name":"Labels und Zertifizierungen","item":"https:\/\/www.certisys.eu\/de\/labels-und-zertifizierungen\/"},{"@type":"ListItem","position":3,"name":"BIO-Siegel der EU"}]},{"@type":"WebSite","@id":"https:\/\/www.certisys.eu\/de\/#website","url":"https:\/\/www.certisys.eu\/de\/","name":"CERTISYS","description":"Bio Certification","potentialAction":[{"@type":"SearchAction","target":{"@type":"EntryPoint","urlTemplate":"https:\/\/www.certisys.eu\/de\/?s={search_term_string}"},"query-input":{"@type":"PropertyValueSpecification","valueRequired":true,"valueName":"search_term_string"}}],"inLanguage":"de"}]}},"jetpack_sharing_enabled":true,"_links":{"self":[{"href":"https:\/\/www.certisys.eu\/de\/wp-json\/wp\/v2\/pages\/7053","targetHints":{"allow":["GET"]}}],"collection":[{"href":"https:\/\/www.certisys.eu\/de\/wp-json\/wp\/v2\/pages"}],"about":[{"href":"https:\/\/www.certisys.eu\/de\/wp-json\/wp\/v2\/types\/page"}],"author":[{"embeddable":true,"href":"https:\/\/www.certisys.eu\/de\/wp-json\/wp\/v2\/users\/1"}],"replies":[{"embeddable":true,"href":"https:\/\/www.certisys.eu\/de\/wp-json\/wp\/v2\/comments?post=7053"}],"version-history":[{"count":13,"href":"https:\/\/www.certisys.eu\/de\/wp-json\/wp\/v2\/pages\/7053\/revisions"}],"predecessor-version":[{"id":8445,"href":"https:\/\/www.certisys.eu\/de\/wp-json\/wp\/v2\/pages\/7053\/revisions\/8445"}],"up":[{"embeddable":true,"href":"https:\/\/www.certisys.eu\/de\/wp-json\/wp\/v2\/pages\/17677"}],"wp:attachment":[{"href":"https:\/\/www.certisys.eu\/de\/wp-json\/wp\/v2\/media?parent=7053"}],"curies":[{"name":"wp","href":"https:\/\/api.w.org\/{rel}","templated":true}]}}