{"id":7033,"date":"2020-10-12T10:35:57","date_gmt":"2020-10-12T08:35:57","guid":{"rendered":"https:\/\/certisys.poush.be\/presse\/"},"modified":"2021-06-09T15:03:51","modified_gmt":"2021-06-09T13:03:51","slug":"pressebereich","status":"publish","type":"page","link":"https:\/\/www.certisys.eu\/de\/pressebereich\/","title":{"rendered":"Pressebereich"},"content":{"rendered":"<div class=\"wpb-content-wrapper\"><p>[vc_row css=&#8220;.vc_custom_1605630039270{padding-bottom: 150px !important;background-image: url(https:\/\/www.certisys.eu\/wp-content\/uploads\/2020\/10\/bg-3-1.png?id=892) !important;}&#8220; el_class=&#8220;custom-lastrow&#8220;][vc_column css=&#8220;.vc_custom_1616056778505{padding-top: 0px !important;}&#8220; offset=&#8220;vc_col-lg-offset-2 vc_col-lg-8 vc_col-md-offset-1 vc_col-md-10&#8243;][vc_column_text]<\/p>\n<h2 style=\"text-align: center;\">Wenn Sie Journalist sind und mehr \u00fcber CERTISYS\u00ae erfahren m\u00f6chten<\/h2>\n<p style=\"text-align: center;\">Besuchen Sie bitte unsere Rubrik \u00dcber uns.<\/p>\n<p>[\/vc_column_text]<div class=\"d-flex justify-content-center vc_custom_1622443761603\"><a class=\"psh_button btn-79354071\" href=\"https:\/\/www.certisys.eu\/de\/ueber\/\" alt=\"\u00dcber uns\" target=\"_blank\">Mehr lesen<\/a><\/div>\n        <style>.psh_button.btn-79354071{\n          font-size: 18px;\n          text-transform: none;\n          padding: 10px 20px 10px 20px;\n          border-radius: 80px;\n          border-width: 0px;\n          background-color: #e30613;\n          border-color: ;\n          border-style: solid;\n          color: #ffffff;\n          display: inline-block;\n          \n          transition: all .3s ease-in-out;\n        }\n        .psh_button.btn-79354071:hover{\n          background-color: #f18970;\n          border-color: ;\n          color: #ffffff;\n          transition: all .3s ease-in-out;\n        }.vc_custom_1622443761603{margin-bottom: 80px !important;}<\/style>[vc_row_inner css=&#8220;.vc_custom_1619081200287{margin-bottom: 50px !important;}&#8220;][vc_column_inner width=&#8220;1\/2&#8243;][vc_column_text]<\/p>\n<h3 style=\"text-align: center;\">Haben Sie noch Fragen an uns?<\/h3>\n<p style=\"text-align: center;\">Z\u00f6gern Sie nicht, uns \u00fcber die E-Mail-Adresse<\/p>\n<p style=\"text-align: center;\"><a href=\"mailto:press@certisys.eu\" target=\"_blank\" rel=\"noopener\">news@certisys.eu<\/a><\/p>\n<p style=\"text-align: center;\">oder per Telefon unter der Nummer 32(0)81 60 03 77 zu kontaktieren<\/p>\n<p>[\/vc_column_text][\/vc_column_inner][vc_column_inner width=&#8220;1\/2&#8243;][vc_column_text]<\/p>\n<h3 style=\"text-align: center;\">M\u00f6chten Sie unser Siegel zur Illustration Ihres Artikels verwenden?<\/h3>\n<p style=\"text-align: center;\">Das CERTISYS-Siegel darf frei verwendet werden, sofern die in unserem Logo Book genannten Verwendungsbedingungen eingehalten werden.<br \/>\n<a href=\"https:\/\/www.certisys.eu\/wp-content\/uploads\/2021\/04\/OR3493fr06_1681.pdf\" target=\"_blank\" rel=\"noopener\">LogoBook(pdf)<\/a><\/p>\n<p style=\"text-align: center;\">Unser Siegel k\u00f6nnen Sie hier herunterladen:<\/p>\n<p style=\"text-align: center;\"><a href=\"https:\/\/www.certisys.eu\/wp-content\/uploads\/2021\/04\/Logo-Certisys-Ecocert_BioCertification-1.png\" target=\"_blank\" rel=\"noopener\">CERTISYS-Siegel Bio-Zertizierung(jpg)<\/a><\/p>\n<p>[\/vc_column_text][\/vc_column_inner][\/vc_row_inner][vc_column_text]<\/p>\n<h2 style=\"text-align: center;\">M\u00f6chten Sie mehr \u00fcber unsere neue visuelle Identit\u00e4t erfahren?<\/h2>\n<p>[\/vc_column_text]<div class=\"d-flex justify-content-center vc_custom_1622813205204\"><a class=\"psh_button btn-12256484\" href=\"https:\/\/www.certisys.eu\/de\/kontakt\/\" alt=\"Kontakt\" target=\"\">Kontakt<\/a><\/div>\n        <style>.psh_button.btn-12256484{\n          font-size: 18px;\n          text-transform: none;\n          padding: 10px 20px 10px 20px;\n          border-radius: 80px;\n          border-width: 0px;\n          background-color: #e30613;\n          border-color: ;\n          border-style: solid;\n          color: #ffffff;\n          display: inline-block;\n          \n          transition: all .3s ease-in-out;\n        }\n        .psh_button.btn-12256484:hover{\n          background-color: #f18970;\n          border-color: ;\n          color: #ffffff;\n          transition: all .3s ease-in-out;\n        }.vc_custom_1622813205204{margin-bottom: 50px !important;}<\/style>[vc_column_text]<\/p>\n<h2 style=\"text-align: center;\">Presse-mitteilung<\/h2>\n<p>[\/vc_column_text]<div class=\"d-flex justify-content-center \"><a class=\"psh_button btn-62520901\" href=\"https:\/\/www.certisys.eu\/wp-content\/uploads\/2021\/06\/PU5007de03_ecocert_communique_presse_certisys_DE.pdf\" alt=\"Certisys wird Mitglied der ECOCERT-Gruppe\" target=\"\">Certisys wird Mitglied der ECOCERT-Gruppe<\/a><\/div>\n        <style>.psh_button.btn-62520901{\n          font-size: 18px;\n          text-transform: none;\n          padding: 10px 20px 10px 20px;\n          border-radius: 80px;\n          border-width: 0px;\n          background-color: #e30613;\n          border-color: ;\n          border-style: solid;\n          color: #ffffff;\n          display: inline-block;\n          \n          transition: all .3s ease-in-out;\n        }\n        .psh_button.btn-62520901:hover{\n          background-color: #f18970;\n          border-color: ;\n          color: #ffffff;\n          transition: all .3s ease-in-out;\n        }<\/style>[\/vc_column][\/vc_row]<\/p>\n<\/div>","protected":false},"excerpt":{"rendered":"<p>[vc_row css=&#8220;.vc_custom_1605630039270{padding-bottom: 150px !important;background-image: url(https:\/\/www.certisys.eu\/wp-content\/uploads\/2020\/10\/bg-3-1.png?id=892) !important;}&#8220; el_class=&#8220;custom-lastrow&#8220;][vc_column css=&#8220;.vc_custom_1616056778505{padding-top: 0px !important;}&#8220; offset=&#8220;vc_col-lg-offset-2 vc_col-lg-8 vc_col-md-offset-1 vc_col-md-10&#8243;][vc_column_text] Wenn Sie Journalist sind und mehr \u00fcber CERTISYS\u00ae erfahren m\u00f6chten Besuchen Sie bitte unsere Rubrik \u00dcber uns. [\/vc_column_text][vc_row_inner css=&#8220;.vc_custom_1619081200287{margin-bottom: 50px !important;}&#8220;][vc_column_inner width=&#8220;1\/2&#8243;][vc_column_text] Haben Sie noch Fragen an uns? Z\u00f6gern Sie nicht, uns \u00fcber die E-Mail-Adresse news@certisys.eu oder per Telefon unter der [&hellip;]<\/p>\n","protected":false},"author":1,"featured_media":0,"parent":0,"menu_order":11,"comment_status":"closed","ping_status":"closed","template":"","meta":{"_acf_changed":false,"footnotes":""},"class_list":["post-7033","page","type-page","status-publish","hentry"],"acf":[],"yoast_head":"<!-- This site is optimized with the Yoast SEO plugin v26.6 - https:\/\/yoast.com\/wordpress\/plugins\/seo\/ -->\n<title>Pressebereich - CERTISYS<\/title>\n<meta name=\"description\" content=\"Wenn Sie Journalist sind und mehr \u00fcber CERTISYS\u00ae erfahren m\u00f6chten, besuchen Sie bitte unsere Seite &#039;\u00dcber uns&#039;.\" \/>\n<meta name=\"robots\" content=\"index, follow, max-snippet:-1, max-image-preview:large, max-video-preview:-1\" \/>\n<link rel=\"canonical\" href=\"https:\/\/www.certisys.eu\/de\/pressebereich\/\" \/>\n<meta property=\"og:locale\" content=\"de_DE\" \/>\n<meta property=\"og:type\" content=\"article\" \/>\n<meta property=\"og:title\" content=\"Pressebereich - CERTISYS\" \/>\n<meta property=\"og:description\" content=\"Wenn Sie Journalist sind und mehr \u00fcber CERTISYS\u00ae erfahren m\u00f6chten, besuchen Sie bitte unsere Seite &#039;\u00dcber uns&#039;.\" \/>\n<meta property=\"og:url\" content=\"https:\/\/www.certisys.eu\/de\/pressebereich\/\" \/>\n<meta property=\"og:site_name\" content=\"CERTISYS\" \/>\n<meta property=\"article:modified_time\" content=\"2021-06-09T13:03:51+00:00\" \/>\n<meta name=\"twitter:card\" content=\"summary_large_image\" \/>\n<meta name=\"twitter:label1\" content=\"Gesch\u00e4tzte Lesezeit\" \/>\n\t<meta name=\"twitter:data1\" content=\"1\u00a0Minute\" \/>\n<!-- \/ Yoast SEO plugin. -->","yoast_head_json":{"title":"Pressebereich - CERTISYS","description":"Wenn Sie Journalist sind und mehr \u00fcber CERTISYS\u00ae erfahren m\u00f6chten, besuchen Sie bitte unsere Seite '\u00dcber uns'.","robots":{"index":"index","follow":"follow","max-snippet":"max-snippet:-1","max-image-preview":"max-image-preview:large","max-video-preview":"max-video-preview:-1"},"canonical":"https:\/\/www.certisys.eu\/de\/pressebereich\/","og_locale":"de_DE","og_type":"article","og_title":"Pressebereich - CERTISYS","og_description":"Wenn Sie Journalist sind und mehr \u00fcber CERTISYS\u00ae erfahren m\u00f6chten, besuchen Sie bitte unsere Seite '\u00dcber uns'.","og_url":"https:\/\/www.certisys.eu\/de\/pressebereich\/","og_site_name":"CERTISYS","article_modified_time":"2021-06-09T13:03:51+00:00","twitter_card":"summary_large_image","twitter_misc":{"Gesch\u00e4tzte Lesezeit":"1\u00a0Minute"},"schema":{"@context":"https:\/\/schema.org","@graph":[{"@type":"WebPage","@id":"https:\/\/www.certisys.eu\/de\/pressebereich\/","url":"https:\/\/www.certisys.eu\/de\/pressebereich\/","name":"Pressebereich - CERTISYS","isPartOf":{"@id":"https:\/\/www.certisys.eu\/de\/#website"},"datePublished":"2020-10-12T08:35:57+00:00","dateModified":"2021-06-09T13:03:51+00:00","description":"Wenn Sie Journalist sind und mehr \u00fcber CERTISYS\u00ae erfahren m\u00f6chten, besuchen Sie bitte unsere Seite '\u00dcber uns'.","breadcrumb":{"@id":"https:\/\/www.certisys.eu\/de\/pressebereich\/#breadcrumb"},"inLanguage":"de","potentialAction":[{"@type":"ReadAction","target":["https:\/\/www.certisys.eu\/de\/pressebereich\/"]}]},{"@type":"BreadcrumbList","@id":"https:\/\/www.certisys.eu\/de\/pressebereich\/#breadcrumb","itemListElement":[{"@type":"ListItem","position":1,"name":"Home","item":"https:\/\/www.certisys.eu\/de\/"},{"@type":"ListItem","position":2,"name":"Pressebereich"}]},{"@type":"WebSite","@id":"https:\/\/www.certisys.eu\/de\/#website","url":"https:\/\/www.certisys.eu\/de\/","name":"CERTISYS","description":"Bio Certification","potentialAction":[{"@type":"SearchAction","target":{"@type":"EntryPoint","urlTemplate":"https:\/\/www.certisys.eu\/de\/?s={search_term_string}"},"query-input":{"@type":"PropertyValueSpecification","valueRequired":true,"valueName":"search_term_string"}}],"inLanguage":"de"}]}},"jetpack_sharing_enabled":true,"_links":{"self":[{"href":"https:\/\/www.certisys.eu\/de\/wp-json\/wp\/v2\/pages\/7033","targetHints":{"allow":["GET"]}}],"collection":[{"href":"https:\/\/www.certisys.eu\/de\/wp-json\/wp\/v2\/pages"}],"about":[{"href":"https:\/\/www.certisys.eu\/de\/wp-json\/wp\/v2\/types\/page"}],"author":[{"embeddable":true,"href":"https:\/\/www.certisys.eu\/de\/wp-json\/wp\/v2\/users\/1"}],"replies":[{"embeddable":true,"href":"https:\/\/www.certisys.eu\/de\/wp-json\/wp\/v2\/comments?post=7033"}],"version-history":[{"count":8,"href":"https:\/\/www.certisys.eu\/de\/wp-json\/wp\/v2\/pages\/7033\/revisions"}],"predecessor-version":[{"id":9528,"href":"https:\/\/www.certisys.eu\/de\/wp-json\/wp\/v2\/pages\/7033\/revisions\/9528"}],"wp:attachment":[{"href":"https:\/\/www.certisys.eu\/de\/wp-json\/wp\/v2\/media?parent=7033"}],"curies":[{"name":"wp","href":"https:\/\/api.w.org\/{rel}","templated":true}]}}