{"id":7028,"date":"2020-10-12T10:31:16","date_gmt":"2020-10-12T08:31:16","guid":{"rendered":"https:\/\/certisys.poush.be\/verordnungen-und-regelungen\/etiquetage\/"},"modified":"2025-04-17T13:19:25","modified_gmt":"2025-04-17T11:19:25","slug":"kennzeichnungsanforderungen","status":"publish","type":"page","link":"https:\/\/www.certisys.eu\/de\/vorschriften\/kennzeichnungsanforderungen\/","title":{"rendered":"Kennzeichnungsanforderungen"},"content":{"rendered":"<div class=\"wpb-content-wrapper\"><p>[vc_row content_placement=&#8220;middle&#8220; css=&#8220;.vc_custom_1605630337493{padding-bottom: 30px !important;}&#8220;][vc_column width=&#8220;1\/2&#8243; offset=&#8220;vc_col-lg-offset-2 vc_col-lg-4&#8243;][vc_column_text]<\/p>\n<h2>Europ\u00e4isches BIO-Logo<\/h2>\n<p>Wenn Sie BIO-Erzeugnisse vermarkten, m\u00fcssen diese den <strong>spezifischen Kennzeichnungsvorschriften des Siegels der EU<\/strong> entsprechen.<\/p>\n<p>Das europ\u00e4isches BIO-Logo bescheinigt, dass die BIO-Erzeugnisse den Vorschriften des \u00f6kologischen Landbaus entsprechen. Ziel ist es, das <strong>Vertrauen<\/strong> der Verbraucher in die Kontrolle und Herkunft der Produkte, die sie konsumieren, zu st\u00e4rken und die <strong>Wahrnehmung<\/strong> und <strong>Anerkennung<\/strong> des BIO-Sektors zu verbessern. Das europ\u00e4ische BIO-Logo ist seit dem ersten Juli 2010 auf s\u00e4mtlichen abgepackten \u00f6kologischen\/biologischen Lebensmittel Pflicht. Neben dem Eurofeuille-Logo d\u00fcrfen auch nationale und private G\u00fctezeichen auf BIO-Produkten verwendet werden.[\/vc_column_text][\/vc_column][vc_column width=&#8220;1\/3&#8243;][vc_single_image image=&#8220;7084&#8243; img_size=&#8220;250&#215;193&#8243; alignment=&#8220;center&#8220; css_animation=&#8220;fadeInDown&#8220;]<div class=\"d-flex justify-content-center \"><a class=\"psh_button btn-16045054\" href=\"https:\/\/www.certisys.eu\/wp-content\/uploads\/2021\/05\/EU_Organic_Logo.zip\" alt=\"T\u00e9l\u00e9chargez le logo\" target=\"_blank\">Download des Logos<\/a><\/div>\n        <style>.psh_button.btn-16045054{\n          font-size: 20px;\n          text-transform: none;\n          padding: 10px 25px 10px 25px;\n          border-radius: 80px;\n          border-width: 0px;\n          background-color: #e30613;\n          border-color: ;\n          border-style: solid;\n          color: #ffffff;\n          display: inline-block;\n          \n          transition: all .3s ease-in-out;\n        }\n        .psh_button.btn-16045054:hover{\n          background-color: #f18970;\n          border-color: ;\n          color: #ffffff;\n          transition: all .3s ease-in-out;\n        }<\/style>[\/vc_column][\/vc_row][vc_row content_placement=&#8220;middle&#8220; css=&#8220;.vc_custom_1605630337493{padding-bottom: 30px !important;}&#8220;][vc_column width=&#8220;1\/2&#8243;][vc_single_image image=&#8220;5410&#8243; img_size=&#8220;400&#215;400&#8243; alignment=&#8220;center&#8220; style=&#8220;vc_box_circle_2&#8243; css_animation=&#8220;fadeInDown&#8220;][vc_column_text]<\/p>\n<p style=\"text-align: center;\">Beispiel eines Etiketts<\/p>\n<p>[\/vc_column_text][\/vc_column][vc_column width=&#8220;1\/2&#8243; offset=&#8220;vc_col-lg-4&#8243;][vc_column_text]<\/p>\n<h3>Gebrauchsanleitung und Download des europ\u00e4ischen Logos<\/h3>\n<p><strong>Schauen Sie sich die<\/strong> <a href=\"https:\/\/agriculture.ec.europa.eu\/farming\/organic-farming\/organic-logo_de#displayingthelogo\"><strong>Gebrauchsanleitung<\/strong><\/a><strong> des EU-Logos f\u00fcr den \u00f6kologischen Landbau an. <\/strong>\u00dcber diesen Link k\u00f6nnen Sie auch die <strong>verschiedenen Formate des europ\u00e4ischen Logos<\/strong><strong> herunterladen.<\/strong>[\/vc_column_text][\/vc_column][\/vc_row][vc_row css=&#8220;.vc_custom_1614846917657{padding-top: 50px !important;padding-bottom: 80px !important;background-color: #f0f3f1 !important;}&#8220;][vc_column width=&#8220;1\/4&#8243;][\/vc_column][vc_column width=&#8220;1\/2&#8243;][vc_column_text css=&#8220;&#8220;]<\/p>\n<h2 style=\"text-align: center;\">CERTISYS-Logo<\/h2>\n<p>Ihr Unternehmen oder Ihre Produkte werden von CERTISYS\u00ae kontrolliert und zertifiziert?<br \/>\nSie m\u00f6chten <strong>unser Logo auf Ihren Kommunikationsmitteln<\/strong> oder Verpackungen verwenden?<\/p>\n<p><strong>Wir haben k\u00fcrzlich unser visuelles Erscheinungsbild ge\u00e4ndert! <\/strong>Unser neues Logo st\u00e4rkt das Erscheinungsbild unseres Unternehmens als Spezialist f\u00fcr die Kontrolle und die Zertifizierung von BIO-Produkten.<\/p>\n<p>Das CERTISYS-Logos darf frei verwendet werden, sofern die im <strong><a href=\"https:\/\/www.certisys.eu\/wp-content\/uploads\/2021\/02\/GT040-v03_Logobook_Leitfaden-zur-Nutzung-der-CERTISYS\u00ae-Logos_DE.pdf\" target=\"_blank\" rel=\"noopener\">logobook<\/a><\/strong> <strong>genannten Verwendungsbedingungen<\/strong> und die daf\u00fcr vorgesehenen Kennzeichnungsvorschriften eingehalten werden.<\/p>\n<p>Unsere <strong>verschiedenen Logos <\/strong>k\u00f6nnen Sie hier herunterladen:<\/p>\n<ul>\n<li><a href=\"https:\/\/www.certisys.eu\/wp-content\/uploads\/2021\/04\/Logo-Certisys-Ecocert_BioCertification-1.png\" target=\"_blank\" rel=\"noopener\">CERTISYS-Logo BIO-Zertifizierung<\/a><\/li>\n<li><a href=\"https:\/\/www.certisys.eu\/wp-content\/uploads\/2025\/04\/Logo-Certisys-Ecocert_neutre-2.png\" target=\"_blank\" rel=\"noopener\">CERTISYS-Logo neutral<\/a><\/li>\n<li><a href=\"https:\/\/www.certisys.eu\/wp-content\/uploads\/2021\/04\/Logo-Certisys-Ecocert_Certification.png\" target=\"_blank\" rel=\"noopener\">Logo CERTISYS-Zertifizierung<\/a><\/li>\n<\/ul>\n<div id=\"ConnectiveDocSignExtentionInstalled\" data-extension-version=\"1.0.4\"><\/div>\n<p>[\/vc_column_text][vc_single_image image=&#8220;45136&#8243; img_size=&#8220;medium&#8220; alignment=&#8220;center&#8220; css=&#8220;&#8220;][\/vc_column][vc_column width=&#8220;1\/4&#8243;][\/vc_column][\/vc_row][vc_row css=&#8220;.vc_custom_1614853263792{padding-top: 50px !important;padding-bottom: 80px !important;background-color: #335439 !important;}&#8220;][vc_column width=&#8220;1\/4&#8243;][\/vc_column][vc_column width=&#8220;1\/2&#8243;][vc_column_text el_class=&#8220;custom-white&#8220;]<\/p>\n<h2 style=\"text-align: center;\">Plakat CERTISYS<\/h2>\n<p>Wir haben ein Plakat mit dem Vermerk <em>\u201e<strong>Unsere kontrollierten und zertifizierten BIO-Produkte<\/strong>\u201c<\/em> erstellt. Damit k\u00f6nnen Sie die Glaubw\u00fcrdigkeit Ihrer BIO-Produkte erh\u00f6hen und Ihre BIO-Zertifizierung besser sichtbar machen. Mit dem Plakat k\u00f6nnen Sie Ihr Zertifikat besser kommunizieren.<\/p>\n<p>Das Plakat darf erst angebracht werden, <strong>nachdem Sie Ihr BIO-Zertifikat erhalten haben<\/strong>, das den Status Ihrer BIO-Aktivit\u00e4ten best\u00e4tigt (CEEB \/ CEEL \/ CRBX \/ CRRW). Es darf nicht verwendet werden, wenn Sie keinen BIO-Status haben, z.\u00a0B. wenn Ihre bionormkonforme Aktivit\u00e4t f\u00fcr einen bestimmten Zeitraum ausgesetzt ist. Landwirte d\u00fcrfen das Plakat w\u00e4hrend des Umstellungszeitraums nicht verwenden.<\/p>\n<p>Das Plakat ist ein <strong>zus\u00e4tzliches Kommunikationsinstrument<\/strong> und kann Ihr BIO-Zertifikat unter keinen Umst\u00e4nden ersetzen. Es ist zweisprachig auf Franz\u00f6sisch-Niederl\u00e4ndisch oder Deutsch-Englisch erh\u00e4ltlich. Bestellen Sie Ihre Plakate telefonisch unter 081\/60.03.77 oder per E-Mail unter <a href=\"http:\/\/info@certisys.eu%20\" target=\"_blank\" rel=\"noopener noreferrer\">info@certisys.eu<\/a>[\/vc_column_text][vc_single_image image=&#8220;8056&#8243; img_size=&#8220;200&#215;281&#8243; alignment=&#8220;center&#8220;][\/vc_column][vc_column width=&#8220;1\/4&#8243;][\/vc_column][\/vc_row][vc_row full_width=&#8220;stretch_row_content_no_spaces&#8220; css=&#8220;.vc_custom_1616061994242{margin-bottom: 50px !important;padding-top: 300px !important;background-image: url(https:\/\/www.certisys.eu\/wp-content\/uploads\/2021\/03\/2020-10-15-Certisys-0411.jpg?id=3941) !important;background-position: center !important;background-repeat: no-repeat !important;background-size: cover !important;}&#8220;][vc_column][\/vc_column][\/vc_row][vc_row css=&#8220;.vc_custom_1605630039270{padding-bottom: 150px !important;background-image: url(https:\/\/www.certisys.eu\/wp-content\/uploads\/2020\/10\/bg-3-1.png?id=892) !important;}&#8220; el_class=&#8220;custom-lastrow&#8220;][vc_column offset=&#8220;vc_col-lg-offset-3 vc_col-lg-6 vc_col-md-offset-2 vc_col-md-8&#8243;][vc_column_text]<\/p>\n<h2 style=\"text-align: center;\">Kennzeichnung mit Ihrem Namen (Private Label, Handelsmarke)<\/h2>\n<p>Sie sind Anbieter von BIO-Produkten und m\u00f6chten diese Produkte mit Ihrer Marke neu kennzeichnen? Um mit Ihrem Namen neu gekennzeichnet zu werden, m\u00fcssen diese Produkte den offiziellen \u00d6ko-Standards entsprechen.<\/p>\n<p>F\u00fcr weitere Ausk\u00fcnfte erreichen uns auch unter <a href=\"mailto:controle@certisys.eu\" target=\"_blank\" rel=\"noopener noreferrer\">controle@certisys.eu<\/a>[\/vc_column_text][\/vc_column][\/vc_row]<\/p>\n<\/div>","protected":false},"excerpt":{"rendered":"<p>[vc_row content_placement=&#8220;middle&#8220; css=&#8220;.vc_custom_1605630337493{padding-bottom: 30px !important;}&#8220;][vc_column width=&#8220;1\/2&#8243; offset=&#8220;vc_col-lg-offset-2 vc_col-lg-4&#8243;][vc_column_text] Europ\u00e4isches BIO-Logo Wenn Sie BIO-Erzeugnisse vermarkten, m\u00fcssen diese den spezifischen Kennzeichnungsvorschriften des Siegels der EU entsprechen. Das europ\u00e4isches BIO-Logo bescheinigt, dass die BIO-Erzeugnisse den Vorschriften des \u00f6kologischen Landbaus entsprechen. Ziel ist es, das Vertrauen der Verbraucher in die Kontrolle und Herkunft der Produkte, die sie konsumieren, zu [&hellip;]<\/p>\n","protected":false},"author":1,"featured_media":0,"parent":7009,"menu_order":3,"comment_status":"closed","ping_status":"closed","template":"","meta":{"_acf_changed":false,"footnotes":""},"class_list":["post-7028","page","type-page","status-publish","hentry"],"acf":[],"yoast_head":"<!-- This site is optimized with the Yoast SEO plugin v26.6 - https:\/\/yoast.com\/wordpress\/plugins\/seo\/ -->\n<title>Kennzeichnungsanforderungen - CERTISYS<\/title>\n<meta name=\"description\" content=\"Verkaufen Sie Bio-Produkte? Dann m\u00fcssen diese Produkte den spezifischen Kennzeichnungsregeln des europ\u00e4ischen Labels folgen.\" \/>\n<meta name=\"robots\" content=\"index, follow, max-snippet:-1, max-image-preview:large, max-video-preview:-1\" \/>\n<link rel=\"canonical\" href=\"https:\/\/www.certisys.eu\/de\/vorschriften\/kennzeichnungsanforderungen\/\" \/>\n<meta property=\"og:locale\" content=\"de_DE\" \/>\n<meta property=\"og:type\" content=\"article\" \/>\n<meta property=\"og:title\" content=\"Kennzeichnungsanforderungen - CERTISYS\" \/>\n<meta property=\"og:description\" content=\"Verkaufen Sie Bio-Produkte? Dann m\u00fcssen diese Produkte den spezifischen Kennzeichnungsregeln des europ\u00e4ischen Labels folgen.\" \/>\n<meta property=\"og:url\" content=\"https:\/\/www.certisys.eu\/de\/vorschriften\/kennzeichnungsanforderungen\/\" \/>\n<meta property=\"og:site_name\" content=\"CERTISYS\" \/>\n<meta property=\"article:modified_time\" content=\"2025-04-17T11:19:25+00:00\" \/>\n<meta name=\"twitter:card\" content=\"summary_large_image\" \/>\n<meta name=\"twitter:label1\" content=\"Gesch\u00e4tzte Lesezeit\" \/>\n\t<meta name=\"twitter:data1\" content=\"4\u00a0Minuten\" \/>\n<!-- \/ Yoast SEO plugin. -->","yoast_head_json":{"title":"Kennzeichnungsanforderungen - CERTISYS","description":"Verkaufen Sie Bio-Produkte? Dann m\u00fcssen diese Produkte den spezifischen Kennzeichnungsregeln des europ\u00e4ischen Labels folgen.","robots":{"index":"index","follow":"follow","max-snippet":"max-snippet:-1","max-image-preview":"max-image-preview:large","max-video-preview":"max-video-preview:-1"},"canonical":"https:\/\/www.certisys.eu\/de\/vorschriften\/kennzeichnungsanforderungen\/","og_locale":"de_DE","og_type":"article","og_title":"Kennzeichnungsanforderungen - CERTISYS","og_description":"Verkaufen Sie Bio-Produkte? Dann m\u00fcssen diese Produkte den spezifischen Kennzeichnungsregeln des europ\u00e4ischen Labels folgen.","og_url":"https:\/\/www.certisys.eu\/de\/vorschriften\/kennzeichnungsanforderungen\/","og_site_name":"CERTISYS","article_modified_time":"2025-04-17T11:19:25+00:00","twitter_card":"summary_large_image","twitter_misc":{"Gesch\u00e4tzte Lesezeit":"4\u00a0Minuten"},"schema":{"@context":"https:\/\/schema.org","@graph":[{"@type":"WebPage","@id":"https:\/\/www.certisys.eu\/de\/vorschriften\/kennzeichnungsanforderungen\/","url":"https:\/\/www.certisys.eu\/de\/vorschriften\/kennzeichnungsanforderungen\/","name":"Kennzeichnungsanforderungen - CERTISYS","isPartOf":{"@id":"https:\/\/www.certisys.eu\/de\/#website"},"datePublished":"2020-10-12T08:31:16+00:00","dateModified":"2025-04-17T11:19:25+00:00","description":"Verkaufen Sie Bio-Produkte? Dann m\u00fcssen diese Produkte den spezifischen Kennzeichnungsregeln des europ\u00e4ischen Labels folgen.","breadcrumb":{"@id":"https:\/\/www.certisys.eu\/de\/vorschriften\/kennzeichnungsanforderungen\/#breadcrumb"},"inLanguage":"de","potentialAction":[{"@type":"ReadAction","target":["https:\/\/www.certisys.eu\/de\/vorschriften\/kennzeichnungsanforderungen\/"]}]},{"@type":"BreadcrumbList","@id":"https:\/\/www.certisys.eu\/de\/vorschriften\/kennzeichnungsanforderungen\/#breadcrumb","itemListElement":[{"@type":"ListItem","position":1,"name":"Home","item":"https:\/\/www.certisys.eu\/de\/"},{"@type":"ListItem","position":2,"name":"Vorschriften","item":"https:\/\/www.certisys.eu\/de\/reglementation-bio\/"},{"@type":"ListItem","position":3,"name":"Kennzeichnungsanforderungen"}]},{"@type":"WebSite","@id":"https:\/\/www.certisys.eu\/de\/#website","url":"https:\/\/www.certisys.eu\/de\/","name":"CERTISYS","description":"Bio Certification","potentialAction":[{"@type":"SearchAction","target":{"@type":"EntryPoint","urlTemplate":"https:\/\/www.certisys.eu\/de\/?s={search_term_string}"},"query-input":{"@type":"PropertyValueSpecification","valueRequired":true,"valueName":"search_term_string"}}],"inLanguage":"de"}]}},"jetpack_sharing_enabled":true,"_links":{"self":[{"href":"https:\/\/www.certisys.eu\/de\/wp-json\/wp\/v2\/pages\/7028","targetHints":{"allow":["GET"]}}],"collection":[{"href":"https:\/\/www.certisys.eu\/de\/wp-json\/wp\/v2\/pages"}],"about":[{"href":"https:\/\/www.certisys.eu\/de\/wp-json\/wp\/v2\/types\/page"}],"author":[{"embeddable":true,"href":"https:\/\/www.certisys.eu\/de\/wp-json\/wp\/v2\/users\/1"}],"replies":[{"embeddable":true,"href":"https:\/\/www.certisys.eu\/de\/wp-json\/wp\/v2\/comments?post=7028"}],"version-history":[{"count":19,"href":"https:\/\/www.certisys.eu\/de\/wp-json\/wp\/v2\/pages\/7028\/revisions"}],"predecessor-version":[{"id":45142,"href":"https:\/\/www.certisys.eu\/de\/wp-json\/wp\/v2\/pages\/7028\/revisions\/45142"}],"up":[{"embeddable":true,"href":"https:\/\/www.certisys.eu\/de\/wp-json\/wp\/v2\/pages\/7009"}],"wp:attachment":[{"href":"https:\/\/www.certisys.eu\/de\/wp-json\/wp\/v2\/media?parent=7028"}],"curies":[{"name":"wp","href":"https:\/\/api.w.org\/{rel}","templated":true}]}}