{"id":7023,"date":"2020-10-12T10:30:38","date_gmt":"2020-10-12T08:30:38","guid":{"rendered":"https:\/\/certisys.poush.be\/verordnungen-und-regelungen\/sanction-et-procedure-dappel\/"},"modified":"2026-04-02T14:42:48","modified_gmt":"2026-04-02T12:42:48","slug":"sanktionen-und-einspruchsverfahren","status":"publish","type":"page","link":"https:\/\/www.certisys.eu\/de\/vorschriften\/sanktionen-und-einspruchsverfahren\/","title":{"rendered":"Ma\u00dfnahmen und Einspruchsverfahren"},"content":{"rendered":"<div class=\"wpb-content-wrapper\"><p>[vc_row content_placement=&#8220;middle&#8220; css=&#8220;.vc_custom_1615465707679{padding-bottom: 80px !important;}&#8220;][vc_column width=&#8220;2\/3&#8243; offset=&#8220;vc_col-lg-offset-3 vc_col-lg-6&#8243;][vc_column_text css=&#8220;&#8220;]<\/p>\n<p style=\"text-align: center;\">Das Kontroll- und Zertifizierungsverfahren umfasst die <strong>Feststellung von Vers\u00e4umnissen<\/strong> und die <strong>Verh\u00e4ngung angemessener&nbsp;Ma\u00dfnahmenund<\/strong> gibt den betroffenen Betreibern gleichzeitig die M\u00f6glichkeit, darauf zu reagieren und Anpassungen vorzunehmen.<\/p>\n<p>[\/vc_column_text][\/vc_column][\/vc_row][vc_row css=&#8220;.vc_custom_1614846917657{padding-top: 50px !important;padding-bottom: 80px !important;background-color: #f0f3f1 !important;}&#8220;][vc_column width=&#8220;1\/4&#8243;][\/vc_column][vc_column width=&#8220;1\/2&#8243;][vc_column_text css=&#8220;&#8220;]<\/p>\n<h2 style=\"text-align: center;\">Ma\u00dfnahmen im \u00f6ffentlichen Interesse<\/h2>\n<p>Durch die Vielzahl der Beteiligten und der Schritte, die zur Entscheidung \u00fcber eine Ma\u00dfnahme f\u00fchren, ist sichergestellt, dass sowohl f\u00fcr den Betrieb als auch f\u00fcr die Verbraucher die gerechteste Entscheidung getroffen wird. Die Entscheidungen werden <strong>unparteiisch<\/strong> getroffen. Sie f\u00fchren zu einer <strong>Bewusstseinsbildung<\/strong> und <strong>sozialen Verantwortung<\/strong> sowohl beim Unternehmen selbst als auch bei den anderen Betrieben und Verbrauchern.<\/p>\n<p>Einige dieser Entscheidungen k\u00f6nnen erhebliche <strong>Auswirkungen<\/strong> auf das Unternehmen haben. W\u00fcrden Sie jedoch nicht getroffen, k\u00f6nnte dies noch gr\u00f6\u00dfere wirtschaftliche Auswirkungen auf den gesamten Sektor haben und w\u00fcrde auch zu einem <strong>unlauteren Wettbewerb gegen\u00fcber Unternehmen f\u00fchren, die die \u00d6ko-Verordnung einhalten.<\/strong>&nbsp; Betriebe, die die BIO-Grunds\u00e4tze falsch anwenden, bringen nicht nur sich selbst in Schwierigkeiten, sondern schaden dem gesamten <strong>BIO-Sektor<\/strong>.[\/vc_column_text][\/vc_column][vc_column width=&#8220;1\/4&#8243;][\/vc_column][\/vc_row][vc_row css=&#8220;.vc_custom_1614853263792{padding-top: 50px !important;padding-bottom: 80px !important;background-color: #335439 !important;}&#8220;][vc_column width=&#8220;1\/4&#8243;][\/vc_column][vc_column width=&#8220;1\/2&#8243;][vc_column_text css=&#8220;&#8220; el_class=&#8220;custom-white&#8220;]<\/p>\n<h2 style=\"text-align: center;\">Garant f\u00fcr die Seriosit\u00e4t des BIO-Sektors<\/h2>\n<p>Die Anwendung von&nbsp;Ma\u00dfnahmen <strong>garantiert die Seriosit\u00e4t des BIO-Sektors<\/strong>. Wenn der Pr\u00fcfer <strong>Nicht\u00fcbereinstimmungen<\/strong> feststellt und es hier\u00fcber Meinungsverschiedenheiten gibt, kann der Betrieb seinen Standpunkt darlegen und beide k\u00f6nnen in einen Dialog treten. Der Bericht, in dem die Nicht\u00fcbereinstimmungen festgestellt werden, enth\u00e4lt auch die <strong>Verpflichtung, diese zu beheben<\/strong>. Es ist sehr wichtig, dass der Betrieb diesen Bericht unterzeichnet und dabei seine eventuelle Stellungnahme auf demselben Dokument schriftlich festh\u00e4lt.[\/vc_column_text][\/vc_column][vc_column width=&#8220;1\/4&#8243;][\/vc_column][\/vc_row][vc_row equal_height=&#8220;yes&#8220;][vc_column width=&#8220;1\/6&#8243; css=&#8220;.vc_custom_1616060795231{padding-top: 250px !important;background-image: url(https:\/\/www.certisys.eu\/wp-content\/uploads\/2021\/03\/2020-10-15-Certisys-0201.jpg?id=3918) !important;background-position: center !important;background-repeat: no-repeat !important;background-size: cover !important;}&#8220; offset=&#8220;vc_hidden-sm vc_hidden-xs&#8220;][\/vc_column][vc_column css_animation=&#8220;none&#8220; width=&#8220;1\/2&#8243; css=&#8220;.vc_custom_1619011528956{padding-top: 80px !important;padding-right: 30px !important;padding-bottom: 80px !important;padding-left: 30px !important;}&#8220;][vc_column_text css=&#8220;&#8220;]<\/p>\n<h2>Genauer Ma\u00dfnahmenkatalog<\/h2>\n<p>Die Ma\u00dfnahmen werden auf der Grundlage des vom Unternehmen unterzeichneten Inspektionsberichts verh\u00e4ngt. Die Ma\u00dfnahmenregelung wird von den <strong>Beh\u00f6rden<\/strong> erlassen. Die Ma\u00dfnahmen sind nach der <strong>Schwere der Verst\u00f6\u00dfe gestaffelt. <\/strong>Sie k\u00f6nnen von einem einfachen Vermerk oder der Bitte um Verbesserung bis hin zu einem Totalverbot der Vermarktung der BIO-Erzeugnisse reichen.<\/p>\n<p>Um eine gerechte Entscheidungsfindung zu gew\u00e4hrleisten, sieht das Zertifizierungssystem eine <strong>Trennung<\/strong> <strong>der Zust\u00e4ndigkeit<\/strong> zwischen Kontrolle und Zertifizierung vor.<\/p>\n<p>Dabei hat jeder seine Aufgabe:<\/p>\n<ul>\n<li><strong>Der Pr\u00fcfer<\/strong> stellt fest, meldet, identifiziert und ergreift Vorsichtsma\u00dfnahmen, falls das Produkt nicht der BIO-Norm entspricht. Er trifft jedoch keine Entscheidung bez\u00fcglich der Ma\u00dfnahme.<\/li>\n<li>Die Zertifizierungsentscheidung wird vom <strong>Zertifizierungsverantwortlichen <\/strong> Auf dieser Ebene wird eine objektive und an die <strong>Tragweite der Nichtkonformit\u00e4t<\/strong> angepasste Entscheidung dadurch gew\u00e4hrleistet, dass sie nicht von einer einzelnen Person abh\u00e4ngt. Die Zertifizierung erfolgt durch ein Expertenteam.<\/li>\n<\/ul>\n<p>Wechselt ein Unternehmen die Kontrollstelle, so ber\u00fccksichtigt die neue Kontrollstelle die von der fr\u00fcheren Kontrollstelle verh\u00e4ngten Ma\u00dfnahme auf der Grundlage der ausgetauschten Daten. Die Anwendung des Ma\u00dfnahmenkatalogs und der <strong>Tabelle der Nichtkonformit\u00e4ten<\/strong> soll die Unternehmen zu einer korrekten Anwendung der Vorschriften <strong>bewegen, <\/strong>anstatt sie zu bestrafen, auch wenn manchmal die R\u00fcckstufung von Losen oder Parzellen zwingend geboten ist.[\/vc_column_text][\/vc_column][vc_column width=&#8220;1\/2&#8243; css=&#8220;.vc_custom_1616060858988{padding-top: 250px !important;background-image: url(https:\/\/www.certisys.eu\/wp-content\/uploads\/2021\/03\/2020-10-15-Certisys-0334.jpg?id=3922) !important;background-position: center !important;background-repeat: no-repeat !important;background-size: cover !important;}&#8220; offset=&#8220;vc_col-lg-4 vc_col-md-4&#8243;][\/vc_column][\/vc_row][vc_row content_placement=&#8220;middle&#8220; css=&#8220;.vc_custom_1619012356593{padding-top: 50px !important;padding-bottom: 70px !important;background-color: #eff3f1 !important;}&#8220;][vc_column width=&#8220;1\/6&#8243;][\/vc_column][vc_column width=&#8220;2\/3&#8243;][vc_column_text]<\/p>\n<h3 style=\"text-align: center;\">Eine progressive Tabelle der Nichtkonformit\u00e4ten<\/h3>\n<p>[\/vc_column_text][vc_row_inner content_placement=&#8220;middle&#8220;][vc_column_inner width=&#8220;1\/3&#8243; css=&#8220;.vc_custom_1619012277726{padding: 15px !important;}&#8220; offset=&#8220;vc_col-lg-3 vc_col-md-3&#8243;][vc_column_text css=&#8220;.vc_custom_1620308100596{margin-bottom: 0px !important;}&#8220;]<\/p>\n<h4>1. Vermerke:<\/h4>\n<p>[\/vc_column_text][\/vc_column_inner][vc_column_inner width=&#8220;2\/3&#8243; css=&#8220;.vc_custom_1619012262023{padding: 15px !important;}&#8220; offset=&#8220;vc_col-lg-9 vc_col-md-9&#8243;][vc_column_text css=&#8220;.vc_custom_1653055621256{margin-bottom: 0px !important;}&#8220;]<strong>Einfacher Vermerk<\/strong>: Der einfache Vermerk wird bei kleinen Unregelm\u00e4\u00dfigkeiten oder bei deutlich unfreiwilligen Vers\u00e4umnissen seitens des Unternehmens verwendet.<\/p>\n<p><strong>Bitte um Verbesserung: <\/strong>In der Bitte um Verbesserung werden die festgestellte Unregelm\u00e4\u00dfigkeit, die erwartete Verbesserung und die Frist f\u00fcr die Durchf\u00fchrung dieser Verbesserung erl\u00e4utert.<\/p>\n<p><strong>\u00a0<\/strong>[\/vc_column_text][\/vc_column_inner][\/vc_row_inner][vc_row_inner content_placement=&#8220;middle&#8220; css=&#8220;.vc_custom_1621951769100{border-top-width: 2px !important;border-bottom-width: 2px !important;border-top-color: #afafaf !important;border-top-style: dashed !important;border-bottom-color: #afafaf !important;border-bottom-style: dashed !important;}&#8220;][vc_column_inner width=&#8220;1\/3&#8243; css=&#8220;.vc_custom_1619012284960{padding: 15px !important;}&#8220; offset=&#8220;vc_col-lg-3 vc_col-md-3&#8243;][vc_column_text css=&#8220;.vc_custom_1620308120455{margin-bottom: 0px !important;}&#8220;]<\/p>\n<h4>2. Verwarnung:<\/h4>\n<p>[\/vc_column_text][\/vc_column_inner][vc_column_inner width=&#8220;2\/3&#8243; css=&#8220;.vc_custom_1619012269517{padding: 15px !important;}&#8220; offset=&#8220;vc_col-lg-9 vc_col-md-9&#8243;][vc_column_text css=&#8220;.vc_custom_1775133371557{margin-bottom: 0px !important;}&#8220;]Die <strong>Verwarnung<\/strong> geht mit dem Vermerk der Ma\u00dfnahme einher, die Anwendung findet, falls der Betrieb diese Verwarnung nicht beachtet. Eine Missachtung der Bitte um Verbesserung innerhalb der festgesetzten Frist hat immer eine Verwarnung zur Folge.[\/vc_column_text][\/vc_column_inner][\/vc_row_inner][vc_row_inner content_placement=&#8220;middle&#8220;][vc_column_inner width=&#8220;1\/3&#8243; css=&#8220;.vc_custom_1619012277726{padding: 15px !important;}&#8220; offset=&#8220;vc_col-lg-3 vc_col-md-3&#8243;][vc_column_text css=&#8220;.vc_custom_1620308133264{margin-bottom: 0px !important;}&#8220;]<\/p>\n<h4>3. Versch\u00e4rfte Kontrolle:<\/h4>\n<p>[\/vc_column_text][\/vc_column_inner][vc_column_inner width=&#8220;2\/3&#8243; css=&#8220;.vc_custom_1619012262023{padding: 15px !important;}&#8220; offset=&#8220;vc_col-lg-9 vc_col-md-9&#8243;][vc_column_text css=&#8220;.vc_custom_1620308138600{margin-bottom: 0px !important;}&#8220;]Bei Aussprechen einer Verwarnung wird systematisch eine <strong>versch\u00e4rfte Kontrolle <\/strong> Die Kosten f\u00fcr die versch\u00e4rfte Kontrolle gehen zu Lasten des Unternehmens.[\/vc_column_text][\/vc_column_inner][\/vc_row_inner][vc_row_inner content_placement=&#8220;middle&#8220; css=&#8220;.vc_custom_1621951802326{border-top-width: 2px !important;border-top-color: #afafaf !important;border-top-style: dashed !important;}&#8220;][vc_column_inner width=&#8220;1\/3&#8243; css=&#8220;.vc_custom_1619012284960{padding: 15px !important;}&#8220; offset=&#8220;vc_col-lg-3 vc_col-md-3&#8243;][vc_column_text css=&#8220;.vc_custom_1620308145753{margin-bottom: 0px !important;}&#8220;]<\/p>\n<h4>4. R\u00fcckstufung und Sperre:<\/h4>\n<p>[\/vc_column_text][\/vc_column_inner][vc_column_inner width=&#8220;2\/3&#8243; css=&#8220;.vc_custom_1619012269517{padding: 15px !important;}&#8220; offset=&#8220;vc_col-lg-9 vc_col-md-9&#8243;][vc_column_text css=&#8220;.vc_custom_1653055675301{margin-bottom: 0px !important;}&#8220;]<strong>R\u00fcckstufung Parzelle<\/strong>: R\u00fcckstufung einer bestimmten Parzelle oder eines Teils einer Parzelle f\u00fcr einen bestimmten Zeitraum.<\/p>\n<p><strong>R\u00fcckstufung Los<\/strong>: endg\u00fcltige R\u00fcckstufung eines bestimmten Teils einer vorhandenen Produktion.<\/p>\n<p><strong>R\u00fcckstufung Tier:<\/strong> die Erzeugnisse des betroffenen Tiers d\u00fcrfen nicht mit einem Verweis auf eine biologische Produktionsweise auf den Markt gebracht werden. Das betroffene Tier beginnt eine neue Umstellungsphase.<\/p>\n<p><strong>Sperre des Erzeugnisses:<\/strong> ein f\u00fcr einen festgelegten Zeitraum geltendes Verbot, eine bestimmte Art von Erzeugnis mit dem Hinweis auf das biologische Produktionsverfahren zu vermarkten.<\/p>\n<p><strong>Totalsperre des Erzeugnisses:<\/strong> ein f\u00fcr einen festgelegten Zeitraum geltendes Verbot, alle Erzeugnisse mit dem Hinweis auf das biologische Produktionsverfahren zu vermarkten.<\/p>\n<p><strong>Neubeginn oder Verl\u00e4ngerung der Umstellungsphase: Neubeginn oder Verl\u00e4ngerung der Umstellungsphase f\u00fcr Tiere oder Parzellen. <\/strong>[\/vc_column_text][\/vc_column_inner][\/vc_row_inner][\/vc_column][vc_column width=&#8220;1\/6&#8243;][\/vc_column][\/vc_row][vc_row full_width=&#8220;stretch_row_content_no_spaces&#8220; css=&#8220;.vc_custom_1617283962878{margin-bottom: 50px !important;padding-top: 300px !important;background-image: url(https:\/\/www.certisys.eu\/wp-content\/uploads\/2021\/04\/2020-10-15-Certisys-0143.jpg?id=4255) !important;background-position: center !important;background-repeat: no-repeat !important;background-size: cover !important;}&#8220;][vc_column][\/vc_column][\/vc_row][vc_row css=&#8220;.vc_custom_1605630039270{padding-bottom: 150px !important;background-image: url(https:\/\/www.certisys.eu\/wp-content\/uploads\/2020\/10\/bg-3-1.png?id=892) !important;}&#8220; el_class=&#8220;custom-lastrow&#8220;][vc_column offset=&#8220;vc_col-lg-offset-3 vc_col-lg-6 vc_col-md-offset-2 vc_col-md-8&#8243;][vc_column_text css=&#8220;&#8220;]<\/p>\n<h3 style=\"text-align: center;\">Einspruchsverfahren<\/h3>\n<p><strong>Jede Zertifizierungsentscheidung kann<\/strong>, falls der Unternehmer damit nicht einverstanden ist, Gegenstand eines an die Zertifizierungsabteilung von CERTISYS\u00ae gerichteten Einspruchs sein. Nur der Unternehmer (nat\u00fcrliche oder juristische Person) kann einen Antrag auf Berufung stellen. Ein m\u00f6glicher Einspruch setzt die betreffende Entscheidung nicht aus; diese gilt so lange, bis eine neue Entscheidung aufgrund der Pr\u00fcfung des Einspruchs getroffen wird.<\/p>\n<p>Um zul\u00e4ssig zu sein, muss der Einspruch bei der CERTISYS\u00ae Zertifizierungsstelle eingereicht werden:<\/p>\n<p>\u2022 per <strong>Einschreiben oder per <a href=\"certification@certisys.eu\">E-mail<\/a><\/strong><br \/>\n\u2022 innerhalb von <strong>30 Tagen<\/strong> ab Versand des Zertifizierungsbrief, und<br \/>\n\u2022 <strong>ausf\u00fchrlich begr\u00fcndet<\/strong>, ggf. mit neuen, CERTISYS\u00ae noch nicht vorliegenden Informationen.<\/p>\n<p><a href=\"https:\/\/www.certisys.eu\/wp-content\/uploads\/2026\/04\/FO115-v01_Berufungsformular_DE.pdf\">Laden Sie hier das Ausschreibungsformular herunter<\/a><\/p>\n<p>Wenn der Einspruch zul\u00e4ssig ist, wird dieser von unserem <strong>Berufungsausschuss<\/strong> gepr\u00fcft: ein Team innerhalb von CERTISYS\u00ae pr\u00fcft den Einspruch auf der Grundlage aller vom Betreiber eingebrachten Elemente.<\/p>\n<p>Das Team besteht aus einem oder mehreren Vertretern der Abteilungen Zertifizierung und Kontrolle. Der Mitarbeiter, der die Bewertung und die Zertifizierungsentscheidung vorgenommen hat, ist nicht direkt an der Entscheidungsfindung beteiligt.<\/p>\n<p>Der Unternehmer kann bei CERTISYS\u00ae eine Anh\u00f6rung beantragen. Falls die Schlussfolgerungen des Berufungsausschusses zu einer \u00c4nderung der Ma\u00dfnahme f\u00fchrt, \u00e4ndert CERTISYS\u00ae die Zertifizierungsdokumente und \u00fcbermittelt sie dem Unternehmer. Das Ergebnis des Berufungsausschusses wird dem Unternehmer so schnell wie m\u00f6glich mitgeteilt.<\/p>\n<p>Am Ende dieses Prozesses gibt es bei einigen Zertifizierungsprogrammen die M\u00f6glichkeit, beim Eigent\u00fcmer des Programms Einspruch zu erheben.<\/p>\n<p>Bitte nehmen Sie <a href=\"https:\/\/www.certisys.eu\/wp-content\/uploads\/2022\/09\/GT001-V3-PRAKTISCHER-LEITFADEN-Das-CERTISYS-Zertifizierungssystem.pdf\">Kontakt<\/a> mit uns auf, um weitere Informationen zu erhalten. Sie k\u00f6nnen auch unseren<a href=\"https:\/\/www.certisys.eu\/de\/vorschriften\/praxisleitfaeden\/\"> Leitfaden zum CERTISYS\u00ae -Zertifizierungssystem<\/a> f\u00fcr den \u00f6kologischen Landbau konsultieren.[\/vc_column_text][\/vc_column][\/vc_row]<\/p>\n<\/div>","protected":false},"excerpt":{"rendered":"<p>[vc_row content_placement=&#8220;middle&#8220; css=&#8220;.vc_custom_1615465707679{padding-bottom: 80px !important;}&#8220;][vc_column width=&#8220;2\/3&#8243; offset=&#8220;vc_col-lg-offset-3 vc_col-lg-6&#8243;][vc_column_text css=&#8220;&#8220;] Das Kontroll- und Zertifizierungsverfahren umfasst die Feststellung von Vers\u00e4umnissen und die Verh\u00e4ngung angemessener&nbsp;Ma\u00dfnahmenund gibt den betroffenen Betreibern gleichzeitig die M\u00f6glichkeit, darauf zu reagieren und Anpassungen vorzunehmen. [\/vc_column_text][\/vc_column][\/vc_row][vc_row css=&#8220;.vc_custom_1614846917657{padding-top: 50px !important;padding-bottom: 80px !important;background-color: #f0f3f1 !important;}&#8220;][vc_column width=&#8220;1\/4&#8243;][\/vc_column][vc_column width=&#8220;1\/2&#8243;][vc_column_text css=&#8220;&#8220;] Ma\u00dfnahmen im \u00f6ffentlichen Interesse Durch die Vielzahl der Beteiligten [&hellip;]<\/p>\n","protected":false},"author":1,"featured_media":0,"parent":7009,"menu_order":2,"comment_status":"closed","ping_status":"closed","template":"","meta":{"_acf_changed":false,"footnotes":""},"class_list":["post-7023","page","type-page","status-publish","hentry"],"acf":[],"yoast_head":"<!-- This site is optimized with the Yoast SEO plugin v26.6 - https:\/\/yoast.com\/wordpress\/plugins\/seo\/ -->\n<title>Ma\u00dfnahmen und Einspruchsverfahren - CERTISYS<\/title>\n<meta name=\"description\" content=\"Das Kontroll- und Zertifizierungssystem identifiziert M\u00e4ngel und verh\u00e4ngt entsprechende Sanktionen. Den betroffenen Betreibern wird die M\u00f6glichkeit gegeben, zu reagieren und sich anzupassen.\" \/>\n<meta name=\"robots\" content=\"index, follow, max-snippet:-1, max-image-preview:large, max-video-preview:-1\" \/>\n<link rel=\"canonical\" href=\"https:\/\/www.certisys.eu\/de\/vorschriften\/sanktionen-und-einspruchsverfahren\/\" \/>\n<meta property=\"og:locale\" content=\"de_DE\" \/>\n<meta property=\"og:type\" content=\"article\" \/>\n<meta property=\"og:title\" content=\"Ma\u00dfnahmen und Einspruchsverfahren - CERTISYS\" \/>\n<meta property=\"og:description\" content=\"Das Kontroll- und Zertifizierungssystem identifiziert M\u00e4ngel und verh\u00e4ngt entsprechende Sanktionen. Den betroffenen Betreibern wird die M\u00f6glichkeit gegeben, zu reagieren und sich anzupassen.\" \/>\n<meta property=\"og:url\" content=\"https:\/\/www.certisys.eu\/de\/vorschriften\/sanktionen-und-einspruchsverfahren\/\" \/>\n<meta property=\"og:site_name\" content=\"CERTISYS\" \/>\n<meta property=\"article:modified_time\" content=\"2026-04-02T12:42:48+00:00\" \/>\n<meta name=\"twitter:card\" content=\"summary_large_image\" \/>\n<meta name=\"twitter:label1\" content=\"Gesch\u00e4tzte Lesezeit\" \/>\n\t<meta name=\"twitter:data1\" content=\"8\u00a0Minuten\" \/>\n<!-- \/ Yoast SEO plugin. -->","yoast_head_json":{"title":"Ma\u00dfnahmen und Einspruchsverfahren - CERTISYS","description":"Das Kontroll- und Zertifizierungssystem identifiziert M\u00e4ngel und verh\u00e4ngt entsprechende Sanktionen. Den betroffenen Betreibern wird die M\u00f6glichkeit gegeben, zu reagieren und sich anzupassen.","robots":{"index":"index","follow":"follow","max-snippet":"max-snippet:-1","max-image-preview":"max-image-preview:large","max-video-preview":"max-video-preview:-1"},"canonical":"https:\/\/www.certisys.eu\/de\/vorschriften\/sanktionen-und-einspruchsverfahren\/","og_locale":"de_DE","og_type":"article","og_title":"Ma\u00dfnahmen und Einspruchsverfahren - CERTISYS","og_description":"Das Kontroll- und Zertifizierungssystem identifiziert M\u00e4ngel und verh\u00e4ngt entsprechende Sanktionen. Den betroffenen Betreibern wird die M\u00f6glichkeit gegeben, zu reagieren und sich anzupassen.","og_url":"https:\/\/www.certisys.eu\/de\/vorschriften\/sanktionen-und-einspruchsverfahren\/","og_site_name":"CERTISYS","article_modified_time":"2026-04-02T12:42:48+00:00","twitter_card":"summary_large_image","twitter_misc":{"Gesch\u00e4tzte Lesezeit":"8\u00a0Minuten"},"schema":{"@context":"https:\/\/schema.org","@graph":[{"@type":"WebPage","@id":"https:\/\/www.certisys.eu\/de\/vorschriften\/sanktionen-und-einspruchsverfahren\/","url":"https:\/\/www.certisys.eu\/de\/vorschriften\/sanktionen-und-einspruchsverfahren\/","name":"Ma\u00dfnahmen und Einspruchsverfahren - CERTISYS","isPartOf":{"@id":"https:\/\/www.certisys.eu\/de\/#website"},"datePublished":"2020-10-12T08:30:38+00:00","dateModified":"2026-04-02T12:42:48+00:00","description":"Das Kontroll- und Zertifizierungssystem identifiziert M\u00e4ngel und verh\u00e4ngt entsprechende Sanktionen. Den betroffenen Betreibern wird die M\u00f6glichkeit gegeben, zu reagieren und sich anzupassen.","breadcrumb":{"@id":"https:\/\/www.certisys.eu\/de\/vorschriften\/sanktionen-und-einspruchsverfahren\/#breadcrumb"},"inLanguage":"de","potentialAction":[{"@type":"ReadAction","target":["https:\/\/www.certisys.eu\/de\/vorschriften\/sanktionen-und-einspruchsverfahren\/"]}]},{"@type":"BreadcrumbList","@id":"https:\/\/www.certisys.eu\/de\/vorschriften\/sanktionen-und-einspruchsverfahren\/#breadcrumb","itemListElement":[{"@type":"ListItem","position":1,"name":"Home","item":"https:\/\/www.certisys.eu\/de\/"},{"@type":"ListItem","position":2,"name":"Vorschriften","item":"https:\/\/www.certisys.eu\/de\/reglementation-bio\/"},{"@type":"ListItem","position":3,"name":"Ma\u00dfnahmen und Einspruchsverfahren"}]},{"@type":"WebSite","@id":"https:\/\/www.certisys.eu\/de\/#website","url":"https:\/\/www.certisys.eu\/de\/","name":"CERTISYS","description":"Bio Certification","potentialAction":[{"@type":"SearchAction","target":{"@type":"EntryPoint","urlTemplate":"https:\/\/www.certisys.eu\/de\/?s={search_term_string}"},"query-input":{"@type":"PropertyValueSpecification","valueRequired":true,"valueName":"search_term_string"}}],"inLanguage":"de"}]}},"jetpack_sharing_enabled":true,"_links":{"self":[{"href":"https:\/\/www.certisys.eu\/de\/wp-json\/wp\/v2\/pages\/7023","targetHints":{"allow":["GET"]}}],"collection":[{"href":"https:\/\/www.certisys.eu\/de\/wp-json\/wp\/v2\/pages"}],"about":[{"href":"https:\/\/www.certisys.eu\/de\/wp-json\/wp\/v2\/types\/page"}],"author":[{"embeddable":true,"href":"https:\/\/www.certisys.eu\/de\/wp-json\/wp\/v2\/users\/1"}],"replies":[{"embeddable":true,"href":"https:\/\/www.certisys.eu\/de\/wp-json\/wp\/v2\/comments?post=7023"}],"version-history":[{"count":16,"href":"https:\/\/www.certisys.eu\/de\/wp-json\/wp\/v2\/pages\/7023\/revisions"}],"predecessor-version":[{"id":77086,"href":"https:\/\/www.certisys.eu\/de\/wp-json\/wp\/v2\/pages\/7023\/revisions\/77086"}],"up":[{"embeddable":true,"href":"https:\/\/www.certisys.eu\/de\/wp-json\/wp\/v2\/pages\/7009"}],"wp:attachment":[{"href":"https:\/\/www.certisys.eu\/de\/wp-json\/wp\/v2\/media?parent=7023"}],"curies":[{"name":"wp","href":"https:\/\/api.w.org\/{rel}","templated":true}]}}