{"id":7018,"date":"2020-10-12T10:30:24","date_gmt":"2020-10-12T08:30:24","guid":{"rendered":"https:\/\/certisys.poush.be\/verordnungen-und-regelungen\/fraudes\/"},"modified":"2023-11-02T11:45:40","modified_gmt":"2023-11-02T09:45:40","slug":"betrug-und-faelschung","status":"publish","type":"page","link":"https:\/\/www.certisys.eu\/de\/vorschriften\/betrug-und-faelschung\/","title":{"rendered":"Betrug"},"content":{"rendered":"<div class=\"wpb-content-wrapper\"><p>[vc_row content_placement=&#8220;middle&#8220; css=&#8220;.vc_custom_1616059326651{padding-bottom: 20px !important;}&#8220;][vc_column width=&#8220;2\/3&#8243; offset=&#8220;vc_col-lg-offset-3 vc_col-lg-6&#8243;][vc_column_text]<\/p>\n<p style=\"text-align: center;\">Jeder Mitgliedstaat der Europ\u00e4ischen Union muss der Europ\u00e4ischen Kommission die Namen, Kontaktdaten und Codenummern der anerkannten Kontrollstellen mitteilen. Die <strong>zugelassenen Kontrollstellen finden Sie nach L\u00e4ndern geordnet<\/strong> in der <a href=\"https:\/\/ec.europa.eu\/agriculture\/ofis_public\/actor_cbeu\/ctrl.cfm?targetUrl=home&amp;lang=de\" target=\"_blank\" rel=\"noopener\">Liste der Europ\u00e4ischen Kommission<\/a>.<\/p>\n<p style=\"text-align: center;\">Zur Bek\u00e4mpfung von Betrug und F\u00e4lschung unterh\u00e4lt CERTISYS\u00ae Beziehungen zu anderen <strong>Kontrollstellen<\/strong> und <strong>Beh\u00f6rden<\/strong>. Die Informationen werden zwischen den Akteuren in Belgien, aber auch auf europ\u00e4ischer Ebene zwischen den anderen Beh\u00f6rden und der Europ\u00e4ischen Kommission weitergegeben, insbesondere mithilfe des <a href=\"http:\/\/ec.europa.eu\/food\/safety\/rasff\/index_en.htm\" target=\"_blank\" rel=\"noopener\">Rapid Alert System for Food and Feed <\/a>(RASFF).<\/p>\n<p style=\"text-align: center;\">Dar\u00fcber hinaus gibt es eine Koordinierungsplattform der Kontrollstellen auf europ\u00e4ischer Ebene <a href=\"https:\/\/eocc.nu\/\" target=\"_blank\" rel=\"noopener\">The European Organic Certifiers Council<\/a> (EOCC), mit dem Ziel, die <strong>Kooperation<\/strong> und den <strong>Informationsaustausch<\/strong> untereinander zu verbessern.<\/p>\n<p>[\/vc_column_text][\/vc_column][\/vc_row][vc_row css=&#8220;.vc_custom_1614846917657{padding-top: 50px !important;padding-bottom: 80px !important;background-color: #f0f3f1 !important;}&#8220;][vc_column width=&#8220;1\/4&#8243;][\/vc_column][vc_column width=&#8220;1\/2&#8243;][vc_column_text]<\/p>\n<h2 style=\"text-align: center;\">Nicht zertifizierte Betriebe, die Biohinweise verwenden<\/h2>\n<p>Wie jede andere Branche ist auch der BIO-Sektor nicht vor Vers\u00e4umnissen oder gar Betrug gefeit. CERTISYS verfolgt die Entwicklung des BIO-Sektors und sieht seine <strong>Aufgabe in erster Linie<\/strong> darin, durch <strong>pr\u00e4ventive Ma\u00dfnahmen <\/strong>Betrug zu verhindern und bei Verst\u00f6\u00dfen oder Betrug einzugreifen und entsprechende Sanktionen zu verh\u00e4ngen.<\/p>\n<p>Das europ\u00e4ische BIO-System ist transparent und verst\u00e4ndlich. Es erm\u00f6glicht jedem B\u00fcrger zu \u00fcberpr\u00fcfen, ob ein BIO- Betrieb oder ein BIO-Produkt wirklich bio-zertifiziert ist. Es ist ein <strong>Garant f\u00fcr Glaubw\u00fcrdigkeit und Vertrauen.<\/strong> Wenn Sie weder den Namen des Unternehmens noch sein Zertifikat in der <a href=\"https:\/\/www.certisys.eu\/de\/einen-betreiber-suchen\/\" target=\"_blank\" rel=\"noopener\">CERTISYS-Datenbank<\/a> finden, bedeutet dies, dass dieser Betrieb entweder von einer anderen Kontrollstelle kontrolliert und zertifiziert wird oder dass er \u00fcberhaupt nicht bio-zertifiziert ist.[\/vc_column_text][vc_column_text css_animation=&#8220;fadeInUp&#8220; css=&#8220;.vc_custom_1620394627577{margin-bottom: 0px !important;}&#8220;]<a style=\"display: flex; align-items: center; background: url('\/wp-content\/uploads\/2021\/04\/radis-pastille.png') no-repeat center; background-size: cover; color: #fff; text-decoration: none; width: 120px; height: 270px; text-align: center; margin-right: auto; margin-left: auto; font-size: 14px; line-height: 22px; padding-top: 40px;\" href=\"https:\/\/www.certisys.eu\/de\/einen-betreiber-suchen\/\"> Suche Zertificierte BIO-Unternehmen<\/a>[\/vc_column_text][\/vc_column][vc_column width=&#8220;1\/4&#8243;][\/vc_column][\/vc_row][vc_row full_width=&#8220;stretch_row_content_no_spaces&#8220; css=&#8220;.vc_custom_1617283866281{padding-top: 300px !important;background-image: url(https:\/\/www.certisys.eu\/wp-content\/uploads\/2021\/04\/shutterstock_107040215.jpg?id=4250) !important;background-position: center !important;background-repeat: no-repeat !important;background-size: cover !important;}&#8220;][vc_column][\/vc_column][\/vc_row][vc_row css=&#8220;.vc_custom_1605630039270{padding-bottom: 150px !important;background-image: url(https:\/\/www.certisys.eu\/wp-content\/uploads\/2020\/10\/bg-3-1.png?id=892) !important;}&#8220; el_class=&#8220;custom-lastrow&#8220;][vc_column offset=&#8220;vc_col-lg-offset-3 vc_col-lg-6 vc_col-md-offset-2 vc_col-md-8&#8243;][vc_column_text]<\/p>\n<h2 style=\"text-align: center;\">Was ist in diesem Fall zu tun?<\/h2>\n<p><strong>Melden Sie es der betreffenden Region<\/strong> per E-Mail:<\/p>\n<ol>\n<li>Geben Sie den Namen der Firma\/Person an<\/li>\n<li>Verweisen Sie m\u00f6glicherweise auf eine Website\/Facebook-Seite\/Instagram<\/li>\n<li>F\u00fcgen Sie idealerweise Screenshots bei<\/li>\n<\/ol>\n<p><strong>Wer ist Ihr Ansprechpartner in Ihrer Region? <\/strong><\/p>\n<ul>\n<li>Wallonien: <a href=\"mailto:bio.dgo3@spw.wallonie.be\">bio.dgo3@spw.wallonie.be<\/a><\/li>\n<li>Br\u00fcssel: <a href=\"mailto:agriculture@sprb.brussels\">agriculture@sprb.brussels<\/a><\/li>\n<li>Flandern: <a href=\"mailto:bio@lv.vlaanderen.be\" target=\"_blank\" rel=\"noopener\">info@lv.vlaanderen.be<\/a><\/li>\n<\/ul>\n<p><strong>Links zu zertifizierten BIO-Betreibern:<\/strong><\/p>\n<ul>\n<li><a href=\"https:\/\/www.certisys.eu\/de\/einen-betreiber-suchen\/\" target=\"_blank\" rel=\"noopener\">Liste der von CERTISYS\u00ae zertifizierten BIO-Unternehmen<\/a><\/li>\n<li>Liste s\u00e4mtlicher EU BIO-Unternehmen auf der Website <a href=\"https:\/\/webgate.ec.europa.eu\/tracesnt\/directory\/publication\/organic-operator\/index\">TRACES<\/a><\/li>\n<li>Liste der luxemburgischen Unternehmen, zug\u00e4nglich auf den Websites der <a href=\"https:\/\/agriculture.public.lu\/de\/lebensmittelsicherheit-qualitatszeichen\/biologische-landwirtschaft\/grundlagen-biologischen-landwirtschaft\/allgemeines-bio-landwirtschaft.html\" target=\"_blank\" rel=\"noopener\">Kontrollstellen<\/a><\/li>\n<\/ul>\n<p>[\/vc_column_text][\/vc_column][\/vc_row]<\/p>\n<\/div>","protected":false},"excerpt":{"rendered":"<p>[vc_row content_placement=&#8220;middle&#8220; css=&#8220;.vc_custom_1616059326651{padding-bottom: 20px !important;}&#8220;][vc_column width=&#8220;2\/3&#8243; offset=&#8220;vc_col-lg-offset-3 vc_col-lg-6&#8243;][vc_column_text] Jeder Mitgliedstaat der Europ\u00e4ischen Union muss der Europ\u00e4ischen Kommission die Namen, Kontaktdaten und Codenummern der anerkannten Kontrollstellen mitteilen. Die zugelassenen Kontrollstellen finden Sie nach L\u00e4ndern geordnet in der Liste der Europ\u00e4ischen Kommission. Zur Bek\u00e4mpfung von Betrug und F\u00e4lschung unterh\u00e4lt CERTISYS\u00ae Beziehungen zu anderen Kontrollstellen und Beh\u00f6rden. Die [&hellip;]<\/p>\n","protected":false},"author":1,"featured_media":0,"parent":7009,"menu_order":1,"comment_status":"closed","ping_status":"closed","template":"","meta":{"_acf_changed":false,"footnotes":""},"class_list":["post-7018","page","type-page","status-publish","hentry"],"acf":[],"yoast_head":"<!-- This site is optimized with the Yoast SEO plugin v26.6 - https:\/\/yoast.com\/wordpress\/plugins\/seo\/ -->\n<title>Betrug - CERTISYS<\/title>\n<meta name=\"description\" content=\"Jeder Mitgliedsstaat der Europ\u00e4ischen Union muss der Europ\u00e4ischen Kommission die Namen, Angaben und Codenummern der zugelassenen Kontrollstellen mitteilen.\" \/>\n<meta name=\"robots\" content=\"index, follow, max-snippet:-1, max-image-preview:large, max-video-preview:-1\" \/>\n<link rel=\"canonical\" href=\"https:\/\/www.certisys.eu\/de\/vorschriften\/betrug-und-faelschung\/\" \/>\n<meta property=\"og:locale\" content=\"de_DE\" \/>\n<meta property=\"og:type\" content=\"article\" \/>\n<meta property=\"og:title\" content=\"Betrug - CERTISYS\" \/>\n<meta property=\"og:description\" content=\"Jeder Mitgliedsstaat der Europ\u00e4ischen Union muss der Europ\u00e4ischen Kommission die Namen, Angaben und Codenummern der zugelassenen Kontrollstellen mitteilen.\" \/>\n<meta property=\"og:url\" content=\"https:\/\/www.certisys.eu\/de\/vorschriften\/betrug-und-faelschung\/\" \/>\n<meta property=\"og:site_name\" content=\"CERTISYS\" \/>\n<meta property=\"article:modified_time\" content=\"2023-11-02T09:45:40+00:00\" \/>\n<meta name=\"twitter:card\" content=\"summary_large_image\" \/>\n<meta name=\"twitter:label1\" content=\"Gesch\u00e4tzte Lesezeit\" \/>\n\t<meta name=\"twitter:data1\" content=\"3\u00a0Minuten\" \/>\n<!-- \/ Yoast SEO plugin. -->","yoast_head_json":{"title":"Betrug - CERTISYS","description":"Jeder Mitgliedsstaat der Europ\u00e4ischen Union muss der Europ\u00e4ischen Kommission die Namen, Angaben und Codenummern der zugelassenen Kontrollstellen mitteilen.","robots":{"index":"index","follow":"follow","max-snippet":"max-snippet:-1","max-image-preview":"max-image-preview:large","max-video-preview":"max-video-preview:-1"},"canonical":"https:\/\/www.certisys.eu\/de\/vorschriften\/betrug-und-faelschung\/","og_locale":"de_DE","og_type":"article","og_title":"Betrug - CERTISYS","og_description":"Jeder Mitgliedsstaat der Europ\u00e4ischen Union muss der Europ\u00e4ischen Kommission die Namen, Angaben und Codenummern der zugelassenen Kontrollstellen mitteilen.","og_url":"https:\/\/www.certisys.eu\/de\/vorschriften\/betrug-und-faelschung\/","og_site_name":"CERTISYS","article_modified_time":"2023-11-02T09:45:40+00:00","twitter_card":"summary_large_image","twitter_misc":{"Gesch\u00e4tzte Lesezeit":"3\u00a0Minuten"},"schema":{"@context":"https:\/\/schema.org","@graph":[{"@type":"WebPage","@id":"https:\/\/www.certisys.eu\/de\/vorschriften\/betrug-und-faelschung\/","url":"https:\/\/www.certisys.eu\/de\/vorschriften\/betrug-und-faelschung\/","name":"Betrug - CERTISYS","isPartOf":{"@id":"https:\/\/www.certisys.eu\/de\/#website"},"datePublished":"2020-10-12T08:30:24+00:00","dateModified":"2023-11-02T09:45:40+00:00","description":"Jeder Mitgliedsstaat der Europ\u00e4ischen Union muss der Europ\u00e4ischen Kommission die Namen, Angaben und Codenummern der zugelassenen Kontrollstellen mitteilen.","breadcrumb":{"@id":"https:\/\/www.certisys.eu\/de\/vorschriften\/betrug-und-faelschung\/#breadcrumb"},"inLanguage":"de","potentialAction":[{"@type":"ReadAction","target":["https:\/\/www.certisys.eu\/de\/vorschriften\/betrug-und-faelschung\/"]}]},{"@type":"BreadcrumbList","@id":"https:\/\/www.certisys.eu\/de\/vorschriften\/betrug-und-faelschung\/#breadcrumb","itemListElement":[{"@type":"ListItem","position":1,"name":"Home","item":"https:\/\/www.certisys.eu\/de\/"},{"@type":"ListItem","position":2,"name":"Vorschriften","item":"https:\/\/www.certisys.eu\/de\/reglementation-bio\/"},{"@type":"ListItem","position":3,"name":"Betrug"}]},{"@type":"WebSite","@id":"https:\/\/www.certisys.eu\/de\/#website","url":"https:\/\/www.certisys.eu\/de\/","name":"CERTISYS","description":"Bio Certification","potentialAction":[{"@type":"SearchAction","target":{"@type":"EntryPoint","urlTemplate":"https:\/\/www.certisys.eu\/de\/?s={search_term_string}"},"query-input":{"@type":"PropertyValueSpecification","valueRequired":true,"valueName":"search_term_string"}}],"inLanguage":"de"}]}},"jetpack_sharing_enabled":true,"_links":{"self":[{"href":"https:\/\/www.certisys.eu\/de\/wp-json\/wp\/v2\/pages\/7018","targetHints":{"allow":["GET"]}}],"collection":[{"href":"https:\/\/www.certisys.eu\/de\/wp-json\/wp\/v2\/pages"}],"about":[{"href":"https:\/\/www.certisys.eu\/de\/wp-json\/wp\/v2\/types\/page"}],"author":[{"embeddable":true,"href":"https:\/\/www.certisys.eu\/de\/wp-json\/wp\/v2\/users\/1"}],"replies":[{"embeddable":true,"href":"https:\/\/www.certisys.eu\/de\/wp-json\/wp\/v2\/comments?post=7018"}],"version-history":[{"count":12,"href":"https:\/\/www.certisys.eu\/de\/wp-json\/wp\/v2\/pages\/7018\/revisions"}],"predecessor-version":[{"id":30122,"href":"https:\/\/www.certisys.eu\/de\/wp-json\/wp\/v2\/pages\/7018\/revisions\/30122"}],"up":[{"embeddable":true,"href":"https:\/\/www.certisys.eu\/de\/wp-json\/wp\/v2\/pages\/7009"}],"wp:attachment":[{"href":"https:\/\/www.certisys.eu\/de\/wp-json\/wp\/v2\/media?parent=7018"}],"curies":[{"name":"wp","href":"https:\/\/api.w.org\/{rel}","templated":true}]}}