{"id":7014,"date":"2021-03-18T11:23:00","date_gmt":"2021-03-18T09:23:00","guid":{"rendered":"https:\/\/certisys.poush.be\/verordnungen-und-regelungen\/guides-pratiques\/"},"modified":"2025-05-05T16:14:09","modified_gmt":"2025-05-05T14:14:09","slug":"praxisleitfaeden","status":"publish","type":"page","link":"https:\/\/www.certisys.eu\/de\/vorschriften\/praxisleitfaeden\/","title":{"rendered":"Praxisleitf\u00e4den"},"content":{"rendered":"<div class=\"wpb-content-wrapper\"><p>[vc_row css=&#8220;.vc_custom_1727252660029{margin-bottom: 70px !important;}&#8220;][vc_column width=&#8220;1\/6&#8243;][\/vc_column][vc_column width=&#8220;2\/3&#8243;][vc_column_text css=&#8220;&#8220;]Sie \u00fcben eine BIO-T\u00e4tigkeit aus oder Sie m\u00f6chten eine derartige T\u00e4tigkeit beginnen, die diesbez\u00fcgliche Gesetzgebung erscheint Ihnen jedoch manchmal zu umfangreich?<\/p>\n<p>Kein Problem, unser Expertenteam von Certisys hat f\u00fcr Sie Praxisleitf\u00e4den verfasst, die\u00a0<strong>f\u00fcr Ihren T\u00e4tigkeitsbereich\u00a0das Wichtigste aus der Gesetzgebung\u00a0<\/strong>zusammenfassen.[\/vc_column_text][vc_row_inner el_class=&#8220;custom-col-tablet custom-guides&#8220;][vc_column_inner width=&#8220;1\/4&#8243;][vc_single_image image=&#8220;10220&#8243; img_size=&#8220;full&#8220; alignment=&#8220;center&#8220; css=&#8220;&#8220; el_class=&#8220;custom-shadow&#8220;][vc_column_text css=&#8220;&#8220;]<\/p>\n<h4 class=\"p1\" style=\"text-align: center;\">Den Praxisleitfaden Zertifizierungssystem<\/h4>\n<p>[\/vc_column_text]<div class=\"d-flex justify-content-center \"><a class=\"psh_button btn-25123379\" href=\"https:\/\/www.certisys.eu\/wp-content\/uploads\/2024\/10\/GT001-v04-zertifizierungssystem-de.pdf\" alt=\"Praxisleitfaden Zertifizierungssystem\" target=\"_blank\">\u00dcbersicht<\/a><\/div>\n        <style>.psh_button.btn-25123379{\n          font-size: 20px;\n          text-transform: none;\n          padding: 10px 25px 10px 25px;\n          border-radius: 80px;\n          border-width: 0px;\n          background-color: #e30613;\n          border-color: ;\n          border-style: solid;\n          color: #ffffff;\n          display: inline-block;\n          \n          transition: all .3s ease-in-out;\n        }\n        .psh_button.btn-25123379:hover{\n          background-color: #f18970;\n          border-color: ;\n          color: #ffffff;\n          transition: all .3s ease-in-out;\n        }<\/style>[\/vc_column_inner][vc_column_inner width=&#8220;1\/4&#8243;][vc_single_image image=&#8220;18612&#8243; img_size=&#8220;full&#8220; alignment=&#8220;center&#8220; css=&#8220;&#8220; el_class=&#8220;custom-shadow&#8220;][vc_column_text css=&#8220;&#8220;]<\/p>\n<h4 class=\"p1\" style=\"text-align: center;\">Den Praxisleitfaden Etikettierung<\/h4>\n<p>[\/vc_column_text]<div class=\"d-flex justify-content-center \"><a class=\"psh_button btn-07440262\" href=\"https:\/\/www.certisys.eu\/wp-content\/uploads\/2024\/10\/GT002-v02-kennzeichnung-de.pdf\" alt=\"Praxisleitfaden Etikettierung\" target=\"_blank\">\u00dcbersicht<\/a><\/div>\n        <style>.psh_button.btn-07440262{\n          font-size: 20px;\n          text-transform: none;\n          padding: 10px 25px 10px 25px;\n          border-radius: 80px;\n          border-width: 0px;\n          background-color: #e30613;\n          border-color: ;\n          border-style: solid;\n          color: #ffffff;\n          display: inline-block;\n          \n          transition: all .3s ease-in-out;\n        }\n        .psh_button.btn-07440262:hover{\n          background-color: #f18970;\n          border-color: ;\n          color: #ffffff;\n          transition: all .3s ease-in-out;\n        }<\/style>[\/vc_column_inner][vc_column_inner width=&#8220;1\/4&#8243;][vc_single_image image=&#8220;38438&#8243; img_size=&#8220;full&#8220; alignment=&#8220;center&#8220; css=&#8220;&#8220; el_class=&#8220;custom-shadow&#8220;][vc_column_text css=&#8220;&#8220;]<\/p>\n<h4 class=\"p1\" style=\"text-align: center;\">Den Praxisleitfaden Biologische Landwirtschaft<\/h4>\n<p>[\/vc_column_text]<div class=\"d-flex justify-content-center \"><a class=\"psh_button btn-11728692\" href=\"https:\/\/www.certisys.eu\/wp-content\/uploads\/2024\/12\/GT003-v02_Vorschriften-fur-Erzeuger-in-der-biologischen-Landwirtschaft_DE-prewiew.pdf\" alt=\"Praxisleitfaden biologischen\" target=\"_blank\">\u00dcbersicht<\/a><\/div>\n        <style>.psh_button.btn-11728692{\n          font-size: 20px;\n          text-transform: none;\n          padding: 10px 25px 10px 25px;\n          border-radius: 80px;\n          border-width: 0px;\n          background-color: #e30613;\n          border-color: ;\n          border-style: solid;\n          color: #ffffff;\n          display: inline-block;\n          \n          transition: all .3s ease-in-out;\n        }\n        .psh_button.btn-11728692:hover{\n          background-color: #f18970;\n          border-color: ;\n          color: #ffffff;\n          transition: all .3s ease-in-out;\n        }<\/style>[\/vc_column_inner][vc_column_inner width=&#8220;1\/4&#8243;][vc_single_image image=&#8220;30239&#8243; img_size=&#8220;full&#8220; alignment=&#8220;center&#8220; css=&#8220;&#8220; el_class=&#8220;custom-shadow&#8220;][vc_column_text css=&#8220;&#8220;]<\/p>\n<h4 class=\"p1\" style=\"text-align: center;\">Den Praxisleitfaden f\u00fcr Verarbeiter<\/h4>\n<p>[\/vc_column_text]<div class=\"d-flex justify-content-center \"><a class=\"psh_button btn-40119262\" href=\"https:\/\/www.certisys.eu\/wp-content\/uploads\/2024\/10\/GT004-v02preparateur-fr.pdf\" alt=\"Praxisleitfaden f\u00fcr Verarbeiter\" target=\"_blank\">\u00dcbersicht<\/a><\/div>\n        <style>.psh_button.btn-40119262{\n          font-size: 20px;\n          text-transform: none;\n          padding: 10px 25px 10px 25px;\n          border-radius: 80px;\n          border-width: 0px;\n          background-color: #e30613;\n          border-color: ;\n          border-style: solid;\n          color: #ffffff;\n          display: inline-block;\n          \n          transition: all .3s ease-in-out;\n        }\n        .psh_button.btn-40119262:hover{\n          background-color: #f18970;\n          border-color: ;\n          color: #ffffff;\n          transition: all .3s ease-in-out;\n        }<\/style>[\/vc_column_inner][\/vc_row_inner][\/vc_column][vc_column width=&#8220;1\/6&#8243;][\/vc_column][\/vc_row][vc_row el_class=&#8220;custom-tablet-100&#8243; el_id=&#8220;form-wrapper&#8220; css=&#8220;.vc_custom_1732002282328{margin-top: 100px !important;}&#8220;][vc_column width=&#8220;1\/6&#8243;][\/vc_column][vc_column width=&#8220;1\/3&#8243;][vc_column_text css=&#8220;&#8220;]<\/p>\n<h3>Bin ich bereits Certisys-Kunde ?<\/h3>\n<p>Ich gebe meine Kundennummer ein.[\/vc_column_text][vc_column_text css=&#8220;&#8220;]    \n    <form id=\"operateur-form\" method=\"post\" action=\"#form-wrapper\">\n        <p class=\"field-group\">\n            <label for=\"email\">E-mail <span>*<\/span><\/label>\n            <input type=\"email\" id=\"email\" name=\"email\" required>\n        <\/p>\n        \n        <p class=\"field-group\">\n            <label for=\"numero_operateur\">Kundennummer <span>*<\/span><\/label>\n            <input type=\"text\" id=\"numero_operateur\" name=\"numero_operateur\" required>\n        <\/p>\n        \n        <p class=\"field-submit\"><input type=\"submit\" name=\"vo_submit\" value=\"Zugang zu den Praxisleitf\u00e4den\"><\/p>\n    <\/form>\n\n    <div id=\"message\">\n            <\/div>\n    \n    [\/vc_column_text][\/vc_column][vc_column width=&#8220;1\/3&#8243; el_class=&#8220;custom-tablet-ml&#8220;][vc_column_text css=&#8220;.vc_custom_1732022378714{margin-bottom: 70px !important;}&#8220;]<\/p>\n<h3>Ich bin kein Certisys-Kunde<\/h3>\n<p>[\/vc_column_text][vc_row_inner el_class=&#8220;custom-section-gids&#8220; css=&#8220;.vc_custom_1732002380476{border-top-width: 2px !important;border-right-width: 2px !important;border-bottom-width: 2px !important;border-left-width: 2px !important;padding-top: 20px !important;padding-right: 20px !important;padding-bottom: 20px !important;padding-left: 20px !important;border-left-style: solid !important;border-right-style: solid !important;border-top-style: solid !important;border-bottom-style: solid !important;border-radius: 20px !important;border-color: #e31412 !important;}&#8220;][vc_column_inner css=&#8220;.vc_custom_1732002410445{padding-top: 0px !important;padding-right: 0px !important;padding-bottom: 0px !important;padding-left: 0px !important;}&#8220;][vc_column_text css=&#8220;.vc_custom_1732022114463{margin-bottom: 25px !important;}&#8220;]Folgen Sie dem unten stehenden Link und erhalten Sie unseren kostenlosen Leitfaden zum Certisys-Zertifizierungssystem.[\/vc_column_text]<div class=\"d-flex justify-content-center \"><a class=\"psh_button btn-28591177\" href=\"https:\/\/forms.sbc36.com\/5a5f3949b85b536a9f4bd68c\/7LjksAtjTsun5jiinBZdYQ\/form.html\" alt=\"Fordern Sie Ihren Leitfaden an\" target=\"_blank\">Fordern Sie Ihren Leitfaden an<\/a><\/div>\n        <style>.psh_button.btn-28591177{\n          font-size: 18px;\n          text-transform: none;\n          padding: 10px 20px 10px 20px;\n          border-radius: 80px;\n          border-width: 0px;\n          background-color: #e30613;\n          border-color: ;\n          border-style: solid;\n          color: #ffffff;\n          display: inline-block;\n          \n          transition: all .3s ease-in-out;\n        }\n        .psh_button.btn-28591177:hover{\n          background-color: #f18970;\n          border-color: ;\n          color: #ffffff;\n          transition: all .3s ease-in-out;\n        }<\/style>[\/vc_column_inner][\/vc_row_inner][\/vc_column][vc_column width=&#8220;1\/6&#8243;][\/vc_column][\/vc_row]<\/p>\n<\/div>","protected":false},"excerpt":{"rendered":"<p>[vc_row css=&#8220;.vc_custom_1727252660029{margin-bottom: 70px !important;}&#8220;][vc_column width=&#8220;1\/6&#8243;][\/vc_column][vc_column width=&#8220;2\/3&#8243;][vc_column_text css=&#8220;&#8220;]Sie \u00fcben eine BIO-T\u00e4tigkeit aus oder Sie m\u00f6chten eine derartige T\u00e4tigkeit beginnen, die diesbez\u00fcgliche Gesetzgebung erscheint Ihnen jedoch manchmal zu umfangreich? Kein Problem, unser Expertenteam von Certisys hat f\u00fcr Sie Praxisleitf\u00e4den verfasst, die\u00a0f\u00fcr Ihren T\u00e4tigkeitsbereich\u00a0das Wichtigste aus der Gesetzgebung\u00a0zusammenfassen.[\/vc_column_text][vc_row_inner el_class=&#8220;custom-col-tablet custom-guides&#8220;][vc_column_inner width=&#8220;1\/4&#8243;][vc_single_image image=&#8220;10220&#8243; img_size=&#8220;full&#8220; alignment=&#8220;center&#8220; css=&#8220;&#8220; el_class=&#8220;custom-shadow&#8220;][vc_column_text css=&#8220;&#8220;] Den [&hellip;]<\/p>\n","protected":false},"author":1,"featured_media":0,"parent":7009,"menu_order":2,"comment_status":"closed","ping_status":"closed","template":"","meta":{"_acf_changed":false,"footnotes":""},"class_list":["post-7014","page","type-page","status-publish","hentry"],"acf":[],"yoast_head":"<!-- This site is optimized with the Yoast SEO plugin v26.6 - https:\/\/yoast.com\/wordpress\/plugins\/seo\/ -->\n<title>Praxisleitf\u00e4den - CERTISYS<\/title>\n<meta name=\"description\" content=\"Unsere Praxisleitf\u00e4den enthalten die wesentlichen Informationen zu den f\u00fcr Ihren T\u00e4tigkeitsbereich spezifischen Vorschriften.\" \/>\n<meta name=\"robots\" content=\"index, follow, max-snippet:-1, max-image-preview:large, max-video-preview:-1\" \/>\n<link rel=\"canonical\" href=\"https:\/\/www.certisys.eu\/de\/vorschriften\/praxisleitfaeden\/\" \/>\n<meta property=\"og:locale\" content=\"de_DE\" \/>\n<meta property=\"og:type\" content=\"article\" \/>\n<meta property=\"og:title\" content=\"Praxisleitf\u00e4den - CERTISYS\" \/>\n<meta property=\"og:description\" content=\"Unsere Praxisleitf\u00e4den enthalten die wesentlichen Informationen zu den f\u00fcr Ihren T\u00e4tigkeitsbereich spezifischen Vorschriften.\" \/>\n<meta property=\"og:url\" content=\"https:\/\/www.certisys.eu\/de\/vorschriften\/praxisleitfaeden\/\" \/>\n<meta property=\"og:site_name\" content=\"CERTISYS\" \/>\n<meta property=\"article:modified_time\" content=\"2025-05-05T14:14:09+00:00\" \/>\n<meta name=\"twitter:card\" content=\"summary_large_image\" \/>\n<meta name=\"twitter:label1\" content=\"Gesch\u00e4tzte Lesezeit\" \/>\n\t<meta name=\"twitter:data1\" content=\"1\u00a0Minute\" \/>\n<!-- \/ Yoast SEO plugin. -->","yoast_head_json":{"title":"Praxisleitf\u00e4den - CERTISYS","description":"Unsere Praxisleitf\u00e4den enthalten die wesentlichen Informationen zu den f\u00fcr Ihren T\u00e4tigkeitsbereich spezifischen Vorschriften.","robots":{"index":"index","follow":"follow","max-snippet":"max-snippet:-1","max-image-preview":"max-image-preview:large","max-video-preview":"max-video-preview:-1"},"canonical":"https:\/\/www.certisys.eu\/de\/vorschriften\/praxisleitfaeden\/","og_locale":"de_DE","og_type":"article","og_title":"Praxisleitf\u00e4den - CERTISYS","og_description":"Unsere Praxisleitf\u00e4den enthalten die wesentlichen Informationen zu den f\u00fcr Ihren T\u00e4tigkeitsbereich spezifischen Vorschriften.","og_url":"https:\/\/www.certisys.eu\/de\/vorschriften\/praxisleitfaeden\/","og_site_name":"CERTISYS","article_modified_time":"2025-05-05T14:14:09+00:00","twitter_card":"summary_large_image","twitter_misc":{"Gesch\u00e4tzte Lesezeit":"1\u00a0Minute"},"schema":{"@context":"https:\/\/schema.org","@graph":[{"@type":"WebPage","@id":"https:\/\/www.certisys.eu\/de\/vorschriften\/praxisleitfaeden\/","url":"https:\/\/www.certisys.eu\/de\/vorschriften\/praxisleitfaeden\/","name":"Praxisleitf\u00e4den - CERTISYS","isPartOf":{"@id":"https:\/\/www.certisys.eu\/de\/#website"},"datePublished":"2021-03-18T09:23:00+00:00","dateModified":"2025-05-05T14:14:09+00:00","description":"Unsere Praxisleitf\u00e4den enthalten die wesentlichen Informationen zu den f\u00fcr Ihren T\u00e4tigkeitsbereich spezifischen Vorschriften.","breadcrumb":{"@id":"https:\/\/www.certisys.eu\/de\/vorschriften\/praxisleitfaeden\/#breadcrumb"},"inLanguage":"de","potentialAction":[{"@type":"ReadAction","target":["https:\/\/www.certisys.eu\/de\/vorschriften\/praxisleitfaeden\/"]}]},{"@type":"BreadcrumbList","@id":"https:\/\/www.certisys.eu\/de\/vorschriften\/praxisleitfaeden\/#breadcrumb","itemListElement":[{"@type":"ListItem","position":1,"name":"Home","item":"https:\/\/www.certisys.eu\/de\/"},{"@type":"ListItem","position":2,"name":"Vorschriften","item":"https:\/\/www.certisys.eu\/de\/reglementation-bio\/"},{"@type":"ListItem","position":3,"name":"Praxisleitf\u00e4den"}]},{"@type":"WebSite","@id":"https:\/\/www.certisys.eu\/de\/#website","url":"https:\/\/www.certisys.eu\/de\/","name":"CERTISYS","description":"Bio Certification","potentialAction":[{"@type":"SearchAction","target":{"@type":"EntryPoint","urlTemplate":"https:\/\/www.certisys.eu\/de\/?s={search_term_string}"},"query-input":{"@type":"PropertyValueSpecification","valueRequired":true,"valueName":"search_term_string"}}],"inLanguage":"de"}]}},"jetpack_sharing_enabled":true,"_links":{"self":[{"href":"https:\/\/www.certisys.eu\/de\/wp-json\/wp\/v2\/pages\/7014","targetHints":{"allow":["GET"]}}],"collection":[{"href":"https:\/\/www.certisys.eu\/de\/wp-json\/wp\/v2\/pages"}],"about":[{"href":"https:\/\/www.certisys.eu\/de\/wp-json\/wp\/v2\/types\/page"}],"author":[{"embeddable":true,"href":"https:\/\/www.certisys.eu\/de\/wp-json\/wp\/v2\/users\/1"}],"replies":[{"embeddable":true,"href":"https:\/\/www.certisys.eu\/de\/wp-json\/wp\/v2\/comments?post=7014"}],"version-history":[{"count":33,"href":"https:\/\/www.certisys.eu\/de\/wp-json\/wp\/v2\/pages\/7014\/revisions"}],"predecessor-version":[{"id":47640,"href":"https:\/\/www.certisys.eu\/de\/wp-json\/wp\/v2\/pages\/7014\/revisions\/47640"}],"up":[{"embeddable":true,"href":"https:\/\/www.certisys.eu\/de\/wp-json\/wp\/v2\/pages\/7009"}],"wp:attachment":[{"href":"https:\/\/www.certisys.eu\/de\/wp-json\/wp\/v2\/media?parent=7014"}],"curies":[{"name":"wp","href":"https:\/\/api.w.org\/{rel}","templated":true}]}}