{"id":7009,"date":"2020-10-12T10:22:59","date_gmt":"2020-10-12T08:22:59","guid":{"rendered":"https:\/\/certisys.poush.be\/reglementation\/"},"modified":"2026-01-06T13:56:44","modified_gmt":"2026-01-06T11:56:44","slug":"vorschriften","status":"publish","type":"page","link":"https:\/\/www.certisys.eu\/de\/vorschriften\/","title":{"rendered":"Vorschriften"},"content":{"rendered":"<div class=\"wpb-content-wrapper\"><p>[vc_row content_placement=&#8220;middle&#8220; css=&#8220;.vc_custom_1616059326651{padding-bottom: 20px !important;}&#8220;][vc_column width=&#8220;2\/3&#8243; offset=&#8220;vc_col-lg-offset-3 vc_col-lg-6&#8243;][vc_column_text]<\/p>\n<p style=\"text-align: center;\">Der BIO-Markt in der Europ\u00e4ischen Union ist <strong>durch europ\u00e4ischen Verordnungen gesch\u00fctzt.<\/strong> Dar\u00fcber hinaus gibt es <strong>Umsetzungsma\u00dfnahmen auf regionaler belgischer Ebene<\/strong>.<\/p>\n<p style=\"text-align: center;\">Au\u00dferdem gibt es <strong>nationale und privatwirtschaftliche Richtlinien<\/strong>, die Bereiche abdecken, die nicht unter die europ\u00e4ische Verordnung fallen.<\/p>\n<p>[\/vc_column_text][\/vc_column][\/vc_row][vc_row disable_element=&#8220;yes&#8220; css=&#8220;.vc_custom_1767697465659{margin-bottom: 30px !important;padding-right: 50px !important;padding-left: 50px !important;}&#8220; el_class=&#8220;hotnews&#8220;][vc_column][vc_column_text]<\/p>\n<h3 style=\"text-align: left; color: #e30614;\">Hot news<\/h3>\n<p>[\/vc_column_text][vc_column_text css=&#8220;.vc_custom_1733750181441{border-top-width: 4px !important;border-right-width: 4px !important;border-bottom-width: 4px !important;border-left-width: 4px !important;padding-top: 20px !important;padding-right: 20px !important;padding-bottom: 20px !important;padding-left: 20px !important;border-left-style: solid !important;border-right-style: solid !important;border-top-style: solid !important;border-bottom-style: solid !important;border-radius: 2px !important;border-color: #e30614 !important;}&#8220;]<\/p>\n<ul>\n<li><strong>BIO-Importe: Wichtige \u00c4nderung ab dem 1. Januar 2025!<\/strong><\/li>\n<\/ul>\n<p>Ab dem <strong>01.01.2025<\/strong> m\u00fcssen Zertifizierungsstellen, die au\u00dferhalb der Europ\u00e4ischen Union angesiedelt sind, aufgrund ihrer <strong>&#8222;Konformit\u00e4t&#8220;<\/strong> mit der neuen europ\u00e4ischen Gesetzgebung anerkannt sein. Das alte System, in dem die Zertifizierungsstellen aufgrund ihrer Gleichwertigkeit anerkannt waren, endet am <strong>31.12.2024<\/strong>.<\/p>\n<p>\u00dcberpr\u00fcfen Sie deshalb bitte, ob mit Ihren ausl\u00e4ndischen Dienstleistern alles in Ordnung ist und achten Sie auf die Konformit\u00e4t der Produkte, die Sie importieren. Schauen Sie bitte nach, ob die Kontrollstellen in der <strong>&#8222;Konformit\u00e4tsliste&#8220;<\/strong>\u00a0in Anhang II der Verordnung\u00a0<a href=\"https:\/\/eur-lex.europa.eu\/legal-content\/EN\/TXT\/?uri=CELEX%3A02021R1378-20241107\"><strong>2021\/1378<\/strong><\/a><strong>\u00a0<\/strong>aufgef\u00fchrt sind.[\/vc_column_text][vc_column_text css=&#8220;.vc_custom_1734962305039{border-top-width: 4px !important;border-right-width: 4px !important;border-bottom-width: 4px !important;border-left-width: 4px !important;padding-top: 20px !important;padding-right: 20px !important;padding-bottom: 20px !important;padding-left: 20px !important;border-left-style: solid !important;border-right-style: solid !important;border-top-style: solid !important;border-bottom-style: solid !important;border-radius: 2px !important;border-color: #e30614 !important;}&#8220;]<\/p>\n<ul>\n<li><strong>\u00a0\u00c4nderungen im Erlass der Wallonischen Regierung vom 23.12.2024<\/strong><\/li>\n<\/ul>\n<p>Die \u00c4nderungen betreffen:<\/p>\n<ul>\n<li style=\"list-style-type: none;\">\n<ul>\n<li><strong>Alle wallonischen Betreiber<\/strong>: Klarstellung in Bezug auf die R\u00fcckstufungsschwellenwerte.<\/li>\n<li><strong>Gefl\u00fcgelz\u00fcchter<\/strong>: neue Anforderungen f\u00fcr Auslaufpl\u00e4tze im Freien f\u00fcr BIO-Gefl\u00fcgel.<\/li>\n<li><strong>Schweine- und Gefl\u00fcgelz\u00fcchter sowie Futterlieferanten f\u00fcr Zuchttiere: <\/strong>Garantien f\u00fcr die Regionalit\u00e4t des Futters.<\/li>\n<li><strong>Lebensmittelverarbeiter<\/strong>: Klarstellung der Verpflichtungen in Bezug auf die Abwesenheit von Nanomaterialien.<\/li>\n<\/ul>\n<\/li>\n<\/ul>\n<p><a href=\"https:\/\/www.certisys.eu\/de\/aenderungen-im-erlass-der-wallonischen-regierung-vom-23-12-2024\/\">Mehr Info<\/a>[\/vc_column_text][\/vc_column][\/vc_row][vc_row css=&#8220;.vc_custom_1614846917657{padding-top: 50px !important;padding-bottom: 80px !important;background-color: #f0f3f1 !important;}&#8220;][vc_column width=&#8220;1\/4&#8243;][\/vc_column][vc_column width=&#8220;1\/2&#8243;][vc_column_text]<\/p>\n<h2 style=\"text-align: center;\">Offizielle Regelungen<\/h2>\n<p>[\/vc_column_text][vc_column_text]<\/p>\n<p style=\"text-align: center;\"><img data-recalc-dims=\"1\" loading=\"lazy\" decoding=\"async\" class=\"wp-image-19938 alignnone aligncenter\" src=\"https:\/\/i0.wp.com\/www.certisys.eu\/wp-content\/uploads\/2023\/03\/Sans-titre2-e1679322486770.png?resize=47%2C47&#038;ssl=1\" alt=\"\" width=\"47\" height=\"47\" \/><a href=\"https:\/\/www.certisys.eu\/wp-content\/uploads\/2023\/03\/Eine-Verordnung-online-auf-der-EUR-LEX-Website-abrufen.pdf\">\u00a0Hier<\/a> erfahren Sie, wie Sie eine offizielle Verordnung auf der<span style=\"color: #0000ff;\"><strong> Eur-Lex-Website<\/strong><\/span> abrufen k\u00f6nnen.<\/p>\n<p>[\/vc_column_text][vc_tta_accordion style=&#8220;modern&#8220; shape=&#8220;round&#8220; color=&#8220;white&#8220; c_position=&#8220;right&#8220; active_section=&#8220;100&#8243; no_fill=&#8220;true&#8220; collapsible_all=&#8220;true&#8220;][vc_tta_section title=&#8220;Europ\u00e4ische Verordnungen g\u00fcltig ab dem 01.01.2022&#8243; tab_id=&#8220;europe-01012022&#8243;][vc_column_text css=&#8220;.vc_custom_1703085333796{border-top-width: 2px !important;border-right-width: 2px !important;border-bottom-width: 2px !important;border-left-width: 2px !important;padding-top: 20px !important;padding-right: 20px !important;padding-bottom: 20px !important;padding-left: 20px !important;border-left-color: #e30614 !important;border-left-style: dashed !important;border-right-color: #e30614 !important;border-right-style: dashed !important;border-top-color: #e30614 !important;border-top-style: dashed !important;border-bottom-color: #e30614 !important;border-bottom-style: dashed !important;}&#8220;]<a href=\"https:\/\/eur-lex.europa.eu\/legal-content\/DE\/TXT\/?qid=1684914485734&amp;uri=CELEX%3A32018R0848\"><strong>Verordnung (EU) Nr. 2018\/848<\/strong><\/a><strong> konsolidierte Fassung<\/strong><\/p>\n<p>Diese Verordnung <strong>ersetzt ab dem 1. Januar 2022 die Grundverordnung 834\/2007,<\/strong> gem\u00e4\u00df der <a href=\"https:\/\/eur-lex.europa.eu\/legal-content\/FR\/TXT\/HTML\/?uri=CELEX:32021R0269&amp;from=FR\" target=\"_blank\" rel=\"noopener\">Verordnung Nr. 2021\/269<\/a>.<\/p>\n<p>Sie enth\u00e4lt die <strong>Grunds\u00e4tze<\/strong> und <strong>grundlegenden Vorschriften<\/strong> f\u00fcr die Landwirtschaft, die Zubereitung von \u00f6kologischen\/biologischen Lebensmitteln und Futtermitteln, den Vertrieb, den Import sowie die Kennzeichnung und Kontrolle.<\/p>\n<p><a href=\"https:\/\/www.certisys.eu\/wp-content\/uploads\/2022\/01\/GT028-v03_NEUEN-EUROPAISCHEN-VERORDNUNG-2022-Anhang-2-Sekundare-Akte_DE.pdf\">Hier finden Sie die Liste der Durchf\u00fchrungsrechtsakte und delegierten Rechtsakte im Zusammenhang mit der Verordnung (EU) 2018\/848.<\/a>[\/vc_column_text][\/vc_tta_section][vc_tta_section title=&#8220;EU-Verordnungen f\u00fcr Importe&#8220; tab_id=&#8220;Importe&#8220;][vc_column_text css=&#8220;.vc_custom_1735207887883{border-top-width: 2px !important;border-right-width: 2px !important;border-bottom-width: 2px !important;border-left-width: 2px !important;padding-top: 20px !important;padding-right: 20px !important;padding-bottom: 20px !important;padding-left: 20px !important;border-left-style: dashed !important;border-right-style: dashed !important;border-top-style: dashed !important;border-bottom-style: dashed !important;border-color: #e30614 !important;}&#8220;]Biologische Erzeugnisse, die von einem Exporteur aus einem Drittland (Land au\u00dferhalb der Europ\u00e4ischen Union) kommen, d\u00fcrfen innerhalb des europ\u00e4ischen Wirtschaftsraums als biologisch verkauft, etikettiert und pr\u00e4sentiert werden, sofern sie in einem der 4 Importsysteme in die EU importiert wurden:<\/p>\n<p><strong>1.Konformit\u00e4t<\/strong> (Artikel 46 der Verordnung 2018\/848)<\/p>\n<ul>\n<li>Die Liste der f\u00fcr die Konformit\u00e4t anerkannten Zertifizierungsstellen ist unter <a href=\"https:\/\/eur-lex.europa.eu\/legal-content\/EN\/TXT\/?uri=CELEX%3A32021R1378&amp;qid=1683539713796\">diesem Link<\/a> einsehbar (R. 2021\/1378 \u2013 letzte konsolidierte Fassung)<\/li>\n<\/ul>\n<p><strong>2.Sondervereinbarung<\/strong> \u00a0(Artikel 47 der Verordnung 2018\/848)<\/p>\n<ul>\n<li>Die Liste der von dieser Sondervereinbarung betroffenen L\u00e4nder ist unter folgendem Link einsehbar: <a href=\"https:\/\/agriculture.ec.europa.eu\/farming\/organic-farming\/trade\/agreements-trade-organic-products_en\">Agreements on trade in organic products &#8211; European Commission<\/a><\/li>\n<\/ul>\n<p><strong>3.Gleichwertigkeit nach <u>Kontrollstelle<\/u><\/strong> (Artikel 57 der Verordnung 2018\/848)<\/p>\n<ul>\n<li>Die Liste der f\u00fcr die Gleichwertigkeit anerkannten Zertifizierungsstellen ist in Anhang 2 der <a href=\"https:\/\/eur-lex.europa.eu\/legal-content\/FR\/TXT\/?uri=CELEX%3A32021R2325\">Verordnung 2021\/2325<\/a> (letzte konsolidierte Fassung) einsehbar.<\/li>\n<li>Dieses System gilt nicht mehr ab dem <u>31.12.2024<\/u>.<\/li>\n<\/ul>\n<p><strong>4.Gleichwertigkeit nach <u>Drittland<\/u><\/strong> (Artikel 48 der Verordnung 2018\/848)<\/p>\n<ul>\n<li>Die Liste der f\u00fcr die Gleichwertigkeit anerkannten Drittl\u00e4nder ist in Anhang 1 der <a href=\"https:\/\/eur-lex.europa.eu\/legal-content\/FR\/TXT\/?uri=CELEX%3A32021R2325\">Verordnung 2021\/2325<\/a> (letzte konsolidierte Fassung) einsehbar.<\/li>\n<li>Diese System gilt bis zum <u>31.12.2026<\/u><\/li>\n<\/ul>\n<p>[\/vc_column_text][\/vc_tta_section][vc_tta_section title=&#8220;Belgien&#8220; tab_id=&#8220;Belgien&#8220;][vc_single_image image=&#8220;1826&#8243; img_size=&#8220;800&#215;300&#8243; alignment=&#8220;center&#8220;][vc_column_text css=&#8220;&#8220;]<\/p>\n<h3>Wallonien<\/h3>\n<ul>\n<li><strong>Wallonische Ministerialerlasse<\/strong>\n<ul>\n<li><u><\/u><u><a id=\"OWA526c9b6b-0b16-28d6-7085-2433a854182b\" class=\"OWAAutoLink\" href=\"https:\/\/www.ejustice.just.fgov.be\/cgi\/article.pl?language=de&amp;sum_date=2026-01-02&amp;dt=Arr%EAt%E9&amp;htit=Arr%EAt%E9+du+Gouvernement+wallon+relatif+%E0+la+production+biologique+et+%E0+l%27%E9tiquetage+des+produits+biologiques+et+abrogeant+l%27arr%EAt%E9+du+Gouvernement+wallon+du+11+f%E9vrier+2010+concernant+le+mode+de+production+et+l%27%E9tiquetage+des+produits+biologiques&amp;choix1=et&amp;choix2=et&amp;fr=f&amp;nl=n&amp;du=d&amp;trier=promulgation&amp;lg_txt=d&amp;pd_search=2022-12-07&amp;s_editie=&amp;numac_search=2022206901&amp;caller=list&amp;2022206901=0&amp;view_numac=2022206901nx2022206901f\" data-auth=\"NotApplicable\" data-olk-copy-source=\"MailCompose\">Erlass der Wallonischen Regierung \u00fcber die biologische Produktion und die Kennzeichnung von biologischen Erzeugnissen vom 13.10.2022<\/a><\/u>&nbsp;+ <u><a id=\"OWAe7b9440b-6dfe-73b5-a5cc-a5556f67d4eb\" class=\"OWAAutoLink\" href=\"https:\/\/www.ejustice.just.fgov.be\/mopdf\/2023\/01\/20_1.pdf#page=228\" data-auth=\"NotApplicable\">Anh\u00e4nge<\/a><\/u>&nbsp;+ <u><a id=\"OWA6e6de287-efea-6c6c-f848-4c767e7ef85c\" class=\"OWAAutoLink\" href=\"https:\/\/www.ejustice.just.fgov.be\/cgi\/article.pl?language=de&amp;sum_date=2026-01-02&amp;dt=Arr%EAt%E9+minist%E9riel&amp;pdd=2024-10-01&amp;pdf=2024-12-31&amp;text1=biologique&amp;choix1=et&amp;choix2=et&amp;fr=f&amp;nl=n&amp;du=d&amp;trier=promulgation&amp;lg_txt=d&amp;pd_search=2024-12-13&amp;s_editie=&amp;numac_search=2024011250&amp;caller=list&amp;2024011250=1&amp;view_numac=2024011250nx2024011250fx2022206901f%26%2365533%3B2022206901f\" data-auth=\"NotApplicable\">Ministerieller Erlass zur Ab\u00e4nderung der Anh\u00e4nge 1, 4, 5, 8 und 9 des Erlasses der Wallonischen Regierung vom 13. Oktober 2022 vom 11.10.2024<\/a><\/u>&nbsp;\u201c<\/li>\n<li><a href=\"https:\/\/www.stradalex.com\/fr\/sl_src_publ_leg_be_moniteur\/toc\/leg_be_moniteur_fr_02102015_1\/doc\/mb2015204326\">Wallonischer Ministerialerlass \u00fcber die <strong>Beihilfen f\u00fcr die biologische Landwirtschaft<\/strong> vom 03.09.2015.<\/a><\/li>\n<li><a href=\"https:\/\/www.certisys.eu\/wp-content\/uploads\/2020\/11\/RX2166fr01_7711.pdf\">Wallonischer Ministerialerlass vom 03.09.2015 zur Ab\u00e4nderung des Erlasses vom 03.04.2014 \u00fcber die Gew\u00e4hrung von <strong>Beihilfen f\u00fcr die biologische Landwirtschaft<\/strong><\/a><\/li>\n<\/ul>\n<\/li>\n<\/ul>\n<p>Alle Informationen zum \u00f6kologischen Landbau in Wallonien finden Sie auf der Website des <a href=\"https:\/\/agriculture.wallonie.be\/accueil\" target=\"_blank\" rel=\"noopener\">\u00d6DW Landwirtschaft<\/a>.<\/p>\n<h3>Br\u00fcssel<\/h3>\n<ul>\n<li>Erlass der wallonischen Regierung der Region Br\u00fcssel-Hauptstadt vom 03.12.2009 \u00fcber die <a href=\"https:\/\/www.certisys.eu\/wp-content\/uploads\/2020\/11\/RX2063fr01_1541.pdf\"><strong>biologischen Produktionsmethoden und die Kennzeichnung biologischer Erzeugnisse<\/strong>.<\/a><\/li>\n<li><a href=\"https:\/\/www.ejustice.just.fgov.be\/cgi_loi\/article.pl?language=de&amp;lg_txt=d&amp;type=&amp;sort=&amp;numac_search=&amp;cn_search=2013051302&amp;caller=SUM&amp;&amp;view_numac=2013051302f\"><u>Ministerialerlass der Region Br\u00fcssel-Hauptstadt vom 05.06.2013 \u00fcber die <\/u><strong>Genehmigung der Biogaranti<\/strong><strong>e Richtlinien \u201eGastronomie\u201c<\/strong>.<\/a><\/li>\n<\/ul>\n<h3>Flandern<\/h3>\n<p>Alle Informationen zur Landwirtschaft in Flandern finden Sie auf der Website der <a href=\"https:\/\/lv.vlaanderen.be\/nl\/bio\" target=\"_blank\" rel=\"noopener\">fl\u00e4mischen Beh\u00f6rden<\/a>.[\/vc_column_text][\/vc_tta_section][vc_tta_section title=&#8220;Liste der von der Europ\u00e4ischen Kommission zugelassenen Kontrollstellen und\/oder Beh\u00f6rden&#8220; tab_id=&#8220;zugelassenen&#8220;][vc_column_text]Sie k\u00f6nnen die <a href=\"https:\/\/ec.europa.eu\/agriculture\/ofis_public\/actor_cbeu\/ctrl.cfm?targetUrl=home\" target=\"_blank\" rel=\"noopener\">Liste der in der Europ\u00e4ischen Union zugelassenen Kontrollstellen und\/oder Beh\u00f6rden<\/a> einsehen.[\/vc_column_text][\/vc_tta_section][vc_tta_section title=&#8220;Gro\u00dfherzogtum Luxemburg&#8220; tab_id=&#8220;luxemburg&#8220;][vc_single_image image=&#8220;4244&#8243; img_size=&#8220;800&#215;300&#8243; alignment=&#8220;center&#8220;][vc_column_text css=&#8220;&#8220;]CERTISYS ist im Gro\u00dfherzogtum Luxemburg anerkannt <strong>(LU-BIO-06)<\/strong> und unterst\u00fctzt Sie bei der Zertifizierung Ihrer Erzeugnisse.<\/p>\n<ul>\n<li><a href=\"https:\/\/www.certisys.eu\/wp-content\/uploads\/2021\/05\/RX2061de02ReglementGrandDucal1erDec1992.pdf\">Gro\u00dfherzogliche Verordnung<\/a><\/li>\n<li><a href=\"https:\/\/agriculture.public.lu\/de\/ernaehrung\/biologische-landwirtschaft.html\" target=\"_blank\" rel=\"noopener\">Informationen zum \u00f6kologischen Landbau im Gro\u00dfherzogtum Luxemburg<\/a> (in deutsch)<\/li>\n<\/ul>\n<p>Die Formalit\u00e4ten und Schritte f\u00fcr den Start Ihrer BIO-T\u00e4tigkeit im Gro\u00dfherzogtum Luxemburg finden Sie <a href=\"https:\/\/logistics.public.lu\/fr\/formalities-procedures\/type-goods\/food-feed\/organic-products.html\" target=\"_blank\" rel=\"noopener\">hier.<\/a>[\/vc_column_text][\/vc_tta_section][\/vc_tta_accordion][\/vc_column][vc_column width=&#8220;1\/4&#8243;][\/vc_column][\/vc_row][vc_row full_width=&#8220;stretch_row_content_no_spaces&#8220; css=&#8220;.vc_custom_1619011192493{padding-top: 300px !important;background-image: url(https:\/\/www.certisys.eu\/wp-content\/uploads\/2021\/04\/2020-10-15-Certisys-0143.jpg?id=4255) !important;background-position: center !important;background-repeat: no-repeat !important;background-size: cover !important;}&#8220;][vc_column][\/vc_column][\/vc_row]<\/p>\n<\/div>","protected":false},"excerpt":{"rendered":"<p>[vc_row content_placement=&#8220;middle&#8220; css=&#8220;.vc_custom_1616059326651{padding-bottom: 20px !important;}&#8220;][vc_column width=&#8220;2\/3&#8243; offset=&#8220;vc_col-lg-offset-3 vc_col-lg-6&#8243;][vc_column_text] Der BIO-Markt in der Europ\u00e4ischen Union ist durch europ\u00e4ischen Verordnungen gesch\u00fctzt. Dar\u00fcber hinaus gibt es Umsetzungsma\u00dfnahmen auf regionaler belgischer Ebene. Au\u00dferdem gibt es nationale und privatwirtschaftliche Richtlinien, die Bereiche abdecken, die nicht unter die europ\u00e4ische Verordnung fallen. [\/vc_column_text][\/vc_column][\/vc_row][vc_row disable_element=&#8220;yes&#8220; css=&#8220;.vc_custom_1767697465659{margin-bottom: 30px !important;padding-right: 50px !important;padding-left: 50px !important;}&#8220; el_class=&#8220;hotnews&#8220;][vc_column][vc_column_text] [&hellip;]<\/p>\n","protected":false},"author":1,"featured_media":0,"parent":0,"menu_order":5,"comment_status":"closed","ping_status":"closed","template":"","meta":{"_acf_changed":false,"footnotes":""},"class_list":["post-7009","page","type-page","status-publish","hentry"],"acf":[],"yoast_head":"<!-- This site is optimized with the Yoast SEO plugin v26.6 - https:\/\/yoast.com\/wordpress\/plugins\/seo\/ -->\n<title>Vorschriften - CERTISYS<\/title>\n<meta name=\"description\" content=\"Der Biomarkt in der Europ\u00e4ischen Union ist durch europ\u00e4ische Vorschriften gesch\u00fctzt. Dar\u00fcber hinaus gibt es in Belgien Durchf\u00fchrungsma\u00dfnahmen auf regionaler Ebene.\" \/>\n<meta name=\"robots\" content=\"index, follow, max-snippet:-1, max-image-preview:large, max-video-preview:-1\" \/>\n<link rel=\"canonical\" href=\"https:\/\/www.certisys.eu\/de\/vorschriften\/\" \/>\n<meta property=\"og:locale\" content=\"de_DE\" \/>\n<meta property=\"og:type\" content=\"article\" \/>\n<meta property=\"og:title\" content=\"Vorschriften - CERTISYS\" \/>\n<meta property=\"og:description\" content=\"Der Biomarkt in der Europ\u00e4ischen Union ist durch europ\u00e4ische Vorschriften gesch\u00fctzt. Dar\u00fcber hinaus gibt es in Belgien Durchf\u00fchrungsma\u00dfnahmen auf regionaler Ebene.\" \/>\n<meta property=\"og:url\" content=\"https:\/\/www.certisys.eu\/de\/vorschriften\/\" \/>\n<meta property=\"og:site_name\" content=\"CERTISYS\" \/>\n<meta property=\"article:modified_time\" content=\"2026-01-06T11:56:44+00:00\" \/>\n<meta property=\"og:image\" content=\"https:\/\/www.certisys.eu\/wp-content\/uploads\/2023\/03\/Sans-titre2-e1679322486770.png\" \/>\n<meta name=\"twitter:card\" content=\"summary_large_image\" \/>\n<meta name=\"twitter:label1\" content=\"Gesch\u00e4tzte Lesezeit\" \/>\n\t<meta name=\"twitter:data1\" content=\"5\u00a0Minuten\" \/>\n<!-- \/ Yoast SEO plugin. -->","yoast_head_json":{"title":"Vorschriften - CERTISYS","description":"Der Biomarkt in der Europ\u00e4ischen Union ist durch europ\u00e4ische Vorschriften gesch\u00fctzt. Dar\u00fcber hinaus gibt es in Belgien Durchf\u00fchrungsma\u00dfnahmen auf regionaler Ebene.","robots":{"index":"index","follow":"follow","max-snippet":"max-snippet:-1","max-image-preview":"max-image-preview:large","max-video-preview":"max-video-preview:-1"},"canonical":"https:\/\/www.certisys.eu\/de\/vorschriften\/","og_locale":"de_DE","og_type":"article","og_title":"Vorschriften - CERTISYS","og_description":"Der Biomarkt in der Europ\u00e4ischen Union ist durch europ\u00e4ische Vorschriften gesch\u00fctzt. Dar\u00fcber hinaus gibt es in Belgien Durchf\u00fchrungsma\u00dfnahmen auf regionaler Ebene.","og_url":"https:\/\/www.certisys.eu\/de\/vorschriften\/","og_site_name":"CERTISYS","article_modified_time":"2026-01-06T11:56:44+00:00","og_image":[{"url":"https:\/\/www.certisys.eu\/wp-content\/uploads\/2023\/03\/Sans-titre2-e1679322486770.png","type":"","width":"","height":""}],"twitter_card":"summary_large_image","twitter_misc":{"Gesch\u00e4tzte Lesezeit":"5\u00a0Minuten"},"schema":{"@context":"https:\/\/schema.org","@graph":[{"@type":"WebPage","@id":"https:\/\/www.certisys.eu\/de\/vorschriften\/","url":"https:\/\/www.certisys.eu\/de\/vorschriften\/","name":"Vorschriften - CERTISYS","isPartOf":{"@id":"https:\/\/www.certisys.eu\/de\/#website"},"primaryImageOfPage":{"@id":"https:\/\/www.certisys.eu\/de\/vorschriften\/#primaryimage"},"image":{"@id":"https:\/\/www.certisys.eu\/de\/vorschriften\/#primaryimage"},"thumbnailUrl":"https:\/\/www.certisys.eu\/wp-content\/uploads\/2023\/03\/Sans-titre2-e1679322486770.png","datePublished":"2020-10-12T08:22:59+00:00","dateModified":"2026-01-06T11:56:44+00:00","description":"Der Biomarkt in der Europ\u00e4ischen Union ist durch europ\u00e4ische Vorschriften gesch\u00fctzt. Dar\u00fcber hinaus gibt es in Belgien Durchf\u00fchrungsma\u00dfnahmen auf regionaler Ebene.","breadcrumb":{"@id":"https:\/\/www.certisys.eu\/de\/vorschriften\/#breadcrumb"},"inLanguage":"de","potentialAction":[{"@type":"ReadAction","target":["https:\/\/www.certisys.eu\/de\/vorschriften\/"]}]},{"@type":"ImageObject","inLanguage":"de","@id":"https:\/\/www.certisys.eu\/de\/vorschriften\/#primaryimage","url":"https:\/\/www.certisys.eu\/wp-content\/uploads\/2023\/03\/Sans-titre2-e1679322486770.png","contentUrl":"https:\/\/www.certisys.eu\/wp-content\/uploads\/2023\/03\/Sans-titre2-e1679322486770.png"},{"@type":"BreadcrumbList","@id":"https:\/\/www.certisys.eu\/de\/vorschriften\/#breadcrumb","itemListElement":[{"@type":"ListItem","position":1,"name":"Home","item":"https:\/\/www.certisys.eu\/de\/"},{"@type":"ListItem","position":2,"name":"Vorschriften"}]},{"@type":"WebSite","@id":"https:\/\/www.certisys.eu\/de\/#website","url":"https:\/\/www.certisys.eu\/de\/","name":"CERTISYS","description":"Bio Certification","potentialAction":[{"@type":"SearchAction","target":{"@type":"EntryPoint","urlTemplate":"https:\/\/www.certisys.eu\/de\/?s={search_term_string}"},"query-input":{"@type":"PropertyValueSpecification","valueRequired":true,"valueName":"search_term_string"}}],"inLanguage":"de"}]}},"jetpack_sharing_enabled":true,"_links":{"self":[{"href":"https:\/\/www.certisys.eu\/de\/wp-json\/wp\/v2\/pages\/7009","targetHints":{"allow":["GET"]}}],"collection":[{"href":"https:\/\/www.certisys.eu\/de\/wp-json\/wp\/v2\/pages"}],"about":[{"href":"https:\/\/www.certisys.eu\/de\/wp-json\/wp\/v2\/types\/page"}],"author":[{"embeddable":true,"href":"https:\/\/www.certisys.eu\/de\/wp-json\/wp\/v2\/users\/1"}],"replies":[{"embeddable":true,"href":"https:\/\/www.certisys.eu\/de\/wp-json\/wp\/v2\/comments?post=7009"}],"version-history":[{"count":75,"href":"https:\/\/www.certisys.eu\/de\/wp-json\/wp\/v2\/pages\/7009\/revisions"}],"predecessor-version":[{"id":75756,"href":"https:\/\/www.certisys.eu\/de\/wp-json\/wp\/v2\/pages\/7009\/revisions\/75756"}],"wp:attachment":[{"href":"https:\/\/www.certisys.eu\/de\/wp-json\/wp\/v2\/media?parent=7009"}],"curies":[{"name":"wp","href":"https:\/\/api.w.org\/{rel}","templated":true}]}}