{"id":6975,"date":"2021-02-23T19:25:32","date_gmt":"2021-02-23T17:25:32","guid":{"rendered":"https:\/\/certisys.poush.be\/ueber\/rapports-annuels\/"},"modified":"2024-06-05T12:36:08","modified_gmt":"2024-06-05T10:36:08","slug":"geschaeftsbericht","status":"publish","type":"page","link":"https:\/\/www.certisys.eu\/de\/ueber\/geschaeftsbericht\/","title":{"rendered":"Unsere Gesch\u00e4ftsbericht"},"content":{"rendered":"<div class=\"wpb-content-wrapper\"><p>[vc_row content_placement=&#8220;middle&#8220; css=&#8220;.vc_custom_1605630337493{padding-bottom: 30px !important;}&#8220;][vc_column width=&#8220;1\/2&#8243;][vc_single_image image=&#8220;33553&#8243; img_size=&#8220;524&#215;421&#8243; alignment=&#8220;center&#8220; style=&#8220;vc_box_shadow&#8220; onclick=&#8220;custom_link&#8220; img_link_target=&#8220;_blank&#8220; css_animation=&#8220;fadeInDown&#8220; css=&#8220;&#8220; link=&#8220;https:\/\/www.certisys.eu\/wp-content\/uploads\/2024\/06\/RA-2023-DE-OCT2024-1.pdf&#8220;]<div class=\"d-flex justify-content-center vc_custom_1717583381551\"><a class=\"psh_button btn-14560519\" href=\"https:\/\/www.certisys.eu\/wp-content\/uploads\/2024\/06\/RA-2023-DE-OCT2024-1.pdf\" alt=\"Jahresberichte 2023\" target=\"_blank\">Jahresberichte 2023<\/a><\/div>\n        <style>.psh_button.btn-14560519{\n          font-size: 20px;\n          text-transform: none;\n          padding: 10px 25px 10px 25px;\n          border-radius: 80px;\n          border-width: 0px;\n          background-color: #e30613;\n          border-color: ;\n          border-style: solid;\n          color: #ffffff;\n          display: inline-block;\n          width:px;\n          transition: all .3s ease-in-out;\n        }\n        .psh_button.btn-14560519:hover{\n          background-color: #f18970;\n          border-color: ;\n          color: #ffffff;\n          transition: all .3s ease-in-out;\n        }.vc_custom_1717583381551{margin-bottom: 15px !important;}<\/style>[\/vc_column][vc_column width=&#8220;1\/2&#8243; offset=&#8220;vc_col-lg-4&#8243;][vc_column_text]Mit unseren Gesch\u00e4ftsberichten geben wir <strong>freiwillig<\/strong> einen transparenten \u00dcberblick \u00fcber die <strong>Entwicklung unserer Gesch\u00e4ftst\u00e4tigkeit <\/strong>im Laufe der Jahre.<\/p>\n<p>Innerhalb von 10 Jahren hat CERTISYS\u00ae die Anzahl seiner BIO-Kunden verdoppelt und die seiner Mitarbeitenden verdreifacht! In den Jahresberichten finden Sie Daten zu den BIO-Fl\u00e4chen und BIO-Tieren, die wir kontrollieren sowie zur Anzahl Kontrollen und Analysen, die wir pro Jahr und Betreiber durchf\u00fchren. In den Jahresberichten erw\u00e4hnen wir ebenfalls in aller Transparenz die Strafen und Verst\u00f6\u00dfe, die wir feststellen.<\/p>\n<p>&nbsp;[\/vc_column_text][\/vc_column][\/vc_row][vc_row css=&#8220;.vc_custom_1605630039270{padding-bottom: 150px !important;background-image: url(https:\/\/www.certisys.eu\/wp-content\/uploads\/2020\/10\/bg-3-1.png?id=892) !important;}&#8220; el_class=&#8220;custom-lastrow&#8220;][vc_column][vc_column_text]<\/p>\n<h2 style=\"text-align: center;\">Gesch\u00e4ftsberichte der Vorjahre<\/h2>\n<p>[\/vc_column_text][vc_row_inner][vc_column_inner width=&#8220;1\/2&#8243;][vc_single_image image=&#8220;20374&#8243; img_size=&#8220;250&#215;355&#8243; alignment=&#8220;center&#8220; style=&#8220;vc_box_shadow&#8220; onclick=&#8220;custom_link&#8220; css_animation=&#8220;fadeInDown&#8220; link=&#8220;https:\/\/www.certisys.eu\/wp-content\/uploads\/2023\/04\/Certisys-RA-LAYOUT-A5-2022-DE-livret-1.pdf&#8220;]<div class=\"d-flex justify-content-center vc_custom_1681979391626\"><a class=\"psh_button btn-81341169\" href=\"https:\/\/www.certisys.eu\/wp-content\/uploads\/2023\/04\/Certisys-RA-LAYOUT-A5-2022-DE-livret-1.pdf\" alt=\"Jahresberichte 2022\" target=\"_blank\">Jahresberichte 2022<\/a><\/div>\n        <style>.psh_button.btn-81341169{\n          font-size: 20px;\n          text-transform: none;\n          padding: 10px 25px 10px 25px;\n          border-radius: 80px;\n          border-width: 0px;\n          background-color: #e30613;\n          border-color: ;\n          border-style: solid;\n          color: #ffffff;\n          display: inline-block;\n          width:px;\n          transition: all .3s ease-in-out;\n        }\n        .psh_button.btn-81341169:hover{\n          background-color: #f18970;\n          border-color: ;\n          color: #ffffff;\n          transition: all .3s ease-in-out;\n        }.vc_custom_1681979391626{margin-bottom: 15px !important;}<\/style>[\/vc_column_inner][vc_column_inner width=&#8220;1\/2&#8243;][vc_single_image image=&#8220;12856&#8243; img_size=&#8220;250&#215;355&#8243; alignment=&#8220;center&#8220; style=&#8220;vc_box_shadow&#8220; onclick=&#8220;custom_link&#8220; css_animation=&#8220;fadeInDown&#8220; link=&#8220;https:\/\/www.certisys.eu\/wp-content\/uploads\/2022\/03\/Ta\u0308tigkeitsbericht-Certisys-2021.pdf&#8220;]<div class=\"d-flex justify-content-center vc_custom_1681979371384\"><a class=\"psh_button btn-31495057\" href=\"https:\/\/www.certisys.eu\/wp-content\/uploads\/2022\/03\/Ta\u0308tigkeitsbericht-Certisys-2021.pdf\" alt=\"Jahresberichte 2021\" target=\"_blank\">Jahresberichte 2021<\/a><\/div>\n        <style>.psh_button.btn-31495057{\n          font-size: 20px;\n          text-transform: none;\n          padding: 10px 25px 10px 25px;\n          border-radius: 80px;\n          border-width: 0px;\n          background-color: #e30613;\n          border-color: ;\n          border-style: solid;\n          color: #ffffff;\n          display: inline-block;\n          width:px;\n          transition: all .3s ease-in-out;\n        }\n        .psh_button.btn-31495057:hover{\n          background-color: #f18970;\n          border-color: ;\n          color: #ffffff;\n          transition: all .3s ease-in-out;\n        }.vc_custom_1681979371384{margin-bottom: 15px !important;}<\/style>[\/vc_column_inner][\/vc_row_inner][vc_column_text css=&#8220;.vc_custom_1615474416118{margin-bottom: 20px !important;}&#8220;]<\/p>\n<p style=\"text-align: center;\">&#8230;<\/p>\n<p>[\/vc_column_text]<div class=\"d-flex justify-content-center vc_custom_1620389105629\"><a class=\"psh_button btn-00116926\" href=\"https:\/\/www.certisys.eu\/wp-content\/uploads\/2021\/02\/PU4489fr01_2466-2007.pdf\" alt=\"Jahresberichte 2017(pdf)\" target=\"_blank\">Jahresberichte 2007 (FR)(pdf)<\/a><\/div>\n        <style>.psh_button.btn-00116926{\n          font-size: 20px;\n          text-transform: none;\n          padding: 10px 25px 10px 25px;\n          border-radius: 80px;\n          border-width: 0px;\n          background-color: #e30613;\n          border-color: ;\n          border-style: solid;\n          color: #ffffff;\n          display: inline-block;\n          width:px;\n          transition: all .3s ease-in-out;\n        }\n        .psh_button.btn-00116926:hover{\n          background-color: #f18970;\n          border-color: ;\n          color: #ffffff;\n          transition: all .3s ease-in-out;\n        }.vc_custom_1620389105629{margin-bottom: 15px !important;}<\/style>[\/vc_column][\/vc_row]<\/p>\n<\/div>","protected":false},"excerpt":{"rendered":"<p>[vc_row content_placement=&#8220;middle&#8220; css=&#8220;.vc_custom_1605630337493{padding-bottom: 30px !important;}&#8220;][vc_column width=&#8220;1\/2&#8243;][vc_single_image image=&#8220;33553&#8243; img_size=&#8220;524&#215;421&#8243; alignment=&#8220;center&#8220; style=&#8220;vc_box_shadow&#8220; onclick=&#8220;custom_link&#8220; img_link_target=&#8220;_blank&#8220; css_animation=&#8220;fadeInDown&#8220; css=&#8220;&#8220; link=&#8220;https:\/\/www.certisys.eu\/wp-content\/uploads\/2024\/06\/RA-2023-DE-OCT2024-1.pdf&#8220;][\/vc_column][vc_column width=&#8220;1\/2&#8243; offset=&#8220;vc_col-lg-4&#8243;][vc_column_text]Mit unseren Gesch\u00e4ftsberichten geben wir freiwillig einen transparenten \u00dcberblick \u00fcber die Entwicklung unserer Gesch\u00e4ftst\u00e4tigkeit im Laufe der Jahre. Innerhalb von 10 Jahren hat CERTISYS\u00ae die Anzahl seiner BIO-Kunden verdoppelt und die seiner Mitarbeitenden verdreifacht! In den Jahresberichten finden Sie [&hellip;]<\/p>\n","protected":false},"author":1,"featured_media":0,"parent":6961,"menu_order":5,"comment_status":"closed","ping_status":"closed","template":"","meta":{"_acf_changed":false,"footnotes":""},"class_list":["post-6975","page","type-page","status-publish","hentry"],"acf":[],"yoast_head":"<!-- This site is optimized with the Yoast SEO plugin v27.4 - https:\/\/yoast.com\/product\/yoast-seo-wordpress\/ -->\n<title>Unsere Gesch\u00e4ftsbericht - CERTISYS<\/title>\n<meta name=\"description\" content=\"Mit unseren Jahresberichten bieten wir ein transparentes Bild \u00fcber die Entwicklung unserer Aktivit\u00e4ten im Laufe der Jahre. Wir tun dies aus eigenem Antrieb.\" \/>\n<meta name=\"robots\" content=\"index, follow, max-snippet:-1, max-image-preview:large, max-video-preview:-1\" \/>\n<link rel=\"canonical\" href=\"https:\/\/www.certisys.eu\/de\/ueber\/geschaeftsbericht\/\" \/>\n<meta property=\"og:locale\" content=\"de_DE\" \/>\n<meta property=\"og:type\" content=\"article\" \/>\n<meta property=\"og:title\" content=\"Unsere Gesch\u00e4ftsbericht - CERTISYS\" \/>\n<meta property=\"og:description\" content=\"Mit unseren Jahresberichten bieten wir ein transparentes Bild \u00fcber die Entwicklung unserer Aktivit\u00e4ten im Laufe der Jahre. Wir tun dies aus eigenem Antrieb.\" \/>\n<meta property=\"og:url\" content=\"https:\/\/www.certisys.eu\/de\/ueber\/geschaeftsbericht\/\" \/>\n<meta property=\"og:site_name\" content=\"CERTISYS\" \/>\n<meta property=\"article:modified_time\" content=\"2024-06-05T10:36:08+00:00\" \/>\n<meta name=\"twitter:card\" content=\"summary_large_image\" \/>\n<meta name=\"twitter:label1\" content=\"Gesch\u00e4tzte Lesezeit\" \/>\n\t<meta name=\"twitter:data1\" content=\"2\u00a0Minuten\" \/>\n<!-- \/ Yoast SEO plugin. -->","yoast_head_json":{"title":"Unsere Gesch\u00e4ftsbericht - CERTISYS","description":"Mit unseren Jahresberichten bieten wir ein transparentes Bild \u00fcber die Entwicklung unserer Aktivit\u00e4ten im Laufe der Jahre. Wir tun dies aus eigenem Antrieb.","robots":{"index":"index","follow":"follow","max-snippet":"max-snippet:-1","max-image-preview":"max-image-preview:large","max-video-preview":"max-video-preview:-1"},"canonical":"https:\/\/www.certisys.eu\/de\/ueber\/geschaeftsbericht\/","og_locale":"de_DE","og_type":"article","og_title":"Unsere Gesch\u00e4ftsbericht - CERTISYS","og_description":"Mit unseren Jahresberichten bieten wir ein transparentes Bild \u00fcber die Entwicklung unserer Aktivit\u00e4ten im Laufe der Jahre. Wir tun dies aus eigenem Antrieb.","og_url":"https:\/\/www.certisys.eu\/de\/ueber\/geschaeftsbericht\/","og_site_name":"CERTISYS","article_modified_time":"2024-06-05T10:36:08+00:00","twitter_card":"summary_large_image","twitter_misc":{"Gesch\u00e4tzte Lesezeit":"2\u00a0Minuten"},"schema":{"@context":"https:\/\/schema.org","@graph":[{"@type":"WebPage","@id":"https:\/\/www.certisys.eu\/de\/ueber\/geschaeftsbericht\/","url":"https:\/\/www.certisys.eu\/de\/ueber\/geschaeftsbericht\/","name":"Unsere Gesch\u00e4ftsbericht - CERTISYS","isPartOf":{"@id":"https:\/\/www.certisys.eu\/de\/#website"},"datePublished":"2021-02-23T17:25:32+00:00","dateModified":"2024-06-05T10:36:08+00:00","description":"Mit unseren Jahresberichten bieten wir ein transparentes Bild \u00fcber die Entwicklung unserer Aktivit\u00e4ten im Laufe der Jahre. Wir tun dies aus eigenem Antrieb.","breadcrumb":{"@id":"https:\/\/www.certisys.eu\/de\/ueber\/geschaeftsbericht\/#breadcrumb"},"inLanguage":"de","potentialAction":[{"@type":"ReadAction","target":["https:\/\/www.certisys.eu\/de\/ueber\/geschaeftsbericht\/"]}]},{"@type":"BreadcrumbList","@id":"https:\/\/www.certisys.eu\/de\/ueber\/geschaeftsbericht\/#breadcrumb","itemListElement":[{"@type":"ListItem","position":1,"name":"Home","item":"https:\/\/www.certisys.eu\/de\/"},{"@type":"ListItem","position":2,"name":"\u00dcber uns","item":"https:\/\/www.certisys.eu\/de\/ueber\/"},{"@type":"ListItem","position":3,"name":"Unsere Gesch\u00e4ftsbericht"}]},{"@type":"WebSite","@id":"https:\/\/www.certisys.eu\/de\/#website","url":"https:\/\/www.certisys.eu\/de\/","name":"CERTISYS","description":"Bio Certification","potentialAction":[{"@type":"SearchAction","target":{"@type":"EntryPoint","urlTemplate":"https:\/\/www.certisys.eu\/de\/?s={search_term_string}"},"query-input":{"@type":"PropertyValueSpecification","valueRequired":true,"valueName":"search_term_string"}}],"inLanguage":"de"}]}},"jetpack_sharing_enabled":true,"_links":{"self":[{"href":"https:\/\/www.certisys.eu\/de\/wp-json\/wp\/v2\/pages\/6975","targetHints":{"allow":["GET"]}}],"collection":[{"href":"https:\/\/www.certisys.eu\/de\/wp-json\/wp\/v2\/pages"}],"about":[{"href":"https:\/\/www.certisys.eu\/de\/wp-json\/wp\/v2\/types\/page"}],"author":[{"embeddable":true,"href":"https:\/\/www.certisys.eu\/de\/wp-json\/wp\/v2\/users\/1"}],"replies":[{"embeddable":true,"href":"https:\/\/www.certisys.eu\/de\/wp-json\/wp\/v2\/comments?post=6975"}],"version-history":[{"count":16,"href":"https:\/\/www.certisys.eu\/de\/wp-json\/wp\/v2\/pages\/6975\/revisions"}],"predecessor-version":[{"id":33555,"href":"https:\/\/www.certisys.eu\/de\/wp-json\/wp\/v2\/pages\/6975\/revisions\/33555"}],"up":[{"embeddable":true,"href":"https:\/\/www.certisys.eu\/de\/wp-json\/wp\/v2\/pages\/6961"}],"wp:attachment":[{"href":"https:\/\/www.certisys.eu\/de\/wp-json\/wp\/v2\/media?parent=6975"}],"curies":[{"name":"wp","href":"https:\/\/api.w.org\/{rel}","templated":true}]}}