{"id":6970,"date":"2021-02-23T19:28:12","date_gmt":"2021-02-23T17:28:12","guid":{"rendered":"https:\/\/certisys.poush.be\/ueber\/accreditations\/"},"modified":"2026-02-16T17:09:57","modified_gmt":"2026-02-16T15:09:57","slug":"unsere-akkreditierungen-und-zulassungen","status":"publish","type":"page","link":"https:\/\/www.certisys.eu\/de\/ueber\/unsere-akkreditierungen-und-zulassungen\/","title":{"rendered":"Unsere Akkreditierungen und Zulassungen"},"content":{"rendered":"<div class=\"wpb-content-wrapper\"><p>[vc_row][vc_column width=&#8220;1\/6&#8243;][\/vc_column][vc_column width=&#8220;2\/6&#8243;][vc_column_text css=&#8220;&#8220;]<\/p>\n<h2>Unsere Akkreditierungen<\/h2>\n<p>Certisys\u00a0ist von <strong>BELAC<\/strong> sowie von <strong>IOAS<\/strong> nach ISO 17065 akkreditiert.<\/p>\n<p>Diese Akkreditierungen garantieren die <strong>Zuverl\u00e4ssigkeit<\/strong> und die <strong>Glaubw\u00fcrdigkeit<\/strong> unserer Zertifizierungen, sowohl f\u00fcr unsere Kunden als auch f\u00fcr die Verbraucher.<\/p>\n<p>Unsere Aktivit\u00e4ten werden regelm\u00e4\u00dfig externen Audits unterzogen, die allesamt bedeutende Aspekte abdecken: unsere <strong>Unparteilichkeit<\/strong>, unsere <strong>Kompetenz<\/strong> und unsere <strong>Transparenz<\/strong>.[\/vc_column_text][\/vc_column][vc_column width=&#8220;1\/6&#8243;][vc_single_image image=&#8220;4138&#8243; img_size=&#8220;600&#215;600&#8243; css=&#8220;&#8220;][vc_column_text css=&#8220;&#8220;]<a href=\"https:\/\/economie.fgov.be\/fr\/themes\/qualite-securite\/accreditation-belac\/organismes-accredites\/organismes-de-certification\">Hier finden Sie unsere Akkreditierungsbescheinigung von BELAC<\/a>[\/vc_column_text][vc_single_image image=&#8220;74867&#8243; img_size=&#8220;600&#215;600&#8243; css=&#8220;&#8220;][\/vc_column][vc_column width=&#8220;1\/6&#8243;][vc_single_image image=&#8220;75029&#8243; img_size=&#8220;600&#215;600&#8243; alignment=&#8220;center&#8220; css=&#8220;&#8220;][vc_column_text css=&#8220;&#8220;]<a href=\"https:\/\/www.certisys.eu\/wp-content\/uploads\/2026\/02\/Certisys-NATRUE-Certificate.pdf\">Hier finden Sie unsere Akkreditierungsbescheinigung von IOAS:<\/a>[\/vc_column_text][\/vc_column][vc_column width=&#8220;1\/6&#8243;][\/vc_column][\/vc_row][vc_row][vc_column width=&#8220;1\/6&#8243;][\/vc_column][vc_column width=&#8220;4\/6&#8243;][vc_column_text css=&#8220;&#8220;]<\/p>\n<h2>Unsere Zulassungen<\/h2>\n<p>Certisys ist von den <strong>regionalen Beh\u00f6rden Belgiens (Flandern, Wallonien und Br\u00fcssel)<\/strong> und <strong>Luxemburgs<\/strong> als Kontrollstelle f\u00fcr die biologische Produktion <strong>zugelassen<\/strong>, gem\u00e4\u00df <strong>Verordnung (EU) 2018\/848<\/strong>.<\/p>\n<p>Wir sind ebenfalls von der <strong>IVoG NATRUE<\/strong> f\u00fcr die <strong>Zertifizierung nat\u00fcrlicher und biologische Kosmetika zugelassen<\/strong>.[\/vc_column_text][vc_separator border_width=&#8220;3&#8243; css=&#8220;&#8220;][\/vc_column][vc_column width=&#8220;1\/6&#8243;][\/vc_column][\/vc_row][vc_row][vc_column width=&#8220;1\/6&#8243;][\/vc_column][vc_column width=&#8220;4\/6&#8243;][vc_column_text css=&#8220;&#8220;]<\/p>\n<h3 style=\"text-align: center;\">M\u00f6chten Sie mehr \u00fcber unsere Zulassungen und Akkreditierungen erfahren?<\/h3>\n<p style=\"text-align: center;\">Entdecken Sie hier unsere offiziellen Zulassungen und Akkreditierungen und die Garantien, die sie unseren Kunden und Partnern bieten.<\/p>\n<p>[\/vc_column_text][\/vc_column][vc_column width=&#8220;1\/6&#8243;][\/vc_column][\/vc_row][vc_row][vc_column width=&#8220;1\/4&#8243;][\/vc_column][vc_column width=&#8220;1\/2&#8243;][vc_tta_accordion active_section=&#8220;0&#8243;][vc_tta_section title=&#8220;Unsere Zulassungen&#8220; tab_id=&#8220;1762258674758-526bd6d5-16f6&#8243;][vc_column_text css=&#8220;&#8220;]<\/p>\n<h4>Was ist eine Zulassung?<\/h4>\n<p>In einem Zertifizierungsprogramm ist die <strong>Zulassung<\/strong> eine <strong>offizielle Genehmigung<\/strong>, die vom <strong>Eigent\u00fcmer des Programms<\/strong> erteilt wird.<\/p>\n<p>Mit anderen Worten bedeutet die Zulassung, dass die Organisation nachgewiesen hat, dass sie die vom Eigent\u00fcmer des Programms festgelegten <strong>Anforderungen in Sachen Qualit\u00e4t, Kompetenz und Konformit\u00e4t<\/strong> <strong>erf\u00fcllt<\/strong>.<\/p>\n<p>&nbsp;<\/p>\n<h5><span style=\"color: #ff0000;\">F\u00fcr die Zertifizierung in der biologischen Landwirtschaft:<\/span><\/h5>\n<p>Die Zulassung wird von zur Aus\u00fcbung einer reglementierten T\u00e4tigkeit erteilt;\u00a0\u00a0die Kontrolle und die Zertifizierung der BIO-Erzeugnisse.<\/p>\n<ul>\n<li><strong>F\u00fcr Belgien:<\/strong> BE-BIO-01 CERTISYS<\/li>\n<li><strong>F\u00fcr das Gro\u00dfherzogtum Luxemburg: <\/strong>LU-BIO-06 CERTISYS<\/li>\n<\/ul>\n<p>Diese Codes sind auf den Verpackungen jener Erzeugnisse zu finden, die von Certisys als BIO zertifiziert wurden.<\/p>\n<p>Sie garantieren, dass das Erzeugnis den europ\u00e4ischen Vorschriften f\u00fcr die biologische Landwirtschaft entspricht und dass es offiziell zertifiziert wurde.<\/p>\n<h5 style=\"padding-left: 40px;\">Der europ\u00e4ische Rechtsrahmen<\/h5>\n<p style=\"padding-left: 40px;\">Seit der Verabschiedung der Verordnung (EWG) Nr. 2092\/91 vom 24. Juni 1991 gilt die Bezeichnung \u201e\u00f6kologische\/biologische Landwirtschaft\u201d innerhalb der Europ\u00e4ischen Union offiziell als gesch\u00fctzt.<\/p>\n<p style=\"padding-left: 40px;\">Jeder, der diese Bezeichnung f\u00fcr seine Erzeugnisse verwenden m\u00f6chte, muss diese einer Kontrolle durch eine von den Mitgliedstaaten zugelassene Beh\u00f6rde oder unabh\u00e4ngige Stelle (Certisys) unterziehen, um die Bio-Zertifizierung seiner Erzeugnisse zu erhalten.<\/p>\n<p><strong>Um diesen Auftrag zu erf\u00fcllen, ist CERTISYS <\/strong>von den staatlichen Beh\u00f6rden zugelassen, d.h.<\/p>\n<ul>\n<li>in Belgien: die Landwirtschaftsministerien der drei Regionen<\/li>\n<li>im Gro\u00dfherzogtum Luxemburg: das Landwirtschaftsministerium (ASTA).<\/li>\n<\/ul>\n<p>&nbsp;<\/p>\n<h5><span style=\"color: #ff0000;\">F\u00fcr die NATRUE-Zertifizierung:<\/span><\/h5>\n<p>Um diesen Auftrag zu erf\u00fcllen, ist CERTISYS:<\/p>\n<ul>\n<li>von NATRUE IVoG zugelassen.<\/li>\n<\/ul>\n<p>[\/vc_column_text][\/vc_tta_section][vc_tta_section title=&#8220;Unsere Akkreditierungen&#8220; tab_id=&#8220;1762258674770-6f13f33b-b0e8&#8243;][vc_column_text css=&#8220;&#8220;]<\/p>\n<h4>Was ist eine Akkreditierung?<\/h4>\n<p>Eine Akkreditierung ist eine offizielle Anerkennung, die von einer unabh\u00e4ngigen Instanz ausgestellt wird.<\/p>\n<p>Sie bescheinigt, dass eine Zertifizierungsstelle wie CERTISYS nach Normen arbeitet, die Folgendes gew\u00e4hrleisten:<\/p>\n<ul>\n<li>Unparteilichkeit bei Entscheidungen,<\/li>\n<li>technische Kompetenz der Teams,<\/li>\n<li>Transparenz und Zuverl\u00e4ssigkeit der Kontrollverfahren.<\/li>\n<\/ul>\n<p>Konkret best\u00e4tigt eine Akkreditierung, dass die von CERTISYS ausgestellten Zertifizierungen gem\u00e4\u00df den auf europ\u00e4ischer und internationaler Ebene festgelegten Kriterien anerkannt, glaubw\u00fcrdig und r\u00fcckverfolgbar sind.<\/p>\n<p>Wir sind von zwei unabh\u00e4ngigen Akkreditierungsstellen akkreditiert: BELAC und IOAS.[\/vc_column_text][vc_row_inner][vc_column_inner width=&#8220;1\/2&#8243;][vc_column_text css=&#8220;&#8220;]<strong>BELAC-Akkreditierung \u2013 BIO-Zertifizierung<\/strong><\/p>\n<p>CERTISYS ist von BELAC, der belgischen Akkreditierungsstelle, f\u00fcr seine Zertifizierungst\u00e4tigkeiten im Bereich der biologischen Landwirtschaft gem\u00e4\u00df der Norm ISO\/IEC 17065 akkreditiert.<\/p>\n<p>Diese Akkreditierung best\u00e4tigt unsere Unabh\u00e4ngigkeit, unsere technische Kompetenz und die Einhaltung internationaler Anforderungen.[\/vc_column_text]<div class=\"d-flex justify-content-center \"><a class=\"psh_button btn-79905234\" href=\"https:\/\/economie.fgov.be\/belac\" alt=\"BELAC\" target=\"\">BELAC<\/a><\/div>\n        <style>.psh_button.btn-79905234{\n          font-size: 14px;\n          text-transform: ;\n          padding: 8px 16px 8px 16px;\n          border-radius: 80px;\n          border-width: 0px;\n          background-color: #3dbead;\n          border-color: ;\n          border-style: solid;\n          color: #ffffff;\n          display: inline-block;\n          \n          transition: all .3s ease-in-out;\n        }\n        .psh_button.btn-79905234:hover{\n          background-color: #f18a71;\n          border-color: ;\n          color: #ffffff;\n          transition: all .3s ease-in-out;\n        }<\/style>[\/vc_column_inner][vc_column_inner width=&#8220;1\/2&#8243;][vc_column_text css=&#8220;&#8220;]<strong>IOAS-Akkreditierung \u2013 NATRUE-Zertifizierung<\/strong><\/p>\n<p>Seit 2025 ist CERTISYS auch vom IOAS (International Organic Accreditation Service), einer anerkannten internationalen Organisation, akkreditiert.<\/p>\n<p>Diese Akkreditierung umfasst die NATRUE-Zertifizierung f\u00fcr nat\u00fcrliche und biologische Kosmetika.<\/p>\n<p>Sie garantiert, dass CERTISYS den internationalen Standards f\u00fcr Qualit\u00e4t, Unparteilichkeit und Kompetenz entspricht.[\/vc_column_text]<div class=\"d-flex justify-content-center \"><a class=\"psh_button btn-26991436\" href=\"https:\/\/economie.fgov.be\/belac\" alt=\"https:\/\/ioas.org\/accredited-certification-bodies\/?wpv-wpcf-accredited-schemes%5B%5D=NATRUE&wpv_aux_current_post_id=3375&wpv_aux_parent_post_id=3375&wpv_view_count=9409\" target=\"\">IOAS<\/a><\/div>\n        <style>.psh_button.btn-26991436{\n          font-size: 14px;\n          text-transform: ;\n          padding: 8px 16px 8px 16px;\n          border-radius: 80px;\n          border-width: 0px;\n          background-color: #3dbead;\n          border-color: ;\n          border-style: solid;\n          color: #ffffff;\n          display: inline-block;\n          \n          transition: all .3s ease-in-out;\n        }\n        .psh_button.btn-26991436:hover{\n          background-color: #f18a71;\n          border-color: ;\n          color: #ffffff;\n          transition: all .3s ease-in-out;\n        }<\/style>[\/vc_column_inner][\/vc_row_inner][\/vc_tta_section][vc_tta_section title=&#8220;Zusammenfassung&#8220; tab_id=&#8220;1762258677066-1c39cdfe-e693&#8243;][vc_single_image image=&#8220;74826&#8243; img_size=&#8220;Large&#8220; css=&#8220;&#8220;][\/vc_tta_section][\/vc_tta_accordion][\/vc_column][vc_column width=&#8220;1\/4&#8243;][\/vc_column][\/vc_row][vc_row][vc_column width=&#8220;1\/6&#8243;][\/vc_column][vc_column width=&#8220;2\/3&#8243;][vc_separator border_width=&#8220;3&#8243; css=&#8220;&#8220;][vc_column_text css=&#8220;&#8220;]<\/p>\n<h3 style=\"text-align: center;\">Ein gemeinsamer Anspruch: Vertrauen<\/h3>\n<p style=\"text-align: center;\">Die Akkreditierungen und Zulassungen von <strong>CERTISYS<\/strong> garantieren unseren Kunden, Partnern und Verbrauchern <strong>eine zuverl\u00e4ssige, unabh\u00e4ngige und anerkannte Zertifizierung<\/strong>.<\/p>\n<p style=\"text-align: center;\">Sie zeugen von unserem kontinuierlichen Engagement f\u00fcr eine <strong>strenge Bewertung<\/strong> und einen <strong>nachhaltigen Ansatz<\/strong> im Dienste von BIO- und Naturprodukten.<\/p>\n<p>[\/vc_column_text][\/vc_column][vc_column width=&#8220;1\/6&#8243;][\/vc_column][\/vc_row]<\/p>\n<\/div>","protected":false},"excerpt":{"rendered":"<p>[vc_row][vc_column width=&#8220;1\/6&#8243;][\/vc_column][vc_column width=&#8220;2\/6&#8243;][vc_column_text css=&#8220;&#8220;] Unsere Akkreditierungen Certisys\u00a0ist von BELAC sowie von IOAS nach ISO 17065 akkreditiert. Diese Akkreditierungen garantieren die Zuverl\u00e4ssigkeit und die Glaubw\u00fcrdigkeit unserer Zertifizierungen, sowohl f\u00fcr unsere Kunden als auch f\u00fcr die Verbraucher. Unsere Aktivit\u00e4ten werden regelm\u00e4\u00dfig externen Audits unterzogen, die allesamt bedeutende Aspekte abdecken: unsere Unparteilichkeit, unsere Kompetenz und unsere Transparenz.[\/vc_column_text][\/vc_column][vc_column width=&#8220;1\/6&#8243;][vc_single_image [&hellip;]<\/p>\n","protected":false},"author":1,"featured_media":0,"parent":6961,"menu_order":4,"comment_status":"closed","ping_status":"closed","template":"","meta":{"_acf_changed":false,"footnotes":""},"class_list":["post-6970","page","type-page","status-publish","hentry"],"acf":[],"yoast_head":"<!-- This site is optimized with the Yoast SEO plugin v27.4 - https:\/\/yoast.com\/product\/yoast-seo-wordpress\/ -->\n<title>Unsere Akkreditierungen und Zulassungen - CERTISYS<\/title>\n<meta name=\"description\" content=\"CERTISYS ist eine in Belgien, Luxemburg und international zugelassene und akkreditierte Zertifizierungsstelle.\" \/>\n<meta name=\"robots\" content=\"index, follow, max-snippet:-1, max-image-preview:large, max-video-preview:-1\" \/>\n<link rel=\"canonical\" href=\"https:\/\/www.certisys.eu\/de\/ueber\/unsere-akkreditierungen-und-zulassungen\/\" \/>\n<meta property=\"og:locale\" content=\"de_DE\" \/>\n<meta property=\"og:type\" content=\"article\" \/>\n<meta property=\"og:title\" content=\"Unsere Akkreditierungen und Zulassungen - CERTISYS\" \/>\n<meta property=\"og:description\" content=\"CERTISYS ist eine in Belgien, Luxemburg und international zugelassene und akkreditierte Zertifizierungsstelle.\" \/>\n<meta property=\"og:url\" content=\"https:\/\/www.certisys.eu\/de\/ueber\/unsere-akkreditierungen-und-zulassungen\/\" \/>\n<meta property=\"og:site_name\" content=\"CERTISYS\" \/>\n<meta property=\"article:modified_time\" content=\"2026-02-16T15:09:57+00:00\" \/>\n<meta name=\"twitter:card\" content=\"summary_large_image\" \/>\n<meta name=\"twitter:label1\" content=\"Gesch\u00e4tzte Lesezeit\" \/>\n\t<meta name=\"twitter:data1\" content=\"5\u00a0Minuten\" \/>\n<!-- \/ Yoast SEO plugin. -->","yoast_head_json":{"title":"Unsere Akkreditierungen und Zulassungen - CERTISYS","description":"CERTISYS ist eine in Belgien, Luxemburg und international zugelassene und akkreditierte Zertifizierungsstelle.","robots":{"index":"index","follow":"follow","max-snippet":"max-snippet:-1","max-image-preview":"max-image-preview:large","max-video-preview":"max-video-preview:-1"},"canonical":"https:\/\/www.certisys.eu\/de\/ueber\/unsere-akkreditierungen-und-zulassungen\/","og_locale":"de_DE","og_type":"article","og_title":"Unsere Akkreditierungen und Zulassungen - CERTISYS","og_description":"CERTISYS ist eine in Belgien, Luxemburg und international zugelassene und akkreditierte Zertifizierungsstelle.","og_url":"https:\/\/www.certisys.eu\/de\/ueber\/unsere-akkreditierungen-und-zulassungen\/","og_site_name":"CERTISYS","article_modified_time":"2026-02-16T15:09:57+00:00","twitter_card":"summary_large_image","twitter_misc":{"Gesch\u00e4tzte Lesezeit":"5\u00a0Minuten"},"schema":{"@context":"https:\/\/schema.org","@graph":[{"@type":"WebPage","@id":"https:\/\/www.certisys.eu\/de\/ueber\/unsere-akkreditierungen-und-zulassungen\/","url":"https:\/\/www.certisys.eu\/de\/ueber\/unsere-akkreditierungen-und-zulassungen\/","name":"Unsere Akkreditierungen und Zulassungen - CERTISYS","isPartOf":{"@id":"https:\/\/www.certisys.eu\/de\/#website"},"datePublished":"2021-02-23T17:28:12+00:00","dateModified":"2026-02-16T15:09:57+00:00","description":"CERTISYS ist eine in Belgien, Luxemburg und international zugelassene und akkreditierte Zertifizierungsstelle.","breadcrumb":{"@id":"https:\/\/www.certisys.eu\/de\/ueber\/unsere-akkreditierungen-und-zulassungen\/#breadcrumb"},"inLanguage":"de","potentialAction":[{"@type":"ReadAction","target":["https:\/\/www.certisys.eu\/de\/ueber\/unsere-akkreditierungen-und-zulassungen\/"]}]},{"@type":"BreadcrumbList","@id":"https:\/\/www.certisys.eu\/de\/ueber\/unsere-akkreditierungen-und-zulassungen\/#breadcrumb","itemListElement":[{"@type":"ListItem","position":1,"name":"Home","item":"https:\/\/www.certisys.eu\/de\/"},{"@type":"ListItem","position":2,"name":"\u00dcber uns","item":"https:\/\/www.certisys.eu\/de\/ueber\/"},{"@type":"ListItem","position":3,"name":"Unsere Akkreditierungen und Zulassungen"}]},{"@type":"WebSite","@id":"https:\/\/www.certisys.eu\/de\/#website","url":"https:\/\/www.certisys.eu\/de\/","name":"CERTISYS","description":"Bio Certification","potentialAction":[{"@type":"SearchAction","target":{"@type":"EntryPoint","urlTemplate":"https:\/\/www.certisys.eu\/de\/?s={search_term_string}"},"query-input":{"@type":"PropertyValueSpecification","valueRequired":true,"valueName":"search_term_string"}}],"inLanguage":"de"}]}},"_links":{"self":[{"href":"https:\/\/www.certisys.eu\/de\/wp-json\/wp\/v2\/pages\/6970","targetHints":{"allow":["GET"]}}],"collection":[{"href":"https:\/\/www.certisys.eu\/de\/wp-json\/wp\/v2\/pages"}],"about":[{"href":"https:\/\/www.certisys.eu\/de\/wp-json\/wp\/v2\/types\/page"}],"author":[{"embeddable":true,"href":"https:\/\/www.certisys.eu\/de\/wp-json\/wp\/v2\/users\/1"}],"replies":[{"embeddable":true,"href":"https:\/\/www.certisys.eu\/de\/wp-json\/wp\/v2\/comments?post=6970"}],"version-history":[{"count":35,"href":"https:\/\/www.certisys.eu\/de\/wp-json\/wp\/v2\/pages\/6970\/revisions"}],"predecessor-version":[{"id":76219,"href":"https:\/\/www.certisys.eu\/de\/wp-json\/wp\/v2\/pages\/6970\/revisions\/76219"}],"up":[{"embeddable":true,"href":"https:\/\/www.certisys.eu\/de\/wp-json\/wp\/v2\/pages\/6961"}],"wp:attachment":[{"href":"https:\/\/www.certisys.eu\/de\/wp-json\/wp\/v2\/media?parent=6970"}],"curies":[{"name":"wp","href":"https:\/\/api.w.org\/{rel}","templated":true}]}}