{"id":6966,"date":"2021-02-23T19:27:26","date_gmt":"2021-02-23T17:27:26","guid":{"rendered":"https:\/\/certisys.poush.be\/ueber\/equipe\/"},"modified":"2025-12-02T13:32:07","modified_gmt":"2025-12-02T11:32:07","slug":"teams","status":"publish","type":"page","link":"https:\/\/www.certisys.eu\/de\/ueber\/teams\/","title":{"rendered":"Unsere Teams"},"content":{"rendered":"<div class=\"wpb-content-wrapper\"><p>[vc_row css=&#8220;.vc_custom_1614101238577{padding-top: 50px !important;padding-bottom: 50px !important;}&#8220;][vc_column width=&#8220;1\/6&#8243;][\/vc_column][vc_column width=&#8220;2\/3&#8243;][vc_column_text]<\/p>\n<h2 style=\"text-align: center;\">CERTISYS\u00ae, das ist ein Team aus mehr als 50 Personen, die sich f\u00fcr eine nachhaltige Welt einsetzen.<\/h2>\n<p>[\/vc_column_text][vc_column_text]Unsere Teams begleiten Sie bei Ihren nachhaltigen und\/oder biologischen Vorhaben oder liefern Ihnen ganz einfach Informationen. Unsere <strong>mehrsprachige Kundendienstabteilung<\/strong> steht Ihnen bei Ihren Vorhaben zur Seite und begleitet Sie zudem bei der Wahl der an Ihre Bed\u00fcrfnisse angepassten Zertifizierungen.<\/p>\n<p><strong>Unsere Auditoren<\/strong> sind <strong>Experten in Sachen BIO-Gesetzgebung<\/strong> <strong>und nachhaltige Lastenhefte<\/strong>. Sie befinden sich \u00fcber das gesamte Gebiet verteilt, um Ihnen eine fundierte Kenntnis der Besonderheiten Ihrer Region zu garantieren. <strong>Unsere Zertifizierungsverantwortlichen<\/strong> nehmen eine unabh\u00e4ngige \u00dcberpr\u00fcfung Ihres Auditberichts vor und \u00fcbergeben Ihnen Ihr Zertifikat, um Ihren Einsatz f\u00fcr die Nachhaltigkeit wertzusch\u00e4tzen.<\/p>\n<p>CERTISYS\u00ae ist \u00fcber seine Teams und \u00fcber seine Kommunikationstools, die wir st\u00e4ndig weiterentwickeln, im <strong>st\u00e4ndigen Dialog<\/strong> mit Ihnen, um Ihnen einen immer besseren Service bieten zu k\u00f6nnen.<\/p>\n<p>Unsere Prozeduren laufen digital ab, damit wir bei der Verarbeitung Ihrer Dokumente sicherer und schneller sind und zugleich verf\u00fcgbar und nah an Ihnen dran sein k\u00f6nnen[\/vc_column_text][vc_column_text]Unsere <strong>h\u00e4ufigen Kontrollen<\/strong> dienen der Pr\u00e4vention und sind gleichzeitig eine M\u00f6glichkeit, mit Ihnen in Kontakt zu bleiben. Sie finden uns nat\u00fcrlich auch auf Messen, Ausstellungen, bei Informationstagen f\u00fcr die Unternehmen oder bei Schulungen, die wir im BIO-Bereich anbieten. Wir versorgen Sie mit einer <strong>F\u00fclle von Informationen<\/strong> durch unsere Praxisleitf\u00e4den, unsere Publikationen, unsere E-Mailings und nat\u00fcrlich \u00fcber unsere neue Website. Dort finden Sie leicht die Informationen und Nachrichten, die Sie f\u00fcr Ihre Branche ben\u00f6tigen.[\/vc_column_text][\/vc_column][vc_column width=&#8220;1\/6&#8243;][\/vc_column][\/vc_row][vc_row css=&#8220;.vc_custom_1605630039270{padding-bottom: 150px !important;background-image: url(https:\/\/www.certisys.eu\/wp-content\/uploads\/2020\/10\/bg-3-1.png?id=892) !important;}&#8220; el_class=&#8220;custom-lastrow&#8220;][vc_column width=&#8220;1\/6&#8243;][\/vc_column][vc_column width=&#8220;2\/3&#8243;][vc_column_text]<\/p>\n<h2 class=\"p1\" style=\"text-align: center;\">Mehr als <strong>50 Personen<\/strong>, darunter <strong>50% Auditoren<\/strong><\/h2>\n<p>[\/vc_column_text][vc_single_image image=&#8220;75084&#8243; img_size=&#8220;large&#8220; alignment=&#8220;center&#8220; css=&#8220;&#8220;][\/vc_column][vc_column width=&#8220;1\/6&#8243;][\/vc_column][\/vc_row]<\/p>\n<\/div>","protected":false},"excerpt":{"rendered":"<p>[vc_row css=&#8220;.vc_custom_1614101238577{padding-top: 50px !important;padding-bottom: 50px !important;}&#8220;][vc_column width=&#8220;1\/6&#8243;][\/vc_column][vc_column width=&#8220;2\/3&#8243;][vc_column_text] CERTISYS\u00ae, das ist ein Team aus mehr als 50 Personen, die sich f\u00fcr eine nachhaltige Welt einsetzen. [\/vc_column_text][vc_column_text]Unsere Teams begleiten Sie bei Ihren nachhaltigen und\/oder biologischen Vorhaben oder liefern Ihnen ganz einfach Informationen. Unsere mehrsprachige Kundendienstabteilung steht Ihnen bei Ihren Vorhaben zur Seite und begleitet Sie zudem [&hellip;]<\/p>\n","protected":false},"author":1,"featured_media":0,"parent":6961,"menu_order":2,"comment_status":"closed","ping_status":"closed","template":"","meta":{"_acf_changed":false,"footnotes":""},"class_list":["post-6966","page","type-page","status-publish","hentry"],"acf":[],"yoast_head":"<!-- This site is optimized with the Yoast SEO plugin v27.4 - https:\/\/yoast.com\/product\/yoast-seo-wordpress\/ -->\n<title>Unsere Teams - CERTISYS<\/title>\n<meta name=\"description\" content=\"Unsere Mitarbeiter f\u00fchren Sie gerne durch den gesamten Prozess der Biobehandlung oder geben Ihnen die n\u00f6tigen Informationen. Unser Empfangsteam ist mehrsprachig und kann alle Ihre Fragen beantworten.\" \/>\n<meta name=\"robots\" content=\"index, follow, max-snippet:-1, max-image-preview:large, max-video-preview:-1\" \/>\n<link rel=\"canonical\" href=\"https:\/\/www.certisys.eu\/de\/ueber\/teams\/\" \/>\n<meta property=\"og:locale\" content=\"de_DE\" \/>\n<meta property=\"og:type\" content=\"article\" \/>\n<meta property=\"og:title\" content=\"Unsere Teams - CERTISYS\" \/>\n<meta property=\"og:description\" content=\"Unsere Mitarbeiter f\u00fchren Sie gerne durch den gesamten Prozess der Biobehandlung oder geben Ihnen die n\u00f6tigen Informationen. Unser Empfangsteam ist mehrsprachig und kann alle Ihre Fragen beantworten.\" \/>\n<meta property=\"og:url\" content=\"https:\/\/www.certisys.eu\/de\/ueber\/teams\/\" \/>\n<meta property=\"og:site_name\" content=\"CERTISYS\" \/>\n<meta property=\"article:modified_time\" content=\"2025-12-02T11:32:07+00:00\" \/>\n<meta name=\"twitter:card\" content=\"summary_large_image\" \/>\n<meta name=\"twitter:label1\" content=\"Gesch\u00e4tzte Lesezeit\" \/>\n\t<meta name=\"twitter:data1\" content=\"2\u00a0Minuten\" \/>\n<!-- \/ Yoast SEO plugin. -->","yoast_head_json":{"title":"Unsere Teams - CERTISYS","description":"Unsere Mitarbeiter f\u00fchren Sie gerne durch den gesamten Prozess der Biobehandlung oder geben Ihnen die n\u00f6tigen Informationen. Unser Empfangsteam ist mehrsprachig und kann alle Ihre Fragen beantworten.","robots":{"index":"index","follow":"follow","max-snippet":"max-snippet:-1","max-image-preview":"max-image-preview:large","max-video-preview":"max-video-preview:-1"},"canonical":"https:\/\/www.certisys.eu\/de\/ueber\/teams\/","og_locale":"de_DE","og_type":"article","og_title":"Unsere Teams - CERTISYS","og_description":"Unsere Mitarbeiter f\u00fchren Sie gerne durch den gesamten Prozess der Biobehandlung oder geben Ihnen die n\u00f6tigen Informationen. Unser Empfangsteam ist mehrsprachig und kann alle Ihre Fragen beantworten.","og_url":"https:\/\/www.certisys.eu\/de\/ueber\/teams\/","og_site_name":"CERTISYS","article_modified_time":"2025-12-02T11:32:07+00:00","twitter_card":"summary_large_image","twitter_misc":{"Gesch\u00e4tzte Lesezeit":"2\u00a0Minuten"},"schema":{"@context":"https:\/\/schema.org","@graph":[{"@type":"WebPage","@id":"https:\/\/www.certisys.eu\/de\/ueber\/teams\/","url":"https:\/\/www.certisys.eu\/de\/ueber\/teams\/","name":"Unsere Teams - CERTISYS","isPartOf":{"@id":"https:\/\/www.certisys.eu\/de\/#website"},"datePublished":"2021-02-23T17:27:26+00:00","dateModified":"2025-12-02T11:32:07+00:00","description":"Unsere Mitarbeiter f\u00fchren Sie gerne durch den gesamten Prozess der Biobehandlung oder geben Ihnen die n\u00f6tigen Informationen. Unser Empfangsteam ist mehrsprachig und kann alle Ihre Fragen beantworten.","breadcrumb":{"@id":"https:\/\/www.certisys.eu\/de\/ueber\/teams\/#breadcrumb"},"inLanguage":"de","potentialAction":[{"@type":"ReadAction","target":["https:\/\/www.certisys.eu\/de\/ueber\/teams\/"]}]},{"@type":"BreadcrumbList","@id":"https:\/\/www.certisys.eu\/de\/ueber\/teams\/#breadcrumb","itemListElement":[{"@type":"ListItem","position":1,"name":"Home","item":"https:\/\/www.certisys.eu\/de\/"},{"@type":"ListItem","position":2,"name":"\u00dcber uns","item":"https:\/\/www.certisys.eu\/de\/ueber\/"},{"@type":"ListItem","position":3,"name":"Unsere Teams"}]},{"@type":"WebSite","@id":"https:\/\/www.certisys.eu\/de\/#website","url":"https:\/\/www.certisys.eu\/de\/","name":"CERTISYS","description":"Bio Certification","potentialAction":[{"@type":"SearchAction","target":{"@type":"EntryPoint","urlTemplate":"https:\/\/www.certisys.eu\/de\/?s={search_term_string}"},"query-input":{"@type":"PropertyValueSpecification","valueRequired":true,"valueName":"search_term_string"}}],"inLanguage":"de"}]}},"jetpack_sharing_enabled":true,"_links":{"self":[{"href":"https:\/\/www.certisys.eu\/de\/wp-json\/wp\/v2\/pages\/6966","targetHints":{"allow":["GET"]}}],"collection":[{"href":"https:\/\/www.certisys.eu\/de\/wp-json\/wp\/v2\/pages"}],"about":[{"href":"https:\/\/www.certisys.eu\/de\/wp-json\/wp\/v2\/types\/page"}],"author":[{"embeddable":true,"href":"https:\/\/www.certisys.eu\/de\/wp-json\/wp\/v2\/users\/1"}],"replies":[{"embeddable":true,"href":"https:\/\/www.certisys.eu\/de\/wp-json\/wp\/v2\/comments?post=6966"}],"version-history":[{"count":13,"href":"https:\/\/www.certisys.eu\/de\/wp-json\/wp\/v2\/pages\/6966\/revisions"}],"predecessor-version":[{"id":75086,"href":"https:\/\/www.certisys.eu\/de\/wp-json\/wp\/v2\/pages\/6966\/revisions\/75086"}],"up":[{"embeddable":true,"href":"https:\/\/www.certisys.eu\/de\/wp-json\/wp\/v2\/pages\/6961"}],"wp:attachment":[{"href":"https:\/\/www.certisys.eu\/de\/wp-json\/wp\/v2\/media?parent=6966"}],"curies":[{"name":"wp","href":"https:\/\/api.w.org\/{rel}","templated":true}]}}