{"id":6961,"date":"2020-10-12T10:22:07","date_gmt":"2020-10-12T08:22:07","guid":{"rendered":"https:\/\/certisys.poush.be\/a-propos\/"},"modified":"2026-01-06T17:07:00","modified_gmt":"2026-01-06T15:07:00","slug":"ueber","status":"publish","type":"page","link":"https:\/\/www.certisys.eu\/de\/ueber\/","title":{"rendered":"\u00dcber uns"},"content":{"rendered":"<div class=\"wpb-content-wrapper\"><p>[vc_row full_width=&#8220;stretch_row&#8220; css=&#8220;.vc_custom_1614242522066{padding-top: 50px !important;padding-bottom: 50px !important;background-color: #f0f3f1 !important;}&#8220;][vc_column width=&#8220;1\/6&#8243;][\/vc_column][vc_column width=&#8220;2\/3&#8243;][vc_column_text]<\/p>\n<h2 style=\"text-align: center;\"><\/h2>\n<h2 style=\"text-align: center;\">CERTISYS\u00ae, ist DIE Referenz in Sachen biologische und nachhaltige Zertifizierungen<\/h2>\n<p>[\/vc_column_text][vc_column_text css=&#8220;&#8220;]<\/p>\n<p style=\"text-align: center;\">CERTISYS\u00ae wurde 1980 gegr\u00fcndet und ist ein echter <strong>Pionier, <\/strong>wenn es um<strong> BIO-Zertifizierungen <\/strong>in Belgien geht<strong>.<\/strong>&nbsp;Dank unserer Fachkompetenz und unserem Engagement f\u00fcr Bio- und Nachhaltigkeit sind wir Ihr bevorzugter Ansprechpartner, wenn es um die Umsetzung Ihrer Bio- und Nachhaltigkeitsprojekte in Belgien, den Niederlanden und im Gro\u00dfherzogtum Luxemburg geht.. Wir bieten Ihnen zahlreiche offizielle europ\u00e4ische und internationale Systeme aus der biologischen Landwirtschaft (JAS, BIO Schweiz, Canada Organic, NOP\u2026) sowie private Spezifikationen im Bereich Kosmetik und Reinigungsprodukte (Ecogarantie\u00ae, Ecocert Ecodetergent&#8230;),&nbsp; fairer Handel (Rainforest Alliance, Fair for Life, MSC\u2026) und Catering.<\/p>\n<div id=\"ConnectiveDocSignExtentionInstalled\" data-extension-version=\"1.0.4\"><\/div>\n<p>[\/vc_column_text][vc_column_text css=&#8220;&#8220;]<\/p>\n<h3 style=\"text-align: center;\">Wir sind die Benelux-Filiale der internationalen Ecocert-Gruppe, dem weltweiten Spezialisten f\u00fcr die Zertifizierung nachhaltiger Praktiken.<\/h3>\n<p>[\/vc_column_text][vc_column_text]<\/p>\n<p style=\"text-align: center;\">\u00dcber die Ecocert-Gruppe sind wir in mehr als 130 L\u00e4ndern an Ihrer Seite. Dank unserer Standorte \u00fcberall auf der Welt profitieren Sie auf lokaler Ebene vom Fachwissen unserer Expertenteams, die sich bestens mit Ihrer Branche und Ihrer T\u00e4tigkeit auskennen. Wir begleiten anhand von Zertifizierung, Beratung und Weiterbildung zahlreiche Organisationen beim Aufbau und der Aufwertung nachhaltiger Praktiken. Die Zertifizierungsmarke Ecocert ist unter Verbrauchern international bekannt f\u00fcr ihre Wahl strenger Lastenhefte und f\u00fcr die Qualit\u00e4t ihrer Garantien.<\/p>\n<p>[\/vc_column_text][vc_row_inner][vc_column_inner width=&#8220;1\/4&#8243;][\/vc_column_inner][vc_column_inner width=&#8220;1\/4&#8243;][vc_single_image image=&#8220;8658&#8243; img_size=&#8220;500 x 300&#8243;][\/vc_column_inner][vc_column_inner width=&#8220;1\/4&#8243;][vc_single_image image=&#8220;8662&#8243; img_size=&#8220;500 x 300&#8243;][\/vc_column_inner][vc_column_inner width=&#8220;1\/4&#8243;][\/vc_column_inner][\/vc_row_inner][\/vc_column][vc_column width=&#8220;1\/6&#8243;][\/vc_column][\/vc_row][vc_row full_width=&#8220;stretch_row&#8220; css=&#8220;.vc_custom_1614242503876{padding-top: 50px !important;padding-bottom: 50px !important;background-color: #325338 !important;}&#8220;][vc_column][vc_column_text el_class=&#8220;custom-white&#8220;]<\/p>\n<h2 style=\"text-align: center;\">CERTISYS in zahlen<\/h2>\n<p>[\/vc_column_text][vc_row_inner][vc_column_inner width=&#8220;1\/5&#8243;][vc_single_image image=&#8220;3112&#8243; img_size=&#8220;80&#215;80&#8243; alignment=&#8220;center&#8220; css_animation=&#8220;fadeInDown&#8220; css=&#8220;.vc_custom_1614242177664{margin-bottom: 20px !important;}&#8220;][vc_column_text css=&#8220;&#8220; el_class=&#8220;custom-white&#8220;]<\/p>\n<h3 style=\"text-align: center;\">+\/- 3.500 Kunden<\/h3>\n<p style=\"text-align: center;\">Das sind 59 % der zertifizierten belgischen Biobetriebe,<\/p>\n<p style=\"text-align: center;\">die uns bereits ihr Vertrauen schenken.<\/p>\n<p>[\/vc_column_text][\/vc_column_inner][vc_column_inner width=&#8220;1\/5&#8243;][vc_single_image image=&#8220;3100&#8243; img_size=&#8220;80&#215;80&#8243; alignment=&#8220;center&#8220; css_animation=&#8220;fadeInDown&#8220; css=&#8220;.vc_custom_1614242189139{margin-bottom: 20px !important;}&#8220;][vc_column_text css=&#8220;&#8220; el_class=&#8220;custom-white&#8220;]<\/p>\n<h3 style=\"text-align: center;\">Fast 10.000 Audits<br \/>\npro Jahr<\/h3>\n<p>[\/vc_column_text][\/vc_column_inner][vc_column_inner width=&#8220;1\/5&#8243;][vc_single_image image=&#8220;3628&#8243; img_size=&#8220;80&#215;80&#8243; alignment=&#8220;center&#8220; css_animation=&#8220;fadeInDown&#8220; css=&#8220;.vc_custom_1615472152583{margin-bottom: 20px !important;}&#8220;][vc_column_text css=&#8220;&#8220; el_class=&#8220;custom-white&#8220;]<\/p>\n<h3 style=\"text-align: center;\">J\u00e4hrlich mehr als 1.700 entnommene und analysierte Proben<\/h3>\n<p>[\/vc_column_text][\/vc_column_inner][vc_column_inner width=&#8220;1\/5&#8243;][vc_single_image image=&#8220;4339&#8243; img_size=&#8220;80&#215;80&#8243; alignment=&#8220;center&#8220; css_animation=&#8220;fadeInDown&#8220; css=&#8220;.vc_custom_1617352644810{margin-bottom: 20px !important;}&#8220;][vc_column_text el_class=&#8220;custom-white&#8220;]<\/p>\n<h3 style=\"text-align: center;\">3 B\u00fcros<\/h3>\n<p style=\"text-align: center;\">1 in jeder Region<\/p>\n<p>[\/vc_column_text][\/vc_column_inner][vc_column_inner width=&#8220;1\/5&#8243;][vc_single_image image=&#8220;3108&#8243; img_size=&#8220;80&#215;80&#8243; alignment=&#8220;center&#8220; css_animation=&#8220;fadeInDown&#8220; css=&#8220;.vc_custom_1614242215507{margin-bottom: 20px !important;}&#8220;][vc_column_text el_class=&#8220;custom-white&#8220;]<\/p>\n<h3 style=\"text-align: center;\">\u00a0Mehr als 25 lokale Auditoren<\/h3>\n<p>[\/vc_column_text][\/vc_column_inner][\/vc_row_inner][\/vc_column][\/vc_row][vc_row css=&#8220;.vc_custom_1615473502802{padding-top: 50px !important;}&#8220; el_class=&#8220;custom-lastrow&#8220;][vc_column][vc_column_text]<\/p>\n<h2 style=\"text-align: center;\">Erfahren sie mehr \u00fcber unsere geschichte<\/h2>\n<p>[\/vc_column_text][vc_row_inner][vc_column_inner offset=&#8220;vc_col-lg-offset-2 vc_col-lg-4 vc_col-md-offset-2 vc_col-md-4&#8243;][vc_single_image image=&#8220;1609&#8243; img_size=&#8220;30&#215;68&#8243; alignment=&#8220;center&#8220; css=&#8220;.vc_custom_1617352223882{margin-bottom: 10px !important;}&#8220;][vc_column_text css=&#8220;.vc_custom_1620305802119{margin-bottom: 0px !important;}&#8220;]<\/p>\n<h3 style=\"text-align: center; color: #e30613;\">1980<\/h3>\n<p style=\"text-align: center;\">Eine <strong>Gruppe von Pionieren <\/strong>mit einer Leidenschaft f\u00fcr den Landbau und \u00fcberzeugt von der Notwendigkeit, den Boden und die biologische Vielfalt zu sch\u00fctzen, <strong>ruft die Bewegung des \u00f6kologischen Landbaus ins Leben<\/strong>. Zu diesem Zeitpunkt ist von BIO-Richtlinien noch keine Rede. Alles muss zun\u00e4chst erstellt und eingerichtet werden! Diese BIO-Pioniere wirken an der Ausarbeitung von europ\u00e4ischen Verordnung und nationalen privaten Spezifikationen mit.<\/p>\n<p>[\/vc_column_text][\/vc_column_inner][\/vc_row_inner][vc_single_image image=&#8220;5547&#8243; img_size=&#8220;1200&#215;150&#8243; alignment=&#8220;center&#8220; css=&#8220;.vc_custom_1619007349120{margin-bottom: 0px !important;}&#8220;][vc_row_inner][vc_column_inner offset=&#8220;vc_col-lg-offset-6 vc_col-lg-4 vc_col-md-offset-6 vc_col-md-4&#8243; css=&#8220;.vc_custom_1615473091947{padding-top: 0px !important;}&#8220;][vc_single_image image=&#8220;1609&#8243; img_size=&#8220;30&#215;68&#8243; alignment=&#8220;center&#8220; css=&#8220;.vc_custom_1617352223882{margin-bottom: 10px !important;}&#8220;][vc_column_text css=&#8220;.vc_custom_1620305816641{margin-bottom: 0px !important;}&#8220;]<\/p>\n<h3 style=\"text-align: center; color: #e30613;\">1991<\/h3>\n<p style=\"text-align: center;\">Die europ\u00e4ische \u00d6ko-Verordnung entsteht. <strong>Blaise Hommelen gr\u00fcndet das Unternehmen \u201eECOCERT BELGIUM\u201c<\/strong>, um sich der Herausforderung einer zuverl\u00e4ssigen und glaubw\u00fcrdigen Kontrolle und Zertifizierung des \u00f6kologischen Landbaus zu stellen und den Betreibern die M\u00f6glichkeit zu geben, ihre Produkte besser sichtbar zu machen.<\/p>\n<p>[\/vc_column_text][\/vc_column_inner][\/vc_row_inner][vc_single_image image=&#8220;5551&#8243; img_size=&#8220;1200&#215;150&#8243; alignment=&#8220;center&#8220; css=&#8220;.vc_custom_1619007357914{margin-bottom: 0px !important;}&#8220;][vc_row_inner][vc_column_inner offset=&#8220;vc_col-lg-offset-2 vc_col-lg-4 vc_col-md-offset-2 vc_col-md-4&#8243; css=&#8220;.vc_custom_1615473118845{padding-top: 0px !important;}&#8220;][vc_single_image image=&#8220;1609&#8243; img_size=&#8220;30&#215;68&#8243; alignment=&#8220;center&#8220; css=&#8220;.vc_custom_1617352223882{margin-bottom: 10px !important;}&#8220;][vc_column_text css=&#8220;.vc_custom_1620305829883{margin-bottom: 0px !important;}&#8220;]<\/p>\n<h3 style=\"text-align: center; color: #e30613;\">2000<\/h3>\n<p style=\"text-align: center;\">ECOCERT BELGIUM erh\u00e4lt die Zulassung zur <strong>Kontrolle und Zertifizierung im Gro\u00dfherzogtum Luxemburg<\/strong>. Zu dieser Zeit kontrolliert das Unternehmen \u00fcber 700 Betreiber.<\/p>\n<p>[\/vc_column_text][\/vc_column_inner][\/vc_row_inner][vc_single_image image=&#8220;5555&#8243; img_size=&#8220;1200&#215;150&#8243; alignment=&#8220;center&#8220; css=&#8220;.vc_custom_1619007365702{margin-bottom: 0px !important;}&#8220;][vc_row_inner][vc_column_inner offset=&#8220;vc_col-lg-offset-6 vc_col-lg-4 vc_col-md-offset-6 vc_col-md-4&#8243; css=&#8220;.vc_custom_1615473091947{padding-top: 0px !important;}&#8220;][vc_single_image image=&#8220;1609&#8243; img_size=&#8220;30&#215;68&#8243; alignment=&#8220;center&#8220; css=&#8220;.vc_custom_1617352223882{margin-bottom: 10px !important;}&#8220;][vc_column_text css=&#8220;.vc_custom_1622207521694{margin-bottom: 0px !important;}&#8220;]<\/p>\n<h3 style=\"text-align: center; color: #e30613;\">2007<\/h3>\n<p style=\"text-align: center;\"><strong>ECOCERT BELGIUM wird zu CERTISYS\u00ae.<\/strong> Das Unternehmen hat nun 24 Mitarbeiter. Ein auf der Risikoanalyse basierendes Kontrollsystem wird entwickelt, um die Kontrollen vor Ort gezielter durchf\u00fchren zu k\u00f6nnen.<\/p>\n<p>[\/vc_column_text][\/vc_column_inner][\/vc_row_inner][vc_single_image image=&#8220;5551&#8243; img_size=&#8220;1200&#215;150&#8243; alignment=&#8220;center&#8220; css=&#8220;.vc_custom_1619007376131{margin-bottom: 0px !important;}&#8220;][vc_row_inner][vc_column_inner offset=&#8220;vc_col-lg-offset-2 vc_col-lg-4 vc_col-md-offset-2 vc_col-md-4&#8243; css=&#8220;.vc_custom_1615473118845{padding-top: 0px !important;}&#8220;][vc_single_image image=&#8220;1609&#8243; img_size=&#8220;30&#215;68&#8243; alignment=&#8220;center&#8220; css=&#8220;.vc_custom_1617352223882{margin-bottom: 10px !important;}&#8220;][vc_column_text css=&#8220;.vc_custom_1621934307762{margin-bottom: 0px !important;}&#8220;]<\/p>\n<h3 style=\"text-align: center; color: #e30613;\">2021<\/h3>\n<p style=\"text-align: center;\">CERTISYS\u00ae festigt seine Position als f\u00fchrende Bio-Zertifizierungsstelle in Belgien und setzt seine Gesch\u00e4ftsentwicklung in den Benelux-L\u00e4ndern durch den <strong>Beitritt zur ECOCERT-Gruppe fort.<\/strong><\/p>\n<p>[\/vc_column_text][\/vc_column_inner][\/vc_row_inner][\/vc_column][\/vc_row][vc_row css=&#8220;.vc_custom_1620370884352{padding-top: 50px !important;padding-bottom: 150px !important;background-image: url(https:\/\/www.certisys.eu\/wp-content\/uploads\/2020\/10\/bg-3-1.png?id=892) !important;}&#8220; el_class=&#8220;custom-lastrow&#8220;][vc_column css=&#8220;.vc_custom_1616056778505{padding-top: 0px !important;}&#8220; offset=&#8220;vc_col-lg-offset-2 vc_col-lg-8 vc_col-md-offset-1 vc_col-md-10&#8243;][vc_column_text]<\/p>\n<h2 style=\"text-align: center;\">Mehr Informationen<\/h2>\n<p>[\/vc_column_text][vc_row_inner][vc_column_inner width=&#8220;1\/2&#8243;]<div class=\"d-flex justify-content-center vc_custom_1620371356202\"><a class=\"psh_button btn-68881984\" href=\"https:\/\/www.certisys.eu\/de\/ueber\/engagement\/\" alt=\"Unser engagement\" target=\"\">Unser engagement<\/a><\/div>\n        <style>.psh_button.btn-68881984{\n          font-size: 18px;\n          text-transform: none;\n          padding: 10px 20px 10px 20px;\n          border-radius: 80px;\n          border-width: 0px;\n          background-color: #e30613;\n          border-color: ;\n          border-style: solid;\n          color: #ffffff;\n          display: inline-block;\n          width:250px;\n          transition: all .3s ease-in-out;\n        }\n        .psh_button.btn-68881984:hover{\n          background-color: #f18970;\n          border-color: ;\n          color: #ffffff;\n          transition: all .3s ease-in-out;\n        }.vc_custom_1620371356202{margin-bottom: 15px !important;}<\/style><div class=\"d-flex justify-content-center vc_custom_1620387949535\"><a class=\"psh_button btn-67741846\" href=\"https:\/\/www.certisys.eu\/de\/ueber\/teams\/\" alt=\"Unser Teams\" target=\"\">Unsere Teams<\/a><\/div>\n        <style>.psh_button.btn-67741846{\n          font-size: 18px;\n          text-transform: none;\n          padding: 10px 20px 10px 20px;\n          border-radius: 80px;\n          border-width: 0px;\n          background-color: #e30613;\n          border-color: ;\n          border-style: solid;\n          color: #ffffff;\n          display: inline-block;\n          width:250px;\n          transition: all .3s ease-in-out;\n        }\n        .psh_button.btn-67741846:hover{\n          background-color: #f18970;\n          border-color: ;\n          color: #ffffff;\n          transition: all .3s ease-in-out;\n        }.vc_custom_1620387949535{margin-bottom: 15px !important;}<\/style>[\/vc_column_inner][vc_column_inner width=&#8220;1\/2&#8243;]<div class=\"d-flex justify-content-center vc_custom_1620371397580\"><a class=\"psh_button btn-21218515\" href=\"https:\/\/www.certisys.eu\/de\/ueber\/zulassungen\/\" alt=\"Unsere zulassungen\" target=\"\">Unsere zulassungen<\/a><\/div>\n        <style>.psh_button.btn-21218515{\n          font-size: 18px;\n          text-transform: none;\n          padding: 10px 20px 10px 20px;\n          border-radius: 80px;\n          border-width: 0px;\n          background-color: #e30613;\n          border-color: ;\n          border-style: solid;\n          color: #ffffff;\n          display: inline-block;\n          width:250px;\n          transition: all .3s ease-in-out;\n        }\n        .psh_button.btn-21218515:hover{\n          background-color: #f18970;\n          border-color: ;\n          color: #ffffff;\n          transition: all .3s ease-in-out;\n        }.vc_custom_1620371397580{margin-bottom: 15px !important;}<\/style><div class=\"d-flex justify-content-center vc_custom_1620387528331\"><a class=\"psh_button btn-70995994\" href=\"https:\/\/www.certisys.eu\/de\/ueber\/geschaeftsbericht\/\" alt=\"Unsere Gesch\u00e4ftsbericht\" target=\"\">Unsere gesch\u00e4ftsberichte<\/a><\/div>\n        <style>.psh_button.btn-70995994{\n          font-size: 18px;\n          text-transform: none;\n          padding: 10px 20px 10px 20px;\n          border-radius: 80px;\n          border-width: 0px;\n          background-color: #e30613;\n          border-color: ;\n          border-style: solid;\n          color: #ffffff;\n          display: inline-block;\n          width:250px;\n          transition: all .3s ease-in-out;\n        }\n        .psh_button.btn-70995994:hover{\n          background-color: #f18970;\n          border-color: ;\n          color: #ffffff;\n          transition: all .3s ease-in-out;\n        }.vc_custom_1620387528331{margin-bottom: 15px !important;}<\/style>[\/vc_column_inner][\/vc_row_inner][\/vc_column][\/vc_row]<\/p>\n<\/div>","protected":false},"excerpt":{"rendered":"<p>[vc_row full_width=&#8220;stretch_row&#8220; css=&#8220;.vc_custom_1614242522066{padding-top: 50px !important;padding-bottom: 50px !important;background-color: #f0f3f1 !important;}&#8220;][vc_column width=&#8220;1\/6&#8243;][\/vc_column][vc_column width=&#8220;2\/3&#8243;][vc_column_text] CERTISYS\u00ae, ist DIE Referenz in Sachen biologische und nachhaltige Zertifizierungen [\/vc_column_text][vc_column_text css=&#8220;&#8220;] CERTISYS\u00ae wurde 1980 gegr\u00fcndet und ist ein echter Pionier, wenn es um BIO-Zertifizierungen in Belgien geht.&nbsp;Dank unserer Fachkompetenz und unserem Engagement f\u00fcr Bio- und Nachhaltigkeit sind wir Ihr bevorzugter Ansprechpartner, wenn es [&hellip;]<\/p>\n","protected":false},"author":1,"featured_media":0,"parent":0,"menu_order":2,"comment_status":"closed","ping_status":"closed","template":"","meta":{"_acf_changed":false,"footnotes":""},"class_list":["post-6961","page","type-page","status-publish","hentry"],"acf":[],"yoast_head":"<!-- This site is optimized with the Yoast SEO plugin v26.6 - https:\/\/yoast.com\/wordpress\/plugins\/seo\/ -->\n<title>\u00dcber uns - CERTISYS<\/title>\n<meta name=\"description\" content=\"Unser Fachwissen und unser unerm\u00fcdliches Engagement f\u00fcr den \u00f6kologischen Landbau machen uns zu einem f\u00fchrenden Unternehmen in diesem Bereich. Wir unterst\u00fctzen die Entwicklung Ihrer Bio-Aktivit\u00e4ten in Belgien, dem Gro\u00dfherzogtum Luxemburg und Afrika.\" \/>\n<meta name=\"robots\" content=\"index, follow, max-snippet:-1, max-image-preview:large, max-video-preview:-1\" \/>\n<link rel=\"canonical\" href=\"https:\/\/www.certisys.eu\/de\/ueber\/\" \/>\n<meta property=\"og:locale\" content=\"de_DE\" \/>\n<meta property=\"og:type\" content=\"article\" \/>\n<meta property=\"og:title\" content=\"\u00dcber uns - CERTISYS\" \/>\n<meta property=\"og:description\" content=\"Unser Fachwissen und unser unerm\u00fcdliches Engagement f\u00fcr den \u00f6kologischen Landbau machen uns zu einem f\u00fchrenden Unternehmen in diesem Bereich. Wir unterst\u00fctzen die Entwicklung Ihrer Bio-Aktivit\u00e4ten in Belgien, dem Gro\u00dfherzogtum Luxemburg und Afrika.\" \/>\n<meta property=\"og:url\" content=\"https:\/\/www.certisys.eu\/de\/ueber\/\" \/>\n<meta property=\"og:site_name\" content=\"CERTISYS\" \/>\n<meta property=\"article:modified_time\" content=\"2026-01-06T15:07:00+00:00\" \/>\n<meta name=\"twitter:card\" content=\"summary_large_image\" \/>\n<meta name=\"twitter:label1\" content=\"Gesch\u00e4tzte Lesezeit\" \/>\n\t<meta name=\"twitter:data1\" content=\"7\u00a0Minuten\" \/>\n<!-- \/ Yoast SEO plugin. -->","yoast_head_json":{"title":"\u00dcber uns - CERTISYS","description":"Unser Fachwissen und unser unerm\u00fcdliches Engagement f\u00fcr den \u00f6kologischen Landbau machen uns zu einem f\u00fchrenden Unternehmen in diesem Bereich. Wir unterst\u00fctzen die Entwicklung Ihrer Bio-Aktivit\u00e4ten in Belgien, dem Gro\u00dfherzogtum Luxemburg und Afrika.","robots":{"index":"index","follow":"follow","max-snippet":"max-snippet:-1","max-image-preview":"max-image-preview:large","max-video-preview":"max-video-preview:-1"},"canonical":"https:\/\/www.certisys.eu\/de\/ueber\/","og_locale":"de_DE","og_type":"article","og_title":"\u00dcber uns - CERTISYS","og_description":"Unser Fachwissen und unser unerm\u00fcdliches Engagement f\u00fcr den \u00f6kologischen Landbau machen uns zu einem f\u00fchrenden Unternehmen in diesem Bereich. Wir unterst\u00fctzen die Entwicklung Ihrer Bio-Aktivit\u00e4ten in Belgien, dem Gro\u00dfherzogtum Luxemburg und Afrika.","og_url":"https:\/\/www.certisys.eu\/de\/ueber\/","og_site_name":"CERTISYS","article_modified_time":"2026-01-06T15:07:00+00:00","twitter_card":"summary_large_image","twitter_misc":{"Gesch\u00e4tzte Lesezeit":"7\u00a0Minuten"},"schema":{"@context":"https:\/\/schema.org","@graph":[{"@type":"WebPage","@id":"https:\/\/www.certisys.eu\/de\/ueber\/","url":"https:\/\/www.certisys.eu\/de\/ueber\/","name":"\u00dcber uns - CERTISYS","isPartOf":{"@id":"https:\/\/www.certisys.eu\/de\/#website"},"datePublished":"2020-10-12T08:22:07+00:00","dateModified":"2026-01-06T15:07:00+00:00","description":"Unser Fachwissen und unser unerm\u00fcdliches Engagement f\u00fcr den \u00f6kologischen Landbau machen uns zu einem f\u00fchrenden Unternehmen in diesem Bereich. Wir unterst\u00fctzen die Entwicklung Ihrer Bio-Aktivit\u00e4ten in Belgien, dem Gro\u00dfherzogtum Luxemburg und Afrika.","breadcrumb":{"@id":"https:\/\/www.certisys.eu\/de\/ueber\/#breadcrumb"},"inLanguage":"de","potentialAction":[{"@type":"ReadAction","target":["https:\/\/www.certisys.eu\/de\/ueber\/"]}]},{"@type":"BreadcrumbList","@id":"https:\/\/www.certisys.eu\/de\/ueber\/#breadcrumb","itemListElement":[{"@type":"ListItem","position":1,"name":"Home","item":"https:\/\/www.certisys.eu\/de\/"},{"@type":"ListItem","position":2,"name":"\u00dcber uns"}]},{"@type":"WebSite","@id":"https:\/\/www.certisys.eu\/de\/#website","url":"https:\/\/www.certisys.eu\/de\/","name":"CERTISYS","description":"Bio Certification","potentialAction":[{"@type":"SearchAction","target":{"@type":"EntryPoint","urlTemplate":"https:\/\/www.certisys.eu\/de\/?s={search_term_string}"},"query-input":{"@type":"PropertyValueSpecification","valueRequired":true,"valueName":"search_term_string"}}],"inLanguage":"de"}]}},"jetpack_sharing_enabled":true,"_links":{"self":[{"href":"https:\/\/www.certisys.eu\/de\/wp-json\/wp\/v2\/pages\/6961","targetHints":{"allow":["GET"]}}],"collection":[{"href":"https:\/\/www.certisys.eu\/de\/wp-json\/wp\/v2\/pages"}],"about":[{"href":"https:\/\/www.certisys.eu\/de\/wp-json\/wp\/v2\/types\/page"}],"author":[{"embeddable":true,"href":"https:\/\/www.certisys.eu\/de\/wp-json\/wp\/v2\/users\/1"}],"replies":[{"embeddable":true,"href":"https:\/\/www.certisys.eu\/de\/wp-json\/wp\/v2\/comments?post=6961"}],"version-history":[{"count":32,"href":"https:\/\/www.certisys.eu\/de\/wp-json\/wp\/v2\/pages\/6961\/revisions"}],"predecessor-version":[{"id":75797,"href":"https:\/\/www.certisys.eu\/de\/wp-json\/wp\/v2\/pages\/6961\/revisions\/75797"}],"wp:attachment":[{"href":"https:\/\/www.certisys.eu\/de\/wp-json\/wp\/v2\/media?parent=6961"}],"curies":[{"name":"wp","href":"https:\/\/api.w.org\/{rel}","templated":true}]}}