{"id":6944,"date":"2020-10-12T10:28:41","date_gmt":"2020-10-12T08:28:41","guid":{"rendered":"https:\/\/certisys.poush.be\/meine-taetigkeit\/cosmetiques-et-nettoyage\/"},"modified":"2024-08-07T22:17:40","modified_gmt":"2024-08-07T20:17:40","slug":"kosmetika-und-reinigungsmittel","status":"publish","type":"page","link":"https:\/\/www.certisys.eu\/de\/meine-aktivitaet\/kosmetika-und-reinigungsmittel\/","title":{"rendered":"Kosmetika und Reinigungsmittel"},"content":{"rendered":"<div class=\"wpb-content-wrapper\"><p>[vc_row content_placement=&#8220;middle&#8220; css=&#8220;.vc_custom_1615465707679{padding-bottom: 80px !important;}&#8220;][vc_column width=&#8220;2\/3&#8243; offset=&#8220;vc_col-lg-offset-3 vc_col-lg-6&#8243; css=&#8220;.vc_custom_1615465726560{padding-top: 0px !important;}&#8220;][vc_single_image image=&#8220;1660&#8243; img_size=&#8220;100&#215;145&#8243; alignment=&#8220;center&#8220; css_animation=&#8220;fadeInDown&#8220; css=&#8220;.vc_custom_1615480043742{margin-top: -70px !important;}&#8220;][vc_column_text]<\/p>\n<p style=\"text-align: center;\">M\u00f6chten Sie Ihre Kosmetika, Haushaltspflegeprodukte, Raumd\u00fcfte mit einem Label zertifizieren lassen, das deren Zusammensetzung aufwertet und Ihren nachhaltigen Ansatz in den Vordergrund stellt? Im BIO-Siegel der EU sind diese Art von Produkten nicht vorgesehen. In diesem Fall k\u00f6nnen Sie das <a href=\"https:\/\/ecogarantie.eu\/fr\/\" target=\"_blank\" rel=\"noopener\"><strong>Label Ecogarantie\u00ae<\/strong><\/a> nutzen, das als <strong>privater Standard zus\u00e4tzlich zur europ\u00e4ischen \u00d6ko-Verordnung<\/strong> fungiert. CERTISYS\u00ae bietet Ihnen die Ecogarantie\u00ae-Zertifizierung an.<\/p>\n<p>[\/vc_column_text][vc_column_text]<\/p>\n<h2 style=\"text-align: center;\">Wie sieht Ihre BIO-T\u00e4tigkeit aus?<\/h2>\n<p>[\/vc_column_text][\/vc_column][\/vc_row][vc_row][vc_column width=&#8220;1\/2&#8243; css=&#8220;.vc_custom_1616681644708{margin-left: 10% !important;}&#8220;][vc_column_text]Sie vermarkten <strong>\u00f6kologische Produkte<\/strong>, die <strong>nicht unter die EU-Verordnung fallen<\/strong>, m\u00f6chten diese aber aufwerten. Dazu k\u00f6nnen Sie den <strong>\u00a0Ecogarantie\u00ae<\/strong><strong> Standard<\/strong> nutzen. Dies ist ein privater Standard, der f\u00fcr die Zertifizierung von <strong>Kosmetika, Reinigungsprodukten und Meersalz sowie von Raumsprays, -zerst\u00e4ubern, -d\u00fcften<\/strong> usw. entwickelt wurde. Wenn Sie eine Ecogarantie\u00ae-Zertifizierung anstreben, f\u00fchrt CERTISYS\u00ae sowohl die Pr\u00fcfung als auch die Zertifizierung Ihrer Produkte durch. CERTISYS\u00ae stellt Ihnen ein Konformit\u00e4tszertifikat aus und Sie d\u00fcrfen dann das Zeichen \u201eEcogarantie\u00ae\u201c verwenden.<\/p>\n<p>Das Ecogarantie\u00ae-Label wurden von den Akteuren des BIO-Sektors (Erzeuger, Verarbeiter, Verbraucher und technische Einrichtungen) entwickelt. Eigent\u00fcmer und Verwalter ist der Berufsverband <strong>Probila-Unitrab<\/strong>, der die Interessen von Verarbeitern und Anbietern im BIO-Bereich (Food und Non-Food) vertritt.<\/p>\n<p>Ecogarantie ist ein Experte f\u00fcr den Schutz der Natur. Es ist das <strong>strengste<\/strong> \u00d6ko-Label, alle Inhaltsstoffe pflanzlichen Ursprungs (\u00e4therische \u00d6le, Aloe Vera usw.) sind <strong>100% BIO.<\/strong>[\/vc_column_text][\/vc_column][vc_column width=&#8220;1\/2&#8243;][vc_single_image image=&#8220;4113&#8243; img_size=&#8220;full&#8220; alignment=&#8220;center&#8220; css=&#8220;.vc_custom_1616682028568{margin-top: 10% !important;}&#8220;][\/vc_column][\/vc_row][vc_row css=&#8220;.vc_custom_1614846917657{padding-top: 50px !important;padding-bottom: 80px !important;background-color: #f0f3f1 !important;}&#8220;][vc_column width=&#8220;1\/6&#8243;][\/vc_column][vc_column width=&#8220;2\/3&#8243;][vc_column_text]<\/p>\n<h2 style=\"text-align: center;\">Was sind die wesentlichen Informationen, um Ihre Kosmetika und Reinigungsprodukte mit Ecogarantie\u00ae zertifizieren zu lassen?<\/h2>\n<p style=\"text-align: center;\">Ein Produkt, das das Ecogarantie\u00ae-Label tr\u00e4gt, garantiert dem Verbraucher, dass es strenge Anforderungen an die \u00f6kologische Qualit\u00e4t erf\u00fcllt. Dabei werden viele Aspekte ber\u00fccksichtigt, wie z. B. die <strong>biologische Herkunft der Inhaltsstoffe<\/strong> landwirtschaftlichen Ursprungs, der <strong>Lebenszyklus<\/strong> des Produkts, seine <strong>biologische Abbaubarkeit <\/strong>usw.<\/p>\n<p>[\/vc_column_text][vc_tta_accordion style=&#8220;modern&#8220; shape=&#8220;round&#8220; color=&#8220;white&#8220; c_position=&#8220;right&#8220; active_section=&#8220;100&#8243; no_fill=&#8220;true&#8220; collapsible_all=&#8220;true&#8220;][vc_tta_section title=&#8220;Die Einhaltung der Spezifikationen&#8220; tab_id=&#8220;spezifikationen&#8220;][vc_row_inner][vc_column_inner width=&#8220;1\/2&#8243;][vc_column_text]Pr\u00fcfen Sie zun\u00e4chst, ob Ihre Produkte die allgemeinen <a href=\"https:\/\/www.certisys.eu\/wp-content\/uploads\/2021\/03\/06_11_24_CDC_Ecogarantie-1.pdf\" target=\"_blank\" rel=\"noopener\">Anforderungen der Spezifikationen von Ecogarantie\u00ae erf\u00fcllen<\/a>.[\/vc_column_text][\/vc_column_inner][vc_column_inner width=&#8220;1\/2&#8243;][vc_single_image image=&#8220;3235&#8243; img_size=&#8220;500&#215;300&#8243;][\/vc_column_inner][\/vc_row_inner][\/vc_tta_section][vc_tta_section title=&#8220;Die Konformit\u00e4t der Rezepturen&#8220; tab_id=&#8220;rezepturen&#8220;][vc_row_inner][vc_column_inner width=&#8220;1\/2&#8243;][vc_column_text]Sie m\u00fcssen sicherstellen, dass Ihre Rezepturen\/Zusammensetzungen der neuesten Version des Ecogarantie\u00ae Standards entsprechen. Um die <strong>G\u00fcltigkeit Ihrer Rezepturen zu beurteile<\/strong>n, schauen Sie bitte unter den <a href=\"https:\/\/www.certisys.eu\/wp-content\/uploads\/2021\/03\/06_11_24_CDC_Ecogarantie-1.pdf\">Ecogarantie\u00ae-Spezifikationen<\/a>\u00a0 nach[\/vc_column_text][\/vc_column_inner][vc_column_inner width=&#8220;1\/2&#8243;][vc_single_image image=&#8220;3203&#8243; img_size=&#8220;500&#215;200&#8243;][\/vc_column_inner][\/vc_row_inner][\/vc_tta_section][vc_tta_section title=&#8220;Die Konformit\u00e4t der Etiketten und Verpackungen&#8220; tab_id=&#8220;etiketten-verpackungen&#8220;][vc_row_inner][vc_column_inner width=&#8220;1\/2&#8243;][vc_column_text]Ihre Etiketten und Verpackungen m\u00fcssen den Vorschriften von Anhang II der Ecogarantie\u00ae-Spezifikationen (Logo Book) entsprechen.<\/p>\n<p>Jedes <strong>neue Etikett<\/strong>, ob f\u00fcr ein neues Produkt oder f\u00fcr eine Design\u00e4nderung, muss an <strong>CERTISYS\u00ae geschickt werden<\/strong>. Es liegt in Ihrer Verantwortung, die gesetzlichen Bestimmungen f\u00fcr das Inverkehrbringen von Kosmetika und\/oder Reinigungsprodukten einzuhalten.<\/p>\n<p>Wir weisen Sie darauf hin, dass diese Schritte<strong> vor dem Inverkehrbringen<\/strong> eines Produkts mit dem Ecogarantie\u00ae-Label erfolgt sein m\u00fcssen. Jedes <strong>neue Produkt <\/strong>darf erst dann auf den Markt gebracht werden, wenn<strong> CERTISYS\u00ae ein \u201eECOGARANTIE\u201c-Zertifikat ausgestellt hat<\/strong>.[\/vc_column_text][\/vc_column_inner][vc_column_inner width=&#8220;1\/2&#8243;][vc_single_image image=&#8220;3335&#8243; img_size=&#8220;500&#215;450&#8243;][\/vc_column_inner][\/vc_row_inner][\/vc_tta_section][vc_tta_section title=&#8220;Mitteilung von \u00c4nderungen im Zusammenhang mit Ihrer T\u00e4tigkeit&#8220; tab_id=&#8220;mitteilung&#8220;][vc_column_text]Ebenso muss uns jede wesentliche \u00c4nderung Ihrer T\u00e4tigkeit mitgeteilt werden (<strong>Umzug, Wechsel des Verantwortlichen <\/strong>f\u00fcr die Ecogarantie\u00ae-Akte innerhalb Ihres Unternehmens, Herstellungsverfahren usw.). Das Gleiche gilt f\u00fcr \u00c4nderungen der <strong>Rezeptur<\/strong>, des <strong>Inhaltsstoffs<\/strong>, des <strong>Lieferanten<\/strong>, des <strong>Etiketts<\/strong> oder der Verpackung, bevor das <strong>ge\u00e4nderte Produkt<\/strong> in Verkehr gebracht wird.[\/vc_column_text][\/vc_tta_section][\/vc_tta_accordion][\/vc_column][vc_column width=&#8220;1\/6&#8243;][\/vc_column][\/vc_row][vc_row css=&#8220;.vc_custom_1614853263792{padding-top: 50px !important;padding-bottom: 80px !important;background-color: #335439 !important;}&#8220;][vc_column width=&#8220;1\/6&#8243;][\/vc_column][vc_column width=&#8220;2\/3&#8243;][vc_column_text el_class=&#8220;custom-white&#8220;]<\/p>\n<h2 style=\"text-align: center;\">Wie l\u00e4uft Ihre Ecogarantie\u00ae-Kontrolle ab?<\/h2>\n<p style=\"text-align: center;\">Einer unserer Inspektoren wird Sie kontaktieren, um einen Termin f\u00fcr ein erstes Audit zu vereinbaren.<\/p>\n<p>[\/vc_column_text][vc_tta_accordion style=&#8220;modern&#8220; shape=&#8220;round&#8220; color=&#8220;white&#8220; c_position=&#8220;right&#8220; active_section=&#8220;100&#8243; no_fill=&#8220;true&#8220; collapsible_all=&#8220;true&#8220;][vc_tta_section title=&#8220;Was wird bei Ihrer Kontrolle \u00fcberpr\u00fcft?&#8220; tab_id=&#8220;wird&#8220;][vc_row_inner][vc_column_inner width=&#8220;1\/2&#8243;][vc_column_text el_class=&#8220;custom-white&#8220;]<\/p>\n<ul>\n<li>Die <strong>Inhaltsstoffe <\/strong>(die Grundstoffe landwirtschaftlichen Ursprungs m\u00fcssen aus biologischem Anbau stammen) und die <strong>BIO-Garantien<\/strong> der Lieferanten. Pr\u00fcfen Sie sorgf\u00e4ltig das G\u00fcltigkeitsdatum des Zertifikats und vergewissern Sie sich, dass jeder Grundstoff mit einem Zertifikat versehen ist.<\/li>\n<li>Die <strong>Rezepturen\/Zusammensetzungen<\/strong> und <strong>Herstellungsprozesse<\/strong><\/li>\n<li>Die \u00dcbereinstimmung zwischen der Menge der <strong>gekauften und verkauften Produkte<\/strong><\/li>\n<li>Die Besichtigung der <strong>Produktions- und Lagerst\u00e4tten<\/strong><\/li>\n<li>Die <strong>Trennungsma\u00dfnahmen <\/strong>zwischen zertifizierten und nicht zertifizieren Produkten<\/li>\n<li>Die <strong>Etiketten<\/strong> und <strong>Verpackungen <\/strong>(verwendete Materialien)<\/li>\n<li>\u2026<\/li>\n<\/ul>\n<p><strong>Wenn Sie<\/strong> die gesamte oder einen Teil der Produktion Ihrer Produkte an ein <strong>anderes Unternehmen<\/strong> <strong>untervergeben<\/strong>, muss auch dieses Unternehmen <strong>gepr\u00fcft werden<\/strong>.[\/vc_column_text][\/vc_column_inner][vc_column_inner width=&#8220;1\/2&#8243;][vc_single_image image=&#8220;5617&#8243; img_size=&#8220;500&#215;500&#8243;][\/vc_column_inner][\/vc_row_inner][vc_row_inner][vc_column_inner width=&#8220;1\/2&#8243;][vc_single_image image=&#8220;5613&#8243; img_size=&#8220;500&#215;500&#8243;][\/vc_column_inner][vc_column_inner width=&#8220;1\/2&#8243;][vc_column_text el_class=&#8220;custom-white&#8220;]Es k\u00f6nnen an jedem Punkt des Herstellungsprozesses <strong>Proben genommen<\/strong> werden: vom Grundstoff \u00fcber alle Zwischenstufen bis zum fertigen Produkt. Die Analysen werden von einem akkreditierten unabh\u00e4ngigen Labor durchgef\u00fchrt.<\/p>\n<p>Am Ende seines Besuchs erstellt der Inspektor den <strong>Kontrollbericht<\/strong> und bespricht mit Ihnen eventuelle Verbesserungsw\u00fcnsche und M\u00e4ngel. Nachdem der Bericht <strong>von beiden Parteien unterzeichnet<\/strong> wurde, wird Ihnen eine Kopie ausgeh\u00e4ndigt. Anschlie\u00dfend legt der Inspektor den Bericht dem Zertifizierungsteam zur Entscheidung und Ausstellung der Zertifikate vor.[\/vc_column_text][\/vc_column_inner][\/vc_row_inner][\/vc_tta_section][vc_tta_section title=&#8220;Welche wichtigen Dokumente sollten Sie bereithalten und bei Ihrer Kontrolle vorlegen?&#8220; tab_id=&#8220;dokumente&#8220;][vc_row_inner][vc_column_inner width=&#8220;1\/2&#8243;][vc_column_text el_class=&#8220;custom-white&#8220;]<\/p>\n<h3>Eine Beurteilung der Inhaltsstoffe<\/h3>\n<ul>\n<li>F\u00fcr jeden verarbeiteten Inhaltsstoff muss ein <strong>Inhaltsstoffformular <\/strong>ausgef\u00fcllt werden. Es ist auf Anfrage \u00fcber <a href=\"mailto:info@certisys.eu\" target=\"_blank\" rel=\"noopener\">info@certisys.eu<\/a> erh\u00e4ltlich.<\/li>\n<li>Die <strong>Kopien der Sicherheitsdatenbl\u00e4tter <\/strong>(MSDS &#8211; Material Safety Data Sheet) f\u00fcr jeden Inhaltsstoff m\u00fcssen \u00fcbermittelt werden.<\/li>\n<li>Die <strong>BIO-Zertifikate<\/strong> f\u00fcr jeden Inhaltsstoff aus biologischem Anbau m\u00fcssen vorliegen.<\/li>\n<\/ul>\n<p>[\/vc_column_text][vc_column_text el_class=&#8220;custom-white&#8220;]<\/p>\n<h3>Eine Beurteilung der zu zertifizierenden Produkte<\/h3>\n<p>Wenn es sich bei Ihrem Herstellungsprozess nicht um ein einfaches Mischen handelt, m\u00fcssen Sie ein Formular ausf\u00fcllen, das Ihre Herstellungsprozesse beschreibt.[\/vc_column_text][\/vc_column_inner][vc_column_inner width=&#8220;1\/2&#8243;][vc_single_image image=&#8220;3279&#8243; img_size=&#8220;500&#215;500&#8243;][\/vc_column_inner][\/vc_row_inner][vc_row_inner][vc_column_inner width=&#8220;1\/2&#8243;][vc_single_image image=&#8220;1492&#8243; img_size=&#8220;500&#215;500&#8243;][\/vc_column_inner][vc_column_inner width=&#8220;1\/2&#8243;][vc_column_text el_class=&#8220;custom-white&#8220;]<\/p>\n<h3>Tabellen zur Nachverfolgung\u00a0der zu zertifizierenden Produkte und Inhaltsstoffe<\/h3>\n<p>Es handelt sich um eine Excel-Datei mit 4 Registerkarten:<\/p>\n<ul>\n<li><strong>Zu zertifizierende Produkte\/ Products to certifiy<\/strong>: Geben Sie dort bitte die Handelsbezeichnung Ihrer Produkte so an, wie sie auf dem Zertifikat erscheinen soll.<br \/>\nWenn Sie ein Zertifikat in einer anderen Sprache w\u00fcnschen, f\u00fcllen Sie bitte die entsprechende(n) Spalte(n) aus.<\/li>\n<li><strong>Grundstoffe\/ Raw materials:<\/strong> F\u00fchren Sie dort bitte alle eingesetzten Inhaltsstoffe mit ihrem INCI- oder CAS-Code auf, falls relevant, sowie den Lieferanten.<\/li>\n<li><strong>Grundstoffe und Produkte\/ Raw materials and products<\/strong>: Dies ist eine Tabelle mit doppelter Eingabe, die es erm\u00f6glicht, die Informationen aus den beiden vorherigen Tabellen mit Querverweisen zu versehen.<br \/>\nHier geben Sie bitte in den Zeilen mit den verschiedenen Inhaltsstoffen und in den Spalten mit den verschiedenen Produkten mithilfe eines Kreuzes an, welche Inhaltsstoffe f\u00fcr welche Produkte verwendet werden.<\/li>\n<li><strong>\u00c4nderungshistorie\/ Modification history:<\/strong> Auf dieser Registerkarte k\u00f6nnen die \u00c4nderungen nachverfolgt werden, die am Dokument vorgenommen wurden (Hinzuf\u00fcgen eines neuen Produkts, Ersetzen eines Inhaltsstoffs durch einen anderen, \u00c4nderung des Lieferanten, Wegfall eines Produkts usw.).<\/li>\n<li><strong>Im Falle von \u00c4nderungen<\/strong> bitten wir Sie, uns diese <strong>aktualisierte Tabelle<\/strong> sowie den\/die entsprechenden Fragebogen <strong>zuzusenden<\/strong>, damit Ihre Validierungsanfrage z\u00fcgig bearbeitet werden kann.<\/li>\n<\/ul>\n<p>[\/vc_column_text][\/vc_column_inner][\/vc_row_inner][\/vc_tta_section][\/vc_tta_accordion][\/vc_column][vc_column width=&#8220;1\/6&#8243;][\/vc_column][\/vc_row][vc_row full_width=&#8220;stretch_row_content_no_spaces&#8220; css=&#8220;.vc_custom_1637930718969{margin-bottom: 50px !important;padding-top: 300px !important;background-image: url(https:\/\/www.certisys.eu\/wp-content\/uploads\/2021\/02\/certisys-image-25.jpg?id=3236) !important;background-position: center !important;background-repeat: no-repeat !important;background-size: cover !important;}&#8220; el_id=&#8220;infopaket&#8220;][vc_column][\/vc_column][\/vc_row][vc_row css=&#8220;.vc_custom_1605630039270{padding-bottom: 150px !important;background-image: url(https:\/\/www.certisys.eu\/wp-content\/uploads\/2020\/10\/bg-3-1.png?id=892) !important;}&#8220; el_class=&#8220;custom-lastrow&#8220;][vc_column offset=&#8220;vc_col-lg-offset-3 vc_col-lg-6 vc_col-md-offset-2 vc_col-md-8&#8243;][vc_column_text css=&#8220;.vc_custom_1723061854035{border-top-width: 6px !important;border-right-width: 6px !important;border-bottom-width: 6px !important;border-left-width: 6px !important;padding-top: 20px !important;padding-right: 20px !important;padding-bottom: 20px !important;padding-left: 20px !important;border-left-style: solid !important;border-right-style: solid !important;border-top-style: solid !important;border-bottom-style: solid !important;border-radius: 2px !important;border-color: #e2002e !important;}&#8220;]<\/p>\n<h2>Ihr Infopaket f\u00fcr die Ecogarantie\u00ae-Zertifizierung Ihrer Produkte<\/h2>\n<h4>Einige n\u00fctzliche Informationen<\/h4>\n<ul>\n<li><a href=\"https:\/\/www.certisys.eu\/wp-content\/uploads\/2021\/04\/PU4501de04BrochureCorporateCertisys2017.pdf\">Wer ist CERTISYS?<\/a><\/li>\n<li>Wie hoch sind die Zahlen pro Bio-T\u00e4tigkeitsbereich bei CERTISYS? <a href=\"https:\/\/www.certisys.eu\/de\/ueber\/geschaeftsbericht\/\">Erfahren Sie es in unserem T\u00e4tigkeitsbericht<\/a><\/li>\n<li>M\u00f6chten Sie die Marke CERTISYS verwenden? Informieren Sie sich in unserem &#8222;<a href=\"https:\/\/www.certisys.eu\/wp-content\/uploads\/2021\/02\/GT040-v03_Logobook_Leitfaden-zur-Nutzung-der-CERTISYS\u00ae-Logos_DE.pdf\">Dokument zur Nutzung der Certisys-Marke<\/a>&#8222;<\/li>\n<li><a href=\"https:\/\/www.certisys.eu\/wp-content\/uploads\/2021\/02\/Controle_Ecogarantie_Version-Francaise.pdf\">Control Ecogarantie (Version Fran\u00e7aise)<\/a><\/li>\n<li>Wie hoch ist Ihr <a href=\"https:\/\/www.certisys.eu\/wp-content\/uploads\/2026\/01\/TA014-v04_Tarif-PrepaEcogarantie_2026_DE.pdf\">Tarif<\/a> f\u00fcr Belgien? Wie hoch sind Ihre <a href=\"https:\/\/www.certisys.eu\/wp-content\/uploads\/2021\/04\/OR3228fr27TarifPreparateurEtranger_EG_BG_2021.pdf\">Geb\u00fchren f\u00fcr das Ausland<\/a>?<\/li>\n<li>Wie hoch sind Ihre <a href=\"https:\/\/www.certisys.eu\/wp-content\/uploads\/2021\/06\/NT3897en02calculRoyaltiesEG1.pdf\">Lizenzgeb\u00fchren<\/a>?<\/li>\n<li>Beachten Sie die <a href=\"https:\/\/www.certisys.eu\/wp-content\/uploads\/2021\/03\/06_11_24_CDC_Ecogarantie-1.pdf\">allgemeinen Ecogarantie\u00ae-Richtlinien<\/a><\/li>\n<\/ul>\n<h4>Ihre Dokumente zum Ausf\u00fcllen, um Ihr Bio-Zertifizierungsdossier bei CERTISYS zu er\u00f6ffnen<\/h4>\n<ul>\n<li>\u00a0<a href=\"https:\/\/www.certisys.eu\/wp-content\/uploads\/2021\/02\/QT3620en01FicheIdentificationAffiliationProbilaUnitrabEcogarantieBiogarantie.doc\">Ihr Probila-Unitrab-Mitgliedsformular<\/a><\/li>\n<li><a href=\"https:\/\/www.certisys.eu\/wp-content\/uploads\/2021\/02\/Dienstleistungsvertrag-biogarantie-ecogarantie.pdf\">Ihr Dienstleistungsvertrag<\/a><\/li>\n<li><a href=\"https:\/\/www.certisys.eu\/wp-content\/uploads\/2021\/02\/Agreement-Ecogarantie_2021.pdf\">Ihr Probila-Unitrab-Vertrag<\/a><\/li>\n<\/ul>\n<p><strong>Senden Sie uns die drei oben genannten Dokumente <\/strong>per E-Mail im PDF-Format an <a href=\"info@certisys.eu\">info@certisys.eu<\/a><\/p>\n<div id=\"ConnectiveDocSignExtentionInstalled\" data-extension-version=\"1.0.4\"><\/div>\n<p>[\/vc_column_text][\/vc_column][vc_column][vc_widget_sidebar sidebar_id=&#8220;cta-activite&#8220;][\/vc_column][\/vc_row]<\/p>\n<\/div>","protected":false},"excerpt":{"rendered":"<p>[vc_row content_placement=&#8220;middle&#8220; css=&#8220;.vc_custom_1615465707679{padding-bottom: 80px !important;}&#8220;][vc_column width=&#8220;2\/3&#8243; offset=&#8220;vc_col-lg-offset-3 vc_col-lg-6&#8243; css=&#8220;.vc_custom_1615465726560{padding-top: 0px !important;}&#8220;][vc_single_image image=&#8220;1660&#8243; img_size=&#8220;100&#215;145&#8243; alignment=&#8220;center&#8220; css_animation=&#8220;fadeInDown&#8220; css=&#8220;.vc_custom_1615480043742{margin-top: -70px !important;}&#8220;][vc_column_text] M\u00f6chten Sie Ihre Kosmetika, Haushaltspflegeprodukte, Raumd\u00fcfte mit einem Label zertifizieren lassen, das deren Zusammensetzung aufwertet und Ihren nachhaltigen Ansatz in den Vordergrund stellt? Im BIO-Siegel der EU sind diese Art von Produkten nicht vorgesehen. In diesem Fall [&hellip;]<\/p>\n","protected":false},"author":1,"featured_media":0,"parent":5905,"menu_order":6,"comment_status":"closed","ping_status":"closed","template":"","meta":{"_acf_changed":false,"footnotes":""},"class_list":["post-6944","page","type-page","status-publish","hentry"],"acf":[],"yoast_head":"<!-- This site is optimized with the Yoast SEO plugin v27.4 - https:\/\/yoast.com\/product\/yoast-seo-wordpress\/ -->\n<title>Kosmetika und Reinigungsmittel - CERTISYS<\/title>\n<meta name=\"description\" content=\"Dieses Label arbeitet nach privaten Vorgaben, die die europ\u00e4ischen Richtlinien zum \u00f6kologischen Landbau erg\u00e4nzen. F\u00fcr die Ecogarantie\u00ae-Zertifizierung wenden Sie sich bitte an CERTISYS\u00ae.\" \/>\n<meta name=\"robots\" content=\"index, follow, max-snippet:-1, max-image-preview:large, max-video-preview:-1\" \/>\n<link rel=\"canonical\" href=\"https:\/\/www.certisys.eu\/de\/meine-aktivitaet\/kosmetika-und-reinigungsmittel\/\" \/>\n<meta property=\"og:locale\" content=\"de_DE\" \/>\n<meta property=\"og:type\" content=\"article\" \/>\n<meta property=\"og:title\" content=\"Kosmetika und Reinigungsmittel - CERTISYS\" \/>\n<meta property=\"og:description\" content=\"Dieses Label arbeitet nach privaten Vorgaben, die die europ\u00e4ischen Richtlinien zum \u00f6kologischen Landbau erg\u00e4nzen. F\u00fcr die Ecogarantie\u00ae-Zertifizierung wenden Sie sich bitte an CERTISYS\u00ae.\" \/>\n<meta property=\"og:url\" content=\"https:\/\/www.certisys.eu\/de\/meine-aktivitaet\/kosmetika-und-reinigungsmittel\/\" \/>\n<meta property=\"og:site_name\" content=\"CERTISYS\" \/>\n<meta property=\"article:modified_time\" content=\"2024-08-07T20:17:40+00:00\" \/>\n<meta name=\"twitter:card\" content=\"summary_large_image\" \/>\n<meta name=\"twitter:label1\" content=\"Gesch\u00e4tzte Lesezeit\" \/>\n\t<meta name=\"twitter:data1\" content=\"6\u00a0Minuten\" \/>\n<!-- \/ Yoast SEO plugin. -->","yoast_head_json":{"title":"Kosmetika und Reinigungsmittel - CERTISYS","description":"Dieses Label arbeitet nach privaten Vorgaben, die die europ\u00e4ischen Richtlinien zum \u00f6kologischen Landbau erg\u00e4nzen. F\u00fcr die Ecogarantie\u00ae-Zertifizierung wenden Sie sich bitte an CERTISYS\u00ae.","robots":{"index":"index","follow":"follow","max-snippet":"max-snippet:-1","max-image-preview":"max-image-preview:large","max-video-preview":"max-video-preview:-1"},"canonical":"https:\/\/www.certisys.eu\/de\/meine-aktivitaet\/kosmetika-und-reinigungsmittel\/","og_locale":"de_DE","og_type":"article","og_title":"Kosmetika und Reinigungsmittel - CERTISYS","og_description":"Dieses Label arbeitet nach privaten Vorgaben, die die europ\u00e4ischen Richtlinien zum \u00f6kologischen Landbau erg\u00e4nzen. F\u00fcr die Ecogarantie\u00ae-Zertifizierung wenden Sie sich bitte an CERTISYS\u00ae.","og_url":"https:\/\/www.certisys.eu\/de\/meine-aktivitaet\/kosmetika-und-reinigungsmittel\/","og_site_name":"CERTISYS","article_modified_time":"2024-08-07T20:17:40+00:00","twitter_card":"summary_large_image","twitter_misc":{"Gesch\u00e4tzte Lesezeit":"6\u00a0Minuten"},"schema":{"@context":"https:\/\/schema.org","@graph":[{"@type":"WebPage","@id":"https:\/\/www.certisys.eu\/de\/meine-aktivitaet\/kosmetika-und-reinigungsmittel\/","url":"https:\/\/www.certisys.eu\/de\/meine-aktivitaet\/kosmetika-und-reinigungsmittel\/","name":"Kosmetika und Reinigungsmittel - CERTISYS","isPartOf":{"@id":"https:\/\/www.certisys.eu\/de\/#website"},"datePublished":"2020-10-12T08:28:41+00:00","dateModified":"2024-08-07T20:17:40+00:00","description":"Dieses Label arbeitet nach privaten Vorgaben, die die europ\u00e4ischen Richtlinien zum \u00f6kologischen Landbau erg\u00e4nzen. F\u00fcr die Ecogarantie\u00ae-Zertifizierung wenden Sie sich bitte an CERTISYS\u00ae.","breadcrumb":{"@id":"https:\/\/www.certisys.eu\/de\/meine-aktivitaet\/kosmetika-und-reinigungsmittel\/#breadcrumb"},"inLanguage":"de","potentialAction":[{"@type":"ReadAction","target":["https:\/\/www.certisys.eu\/de\/meine-aktivitaet\/kosmetika-und-reinigungsmittel\/"]}]},{"@type":"BreadcrumbList","@id":"https:\/\/www.certisys.eu\/de\/meine-aktivitaet\/kosmetika-und-reinigungsmittel\/#breadcrumb","itemListElement":[{"@type":"ListItem","position":1,"name":"Home","item":"https:\/\/www.certisys.eu\/de\/"},{"@type":"ListItem","position":2,"name":"Meine Aktivit\u00e4t","item":"https:\/\/www.certisys.eu\/de\/my-activity\/"},{"@type":"ListItem","position":3,"name":"Kosmetika und Reinigungsmittel"}]},{"@type":"WebSite","@id":"https:\/\/www.certisys.eu\/de\/#website","url":"https:\/\/www.certisys.eu\/de\/","name":"CERTISYS","description":"Bio Certification","potentialAction":[{"@type":"SearchAction","target":{"@type":"EntryPoint","urlTemplate":"https:\/\/www.certisys.eu\/de\/?s={search_term_string}"},"query-input":{"@type":"PropertyValueSpecification","valueRequired":true,"valueName":"search_term_string"}}],"inLanguage":"de"}]}},"_links":{"self":[{"href":"https:\/\/www.certisys.eu\/de\/wp-json\/wp\/v2\/pages\/6944","targetHints":{"allow":["GET"]}}],"collection":[{"href":"https:\/\/www.certisys.eu\/de\/wp-json\/wp\/v2\/pages"}],"about":[{"href":"https:\/\/www.certisys.eu\/de\/wp-json\/wp\/v2\/types\/page"}],"author":[{"embeddable":true,"href":"https:\/\/www.certisys.eu\/de\/wp-json\/wp\/v2\/users\/1"}],"replies":[{"embeddable":true,"href":"https:\/\/www.certisys.eu\/de\/wp-json\/wp\/v2\/comments?post=6944"}],"version-history":[{"count":28,"href":"https:\/\/www.certisys.eu\/de\/wp-json\/wp\/v2\/pages\/6944\/revisions"}],"predecessor-version":[{"id":34393,"href":"https:\/\/www.certisys.eu\/de\/wp-json\/wp\/v2\/pages\/6944\/revisions\/34393"}],"up":[{"embeddable":true,"href":"https:\/\/www.certisys.eu\/de\/wp-json\/wp\/v2\/pages\/5905"}],"wp:attachment":[{"href":"https:\/\/www.certisys.eu\/de\/wp-json\/wp\/v2\/media?parent=6944"}],"curies":[{"name":"wp","href":"https:\/\/api.w.org\/{rel}","templated":true}]}}