{"id":6902,"date":"2020-10-12T10:27:47","date_gmt":"2020-10-12T08:27:47","guid":{"rendered":"https:\/\/certisys.poush.be\/meine-taetigkeit\/points-de-vente\/"},"modified":"2026-01-05T12:33:04","modified_gmt":"2026-01-05T10:33:04","slug":"verkaufsstellen","status":"publish","type":"page","link":"https:\/\/www.certisys.eu\/de\/meine-aktivitaet\/verkaufsstellen\/","title":{"rendered":"Verkaufsstellen"},"content":{"rendered":"<div class=\"wpb-content-wrapper\"><p>[vc_row content_placement=&#8220;middle&#8220; css=&#8220;.vc_custom_1615465707679{padding-bottom: 80px !important;}&#8220;][vc_column width=&#8220;2\/3&#8243; offset=&#8220;vc_col-lg-offset-3 vc_col-lg-6&#8243; css=&#8220;.vc_custom_1615465726560{padding-top: 0px !important;}&#8220;][vc_single_image image=&#8220;1072&#8243; img_size=&#8220;100&#215;145&#8243; alignment=&#8220;center&#8220; css_animation=&#8220;fadeInDown&#8220; css=&#8220;.vc_custom_1615467241329{margin-top: -70px !important;}&#8220;][vc_column_text]<\/p>\n<p style=\"text-align: center;\">Sie m\u00f6chten Ihre BIO-Produkte in einem Laden, auf M\u00e4rkten oder online vermarkten? Es gibt verschiedene Szenarien, je nachdem, ob Sie abgepackte oder nicht abgepackte Ware verkaufen oder mehrere Aktivit\u00e4ten aus\u00fcben. In bestimmten F\u00e4llen und abh\u00e4ngig von Ihrer Region kann auf die Kontrolle verzichtet werden. Dies alles erkl\u00e4ren wir Ihnen ausf\u00fchrlich auf dieser Seite.<\/p>\n<p>[\/vc_column_text][vc_column_text]<\/p>\n<h2 style=\"text-align: center;\">Wie sieht Ihre BIO-T\u00e4tigkeit aus?<\/h2>\n<p>Eine Verkaufsstelle (oder ein Einzelh\u00e4ndler) vertreibt fertige BIO-Produkte an den<strong> Endverbraucher<\/strong> in einem Laden, auf einem Markt oder online. Die Produkte k\u00f6nnen in der Originalverpackung oder unverpackt (lose) sein.<\/p>\n<p><strong>Sie sind Einzelh\u00e4ndler?<\/strong> In diesem Fall vermarkten Sie BIO-Produkte an den Endverbraucher.<\/p>\n<p><strong>Sie verkaufen unverpackte Erzeugnisse?<\/strong> In diesem Fall vermarkten Sie Produkte in unverschlossenen Verpackungen oder lose (nicht vorverpackt).<\/p>\n<p><strong>Sie \u00fcben mehrere T\u00e4tigkeiten aus?<\/strong> Das bedeutet, Sie produzieren, lagern au\u00dferhalb der Verkaufsstelle, vertreiben, importieren und\/oder exportieren in Kombination mit einer Verkaufsstellent\u00e4tigkeit.\u00a0 In diesem Fall unterliegen Sie einer Kontrolle der Verkaufsstelle.[\/vc_column_text][\/vc_column][\/vc_row][vc_row css=&#8220;.vc_custom_1614846917657{padding-top: 50px !important;padding-bottom: 80px !important;background-color: #f0f3f1 !important;}&#8220;][vc_column width=&#8220;1\/6&#8243;][\/vc_column][vc_column width=&#8220;2\/3&#8243;][vc_column_text]<\/p>\n<h2 style=\"text-align: center;\">Was sind die wesentlichen Informationen, um Ihre T\u00e4tigkeit als BIO-Verkaufsstelle zu starten?<\/h2>\n<p>[\/vc_column_text][vc_tta_accordion style=&#8220;modern&#8220; shape=&#8220;round&#8220; color=&#8220;white&#8220; c_position=&#8220;right&#8220; active_section=&#8220;100&#8243; no_fill=&#8220;true&#8220; collapsible_all=&#8220;true&#8220;][vc_tta_section title=&#8220;Was sagt die \u00d6ko-Verordnung?&#8220; tab_id=&#8220;oko-verordnung&#8220;][vc_row_inner][vc_column_inner width=&#8220;1\/2&#8243;][vc_column_text]Die Verordnung sieht vor, dass <strong>alle Einzelh\u00e4ndler<\/strong>, die BIO-Produkte an Endverbraucher vermarkten, der <strong>Kontrolle unterliegen<\/strong>. Wenn Sie in Belgien nur vorverpackte Lebensmittel verkaufen, unterliegen Sie nicht der Kontrollpflicht. Es gibt auch eine Befreiung, wenn Sie in Belgien in den folgenden F\u00e4llen lose verkaufen:<\/p>\n<ul>\n<li><strong><u>Wallonien &amp; Br\u00fcssel<\/u><\/strong>: Wenn Sie lose Produkte mit einem j\u00e4hrlichen<strong> Einkaufsumsatz<\/strong> von weniger als 5.000 EUR vermarkten, m\u00fcssen Sie lediglich Ihre Bio-Verkaufsstellent\u00e4tigkeit bei den Beh\u00f6rden Ihrer Region anmelden.<\/li>\n<li><strong><u>Flandern:<\/u><\/strong>\u202f Sie m\u00fcssen lediglich Ihre Bio-Verkaufsstellent\u00e4tigkeit bei den Beh\u00f6rden Ihrer Region anmelden.<\/li>\n<\/ul>\n<p>F\u00fcr eine bessere \u00dcbersicht haben wir die verschiedenen Szenarien im folgenden <strong>Diagramm <\/strong>aufgelistet.[\/vc_column_text][\/vc_column_inner][vc_column_inner width=&#8220;1\/2&#8243;][vc_single_image image=&#8220;3603&#8243; img_size=&#8220;500&#215;500&#8243; alignment=&#8220;center&#8220;][\/vc_column_inner][\/vc_row_inner][vc_single_image image=&#8220;18435&#8243; img_size=&#8220;800&#215;600&#8243; alignment=&#8220;center&#8220; onclick=&#8220;link_image&#8220;][vc_row_inner][vc_column_inner width=&#8220;1\/2&#8243;][vc_column_text]<\/p>\n<h3>Hinweise zu vorverpackten biologischen Produkten*.<\/h3>\n<ol>\n<li><strong>Physische Verkaufsstelle ohne Online-Shop.<\/strong><\/li>\n<\/ol>\n<ul>\n<li>mit ausschlie\u00dflich B2C-Verk\u00e4ufen<\/li>\n<li>mit ausschlie\u00dflich vorverpackten biologischen Produkten (einschlie\u00dflich Futtermitteln).<\/li>\n<\/ul>\n<p><span style=\"color: #ff0000;\"><strong>=&gt; Befreiung von der BIO-Inspektionspflicht.<\/strong><\/span>[\/vc_column_text][\/vc_column_inner][vc_column_inner width=&#8220;1\/2&#8243;][vc_single_image image=&#8220;16626&#8243; img_size=&#8220;350&#215;350&#8243; alignment=&#8220;center&#8220;][\/vc_column_inner][\/vc_row_inner][vc_row_inner][vc_column_inner width=&#8220;1\/2&#8243;][vc_column_text]<\/p>\n<ol start=\"2\">\n<li><strong>Physische Verkaufsstelle mit Online-Shop<\/strong><\/li>\n<\/ol>\n<ul>\n<li>mit ausschlie\u00dflich B2C-Verk\u00e4ufen<\/li>\n<li>mit ausschlie\u00dflich vorverpackten biologischen Produkten (einschlie\u00dflich Futtermitteln).<\/li>\n<\/ul>\n<p><span style=\"color: #ff0000;\"><strong>=&gt; Befreiung von der BIO-Inspektionspflicht, wenn die Online-Bestellung vom K\u00e4ufer physisch im Laden abgeholt wird (d. h. kein Versand an den K\u00e4ufer \u00fcber ein Logistikunternehmen).<\/strong><\/span>[\/vc_column_text][\/vc_column_inner][vc_column_inner width=&#8220;1\/2&#8243;][vc_single_image image=&#8220;16630&#8243; img_size=&#8220;350&#215;350&#8243; alignment=&#8220;center&#8220;][\/vc_column_inner][\/vc_row_inner][vc_row_inner][vc_column_inner width=&#8220;1\/2&#8243;][vc_column_text]<\/p>\n<ol start=\"3\">\n<li><strong>Physische Verkaufsstelle mit Online-Shop<\/strong><\/li>\n<\/ol>\n<ul>\n<li>mit ausschlie\u00dflich B2C-Verk\u00e4ufen<\/li>\n<li>mit ausschlie\u00dflich vorverpackten biologischen Produkten (einschlie\u00dflich Futtermitteln).<\/li>\n<\/ul>\n<p><span style=\"color: #ff0000;\"><strong>= &gt; Kontrollpflicht, wenn die Online-Bestellung \u00fcber ein Logistikunternehmen an den K\u00e4ufer versendet wird.<\/strong><\/span>[\/vc_column_text][\/vc_column_inner][vc_column_inner width=&#8220;1\/2&#8243;][vc_single_image image=&#8220;16634&#8243; img_size=&#8220;350&#215;350&#8243; alignment=&#8220;center&#8220;][\/vc_column_inner][\/vc_row_inner][vc_row_inner][vc_column_inner width=&#8220;1\/2&#8243;][vc_column_text]<\/p>\n<ol start=\"4\">\n<li><strong>Keine physische Verkaufsstelle, nur ein Online-Shop.<\/strong><\/li>\n<\/ol>\n<ul>\n<li>mit ausschlie\u00dflich B2C-Verk\u00e4ufen.<\/li>\n<li>mit ausschlie\u00dflich vorverpackten biologischen Produkten (einschlie\u00dflich Futtermitteln).<\/li>\n<\/ul>\n<p><span style=\"color: #ff0000;\"><strong>=&gt; Kontrollpflicht, da das Lager nicht mit der Verkaufsstelle verbunden ist<\/strong><\/span>[\/vc_column_text][\/vc_column_inner][vc_column_inner width=&#8220;1\/2&#8243;][vc_single_image image=&#8220;16638&#8243; img_size=&#8220;350&#215;350&#8243; alignment=&#8220;center&#8220;][\/vc_column_inner][\/vc_row_inner][\/vc_tta_section][vc_tta_section title=&#8220;Was m\u00fcssen Sie tun, um loslegen zu k\u00f6nnen?&#8220; tab_id=&#8220;mussen&#8220;][vc_row_inner][vc_column_inner width=&#8220;1\/2&#8243;][vc_column_text]Wir erkl\u00e4ren Ihnen in\u00a0<a href=\"https:\/\/www.certisys.eu\/de\/meine-aktivitaet\/\"><strong>4 <\/strong><strong>Schritten<\/strong><\/a>, was Sie tun m\u00fcssen, um Ihre Bio-Produkte zertifizieren zu lassen und das BIO-Label zu verwenden.[\/vc_column_text][\/vc_column_inner][vc_column_inner width=&#8220;1\/2&#8243;][vc_single_image image=&#8220;3607&#8243; img_size=&#8220;500&#215;500&#8243; alignment=&#8220;center&#8220;][\/vc_column_inner][\/vc_row_inner][\/vc_tta_section][vc_tta_section title=&#8220;Wie berechnen Sie Ihren Tarif?&#8220; tab_id=&#8220;tarife&#8220;][vc_row_inner][vc_column_inner width=&#8220;1\/2&#8243;][vc_column_text]Unsere Preise ber\u00fccksichtigen eine breite Palette von BIO-Aktivit\u00e4ten f\u00fcr Ihre Verkaufsstelle. Dabei ber\u00fccksichtigen wir die Art des Ladens &#8211; nur BIO-Produkte oder gemischt &#8211; Ihr Einkaufsvolumen. Sie k\u00f6nnen die Zertifizierungskosten dann anhand unserer <a href=\"https:\/\/www.certisys.eu\/wp-content\/uploads\/2026\/01\/TA005-v06_Tarife-Verkaufstellen_W_2026_DE.pdf\"><strong>Geb\u00fchren\u00fcbersicht <\/strong><\/a>absch\u00e4tzen.[\/vc_column_text][\/vc_column_inner][vc_column_inner width=&#8220;1\/2&#8243;][vc_single_image image=&#8220;3611&#8243; img_size=&#8220;500&#215;500&#8243; alignment=&#8220;center&#8220;][\/vc_column_inner][\/vc_row_inner][\/vc_tta_section][\/vc_tta_accordion][\/vc_column][vc_column width=&#8220;1\/6&#8243;][\/vc_column][\/vc_row][vc_row content_placement=&#8220;middle&#8220; css=&#8220;.vc_custom_1605630337493{padding-bottom: 30px !important;}&#8220;][vc_column width=&#8220;1\/2&#8243; offset=&#8220;vc_col-lg-offset-2 vc_col-lg-4&#8243;][vc_column_text]<\/p>\n<h2>Wie l\u00e4uft Ihre BIO-Kontrolle ab?<\/h2>\n<p>Die von einem CERTISYS-Pr\u00fcfer durchgef\u00fchrten BIO-Kontrollen basieren auf der europ\u00e4ischen Verordnung und auf regionalen Erlassen. Sie beruhen auf <strong>drei S\u00e4ulen<\/strong>, n\u00e4mlich der Kontrolle der Dokumente, der Kontrolle vor Ort und der Kontrolle der Kommunikation.[\/vc_column_text][vc_column_text]Der CERTISYS-Pr\u00fcfer kann Proben nehmen. Die Analysen werden von einem akkreditierten Labor durchgef\u00fchrt.<\/p>\n<p>Alle Ihre Betriebsst\u00e4tten m\u00fcssen jedes Jahr kontrolliert werden. Sie werden \u00fcber m\u00f6gliche Abweichungen, Abhilfema\u00dfnahmen und ggf. die Strafe informiert, die je nach Art des Problems festgelegt wird.<\/p>\n<p>Wir weisen Sie darauf hin dass, wenn Sie <strong>mehrere T\u00e4tigkeiten aus\u00fcben,<\/strong> alle Ihre T\u00e4tigkeiten kontrolliert werden, darunter auch Ihre Verkaufsstelle.[\/vc_column_text][\/vc_column][vc_column width=&#8220;1\/3&#8243;][vc_single_image image=&#8220;1514&#8243; img_size=&#8220;400&#215;400&#8243; alignment=&#8220;center&#8220; style=&#8220;vc_box_circle_2&#8243; css_animation=&#8220;fadeInDown&#8220;][\/vc_column][\/vc_row][vc_row css=&#8220;.vc_custom_1614846917657{padding-top: 50px !important;padding-bottom: 80px !important;background-color: #f0f3f1 !important;}&#8220;][vc_column width=&#8220;1\/4&#8243;][\/vc_column][vc_column width=&#8220;1\/2&#8243;][vc_column_text]<\/p>\n<h3 style=\"text-align: center;\">Was wird bei Ihrer Kontrolle \u00fcberpr\u00fcft?<\/h3>\n<p>[\/vc_column_text][vc_tta_accordion style=&#8220;modern&#8220; shape=&#8220;round&#8220; color=&#8220;white&#8220; c_position=&#8220;right&#8220; active_section=&#8220;100&#8243; no_fill=&#8220;true&#8220; collapsible_all=&#8220;true&#8220;][vc_tta_section title=&#8220;Die Dokumente bez\u00fcglich Ihrer BIO-T\u00e4tigkeit&#8220; tab_id=&#8220;dokument&#8220;][vc_column_text]<\/p>\n<ul>\n<li>Anmeldung, Eintragung bei der FASNK, Vorhandensein von Verfahren usw.<\/li>\n<\/ul>\n<p>[\/vc_column_text][\/vc_tta_section][vc_tta_section title=&#8220;Die Kontrolle vor Ort&#8220; tab_id=&#8220;kontrolle-vor-ort&#8220;][vc_column_text]<\/p>\n<ul>\n<li>Die <strong>BIO-Garantie seitens der Lieferanten<\/strong> auf der Grundlage ihrer Zertifikate: Sind Ihre Lieferanten berechtigt, BIO-Lebensmittel zu vermarkten? Vergewissern Sie sich, dass die von Ihnen gekauften Produkte ein g\u00fcltiges Zertifikat besitzen.<\/li>\n<li>Das <strong>Warenannahmeverfahren der BIO-Produkte<\/strong>: Ist dieses Verfahren vorhanden?<\/li>\n<li>Die <strong>R\u00fcckverfolgbarkeit der Produkte:<\/strong> Wird die R\u00fcckverfolgbarkeit eingehalten? (Vorhandensein von Ursprungsetiketten, R\u00fcckverfolgbarkeitsprotokoll f\u00fcr unverpackte Produkte)<\/li>\n<li>Die <strong>Lagerungsbedingungen<\/strong>: Erfolgt die Lagerung unter den Bedingungen einer Identifizierung und Trennung und ist die R\u00fcckverfolgbarkeit gew\u00e4hrleistet? Ist ein Reinigungsverfahren vorhanden, das konform ist und entsprechend angewendet wird, um Verunreinigungen zu vermeiden?<\/li>\n<li><strong>Trennungsma\u00dfnahmen bei gemischten Unternehmen<\/strong>: Sind konventionelle und Bio-Produkte exakt voneinander getrennt?<\/li>\n<li>Die \u00dcbereinstimmung zwischen der Menge <strong>der gekauften und verkauften Produkte<\/strong><\/li>\n<\/ul>\n<p>[\/vc_column_text][\/vc_tta_section][vc_tta_section title=&#8220;Die Kommunikation \u201aBIO\u2018&#8220; tab_id=&#8220;kommunikation&#8220;][vc_column_text]<em>Wichtiger Punkt in der Verordnung.<\/em><\/p>\n<p>Kennzeichnung im Laden, Display, Preisschild, Kassenbon, Produktetikett mit dem Hinweis auf die Kontrollstelle, \u201eCERTISYS BE-BIO-01\u201c usw. <a href=\"https:\/\/www.certisys.eu\/de\/vorschriften\/kennzeichnungsanforderungen\/\">Mehr Infos<\/a>[\/vc_column_text][\/vc_tta_section][\/vc_tta_accordion][\/vc_column][vc_column width=&#8220;1\/4&#8243;][\/vc_column][\/vc_row][vc_row full_width=&#8220;stretch_row_content_no_spaces&#8220; css=&#8220;.vc_custom_1637924184632{margin-bottom: 50px !important;padding-top: 300px !important;background-image: url(https:\/\/www.certisys.eu\/wp-content\/uploads\/2020\/12\/2020-10-15-Certisys-0395.jpg?id=2060) !important;background-position: center !important;background-repeat: no-repeat !important;background-size: cover !important;}&#8220; el_id=&#8220;infopaket&#8220;][vc_column][\/vc_column][\/vc_row][vc_row css=&#8220;.vc_custom_1605630039270{padding-bottom: 150px !important;background-image: url(https:\/\/www.certisys.eu\/wp-content\/uploads\/2020\/10\/bg-3-1.png?id=892) !important;}&#8220; el_class=&#8220;custom-lastrow&#8220;][vc_column offset=&#8220;vc_col-lg-offset-3 vc_col-lg-6 vc_col-md-offset-2 vc_col-md-8&#8243;][vc_column_text css=&#8220;.vc_custom_1767609186437{border-top-width: 6px !important;border-right-width: 6px !important;border-bottom-width: 6px !important;border-left-width: 6px !important;padding-top: 20px !important;padding-right: 20px !important;padding-bottom: 20px !important;padding-left: 20px !important;border-left-style: solid !important;border-right-style: solid !important;border-top-style: solid !important;border-bottom-style: solid !important;border-radius: 2px !important;border-color: #e2001a !important;}&#8220;]<\/p>\n<h2>Ihr Infopaket um Bio-Verkaufsstelle zu werden<\/h2>\n<h4>Einige n\u00fctzliche Informationen<\/h4>\n<ul>\n<li><a href=\"https:\/\/www.certisys.eu\/wp-content\/uploads\/2021\/04\/LEAFLET-CORPORATE-CERTISYS-DE.pdf\">&nbsp;Wer ist CERTISYS?<\/a><\/li>\n<li>&nbsp;Wie hoch sind die Zahlen pro Bio-T\u00e4tigkeitsbereich bei CERTISYS? <a href=\"https:\/\/www.certisys.eu\/de\/ueber\/geschaeftsbericht\/\">Erfahren Sie es in unserem Jahresbericht<\/a><\/li>\n<li>Hier finden Sie <a href=\"https:\/\/www.certisys.eu\/de\/vorschriften\/praxisleitfaeden\/\">unsere praktischen Leitf\u00e4den<\/a> zu den EU-BIO-Vorschriften nach Branchen.<\/li>\n<li>Was sind <a href=\"https:\/\/www.certisys.eu\/wp-content\/uploads\/2026\/01\/TA005-v06_Tarife-Verkaufstellen_W_2026_DE.pdf\">Ihre Kosten<\/a> als Bio-Betrieb?<\/li>\n<li>M\u00f6chten Sie die Marke CERTISYS verwenden? Informieren Sie sich in unserem &#8222;<a href=\"https:\/\/www.certisys.eu\/wp-content\/uploads\/2021\/02\/GT040-v03_Logobook_Leitfaden-zur-Nutzung-der-CERTISYS\u00ae-Logos_DE.pdf\">Dokument zur Nutzung der Certisys-Marke<\/a>&#8222;<\/li>\n<\/ul>\n<h4>Ihre Dokumente zum Ausf\u00fcllen, um Ihr Bio-Zertifizierungsdossier bei CERTISYS zu er\u00f6ffnen<\/h4>\n<p>Sie verkaufen lose Ware und m\u00f6chten Bio werden?<\/p>\n<ul>\n<li><a href=\"https:\/\/www.certisys.eu\/wp-content\/uploads\/2023\/12\/FO001-v05_Formular-fur-den-Antrag-auf-Zertifizierung-in-der-BIO-Produktion_DE.pdf\">Ihr Formular f\u00fcr den Antrag auf Zertifizierung<\/a><\/li>\n<li><a href=\"https:\/\/www.certisys.eu\/wp-content\/uploads\/2021\/07\/CO001-v02_Vertrag-BIO-Belgien_DE.pdf\">Ihr Dienstleistungsvertrag&nbsp; (Belgien) <\/a>oder <a href=\"https:\/\/www.certisys.eu\/wp-content\/uploads\/2021\/05\/CO003-v02_Vertag-Grosherzogtum-Luxemburg_DE-1.pdf\">Ihr Dienstleistungsvertrag (Gro\u00dfherzogtum Luxemburg)<\/a> oder <a href=\"https:\/\/www.certisys.eu\/wp-content\/uploads\/2023\/02\/CO007-v03_Contrat-de-prestation-de-service-en-vue-du-controle-de-produits-BIO-Franchises.pdf\" target=\"_blank\" rel=\"noopener\">Contrat de prestation de service en vue du contr\u00f4le de produits BIO \u2013 Franchis\u00e9s (Franz\u00f6sische Version)<\/a> (Belgien)<\/li>\n<\/ul>\n<p>Verkaufen Sie lose Produkte in Wallonien und Br\u00fcssel mit einem Jahresumsatz von weniger als 5.000 EUR? Benachrichtigen Sie Ihre Region \u00fcber Ihre Aktivit\u00e4t<\/p>\n<ul>\n<li>Meldung der Aktivit\u00e4t &#8211; <a href=\"https:\/\/economie-emploi.brussels\/media\/845\/download\">Br\u00fcssel<\/a><\/li>\n<\/ul>\n<p><strong>Senden Sie uns die beiden oben genannten Dokumente <\/strong>per E-Mail im <strong>PDF-Format<\/strong> an <a href=\"mailto:info@certisys.eu\">info@certisys.eu<\/a><\/p>\n<p><span style=\"color: #ff0000;\"><strong>Achtung:<\/strong><\/span><\/p>\n<p>Beachten Sie, dass Sie immer noch aufgefordert werden, einen <span style=\"color: #ff0000;\"><strong>Antrag auf BIO-Meldung<\/strong><\/span> zu stellen.<\/p>\n<p>Dazu m\u00fcssen Sie auf die Website der zust\u00e4ndigen Beh\u00f6rde gehen:<\/p>\n<ul>\n<li><a href=\"https:\/\/agriculture.wallonie.be\/avant-de-commencer\">Wallonie<\/a><\/li>\n<li><a href=\"https:\/\/lv.vlaanderen.be\/bio\/kennisgeving-en-controle\/kennisgeving\">Flandern<\/a><\/li>\n<li><a href=\"https:\/\/guichet.public.lu\/fr\/entreprises\/sectoriel\/agriculture-viticulture\/agriculture-biologique.html\">Gro\u00dfherzogtum Luxemburg<\/a><\/li>\n<\/ul>\n<div id=\"ConnectiveDocSignExtentionInstalled\" data-extension-version=\"1.0.4\"><\/div>\n<p>[\/vc_column_text][vc_column_text css=&#8220;&#8220;]<\/p>\n<h2>Weitere n\u00fctzliche Dokumente f\u00fcr Sie als Bio-Verkaufsstelle<\/h2>\n<ul>\n<li><a href=\"https:\/\/www.certisys.eu\/wp-content\/uploads\/2021\/04\/GT007-v02_Implementierung-eines-Annahmeverfahrens_DE.pdf\">Technischer Leitfaden zur Implementierung eines Annahmeverfahrens<\/a><\/li>\n<li>Garantieren Sie die <a href=\"https:\/\/www.certisys.eu\/wp-content\/uploads\/2022\/03\/Technischer-Hinweisur-Verfahren-Zweifel-Konformitat-Erzeugnisses.pdf\">Konformit\u00e4t Ihrer Produkte<\/a>. Hier finden Sie ein Musterverfahren f\u00fcr Zweifelsf\u00e4lle.<\/li>\n<\/ul>\n<p>[\/vc_column_text][\/vc_column][vc_column][vc_widget_sidebar sidebar_id=&#8220;cta-activite&#8220;][\/vc_column][\/vc_row]<\/p>\n<\/div>","protected":false},"excerpt":{"rendered":"<p>[vc_row content_placement=&#8220;middle&#8220; css=&#8220;.vc_custom_1615465707679{padding-bottom: 80px !important;}&#8220;][vc_column width=&#8220;2\/3&#8243; offset=&#8220;vc_col-lg-offset-3 vc_col-lg-6&#8243; css=&#8220;.vc_custom_1615465726560{padding-top: 0px !important;}&#8220;][vc_single_image image=&#8220;1072&#8243; img_size=&#8220;100&#215;145&#8243; alignment=&#8220;center&#8220; css_animation=&#8220;fadeInDown&#8220; css=&#8220;.vc_custom_1615467241329{margin-top: -70px !important;}&#8220;][vc_column_text] Sie m\u00f6chten Ihre BIO-Produkte in einem Laden, auf M\u00e4rkten oder online vermarkten? Es gibt verschiedene Szenarien, je nachdem, ob Sie abgepackte oder nicht abgepackte Ware verkaufen oder mehrere Aktivit\u00e4ten aus\u00fcben. In bestimmten F\u00e4llen und abh\u00e4ngig von Ihrer [&hellip;]<\/p>\n","protected":false},"author":1,"featured_media":0,"parent":5905,"menu_order":3,"comment_status":"closed","ping_status":"closed","template":"","meta":{"_acf_changed":false,"footnotes":""},"class_list":["post-6902","page","type-page","status-publish","hentry"],"acf":[],"yoast_head":"<!-- This site is optimized with the Yoast SEO plugin v26.6 - https:\/\/yoast.com\/wordpress\/plugins\/seo\/ -->\n<title>Verkaufsstellen - CERTISYS<\/title>\n<meta name=\"description\" content=\"Sie wollen Ihre Bio-Produkte in einem Laden, auf dem Markt oder online verkaufen? Auf dieser Seite finden Sie alle Details.\" \/>\n<meta name=\"robots\" content=\"index, follow, max-snippet:-1, max-image-preview:large, max-video-preview:-1\" \/>\n<link rel=\"canonical\" href=\"https:\/\/www.certisys.eu\/de\/meine-aktivitaet\/verkaufsstellen\/\" \/>\n<meta property=\"og:locale\" content=\"de_DE\" \/>\n<meta property=\"og:type\" content=\"article\" \/>\n<meta property=\"og:title\" content=\"Verkaufsstellen - CERTISYS\" \/>\n<meta property=\"og:description\" content=\"Sie wollen Ihre Bio-Produkte in einem Laden, auf dem Markt oder online verkaufen? Auf dieser Seite finden Sie alle Details.\" \/>\n<meta property=\"og:url\" content=\"https:\/\/www.certisys.eu\/de\/meine-aktivitaet\/verkaufsstellen\/\" \/>\n<meta property=\"og:site_name\" content=\"CERTISYS\" \/>\n<meta property=\"article:modified_time\" content=\"2026-01-05T10:33:04+00:00\" \/>\n<meta name=\"twitter:card\" content=\"summary_large_image\" \/>\n<meta name=\"twitter:label1\" content=\"Gesch\u00e4tzte Lesezeit\" \/>\n\t<meta name=\"twitter:data1\" content=\"5\u00a0Minuten\" \/>\n<!-- \/ Yoast SEO plugin. -->","yoast_head_json":{"title":"Verkaufsstellen - CERTISYS","description":"Sie wollen Ihre Bio-Produkte in einem Laden, auf dem Markt oder online verkaufen? Auf dieser Seite finden Sie alle Details.","robots":{"index":"index","follow":"follow","max-snippet":"max-snippet:-1","max-image-preview":"max-image-preview:large","max-video-preview":"max-video-preview:-1"},"canonical":"https:\/\/www.certisys.eu\/de\/meine-aktivitaet\/verkaufsstellen\/","og_locale":"de_DE","og_type":"article","og_title":"Verkaufsstellen - CERTISYS","og_description":"Sie wollen Ihre Bio-Produkte in einem Laden, auf dem Markt oder online verkaufen? Auf dieser Seite finden Sie alle Details.","og_url":"https:\/\/www.certisys.eu\/de\/meine-aktivitaet\/verkaufsstellen\/","og_site_name":"CERTISYS","article_modified_time":"2026-01-05T10:33:04+00:00","twitter_card":"summary_large_image","twitter_misc":{"Gesch\u00e4tzte Lesezeit":"5\u00a0Minuten"},"schema":{"@context":"https:\/\/schema.org","@graph":[{"@type":"WebPage","@id":"https:\/\/www.certisys.eu\/de\/meine-aktivitaet\/verkaufsstellen\/","url":"https:\/\/www.certisys.eu\/de\/meine-aktivitaet\/verkaufsstellen\/","name":"Verkaufsstellen - CERTISYS","isPartOf":{"@id":"https:\/\/www.certisys.eu\/de\/#website"},"datePublished":"2020-10-12T08:27:47+00:00","dateModified":"2026-01-05T10:33:04+00:00","description":"Sie wollen Ihre Bio-Produkte in einem Laden, auf dem Markt oder online verkaufen? Auf dieser Seite finden Sie alle Details.","breadcrumb":{"@id":"https:\/\/www.certisys.eu\/de\/meine-aktivitaet\/verkaufsstellen\/#breadcrumb"},"inLanguage":"de","potentialAction":[{"@type":"ReadAction","target":["https:\/\/www.certisys.eu\/de\/meine-aktivitaet\/verkaufsstellen\/"]}]},{"@type":"BreadcrumbList","@id":"https:\/\/www.certisys.eu\/de\/meine-aktivitaet\/verkaufsstellen\/#breadcrumb","itemListElement":[{"@type":"ListItem","position":1,"name":"Home","item":"https:\/\/www.certisys.eu\/de\/"},{"@type":"ListItem","position":2,"name":"Meine Aktivit\u00e4t","item":"https:\/\/www.certisys.eu\/de\/my-activity\/"},{"@type":"ListItem","position":3,"name":"Verkaufsstellen"}]},{"@type":"WebSite","@id":"https:\/\/www.certisys.eu\/de\/#website","url":"https:\/\/www.certisys.eu\/de\/","name":"CERTISYS","description":"Bio Certification","potentialAction":[{"@type":"SearchAction","target":{"@type":"EntryPoint","urlTemplate":"https:\/\/www.certisys.eu\/de\/?s={search_term_string}"},"query-input":{"@type":"PropertyValueSpecification","valueRequired":true,"valueName":"search_term_string"}}],"inLanguage":"de"}]}},"jetpack_sharing_enabled":true,"_links":{"self":[{"href":"https:\/\/www.certisys.eu\/de\/wp-json\/wp\/v2\/pages\/6902","targetHints":{"allow":["GET"]}}],"collection":[{"href":"https:\/\/www.certisys.eu\/de\/wp-json\/wp\/v2\/pages"}],"about":[{"href":"https:\/\/www.certisys.eu\/de\/wp-json\/wp\/v2\/types\/page"}],"author":[{"embeddable":true,"href":"https:\/\/www.certisys.eu\/de\/wp-json\/wp\/v2\/users\/1"}],"replies":[{"embeddable":true,"href":"https:\/\/www.certisys.eu\/de\/wp-json\/wp\/v2\/comments?post=6902"}],"version-history":[{"count":54,"href":"https:\/\/www.certisys.eu\/de\/wp-json\/wp\/v2\/pages\/6902\/revisions"}],"predecessor-version":[{"id":75700,"href":"https:\/\/www.certisys.eu\/de\/wp-json\/wp\/v2\/pages\/6902\/revisions\/75700"}],"up":[{"embeddable":true,"href":"https:\/\/www.certisys.eu\/de\/wp-json\/wp\/v2\/pages\/5905"}],"wp:attachment":[{"href":"https:\/\/www.certisys.eu\/de\/wp-json\/wp\/v2\/media?parent=6902"}],"curies":[{"name":"wp","href":"https:\/\/api.w.org\/{rel}","templated":true}]}}