{"id":6897,"date":"2020-10-12T10:28:54","date_gmt":"2020-10-12T08:28:54","guid":{"rendered":"https:\/\/certisys.poush.be\/meine-taetigkeit\/intrants-et-matieres-premieres\/"},"modified":"2024-08-20T12:54:31","modified_gmt":"2024-08-20T10:54:31","slug":"betriebsmittel-inputs-und-rohstoffe","status":"publish","type":"page","link":"https:\/\/www.certisys.eu\/de\/meine-aktivitaet\/betriebsmittel-inputs-und-rohstoffe\/","title":{"rendered":"Betriebsmittel (Inputs) und Rohstoffe"},"content":{"rendered":"<div class=\"wpb-content-wrapper\"><p>[vc_row content_placement=&#8220;middle&#8220; css=&#8220;.vc_custom_1615465707679{padding-bottom: 80px !important;}&#8220;][vc_column width=&#8220;1\/2&#8243; offset=&#8220;vc_col-lg-offset-3 vc_col-lg-6&#8243; css=&#8220;.vc_custom_1615465726560{padding-top: 0px !important;}&#8220;][vc_single_image image=&#8220;1092&#8243; img_size=&#8220;100&#215;145&#8243; alignment=&#8220;center&#8220; css_animation=&#8220;fadeInDown&#8220; css=&#8220;.vc_custom_1615479532624{margin-top: -70px !important;}&#8220;][vc_column_text]<\/p>\n<p style=\"text-align: center;\">Welche D\u00fcngemittel d\u00fcrfen im \u00f6kologischen Landbau verwendet werden? Wie wird ihre Konformit\u00e4t \u00fcberpr\u00fcft? Was sind die Zertifizierungsvoraussetzungen f\u00fcr den Einsatz von Betriebsmitteln im \u00f6kologischen Landbau? Im Folgenden finden Sie alles, was Sie wissen m\u00fcssen, wenn Sie Produzent von Einsatzstoffen sind.<\/p>\n<p>[\/vc_column_text][vc_column_text]<\/p>\n<h2 style=\"text-align: center;\">Wie sieht Ihre BIO-T\u00e4tigkeit aus?<\/h2>\n<p style=\"text-align: center;\">D\u00fcngemittel sind Produkte, mit denen der N\u00e4hrstoffbedarf der Pflanzen gew\u00e4hrleistet oder die physikalischen, chemischen und biologischen Eigenschaften von B\u00f6den verbessert werden sollen. Dazu z\u00e4hlen <strong>D\u00fcnger<\/strong> (mineralisch, organisch-mineralisch oder organisch), <strong>Gartenerde <\/strong>und <strong>Bodenverbesserungsmittel <\/strong>(basisch, organisch). Dadurch, dass Sie sich kontrollieren lassen, k\u00f6nnen Sie Bio-Erzeugern eine <strong>eindeutige Konformit\u00e4tsgarantie <\/strong>f\u00fcr die gekauften D\u00fcngemittel bieten.<\/p>\n<p>[\/vc_column_text][\/vc_column][vc_column width=&#8220;1\/4&#8243;][\/vc_column][\/vc_row][vc_row css=&#8220;.vc_custom_1713339559497{padding-top: 50px !important;padding-bottom: 80px !important;}&#8220;][vc_column width=&#8220;1\/6&#8243;][\/vc_column][vc_column width=&#8220;2\/3&#8243;][vc_column_text css=&#8220;.vc_custom_1714053651012{padding-bottom: 30px !important;}&#8220;]<\/p>\n<h2 style=\"text-align: center;\">Zwei verschiedene Garantien f\u00fcr Ihre landwirtschaftlichen Betriebsmittel<\/h2>\n<p>[\/vc_column_text][vc_row_inner][vc_column_inner width=&#8220;1\/2&#8243;][vc_single_image image=&#8220;32869&#8243; img_size=&#8220;88&#215;100&#8243; alignment=&#8220;center&#8220; css_animation=&#8220;fadeInDown&#8220; css=&#8220;&#8220;][vc_column_text css=&#8220;&#8220;]<\/p>\n<h3 style=\"text-align: center;\">Die Unterlagenpr\u00fcfung<\/h3>\n<p class=\"p1\">Dabei handelt es sich um die \u00dcberpr\u00fcfung der Formeln Ihrer Produkte, der Zutaten und der Etiketten. Falls Ihr Betriebsmittel konform ist, wird es auf der Website <a href=\"http:\/\/www.intrants.bio\">www.intrants.bio<\/a> gelistet und Sie d\u00fcrfen den Vermerk \u201eProdukt verwendbar in der biologischen Landwirtschaft\u201d auf den Etiketten und Verpackungen Ihrer Erzeugnisse anbringen.<\/p>\n<div id=\"ConnectiveDocSignExtentionInstalled\" data-extension-version=\"1.0.4\"><\/div>\n<p>[\/vc_column_text][\/vc_column_inner][vc_column_inner width=&#8220;1\/2&#8243;][vc_single_image image=&#8220;21759&#8243; img_size=&#8220;166&#215;100&#8243; alignment=&#8220;center&#8220; css_animation=&#8220;fadeInDown&#8220; css=&#8220;&#8220;][vc_column_text css=&#8220;&#8220;]<\/p>\n<h3 style=\"text-align: center;\">Betriebsmittelbescheinigung<\/h3>\n<p><strong> Eine zus\u00e4tzliche Garantie in Sachen<br \/>\nR\u00fcckverfolgbarkeit, Qualit\u00e4t und Sichtbarkeit f\u00fcr Ihre Betriebsmittel! <\/strong><\/p>\n<p class=\"p1\">Die Betriebsmittelbescheinigung beginnt ebenfalls mit einer \u00dcberpr\u00fcfung der Unterlagen, im Anschluss erfolgt dann ein Audit vor Ort, um die Richtigkeit der Angaben, das Qualit\u00e4tssystem und die R\u00fcckverfolgbarkeit zu \u00fcberpr\u00fcfen.<\/p>\n<p>Im Anschluss an diese vollst\u00e4ndige Kontrolle wird Ihr Betriebsmittel, sofern es konform ist, auf der Website <a href=\"http:\/\/www.intrants.bio\">www.intrants.bio<\/a> als \u201ebescheinigt\u201d gelistet und Sie d\u00fcrfen das \u201eEcocert Betriebsmittel\u201d-Logo auf Ihren Etiketten und Verpackungen anbringen. Sie erhalten zudem einen \u201eHandelsbescheinigung\u201d, die die Konformit\u00e4t Ihrer Erzeugnisse best\u00e4tigt.<\/p>\n<p>&nbsp;[\/vc_column_text][\/vc_column_inner][\/vc_row_inner][\/vc_column][vc_column width=&#8220;1\/6&#8243;][\/vc_column][\/vc_row][vc_row][vc_column][vc_column_text]<\/p>\n<h2 style=\"text-align: center;\">F\u00fcr weitere Informationen<\/h2>\n<p>[\/vc_column_text]<div class=\"d-flex justify-content-center \"><a class=\"psh_button btn-56307371\" href=\"https:\/\/www.certisys.eu\/de\/kontakt\/\" alt=\"\" target=\"_blank\">Wenden Sie sich bitte an unser Team<\/a><\/div>\n        <style>.psh_button.btn-56307371{\n          font-size: 18px;\n          text-transform: none;\n          padding: 10px 20px 10px 20px;\n          border-radius: 80px;\n          border-width: 0px;\n          background-color: #e30613;\n          border-color: ;\n          border-style: solid;\n          color: #ffffff;\n          display: inline-block;\n          \n          transition: all .3s ease-in-out;\n        }\n        .psh_button.btn-56307371:hover{\n          background-color: #f18970;\n          border-color: ;\n          color: #ffffff;\n          transition: all .3s ease-in-out;\n        }<\/style>[vc_empty_space][\/vc_column][\/vc_row][vc_row css=&#8220;.vc_custom_1614846917657{padding-top: 50px !important;padding-bottom: 80px !important;background-color: #f0f3f1 !important;}&#8220;][vc_column width=&#8220;1\/6&#8243;][\/vc_column][vc_column width=&#8220;2\/3&#8243;][vc_column_text]<\/p>\n<h2 style=\"text-align: center;\">Was sind die wesentlichen Informationen, um Ihre T\u00e4tigkeit als Produzent von biologisch kontrollierten Betriebsmitteln zu starten?<\/h2>\n<p>[\/vc_column_text][vc_tta_accordion style=&#8220;modern&#8220; shape=&#8220;round&#8220; color=&#8220;white&#8220; c_position=&#8220;right&#8220; active_section=&#8220;100&#8243; no_fill=&#8220;true&#8220; collapsible_all=&#8220;true&#8220;][vc_tta_section title=&#8220;Was sagt die \u00d6ko-Verordnung?&#8220; tab_id=&#8220;1669303700336-015ae5f6-a52d&#8220;][vc_row_inner][vc_column_inner width=&#8220;1\/2&#8243;][vc_column_text]Die \u00d6ko-Verordnung definiert die Regeln des Pflanzenanbaus im \u00f6kologischen Landbau und listet die D\u00fcngemittel auf, die verwendet werden d\u00fcrfen.<\/p>\n<p>Es gibt einen Unterschied zwischen einem \u00d6ko-Landwirt, der nach beh\u00f6rdlichen Vorschriften kontrolliert werden muss, und einem Unternehmen, das sich <strong>freiwillig<\/strong> kontrollieren lassen kann, um D\u00fcngemittel auf den Markt zu bringen, die im \u00f6kologischen Landbau verwendet werden d\u00fcrfen.<\/p>\n<p>Es obliegt dem <strong>Verk\u00e4ufer <\/strong>&#8211; also Ihnen als Produzent von Inputs -, sich zu verpflichten, ein <strong>konformes Produkt zu liefern<\/strong>, das den \u00f6kologischen Regelungsstandards entspricht, und dem K\u00e4ufer &#8211; also dem Landwirt &#8211; durch die Verpflichtung zur Einhaltung der Rohstoffnomenklatur die entsprechenden <strong>Garantien zu geben<\/strong>. Dies mag bei einfachen Minerald\u00fcngern relativ leicht sein, ist jedoch bei Mehrn\u00e4hrstoffd\u00fcngern oder organischen D\u00fcngemitteln wesentlich komplexer.<\/p>\n<p>Dabei geht es nat\u00fcrlich nicht darum, an die Stelle der f\u00fcr Rohstoffe zust\u00e4ndigen Stelle des Ministeriums f\u00fcr Mittelstand und Landwirtschaft zu treten, sondern vielmehr darum, zu kontrollieren und zu zertifizieren, dass die D\u00fcngemittel der \u00d6ko-Verordnung entsprechen und somit im \u00f6kologischen Landbau eingesetzt werden d\u00fcrfen.[\/vc_column_text][\/vc_column_inner][vc_column_inner width=&#8220;1\/2&#8243;][vc_single_image image=&#8220;5624&#8243; img_size=&#8220;500&#215;500&#8243;][\/vc_column_inner][\/vc_row_inner][\/vc_tta_section][vc_tta_section title=&#8220;Welche Einsatzstoffe d\u00fcrfen im \u00f6kologischen Landbau verwendet werden?&#8220; tab_id=&#8220;1669303700338-fb04e9b5-6ffb&#8220;][vc_row_inner][vc_column_inner width=&#8220;1\/2&#8243;][vc_column_text]Der Hersteller oder Verk\u00e4ufer muss <strong>auf dem Produkt zwingend Folgendes angeben<\/strong>:<\/p>\n<ul>\n<li>den <strong>N\u00e4hrstoffgehalt<\/strong><\/li>\n<li>den\/die <strong>Rohstoff(e)<\/strong> gem\u00e4\u00df der Nomenklatur, aus dem\/denen das verkaufte Produkt besteht (z. B. Magnesiakalk oder Blutmehl)<\/li>\n<\/ul>\n<p>Daneben findet man <strong>drei Arten von Informationen<\/strong>, die der Verk\u00e4ufer oder der Hersteller zur Verf\u00fcgung stellt:<\/p>\n<ul>\n<li><strong><em>Produkt, das s\u00e4mtlichen \u00d6kobauern und konventionellen Landwirten angeboten wird<\/em><\/strong><\/li>\n<\/ul>\n<p>Ein zertifizierter \u00d6kobauer, der dieses Produkt verwenden m\u00f6chte, muss selbst genau pr\u00fcfen, ob der D\u00fcnger und alle in seiner Zusammensetzung verwendeten Inhaltsstoffe im Anhang der \u00d6ko-Verordnung der EU aufgef\u00fchrt sind.<\/p>\n<ul>\n<li><strong><em>Produkt, \u201egeeignet f\u00fcr den Einsatz im \u00f6kologischen Landbau\u201c<\/em><\/strong><\/li>\n<\/ul>\n<p>Der Hersteller oder Verk\u00e4ufer garantiert hinsichtlich der Verwendbarkeit seines Produktes im \u00f6kologischen Landbau, indem er auf der Rechnung \u201egem\u00e4\u00df EG-Verordnung Nr. 889\/2008\u201c vermerkt.<\/p>\n<ul>\n<li><strong><em>Produkt, \u201egeeignet f\u00fcr den Einsatz im \u00f6kologischen Landbau\u201c, von einer Kontrollstelle gepr\u00fcft und zertifiziert<\/em><\/strong><\/li>\n<\/ul>\n<p>Der Hersteller oder Verk\u00e4ufer bringt den Vermerk \u201egeeignet f\u00fcr die Verwendung im \u00f6kologischen Landbau gem\u00e4\u00df EG-Verordnung Nr. 889\/2008\u201c unter Verweis auf die \u00d6ko-Kontrollstelle an. Die Zusammensetzung, die R\u00fcckverfolgbarkeit und die Herstellung werden von CERTISYS\u00ae kontrolliert.[\/vc_column_text][\/vc_column_inner][vc_column_inner width=&#8220;1\/2&#8243;][vc_single_image image=&#8220;5628&#8243; img_size=&#8220;500&#215;500&#8243;][\/vc_column_inner][\/vc_row_inner][\/vc_tta_section][vc_tta_section title=&#8220;Wie vermitteln Sie Informationen zu Ihren biologisch kontrollierten Betriebsmitteln?&#8220; tab_id=&#8220;1669303700340-3b1b9683-ea09&#8243;][vc_row_inner][vc_column_inner width=&#8220;1\/2&#8243;][vc_column_text css=&#8220;&#8220;]Das <strong>europ\u00e4ische Bio-Siegel <\/strong>(\u201eEuroblatt\u201d) darf nicht f\u00fcr Betriebsmittel und Rohstoffe <strong>verwendet werden<\/strong>. Sie k\u00f6nnen allerdings, je nach der von Ihnen gew\u00e4hlten Leistung, \u00fcber die Bescheinigung oder die G\u00fcltigkeit Ihrer Betriebsmittel kommunizieren.<\/p>\n<ul>\n<li><strong>Unterlagenpr\u00fcfung f\u00fcr Betriebsmittel<\/strong>: Ihre konformen Erzeugnisse sind auf der Website <a href=\"http:\/\/www.intrants.bio\">www.intrants.bio<\/a> gelistet und Sie d\u00fcrfen den Vermerk \u201e<em>Produkt verwendbar in der biologischen Landwirtschaft in Anwendung der EU-Verordnung 2018\/848<\/em>\u201d auf Ihren Verpackungen anbringen.<\/li>\n<li><strong>Betriebsmittelbescheinigung<\/strong>: Ihre konformen Erzeugnisse sind auf der Website <a href=\"http:\/\/www.intrants.bio\">www.intrants.bio<\/a> gelistet und Sie d\u00fcrfen das \u201eEcocert Betriebsmittel\u201d-Logo sowie den Vermerk \u201e<em>Produkt verwendbar in der biologischen Landwirtschaft in Anwendung der EU-Verordnung 2018\/848<\/em>\u201d auf Ihren Verpackungen anbringen.<\/li>\n<\/ul>\n<p>&nbsp;[\/vc_column_text][\/vc_column_inner][vc_column_inner width=&#8220;1\/2&#8243;][vc_single_image image=&#8220;34467&#8243; img_size=&#8220;&#8220; alignment=&#8220;center&#8220; css=&#8220;&#8220;][\/vc_column_inner][\/vc_row_inner][\/vc_tta_section][\/vc_tta_accordion][\/vc_column][vc_column width=&#8220;1\/6&#8243;][\/vc_column][\/vc_row][vc_row css=&#8220;.vc_custom_1614853263792{padding-top: 50px !important;padding-bottom: 80px !important;background-color: #335439 !important;}&#8220;][vc_column width=&#8220;1\/6&#8243;][\/vc_column][vc_column width=&#8220;2\/3&#8243;][vc_column_text el_class=&#8220;custom-white&#8220;]<\/p>\n<h2 style=\"text-align: center;\">Wie l\u00e4uft Ihre BIO-Kontrolle ab?<\/h2>\n<p>[\/vc_column_text][vc_tta_accordion style=&#8220;modern&#8220; shape=&#8220;round&#8220; color=&#8220;white&#8220; c_position=&#8220;right&#8220; active_section=&#8220;100&#8243; no_fill=&#8220;true&#8220; collapsible_all=&#8220;true&#8220;][vc_tta_section title=&#8220;Die Kontrolle vor Ort&#8220; tab_id=&#8220;kontrolle&#8220;][vc_row_inner][vc_column_inner width=&#8220;1\/2&#8243;][vc_column_text el_class=&#8220;custom-white&#8220;]Diese Kontrolle erfolgt nach den gleichen Grunds\u00e4tzen wie die eines Verarbeiters von Erzeugnissen des \u00f6kologischen Landbaus. Der <strong>Lieferant bleibt stets<\/strong> f\u00fcr die Verpflichtungen, die er gegen\u00fcber seinem Kunden und der Pr\u00fcfstelle eingeht, <strong>verantwortlich<\/strong>. Die Kontrolle <strong>vor Ort<\/strong> umfasst die \u00dcberpr\u00fcfung:<\/p>\n<ul>\n<li>der <strong>Anlagen<\/strong>,<\/li>\n<li>der gekauften Rohstoffe und deren <strong>garantierte<\/strong> Verwendbarkeit im \u00f6kologischen Landbau,<\/li>\n<li>der <strong>Kennzeichnungen<\/strong> im Hinblick auf die Verweise auf den \u00f6kologischen Landbau,<\/li>\n<li>der <strong>\u00dcbereinstimmung<\/strong> der gekauften <strong>Grundstoffe<\/strong> und der <strong>verkauften Endprodukte<\/strong>,<\/li>\n<li>der <strong>Probennahme<\/strong> zur Analyse (Zusammensetzung, Schwermetalle, Pestizide usw.)<\/li>\n<\/ul>\n<p>[\/vc_column_text][\/vc_column_inner][vc_column_inner width=&#8220;1\/2&#8243;][vc_single_image image=&#8220;5632&#8243; img_size=&#8220;500&#215;500&#8243;][\/vc_column_inner][\/vc_row_inner][vc_column_text el_class=&#8220;custom-white&#8220;]Diese j\u00e4hrliche Kontrolle kann durch unangek\u00fcndigte Kontrollen erg\u00e4nzt werden.<\/p>\n<p>Am Ende seines Besuchs erstellt der Pr\u00fcfer den <strong>Kontrollbericht<\/strong> und bespricht mit Ihnen eventuelle Verbesserungsw\u00fcnsche, M\u00e4ngel und Abweichungen. Nachdem der Bericht <strong>von beiden Parteien unterzeichnet<\/strong> wurde, wird Ihnen eine Kopie ausgeh\u00e4ndigt. Anschlie\u00dfend legt der Inspektor den Bericht dem Zertifizierungsteam zur Entscheidung und Ausstellung der Zertifikate vor.[\/vc_column_text][\/vc_tta_section][vc_tta_section title=&#8220;Welche Dokumente sollten bereitgehalten und bei den BIO-Kontrollen vorgelegt werden?&#8220; tab_id=&#8220;dokumente&#8220;][vc_row_inner][vc_column_inner width=&#8220;1\/2&#8243;][vc_column_text el_class=&#8220;custom-white&#8220;]<\/p>\n<ul>\n<li>Die Garantien f\u00fcr Rohstoffe gem\u00e4\u00df Anhang I der Verordnung 889\/2008,<\/li>\n<li>S\u00e4mtliche Verzeichnisse und Dokumentationen (Reinigung, Trennung usw.),<\/li>\n<li>Die Warenannahme- und Produktionsbl\u00e4tter,<\/li>\n<li>Die Eingangsdokumente (Lieferscheine, Rechnungen \u00fcber Eink\u00e4ufe) und die Ausgangsdokumente (Lieferdokumente, Rechnungen \u00fcber Verk\u00e4ufe),<\/li>\n<li>Das Beschwerdebuch,<\/li>\n<li>Die Kommunikationsmittel (Etikettierung, Preisliste, Website usw.)<\/li>\n<\/ul>\n<p>[\/vc_column_text][\/vc_column_inner][vc_column_inner width=&#8220;1\/2&#8243;][vc_single_image image=&#8220;3291&#8243; img_size=&#8220;500&#215;500&#8243;][\/vc_column_inner][\/vc_row_inner][\/vc_tta_section][\/vc_tta_accordion][\/vc_column][vc_column width=&#8220;1\/6&#8243;][\/vc_column][\/vc_row][vc_row full_width=&#8220;stretch_row_content_no_spaces&#8220; css=&#8220;.vc_custom_1637931026925{margin-bottom: 50px !important;padding-top: 300px !important;background-image: url(https:\/\/www.certisys.eu\/wp-content\/uploads\/2021\/03\/2020-10-15-Certisys-0348.jpg?id=3804) !important;background-position: center !important;background-repeat: no-repeat !important;background-size: cover !important;}&#8220; el_id=&#8220;infopaket&#8220;][vc_column][\/vc_column][\/vc_row][vc_row css=&#8220;.vc_custom_1605630039270{padding-bottom: 150px !important;background-image: url(https:\/\/www.certisys.eu\/wp-content\/uploads\/2020\/10\/bg-3-1.png?id=892) !important;}&#8220; el_class=&#8220;custom-lastrow&#8220;][vc_column offset=&#8220;vc_col-lg-offset-3 vc_col-lg-6 vc_col-md-offset-2 vc_col-md-8&#8243;][vc_column_text css=&#8220;.vc_custom_1724147334011{border-top-width: 6px !important;border-right-width: 6px !important;border-bottom-width: 6px !important;border-left-width: 6px !important;padding-top: 20px !important;padding-right: 20px !important;padding-bottom: 20px !important;padding-left: 20px !important;border-left-style: solid !important;border-right-style: solid !important;border-top-style: solid !important;border-bottom-style: solid !important;border-radius: 2px !important;border-color: #e2002a !important;}&#8220;]<\/p>\n<h4>Einige n\u00fctzliche Informationen<\/h4>\n<ul>\n<li><a href=\"https:\/\/www.certisys.eu\/wp-content\/uploads\/2021\/04\/PU4501de04BrochureCorporateCertisys2017.pdf\">Wer ist CERTISYS?<\/a><\/li>\n<li>Wie hoch sind die Zahlen pro Bio-T\u00e4tigkeitsbereich bei CERTISYS?<a href=\"https:\/\/www.certisys.eu\/de\/ueber\/geschaeftsbericht\/\">Erfahren Sie es in unserem T\u00e4tigkeitsbericht<\/a><\/li>\n<li>Hier finden Sie <a href=\"https:\/\/www.certisys.eu\/de\/vorschriften\/praxisleitfaeden\/\">unsere praktischen Leitf\u00e4den<\/a> zu den EU-BIO-Vorschriften nach Branchen<\/li>\n<\/ul>\n<p><strong>Auszuf\u00fcllendes Dokument, um einen pers\u00f6nlichen Kostenvoranschlag f\u00fcr die folgenden Leistungen zu erhalten:\u00a0 <\/strong><\/p>\n<ul>\n<li><a href=\"https:\/\/www.certisys.eu\/wp-content\/uploads\/2026\/01\/F06IUv07en_Information-form.xlsx\">Unterlagenpr\u00fcfung f\u00fcr Betriebsmittel<\/a><\/li>\n<li><a href=\"https:\/\/www.certisys.eu\/wp-content\/uploads\/2026\/01\/F12IUv11en_Application-form.xlsx\">Betriebsmittelbescheinigung<\/a><\/li>\n<\/ul>\n<p>Sobald wir das ausgef\u00fcllte Dokument erhalten haben, senden wir Ihnen einen Kostenvoranschlag, den Sie uns bitte datiert und unterzeichnet zur\u00fccksenden.<\/p>\n<p><strong>Senden Sie uns die beiden oben genannten Dokumente <\/strong>per E-Mail im PDF-Format an\u00a0 <a href=\"mailto:info@certisys.eu\">info@certisys.eu<\/a><\/p>\n<div id=\"ConnectiveDocSignExtentionInstalled\" data-extension-version=\"1.0.4\"><\/div>\n<p>[\/vc_column_text][vc_column_text css=&#8220;&#8220;][\/vc_column_text][\/vc_column][vc_column][vc_widget_sidebar sidebar_id=&#8220;cta-activite&#8220;][\/vc_column][\/vc_row]<\/p>\n<\/div>","protected":false},"excerpt":{"rendered":"<p>[vc_row content_placement=&#8220;middle&#8220; css=&#8220;.vc_custom_1615465707679{padding-bottom: 80px !important;}&#8220;][vc_column width=&#8220;1\/2&#8243; offset=&#8220;vc_col-lg-offset-3 vc_col-lg-6&#8243; css=&#8220;.vc_custom_1615465726560{padding-top: 0px !important;}&#8220;][vc_single_image image=&#8220;1092&#8243; img_size=&#8220;100&#215;145&#8243; alignment=&#8220;center&#8220; css_animation=&#8220;fadeInDown&#8220; css=&#8220;.vc_custom_1615479532624{margin-top: -70px !important;}&#8220;][vc_column_text] Welche D\u00fcngemittel d\u00fcrfen im \u00f6kologischen Landbau verwendet werden? Wie wird ihre Konformit\u00e4t \u00fcberpr\u00fcft? Was sind die Zertifizierungsvoraussetzungen f\u00fcr den Einsatz von Betriebsmitteln im \u00f6kologischen Landbau? Im Folgenden finden Sie alles, was Sie wissen m\u00fcssen, wenn Sie Produzent [&hellip;]<\/p>\n","protected":false},"author":1,"featured_media":0,"parent":5905,"menu_order":7,"comment_status":"closed","ping_status":"closed","template":"","meta":{"_acf_changed":false,"footnotes":""},"class_list":["post-6897","page","type-page","status-publish","hentry"],"acf":[],"yoast_head":"<!-- This site is optimized with the Yoast SEO plugin v26.6 - https:\/\/yoast.com\/wordpress\/plugins\/seo\/ -->\n<title>Betriebsmittel (Inputs) und Rohstoffe - CERTISYS<\/title>\n<meta name=\"description\" content=\"Was sind die Anforderungen, um nachzuweisen, dass Bioprodukte f\u00fcr den \u00f6kologischen Landbau verwendet werden k\u00f6nnen? Hier k\u00f6nnen Sie alles nachlesen, was Sie als Input-Produzent wissen m\u00fcssen.\" \/>\n<meta name=\"robots\" content=\"index, follow, max-snippet:-1, max-image-preview:large, max-video-preview:-1\" \/>\n<link rel=\"canonical\" href=\"https:\/\/www.certisys.eu\/de\/meine-aktivitaet\/betriebsmittel-inputs-und-rohstoffe\/\" \/>\n<meta property=\"og:locale\" content=\"de_DE\" \/>\n<meta property=\"og:type\" content=\"article\" \/>\n<meta property=\"og:title\" content=\"Betriebsmittel (Inputs) und Rohstoffe - CERTISYS\" \/>\n<meta property=\"og:description\" content=\"Was sind die Anforderungen, um nachzuweisen, dass Bioprodukte f\u00fcr den \u00f6kologischen Landbau verwendet werden k\u00f6nnen? Hier k\u00f6nnen Sie alles nachlesen, was Sie als Input-Produzent wissen m\u00fcssen.\" \/>\n<meta property=\"og:url\" content=\"https:\/\/www.certisys.eu\/de\/meine-aktivitaet\/betriebsmittel-inputs-und-rohstoffe\/\" \/>\n<meta property=\"og:site_name\" content=\"CERTISYS\" \/>\n<meta property=\"article:modified_time\" content=\"2024-08-20T10:54:31+00:00\" \/>\n<meta name=\"twitter:card\" content=\"summary_large_image\" \/>\n<meta name=\"twitter:label1\" content=\"Gesch\u00e4tzte Lesezeit\" \/>\n\t<meta name=\"twitter:data1\" content=\"5\u00a0Minuten\" \/>\n<!-- \/ Yoast SEO plugin. -->","yoast_head_json":{"title":"Betriebsmittel (Inputs) und Rohstoffe - CERTISYS","description":"Was sind die Anforderungen, um nachzuweisen, dass Bioprodukte f\u00fcr den \u00f6kologischen Landbau verwendet werden k\u00f6nnen? Hier k\u00f6nnen Sie alles nachlesen, was Sie als Input-Produzent wissen m\u00fcssen.","robots":{"index":"index","follow":"follow","max-snippet":"max-snippet:-1","max-image-preview":"max-image-preview:large","max-video-preview":"max-video-preview:-1"},"canonical":"https:\/\/www.certisys.eu\/de\/meine-aktivitaet\/betriebsmittel-inputs-und-rohstoffe\/","og_locale":"de_DE","og_type":"article","og_title":"Betriebsmittel (Inputs) und Rohstoffe - CERTISYS","og_description":"Was sind die Anforderungen, um nachzuweisen, dass Bioprodukte f\u00fcr den \u00f6kologischen Landbau verwendet werden k\u00f6nnen? Hier k\u00f6nnen Sie alles nachlesen, was Sie als Input-Produzent wissen m\u00fcssen.","og_url":"https:\/\/www.certisys.eu\/de\/meine-aktivitaet\/betriebsmittel-inputs-und-rohstoffe\/","og_site_name":"CERTISYS","article_modified_time":"2024-08-20T10:54:31+00:00","twitter_card":"summary_large_image","twitter_misc":{"Gesch\u00e4tzte Lesezeit":"5\u00a0Minuten"},"schema":{"@context":"https:\/\/schema.org","@graph":[{"@type":"WebPage","@id":"https:\/\/www.certisys.eu\/de\/meine-aktivitaet\/betriebsmittel-inputs-und-rohstoffe\/","url":"https:\/\/www.certisys.eu\/de\/meine-aktivitaet\/betriebsmittel-inputs-und-rohstoffe\/","name":"Betriebsmittel (Inputs) und Rohstoffe - CERTISYS","isPartOf":{"@id":"https:\/\/www.certisys.eu\/de\/#website"},"datePublished":"2020-10-12T08:28:54+00:00","dateModified":"2024-08-20T10:54:31+00:00","description":"Was sind die Anforderungen, um nachzuweisen, dass Bioprodukte f\u00fcr den \u00f6kologischen Landbau verwendet werden k\u00f6nnen? Hier k\u00f6nnen Sie alles nachlesen, was Sie als Input-Produzent wissen m\u00fcssen.","breadcrumb":{"@id":"https:\/\/www.certisys.eu\/de\/meine-aktivitaet\/betriebsmittel-inputs-und-rohstoffe\/#breadcrumb"},"inLanguage":"de","potentialAction":[{"@type":"ReadAction","target":["https:\/\/www.certisys.eu\/de\/meine-aktivitaet\/betriebsmittel-inputs-und-rohstoffe\/"]}]},{"@type":"BreadcrumbList","@id":"https:\/\/www.certisys.eu\/de\/meine-aktivitaet\/betriebsmittel-inputs-und-rohstoffe\/#breadcrumb","itemListElement":[{"@type":"ListItem","position":1,"name":"Home","item":"https:\/\/www.certisys.eu\/de\/"},{"@type":"ListItem","position":2,"name":"Meine Aktivit\u00e4t","item":"https:\/\/www.certisys.eu\/de\/my-activity\/"},{"@type":"ListItem","position":3,"name":"Betriebsmittel (Inputs) und Rohstoffe"}]},{"@type":"WebSite","@id":"https:\/\/www.certisys.eu\/de\/#website","url":"https:\/\/www.certisys.eu\/de\/","name":"CERTISYS","description":"Bio Certification","potentialAction":[{"@type":"SearchAction","target":{"@type":"EntryPoint","urlTemplate":"https:\/\/www.certisys.eu\/de\/?s={search_term_string}"},"query-input":{"@type":"PropertyValueSpecification","valueRequired":true,"valueName":"search_term_string"}}],"inLanguage":"de"}]}},"jetpack_sharing_enabled":true,"_links":{"self":[{"href":"https:\/\/www.certisys.eu\/de\/wp-json\/wp\/v2\/pages\/6897","targetHints":{"allow":["GET"]}}],"collection":[{"href":"https:\/\/www.certisys.eu\/de\/wp-json\/wp\/v2\/pages"}],"about":[{"href":"https:\/\/www.certisys.eu\/de\/wp-json\/wp\/v2\/types\/page"}],"author":[{"embeddable":true,"href":"https:\/\/www.certisys.eu\/de\/wp-json\/wp\/v2\/users\/1"}],"replies":[{"embeddable":true,"href":"https:\/\/www.certisys.eu\/de\/wp-json\/wp\/v2\/comments?post=6897"}],"version-history":[{"count":44,"href":"https:\/\/www.certisys.eu\/de\/wp-json\/wp\/v2\/pages\/6897\/revisions"}],"predecessor-version":[{"id":34542,"href":"https:\/\/www.certisys.eu\/de\/wp-json\/wp\/v2\/pages\/6897\/revisions\/34542"}],"up":[{"embeddable":true,"href":"https:\/\/www.certisys.eu\/de\/wp-json\/wp\/v2\/pages\/5905"}],"wp:attachment":[{"href":"https:\/\/www.certisys.eu\/de\/wp-json\/wp\/v2\/media?parent=6897"}],"curies":[{"name":"wp","href":"https:\/\/api.w.org\/{rel}","templated":true}]}}