{"id":6890,"date":"2020-10-12T10:28:00","date_gmt":"2020-10-12T08:28:00","guid":{"rendered":"https:\/\/certisys.poush.be\/meine-taetigkeit\/distributeurs\/"},"modified":"2026-01-05T12:12:36","modified_gmt":"2026-01-05T10:12:36","slug":"haendler","status":"publish","type":"page","link":"https:\/\/www.certisys.eu\/de\/meine-aktivitaet\/haendler\/","title":{"rendered":"H\u00e4ndler"},"content":{"rendered":"<div class=\"wpb-content-wrapper\"><p>[vc_row content_placement=&#8220;middle&#8220; css=&#8220;.vc_custom_1615465707679{padding-bottom: 80px !important;}&#8220;][vc_column width=&#8220;2\/3&#8243; offset=&#8220;vc_col-lg-offset-3 vc_col-lg-6&#8243; css=&#8220;.vc_custom_1615465726560{padding-top: 0px !important;}&#8220;][vc_single_image image=&#8220;1076&#8243; img_size=&#8220;100&#215;145&#8243; alignment=&#8220;center&#8220; css_animation=&#8220;fadeInDown&#8220; css=&#8220;.vc_custom_1615478848007{margin-top: -70px !important;}&#8220;][vc_column_text]<\/p>\n<p style=\"text-align: center;\">Vertreiben Sie BIO-Produkte an andere Unternehmen (Einzelhandel, Restaurants usw.) innerhalb der Europ\u00e4ischen Union, ohne die Verpackung oder das Etikett der Produkte zu \u00e4ndern? \u00dcberpr\u00fcfen Sie die G\u00fcltigkeit der Zertifikate Ihrer Lieferanten, es liegt in Ihrer Verantwortung. Diese und weitere Informationen, die Sie zur Erlangung Ihrer BIO-Zertifizierung ben\u00f6tigen, finden Sie unten.<\/p>\n<p>[\/vc_column_text][vc_column_text]<\/p>\n<h2 style=\"text-align: center;\">Wie sieht Ihre BIO-T\u00e4tigkeit aus?<\/h2>\n<p style=\"text-align: center;\">Sie kaufen und verkaufen Bioprodukte innerhalb der Europ\u00e4ischen Union nur an andere Unternehmen (B2B), ohne die Verpackung oder Kennzeichnung zu ver\u00e4ndern, eventuell lagern Sie sie. Sie haben ein Handels-, Vertriebs- und\/oder Gro\u00dfhandelsgesch\u00e4ft.<\/p>\n<p>[\/vc_column_text][\/vc_column][\/vc_row][vc_row css=&#8220;.vc_custom_1614846917657{padding-top: 50px !important;padding-bottom: 80px !important;background-color: #f0f3f1 !important;}&#8220;][vc_column width=&#8220;1\/6&#8243;][\/vc_column][vc_column width=&#8220;2\/3&#8243;][vc_column_text]<\/p>\n<h2 style=\"text-align: center;\">Was sind die wesentlichen Informationen, um Ihre T\u00e4tigkeit als BIO-H\u00e4ndler zu starten?<\/h2>\n<p>[\/vc_column_text][vc_tta_accordion style=&#8220;modern&#8220; shape=&#8220;round&#8220; color=&#8220;white&#8220; c_position=&#8220;right&#8220; active_section=&#8220;100&#8243; no_fill=&#8220;true&#8220; collapsible_all=&#8220;true&#8220;][vc_tta_section title=&#8220;Was sagt die \u00d6ko-Verordnung?&#8220; tab_id=&#8220;oko-verordnung&#8220;][vc_row_inner][vc_column_inner width=&#8220;1\/2&#8243;][vc_column_text]Gem\u00e4\u00df der europ\u00e4ischen Verordnung \u00fcber den \u00f6kologischen Landbau ist jedes Unternehmen, das BIO-Produkte zwecks sp\u00e4terer Vermarktung erzeugt, importiert oder lagert, verpflichtet sein Unternehmen mit seinen verschiedenen Standorten dem Kontrollverfahren zu unterstellen.<\/p>\n<p>Als Anbieter m\u00fcssen Sie die BIO-Zertifikate Ihrer Lieferanten \u00fcberpr\u00fcfen, denn diese BIO-Waren werden unter Ihrer Verantwortung ausgew\u00e4hlt und m\u00fcssen BIO-zertifiziert werden k\u00f6nnen. Deshalb ist die Kontrolle auf dieser Stufe der Kette unerl\u00e4sslich, um die Zuverl\u00e4ssigkeit der BIO-Produkte und -Lieferanten zu gew\u00e4hrleisten und die Verbreitung von betr\u00fcgerischen Produkten auf dem Markt zu verhindern. Eine Kontrolle ist obligatorisch f\u00fcr lose Erzeugnisse (Getreide, Obst und Gem\u00fcse, Brot), die durch Fehlen einer versiegelten Verpackung vermischt oder ausgetauscht werden k\u00f6nnten.[\/vc_column_text][\/vc_column_inner][vc_column_inner width=&#8220;1\/2&#8243;][vc_single_image image=&#8220;3187&#8243; img_size=&#8220;500&#215;500&#8243;][\/vc_column_inner][\/vc_row_inner][\/vc_tta_section][vc_tta_section title=&#8220;Wie berechnen Sie Ihren Tarif?&#8220; tab_id=&#8220;tarif&#8220;][vc_row_inner][vc_column_inner width=&#8220;1\/2&#8243;][vc_column_text]<\/p>\n<ul>\n<li>Sie sind <strong>ein H\u00e4ndler in Wallonien?<\/strong><a href=\"https:\/\/www.certisys.eu\/wp-content\/uploads\/2026\/01\/TA003-v06_Tarife-Verarbeiter-_W_2026_DE.pdf\"> Erfahren Sie Ihren Tarif.<\/a><\/li>\n<\/ul>\n<p><a href=\"https:\/\/www.certisys.eu\/de\/tarife\/#devis\">Simulieren Sie Ihr Angebot online.<\/a><\/p>\n<p>[\/vc_column_text][\/vc_column_inner][vc_column_inner width=&#8220;1\/2&#8243;][vc_single_image image=&#8220;3175&#8243; img_size=&#8220;500&#215;500&#8243;][\/vc_column_inner][\/vc_row_inner][\/vc_tta_section][vc_tta_section title=&#8220;Wie l\u00e4uft Ihre BIO-Kontrolle ab?&#8220; tab_id=&#8220;bio-kontrolle&#8220;][vc_column_text]Die von einem CERTISYS-Pr\u00fcfer durchgef\u00fchrten BIO-Kontrollen basieren auf der europ\u00e4ischen Verordnung und auf regionalen Erlassen. Dabei wird u.a. Folgendes \u00fcberpr\u00fcft:<\/p>\n<ul>\n<li>Die <strong>BIO-Garantie seitens der Lieferanten<\/strong> auf der Grundlage ihrer BIO-Zertifikate: Sind Ihre Lieferanten berechtigt, BIO-Produkte zu vermarkten? Sie sollten beim Kauf besonders auf das G\u00fcltigkeitsdatum des Zertifikats Ihres Lieferanten achten und sich vergewissern, dass die BIO-Produkte mit einem Zertifikat versehen sind. Siehe die Website <a href=\"https:\/\/webgate.ec.europa.eu\/tracesnt\/directory\/publication\/organic-operator\/index\">TRACES<\/a>.<\/li>\n<li>Das <strong>Warenannahmeverfahren<\/strong>: CERTISYS\u00ae vergewissert sich, dass ein diesbez\u00fcgliches Verfahren vorhanden ist. Wir stellen Ihnen eine Vorlage f\u00fcr die <a href=\"https:\/\/www.certisys.eu\/wp-content\/uploads\/2022\/01\/Note-technique-visant-a-la-mise-en-place-dimplementation-dune-procedure-de-reception.pdf\">Warenannahme zur Verf\u00fcgung<\/a>.(franz\u00f6sische Version)<\/li>\n<li>Der <strong>Versand mit Garantien<\/strong>: Ist der Bio-Hinweis auf den Lieferscheinen, Verkaufsrechnungen, Etiketten vermerkt? Achten Sie darauf, dass auf diesen Dokumenten der BIO-Hinweis und der Verweis auf die Kontrollstelle vorhanden sind.<\/li>\n<li>Die <strong>Lagerungsbedingungen<\/strong>: Sind bei der Lagerung der BIO-Produkte \u2013 vor Ort oder bei einem Verarbeiter \u2013 die Identifizierung, die Trennung, der Schutz vor m\u00f6glicher Verschmutzung und R\u00fcckverfolgbarkeit der Produkte gew\u00e4hrleistet? Ist ein Reinigungsverfahren vorhanden, das konform ist und entsprechend angewendet wird, um Verunreinigungen zu vermeiden?<\/li>\n<li>Die <strong>\u00dcbereinstimmung zwischen der Menge gekaufter und verkaufter Produkte<\/strong><\/li>\n<li>Das <strong>Vorgehen im Falle von Zweifeln<\/strong>: Gibt es Zweifel am BIO-Status eines Produkts? Ist dies Fall, m\u00fcssen unbedingt die notwendigen Kontrollen durchgef\u00fchrt werden, um jegliche Bedenken auszur\u00e4umen, bevor das Produkt in Verkehr gebracht wird. Wir stellen Ihnen eine <a href=\"https:\/\/www.certisys.eu\/wp-content\/uploads\/2021\/02\/Verfahren-bei-Zweifeln-an-der-Konformitat-eines-Erzeugnisses.pdf\">Vorlage f\u00fcr das Verfahren<\/a> im Falle von Zweifeln zur Verf\u00fcgung.<\/li>\n<\/ul>\n<p>Um die R\u00fcckverfolgbarkeit \u00fcber die gesamte Kette zu gew\u00e4hrleisten, Verunreinigungen zu erkennen und betr\u00fcgerische Produkte zu identifizieren, kann der CERTISYS-Inspektor Proben nehmen. Die Analysen werden von einem akkreditierten Labor durchgef\u00fchrt. Ist das Ergebnis positiv, wird ein Aktionsplan zur Untersuchung erstellt, um die Garantien der Lieferanten in Zusammenarbeit mit den betroffenen Kontrollinstanzen zu \u00fcberpr\u00fcfen.[\/vc_column_text][\/vc_tta_section][\/vc_tta_accordion][\/vc_column][vc_column width=&#8220;1\/6&#8243;][\/vc_column][\/vc_row][vc_row full_width=&#8220;stretch_row_content_no_spaces&#8220; css=&#8220;.vc_custom_1637929660065{margin-bottom: 50px !important;padding-top: 300px !important;background-image: url(https:\/\/www.certisys.eu\/wp-content\/uploads\/2021\/05\/distributeur2.jpg?id=6768) !important;background-position: center !important;background-repeat: no-repeat !important;background-size: cover !important;}&#8220; el_id=&#8220;infopaket&#8220;][vc_column][\/vc_column][\/vc_row][vc_row css=&#8220;.vc_custom_1605630039270{padding-bottom: 150px !important;background-image: url(https:\/\/www.certisys.eu\/wp-content\/uploads\/2020\/10\/bg-3-1.png?id=892) !important;}&#8220; el_class=&#8220;custom-lastrow&#8220;][vc_column offset=&#8220;vc_col-lg-offset-3 vc_col-lg-6 vc_col-md-offset-2 vc_col-md-8&#8243;][vc_column_text css=&#8220;.vc_custom_1767607958380{border-top-width: 6px !important;border-right-width: 6px !important;border-bottom-width: 6px !important;border-left-width: 6px !important;padding-top: 20px !important;padding-right: 20px !important;padding-bottom: 20px !important;padding-left: 20px !important;border-left-style: solid !important;border-right-style: solid !important;border-top-style: solid !important;border-bottom-style: solid !important;border-radius: 2px !important;border-color: #e2001a !important;}&#8220;]<\/p>\n<h2>Ihr Infopaket, um Bio-H\u00e4ndler zu werden<\/h2>\n<h4>Einige n\u00fctzliche Informationen<\/h4>\n<ul>\n<li><a href=\"https:\/\/www.certisys.eu\/wp-content\/uploads\/2021\/04\/LEAFLET-CORPORATE-CERTISYS-DE.pdf\">Wer ist CERTISYS<\/a>?<\/li>\n<li>Wie hoch sind die Zahlen pro Bio-T\u00e4tigkeitsbereich bei CERTISYS? Erfahren Sie es in unserem <a href=\"https:\/\/www.certisys.eu\/de\/ueber\/geschaeftsbericht\/\">Jahresbericht<\/a><\/li>\n<li>Hier finden Sie <a href=\"https:\/\/www.certisys.eu\/de\/vorschriften\/praxisleitfaeden\/\">unsere praktischen Leitf\u00e4den<\/a> zu den EU-BIO-Vorschriften nach Branchen.<\/li>\n<li>Was ist Ihr Tarif\u00a0 (<a href=\"https:\/\/www.certisys.eu\/wp-content\/uploads\/2026\/01\/TA003-v06_Tarife-Verarbeiter-_W_2026_DE.pdf\">Wallonien<\/a> &#8211; <a href=\"https:\/\/www.certisys.eu\/wp-content\/uploads\/2026\/01\/TA022-v03_Tarife-Verarbeiter-_GdLux_2026_DE.pdf\">Gro\u00dfherzogtum Luxemburg<\/a>)<\/li>\n<li>als Bio-H\u00e4ndler? <a href=\"https:\/\/www.certisys.eu\/de\/tarife\/tarif-je-nach-taetigkeitsbereich\/\">Simulieren Sie Ihre Kosten online<\/a>!<\/li>\n<li>Haben Sie eine kleine <a href=\"https:\/\/www.certisys.eu\/wp-content\/uploads\/2021\/04\/OR3218fr06_tarifBakeOff_BXL_2021.pdf\">Handelsaktivit\u00e4t<\/a>? In der Region Br\u00fcssel k\u00f6nnen Sie von einem angepassten Tarif profitieren. Pr\u00fcfen Sie, ob Sie die erforderlichen Bedingungen erf\u00fcllen.<\/li>\n<li>M\u00f6chten Sie die Marke CERTISYS verwenden? Informieren Sie sich in unserem &#8222;<a href=\"https:\/\/www.certisys.eu\/wp-content\/uploads\/2021\/02\/GT040-v03_Logobook_Leitfaden-zur-Nutzung-der-CERTISYS\u00ae-Logos_DE.pdf\">Dokument zur Nutzung der Certisys-Marke<\/a>&#8222;<\/li>\n<\/ul>\n<h4>Ihre Dokumente zum Ausf\u00fcllen, um Ihr Bio-Zertifizierungsdossier bei CERTISYS zu er\u00f6ffnen<\/h4>\n<ul>\n<li><a href=\"https:\/\/www.certisys.eu\/wp-content\/uploads\/2023\/12\/FO001-v05_Formular-fur-den-Antrag-auf-Zertifizierung-in-der-BIO-Produktion_DE.pdf\">Ihr Formular f\u00fcr den Antrag auf Zertifizierung\u00a0<\/a><\/li>\n<li><a href=\"https:\/\/www.certisys.eu\/wp-content\/uploads\/2021\/07\/CO001-v02_Vertrag-BIO-Belgien_DE.pdf\">Ihr Dienstleistungsvertrag\u00a0 (Belgien) <\/a>oder <a href=\"https:\/\/www.certisys.eu\/wp-content\/uploads\/2021\/05\/CO003-v02_Vertag-Grosherzogtum-Luxemburg_DE-1.pdf\">Ihr Dienstleistungsvertrag (Gro\u00dfherzogtum Luxemburg)<\/a><\/li>\n<\/ul>\n<h4>Wie Sie uns erreichen:<\/h4>\n<p><strong>Senden Sie uns die beiden oben genannten Dokumente<\/strong> per E-Mail im<strong> PDF-Format<\/strong> an <a href=\"mailto:info@certisys.eu\">info@certisys.eu<\/a><\/p>\n<p><span style=\"color: #ff0000;\"><strong>Achtung:<\/strong><\/span><\/p>\n<p>Beachten Sie, dass Sie immer noch aufgefordert werden, einen <span style=\"color: #ff0000;\"><strong>Antrag auf BIO-Meldung<\/strong><\/span> zu stellen.<\/p>\n<p>Dazu m\u00fcssen Sie auf die Website der zust\u00e4ndigen Beh\u00f6rde gehen:<\/p>\n<ul>\n<li><a href=\"https:\/\/agriculture.wallonie.be\/avant-de-commencer\">Wallonie<\/a><\/li>\n<li><a href=\"https:\/\/lv.vlaanderen.be\/bio\/kennisgeving-en-controle\/kennisgeving\">Flandern<\/a><\/li>\n<li><a href=\"https:\/\/guichet.public.lu\/fr\/entreprises\/sectoriel\/agriculture-viticulture\/agriculture-biologique.html\">Gro\u00dfherzogtum Luxemburg<\/a><\/li>\n<\/ul>\n<div id=\"ConnectiveDocSignExtentionInstalled\" data-extension-version=\"1.0.4\"><\/div>\n<p>[\/vc_column_text][vc_column_text css=&#8220;&#8220;]<\/p>\n<h2>Weitere f\u00fcr Sie n\u00fctzlichen Dokumente als Bio-H\u00e4ndler<\/h2>\n<ul>\n<li>Richten Sie ein Verfahren f\u00fcr <a href=\"https:\/\/www.certisys.eu\/wp-content\/uploads\/2021\/04\/GT007-v02_Implementierung-eines-Annahmeverfahrens_DE.pdf\">Annahme\u00a0Ihrer Bio-Produkte ein<\/a>.<\/li>\n<li>Garantieren Sie die Konformit\u00e4t Ihrer Produkte. F\u00fcr <a href=\"https:\/\/www.certisys.eu\/wp-content\/uploads\/2021\/02\/Verfahren-bei-Zweifeln-an-der-Konformitat-eines-Erzeugnisses.pdf\">Zweifelsf\u00e4lle<\/a> bieten wir Ihnen ein Musterverfahren an.<\/li>\n<li>Modell f\u00fcr ein <a href=\"https:\/\/www.certisys.eu\/wp-content\/uploads\/2021\/02\/GT044-v02_Modele-Registre-Des-Reclamations-Klachtenregister-Reklamationsregister_FR-NL-DE.pdf\">Beschwerderegister<\/a>.<\/li>\n<li>Modell, um Ihren <a href=\"https:\/\/www.certisys.eu\/wp-content\/uploads\/2021\/04\/OR3267de03EtatDesStocks.odt\">Lagerbestand<\/a> auf dem neuesten Stand zu halten.<\/li>\n<li>Sind Sie Anbieter von Bio-Saatgut und Jungpflanzen? Wir laden Sie ein, unser <a href=\"https:\/\/www.certisys.eu\/wp-content\/uploads\/2021\/04\/PU4578fr01GuideOXSpourFournisseursSemencesPlants.pdf\">Tutorial zur Nutzung der OrganicXseeds Datenbank zu konsultieren.<\/a><\/li>\n<\/ul>\n<p>[\/vc_column_text][\/vc_column][vc_column][vc_widget_sidebar sidebar_id=&#8220;cta-activite&#8220;][\/vc_column][\/vc_row]<\/p>\n<\/div>","protected":false},"excerpt":{"rendered":"<p>[vc_row content_placement=&#8220;middle&#8220; css=&#8220;.vc_custom_1615465707679{padding-bottom: 80px !important;}&#8220;][vc_column width=&#8220;2\/3&#8243; offset=&#8220;vc_col-lg-offset-3 vc_col-lg-6&#8243; css=&#8220;.vc_custom_1615465726560{padding-top: 0px !important;}&#8220;][vc_single_image image=&#8220;1076&#8243; img_size=&#8220;100&#215;145&#8243; alignment=&#8220;center&#8220; css_animation=&#8220;fadeInDown&#8220; css=&#8220;.vc_custom_1615478848007{margin-top: -70px !important;}&#8220;][vc_column_text] Vertreiben Sie BIO-Produkte an andere Unternehmen (Einzelhandel, Restaurants usw.) innerhalb der Europ\u00e4ischen Union, ohne die Verpackung oder das Etikett der Produkte zu \u00e4ndern? \u00dcberpr\u00fcfen Sie die G\u00fcltigkeit der Zertifikate Ihrer Lieferanten, es liegt in Ihrer Verantwortung. Diese [&hellip;]<\/p>\n","protected":false},"author":1,"featured_media":0,"parent":5905,"menu_order":4,"comment_status":"closed","ping_status":"closed","template":"","meta":{"_acf_changed":false,"footnotes":""},"class_list":["post-6890","page","type-page","status-publish","hentry"],"acf":[],"yoast_head":"<!-- This site is optimized with the Yoast SEO plugin v26.6 - https:\/\/yoast.com\/wordpress\/plugins\/seo\/ -->\n<title>H\u00e4ndler - CERTISYS<\/title>\n<meta name=\"description\" content=\"Verkaufen Sie Bio-Produkte an andere Marktteilnehmer innerhalb der Europ\u00e4ischen Union, ohne die Verpackung oder das Etikett der Produkte zu \u00e4ndern? Alle Details dazu und alle weiteren Informationen, die Sie zum Erhalt Ihres Bio-Zertifikats ben\u00f6tigen, finden Sie hier.\" \/>\n<meta name=\"robots\" content=\"index, follow, max-snippet:-1, max-image-preview:large, max-video-preview:-1\" \/>\n<link rel=\"canonical\" href=\"https:\/\/www.certisys.eu\/de\/meine-aktivitaet\/haendler\/\" \/>\n<meta property=\"og:locale\" content=\"de_DE\" \/>\n<meta property=\"og:type\" content=\"article\" \/>\n<meta property=\"og:title\" content=\"H\u00e4ndler - CERTISYS\" \/>\n<meta property=\"og:description\" content=\"Verkaufen Sie Bio-Produkte an andere Marktteilnehmer innerhalb der Europ\u00e4ischen Union, ohne die Verpackung oder das Etikett der Produkte zu \u00e4ndern? Alle Details dazu und alle weiteren Informationen, die Sie zum Erhalt Ihres Bio-Zertifikats ben\u00f6tigen, finden Sie hier.\" \/>\n<meta property=\"og:url\" content=\"https:\/\/www.certisys.eu\/de\/meine-aktivitaet\/haendler\/\" \/>\n<meta property=\"og:site_name\" content=\"CERTISYS\" \/>\n<meta property=\"article:modified_time\" content=\"2026-01-05T10:12:36+00:00\" \/>\n<meta name=\"twitter:card\" content=\"summary_large_image\" \/>\n<meta name=\"twitter:label1\" content=\"Gesch\u00e4tzte Lesezeit\" \/>\n\t<meta name=\"twitter:data1\" content=\"5\u00a0Minuten\" \/>\n<!-- \/ Yoast SEO plugin. -->","yoast_head_json":{"title":"H\u00e4ndler - CERTISYS","description":"Verkaufen Sie Bio-Produkte an andere Marktteilnehmer innerhalb der Europ\u00e4ischen Union, ohne die Verpackung oder das Etikett der Produkte zu \u00e4ndern? Alle Details dazu und alle weiteren Informationen, die Sie zum Erhalt Ihres Bio-Zertifikats ben\u00f6tigen, finden Sie hier.","robots":{"index":"index","follow":"follow","max-snippet":"max-snippet:-1","max-image-preview":"max-image-preview:large","max-video-preview":"max-video-preview:-1"},"canonical":"https:\/\/www.certisys.eu\/de\/meine-aktivitaet\/haendler\/","og_locale":"de_DE","og_type":"article","og_title":"H\u00e4ndler - CERTISYS","og_description":"Verkaufen Sie Bio-Produkte an andere Marktteilnehmer innerhalb der Europ\u00e4ischen Union, ohne die Verpackung oder das Etikett der Produkte zu \u00e4ndern? Alle Details dazu und alle weiteren Informationen, die Sie zum Erhalt Ihres Bio-Zertifikats ben\u00f6tigen, finden Sie hier.","og_url":"https:\/\/www.certisys.eu\/de\/meine-aktivitaet\/haendler\/","og_site_name":"CERTISYS","article_modified_time":"2026-01-05T10:12:36+00:00","twitter_card":"summary_large_image","twitter_misc":{"Gesch\u00e4tzte Lesezeit":"5\u00a0Minuten"},"schema":{"@context":"https:\/\/schema.org","@graph":[{"@type":"WebPage","@id":"https:\/\/www.certisys.eu\/de\/meine-aktivitaet\/haendler\/","url":"https:\/\/www.certisys.eu\/de\/meine-aktivitaet\/haendler\/","name":"H\u00e4ndler - CERTISYS","isPartOf":{"@id":"https:\/\/www.certisys.eu\/de\/#website"},"datePublished":"2020-10-12T08:28:00+00:00","dateModified":"2026-01-05T10:12:36+00:00","description":"Verkaufen Sie Bio-Produkte an andere Marktteilnehmer innerhalb der Europ\u00e4ischen Union, ohne die Verpackung oder das Etikett der Produkte zu \u00e4ndern? Alle Details dazu und alle weiteren Informationen, die Sie zum Erhalt Ihres Bio-Zertifikats ben\u00f6tigen, finden Sie hier.","breadcrumb":{"@id":"https:\/\/www.certisys.eu\/de\/meine-aktivitaet\/haendler\/#breadcrumb"},"inLanguage":"de","potentialAction":[{"@type":"ReadAction","target":["https:\/\/www.certisys.eu\/de\/meine-aktivitaet\/haendler\/"]}]},{"@type":"BreadcrumbList","@id":"https:\/\/www.certisys.eu\/de\/meine-aktivitaet\/haendler\/#breadcrumb","itemListElement":[{"@type":"ListItem","position":1,"name":"Home","item":"https:\/\/www.certisys.eu\/de\/"},{"@type":"ListItem","position":2,"name":"Meine Aktivit\u00e4t","item":"https:\/\/www.certisys.eu\/de\/my-activity\/"},{"@type":"ListItem","position":3,"name":"H\u00e4ndler"}]},{"@type":"WebSite","@id":"https:\/\/www.certisys.eu\/de\/#website","url":"https:\/\/www.certisys.eu\/de\/","name":"CERTISYS","description":"Bio Certification","potentialAction":[{"@type":"SearchAction","target":{"@type":"EntryPoint","urlTemplate":"https:\/\/www.certisys.eu\/de\/?s={search_term_string}"},"query-input":{"@type":"PropertyValueSpecification","valueRequired":true,"valueName":"search_term_string"}}],"inLanguage":"de"}]}},"jetpack_sharing_enabled":true,"_links":{"self":[{"href":"https:\/\/www.certisys.eu\/de\/wp-json\/wp\/v2\/pages\/6890","targetHints":{"allow":["GET"]}}],"collection":[{"href":"https:\/\/www.certisys.eu\/de\/wp-json\/wp\/v2\/pages"}],"about":[{"href":"https:\/\/www.certisys.eu\/de\/wp-json\/wp\/v2\/types\/page"}],"author":[{"embeddable":true,"href":"https:\/\/www.certisys.eu\/de\/wp-json\/wp\/v2\/users\/1"}],"replies":[{"embeddable":true,"href":"https:\/\/www.certisys.eu\/de\/wp-json\/wp\/v2\/comments?post=6890"}],"version-history":[{"count":42,"href":"https:\/\/www.certisys.eu\/de\/wp-json\/wp\/v2\/pages\/6890\/revisions"}],"predecessor-version":[{"id":75689,"href":"https:\/\/www.certisys.eu\/de\/wp-json\/wp\/v2\/pages\/6890\/revisions\/75689"}],"up":[{"embeddable":true,"href":"https:\/\/www.certisys.eu\/de\/wp-json\/wp\/v2\/pages\/5905"}],"wp:attachment":[{"href":"https:\/\/www.certisys.eu\/de\/wp-json\/wp\/v2\/media?parent=6890"}],"curies":[{"name":"wp","href":"https:\/\/api.w.org\/{rel}","templated":true}]}}