{"id":6437,"date":"2020-10-12T10:31:28","date_gmt":"2020-10-12T08:31:28","guid":{"rendered":"https:\/\/certisys.poush.be\/simulation-de-devis\/"},"modified":"2024-01-17T16:34:43","modified_gmt":"2024-01-17T14:34:43","slug":"kostenvoranschlag-online","status":"publish","type":"page","link":"https:\/\/www.certisys.eu\/de\/tarife\/kostenvoranschlag-online\/","title":{"rendered":"Kostenvoranschlag online"},"content":{"rendered":"<div class=\"wpb-content-wrapper\"><p>[vc_row css=&#8220;.vc_custom_1605630039270{padding-bottom: 150px !important;background-image: url(https:\/\/www.certisys.eu\/wp-content\/uploads\/2020\/10\/bg-3-1.png?id=892) !important;}&#8220; el_class=&#8220;custom-lastrow&#8220;][vc_column css=&#8220;.vc_custom_1616056778505{padding-top: 0px !important;}&#8220; offset=&#8220;vc_col-lg-offset-2 vc_col-lg-8 vc_col-md-offset-1 vc_col-md-10&#8243;][vc_single_image image=&#8220;3951&#8243; img_size=&#8220;100&#215;145&#8243; alignment=&#8220;center&#8220; css_animation=&#8220;fadeInDown&#8220; css=&#8220;.vc_custom_1616063050322{margin-top: -70px !important;}&#8220;][vc_column_text]<\/p>\n<p style=\"font-weight: 400; text-align: center;\">Wenn Sie einen Kostenvoranschlag anfordern m\u00f6chten, k\u00f6nnen Sie das Formular &#8222;Kostenvoranschlag anfordern&#8220; (<a href=\"https:\/\/www.certisys.eu\/de\/einen-kostenvoranschlag-anfordern\/\" data-saferedirecturl=\"https:\/\/www.google.com\/url?q=https:\/\/www.certisys.eu\/de\/einen-kostenvoranschlag-anfordern\/&amp;source=gmail&amp;ust=1705587097477000&amp;usg=AOvVaw3-SqEmOhH8yKZUoq6SmTIC\">https:\/\/www.certisys.eu\/de\/einen-kostenvoranschlag-anfordern\/<\/a>) ausf\u00fcllen.<\/p>\n<p style=\"font-weight: 400; text-align: center;\">Unsere Teams werden sich so schnell wie m\u00f6glich mit Ihnen in Verbindung setzen.<\/p>\n<p>[\/vc_column_text][\/vc_column][\/vc_row][vc_row disable_element=&#8220;yes&#8220; css=&#8220;.vc_custom_1705501469336{padding-bottom: 150px !important;background-image: url(https:\/\/www.certisys.eu\/wp-content\/uploads\/2020\/10\/bg-3-1.png?id=892) !important;}&#8220; el_class=&#8220;custom-lastrow&#8220;][vc_column css=&#8220;.vc_custom_1616056778505{padding-top: 0px !important;}&#8220; offset=&#8220;vc_col-lg-offset-2 vc_col-lg-8 vc_col-md-offset-1 vc_col-md-10&#8243;][vc_single_image image=&#8220;3951&#8243; img_size=&#8220;100&#215;145&#8243; alignment=&#8220;center&#8220; css_animation=&#8220;fadeInDown&#8220; css=&#8220;.vc_custom_1616063050322{margin-top: -70px !important;}&#8220;][vc_column_text]<\/p>\n<p class=\"p1\">Mit diesem Rechner k\u00f6nnen Sie eine Sch\u00e4tzung Ihrer j\u00e4hrlichen <span class=\"s1\">Geb\u00fchren<\/span> vornehmen, wenn Sie als <span class=\"s1\"><b>Landwirt<\/b><\/span><b> <\/b>t\u00e4tig sind.<\/p>\n<p>Konsultieren Sie den <a href=\"https:\/\/www.certisys.eu\/wp-content\/uploads\/2026\/01\/TA001-v06_Tarife-Erzeuger_W-Bxl-GdLux_2026_DE.pdf\" target=\"_blank\" rel=\"noopener\"><strong>Erzeugertarif<\/strong><\/a>, um die erforderlichen Informationen korrekt auszuf\u00fcllen.[\/vc_column_text][vc_column_text]<form id='ajax-form-agri'><input type='radio' id='fla' name='region' value='Flandre'><label for='fla'>Flandern<\/label><input type='radio' id='wal' name='region' value='Wallonie' checked><label class='beforeopt' for='wal'>Wallonien, Br\u00fcssel, Gro\u00dfherzogtum Luxemburg<\/label><table id='table-sup'><tbody id='bodySup'><tr><td><i class='fas fa-carrot'><\/i>Anbauart<\/td><td>Fl\u00e4che<\/td><\/tr><tr><td><select name='cult[]' class='selectha'><option value=''>--Anbauart w\u00e4hlen--<\/option><option value='0.281000'>Anzucht von Pflanzen f\u00fcr die Verpflanzung (m\u00b2)<\/option><option value='841.500000'>Beheiztes Gew\u00e4chshaus<\/option><option value='140.250000'>Gem\u00fcseanbau \/ G\u00e4rtnerei<\/option><option value='78.200000'>Gem\u00fcseanbau auf offenem Feld<\/option><option value='10.370000'>Gras + Gr\u00fcnd\u00fcnger + Brachfl\u00e4che<\/option><option value='13.770000'>Gro\u00dffl\u00e4chiger Anbau<\/option><option value='47.600000'>Hochstamm \/ Weihnachtsbaum<\/option><option value='418.200000'>Kaltgew\u00e4chshaus und Tunnel<\/option><option value='0.281000'>Mikrogr\u00fcn (m\u00b2)<\/option><option value='3.470000'>Naturgebiete, Sammeln von Wildpflanzenarten<\/option><option value='69.700000'>Obstanbau: Niederstamm\/kleine Fr\u00fcchte \/ Weinanbau<\/option><option value='2810.000000'>Pilzede<\/option><option value='0.281000'>Topfpflanzen : Zierpflanzen und Kr\u00e4uter (m\u00b2)<\/option><option value='0.281000'>Zichorie (m\u00b2)<\/option><\/select><\/td><td><input type='number' placeholder='ha' name='ha[]' step='.0001' class='ha'\/><\/td><td><button class='delRowBtn'>-<\/button><\/td><\/tr><\/tbody><\/table><span id='addSS'><i class='fas fa-plus'><\/i> Fl\u00e4che hinzuf\u00fcgen<\/span><script>\n          jQuery('#addSS').on('click',function(){\n\n      var tableBody = jQuery('#table-sup').find('tbody'),\n            trLast = tableBody.find('tr:last'),\n            trNew = trLast.clone().find('.ha').val('').end();\n\n\n        trLast.after(trNew);\n      });\n    <\/script><br\/><br\/><table id='table-inf'><tbody id='bodyInf'><tr><td><img data-recalc-dims=\"1\" src=\"https:\/\/i0.wp.com\/www.certisys.eu\/wp-content\/uploads\/2021\/04\/icone-tarif.png?w=22&#038;ssl=1\"  alt='icone cochon' style='margin-right:10px;'\/>\nTiere<\/td><td>\tAnzahl<\/td><\/tr><tr><td><select name='anim[]' class='selectanim'><option value=''>--Tiere w\u00e4hlen--<\/option><option value='0.290000'>Forellen (Pro Kg)<\/option><option value='2.570000'>Hirschkuh\/Hirsch<\/option><option value='0.700000'>Honig (Pro vorhandener oder verkaufter Bienenstock)<\/option><option value='5.780000'>Huhn \/ Junghenne je 100 St\u00fcck (Verkaufte Tiere)<\/option><option value='1.040000'>Kaninchen<\/option><option value='3.570000'>Kuh \/ Stute mit oder ohne Kalb \/ Fohlen<\/option><option value='1.730000'>Legehenne pro 10 St\u00fcck (Vorhandenes oder verkauftes Tier)<\/option><option value='0.610000'>Legewachteln pro 100<\/option><option value='5.100000'>Milchk\u00fche \/ Stuten<\/option><option value='3.570000'>Pferd<\/option><option value='0.510000'>Rehkitz (Tier verkauft)<\/option><option value='1.620000'>Rind 1-2 Jahre (Vorhandenes oder verkauftes Tier)<\/option><option value='1.070000'>Rind < 1 Jahr (Vorhandenes oder verkauftes Tier)<\/option><option value='2.110000'>Rind > 2 Jahre (Vorhandenes oder verkauftes Tier)<\/option><option value='5.100000'>Sau oder Eber<\/option><option value='0.340000'>Schaf - Lamm  (Tier verhauft)<\/option><option value='0.770000'>Schaf \/ Reh<\/option><option value='1.310000'>Schafsmolkerei<\/option><option value='0.170000'>Schnecken (Pro Kilo verkauft)<\/option><option value='0.800000'>Schwein (Tier verhauft)<\/option><option value='0.850000'>Spiesser (Tier verkauft)<\/option><option value='0.800000'>Strau\u00df (Tier verkauft)<\/option><option value='2.570000'>Straussenzucht<\/option><option value='11.560000'>Truth\u00e4hne \/Enten je 100 St\u00fcck (Verkaufte Tiere)<\/option><option value='0.200000'>Wachteln pro 100<\/option><option value='1.310000'>Ziegenmolkerei<\/option><\/select><\/td><td><input type='number' placeholder='anzahl' name='nomb[]' step='.0001' class='nomb'\/><\/td><td><button class='delRowBtn'>-<\/button><\/td><\/tr><\/tbody><\/table><span id='addAA'><i class='fas fa-plus'><\/i> Tier hinzuf\u00fcgen<\/span><br\/><br\/><script>\n          jQuery('#addAA').on('click',function(){\n\n      var tableBody = jQuery('#table-inf').find('tbody'),\n            trLast = tableBody.find('tr:last'),\n            trNew = trLast.clone().find('.nomb').val('').end();\n\n        trLast.after(trNew);\n      });\n    <\/script><input type='submit' value='Berechnen' \/><a class='reset-btn' onClick='window.location.reload()'>Zur\u00fccksetzen<\/a><\/form><div id='resultatagri'><\/div><script>\n                jQuery(document.body).delegate('.delRowBtn', 'click', function(){\n                  jQuery(this).closest('tr').remove();\n                });\n\n                let rFla = document.getElementById('fla');\n                let rWal = document.getElementById('wal');\n\n                function clearInput()\n                {\n                  let ha = document.getElementsByClassName('ha');\n                  let nomb = document.getElementsByClassName('nomb');\n\n                  for (let itemHa of ha) {\n                    itemHa.value = '';\n                  }\n                  for (let itemNomb of nomb) {\n                    console.log('yes');\n                    itemNomb.value = '';\n                  }\n\n                  jQuery('#table-sup tr').slice(2).remove();\n                  jQuery('#table-inf tr').slice(2).remove();\n                  jQuery('#div_result').remove();\n\n                }\n\n                rFla.addEventListener('click', clearInput, false);\n                rWal.addEventListener('click', clearInput, false);\n\n                jQuery('#ajax-form-agri input[name=\\'region\\']').change(function(e){\n                    let region = jQuery('#ajax-form-agri input[name=\\'region\\']:checked').val();\n                    console.log(region);\n\n                    if(region == 'Flandre'){\n\n                      let data  = '<div class=\\'optfla\\'><input type=\\'radio\\' id=\\'bio\\' name=\\'optfla\\' value=\\'bio\\' checked><label for=\\'bio\\'>100% Bio-Bauernhof<\/label><input type=\\'radio\\' id=\\'mixte\\' name=\\'optfla\\' value=\\'mixte\\'><label for=\\'mixte\\'>Gemischter Bauernhof<\/label><\/div>';\n                      jQuery( data ).insertAfter( '.beforeopt' );\n\n                    }else{\n\n                      jQuery( '.optfla' ).remove();\n\n                    }\n\n                });\n              <\/script>[\/vc_column_text][vc_column_text css=&#8220;.vc_custom_1644588365605{margin-top: 80px !important;}&#8220;]<\/p>\n<h3 style=\"text-align: center;\">Brauchen Sie Hilfe oder eine Angebotsanfrage ?<\/h3>\n<p>[\/vc_column_text]<div class=\"d-flex justify-content-center \"><a class=\"psh_button btn-68516354\" href=\"https:\/\/www.certisys.eu\/de\/kontakt\/\" alt=\"Kontakt\" target=\"\">Kontaktiere uns<\/a><\/div>\n        <style>.psh_button.btn-68516354{\n          font-size: 18px;\n          text-transform: none;\n          padding: 10px 20px 10px 20px;\n          border-radius: 80px;\n          border-width: 0px;\n          background-color: #e30613;\n          border-color: ;\n          border-style: solid;\n          color: #ffffff;\n          display: inline-block;\n          \n          transition: all .3s ease-in-out;\n        }\n        .psh_button.btn-68516354:hover{\n          background-color: #f18970;\n          border-color: ;\n          color: #ffffff;\n          transition: all .3s ease-in-out;\n        }<\/style>[\/vc_column][\/vc_row][vc_row css=&#8220;.vc_custom_1705502075985{padding-bottom: 50px !important;}&#8220; el_class=&#8220;custom-lastrow&#8220;][vc_column css=&#8220;.vc_custom_1616056778505{padding-top: 0px !important;}&#8220; offset=&#8220;vc_col-lg-offset-2 vc_col-lg-8 vc_col-md-offset-1 vc_col-md-10&#8243;][vc_column_text css=&#8220;.vc_custom_1644588365605{margin-top: 80px !important;}&#8220;]<\/p>\n<h3 style=\"text-align: center;\">Brauchen Sie Hilfe oder eine Angebotsanfrage ?<\/h3>\n<p>[\/vc_column_text]<div class=\"d-flex justify-content-center \"><a class=\"psh_button btn-58701013\" href=\"https:\/\/www.certisys.eu\/de\/kontakt\/\" alt=\"Kontakt\" target=\"\">Kontaktiere uns<\/a><\/div>\n        <style>.psh_button.btn-58701013{\n          font-size: 18px;\n          text-transform: none;\n          padding: 10px 20px 10px 20px;\n          border-radius: 80px;\n          border-width: 0px;\n          background-color: #e30613;\n          border-color: ;\n          border-style: solid;\n          color: #ffffff;\n          display: inline-block;\n          \n          transition: all .3s ease-in-out;\n        }\n        .psh_button.btn-58701013:hover{\n          background-color: #f18970;\n          border-color: ;\n          color: #ffffff;\n          transition: all .3s ease-in-out;\n        }<\/style>[\/vc_column][\/vc_row]<\/p>\n<\/div>","protected":false},"excerpt":{"rendered":"<p>[vc_row css=&#8220;.vc_custom_1605630039270{padding-bottom: 150px !important;background-image: url(https:\/\/www.certisys.eu\/wp-content\/uploads\/2020\/10\/bg-3-1.png?id=892) !important;}&#8220; el_class=&#8220;custom-lastrow&#8220;][vc_column css=&#8220;.vc_custom_1616056778505{padding-top: 0px !important;}&#8220; offset=&#8220;vc_col-lg-offset-2 vc_col-lg-8 vc_col-md-offset-1 vc_col-md-10&#8243;][vc_single_image image=&#8220;3951&#8243; img_size=&#8220;100&#215;145&#8243; alignment=&#8220;center&#8220; css_animation=&#8220;fadeInDown&#8220; css=&#8220;.vc_custom_1616063050322{margin-top: -70px !important;}&#8220;][vc_column_text] Wenn Sie einen Kostenvoranschlag anfordern m\u00f6chten, k\u00f6nnen Sie das Formular &#8222;Kostenvoranschlag anfordern&#8220; (https:\/\/www.certisys.eu\/de\/einen-kostenvoranschlag-anfordern\/) ausf\u00fcllen. Unsere Teams werden sich so schnell wie m\u00f6glich mit Ihnen in Verbindung setzen. [\/vc_column_text][\/vc_column][\/vc_row][vc_row disable_element=&#8220;yes&#8220; css=&#8220;.vc_custom_1705501469336{padding-bottom: 150px !important;background-image: url(https:\/\/www.certisys.eu\/wp-content\/uploads\/2020\/10\/bg-3-1.png?id=892) !important;}&#8220; [&hellip;]<\/p>\n","protected":false},"author":1,"featured_media":0,"parent":7382,"menu_order":1,"comment_status":"closed","ping_status":"closed","template":"","meta":{"_acf_changed":false,"footnotes":""},"class_list":["post-6437","page","type-page","status-publish","hentry"],"acf":[],"yoast_head":"<!-- This site is optimized with the Yoast SEO plugin v26.6 - https:\/\/yoast.com\/wordpress\/plugins\/seo\/ -->\n<title>Kostenvoranschlag online - CERTISYS<\/title>\n<meta name=\"description\" content=\"Dieser Simulator liefert eine Sch\u00e4tzung Ihres j\u00e4hrlichen Beitrags f\u00fcr Ihre T\u00e4tigkeit als Produzent.\" \/>\n<meta name=\"robots\" content=\"index, follow, max-snippet:-1, max-image-preview:large, max-video-preview:-1\" \/>\n<link rel=\"canonical\" href=\"https:\/\/www.certisys.eu\/de\/tarife\/kostenvoranschlag-online\/\" \/>\n<meta property=\"og:locale\" content=\"de_DE\" \/>\n<meta property=\"og:type\" content=\"article\" \/>\n<meta property=\"og:title\" content=\"Kostenvoranschlag online - CERTISYS\" \/>\n<meta property=\"og:description\" content=\"Dieser Simulator liefert eine Sch\u00e4tzung Ihres j\u00e4hrlichen Beitrags f\u00fcr Ihre T\u00e4tigkeit als Produzent.\" \/>\n<meta property=\"og:url\" content=\"https:\/\/www.certisys.eu\/de\/tarife\/kostenvoranschlag-online\/\" \/>\n<meta property=\"og:site_name\" content=\"CERTISYS\" \/>\n<meta property=\"article:modified_time\" content=\"2024-01-17T14:34:43+00:00\" \/>\n<meta name=\"twitter:card\" content=\"summary_large_image\" \/>\n<meta name=\"twitter:label1\" content=\"Gesch\u00e4tzte Lesezeit\" \/>\n\t<meta name=\"twitter:data1\" content=\"1\u00a0Minute\" \/>\n<!-- \/ Yoast SEO plugin. -->","yoast_head_json":{"title":"Kostenvoranschlag online - CERTISYS","description":"Dieser Simulator liefert eine Sch\u00e4tzung Ihres j\u00e4hrlichen Beitrags f\u00fcr Ihre T\u00e4tigkeit als Produzent.","robots":{"index":"index","follow":"follow","max-snippet":"max-snippet:-1","max-image-preview":"max-image-preview:large","max-video-preview":"max-video-preview:-1"},"canonical":"https:\/\/www.certisys.eu\/de\/tarife\/kostenvoranschlag-online\/","og_locale":"de_DE","og_type":"article","og_title":"Kostenvoranschlag online - CERTISYS","og_description":"Dieser Simulator liefert eine Sch\u00e4tzung Ihres j\u00e4hrlichen Beitrags f\u00fcr Ihre T\u00e4tigkeit als Produzent.","og_url":"https:\/\/www.certisys.eu\/de\/tarife\/kostenvoranschlag-online\/","og_site_name":"CERTISYS","article_modified_time":"2024-01-17T14:34:43+00:00","twitter_card":"summary_large_image","twitter_misc":{"Gesch\u00e4tzte Lesezeit":"1\u00a0Minute"},"schema":{"@context":"https:\/\/schema.org","@graph":[{"@type":"WebPage","@id":"https:\/\/www.certisys.eu\/de\/tarife\/kostenvoranschlag-online\/","url":"https:\/\/www.certisys.eu\/de\/tarife\/kostenvoranschlag-online\/","name":"Kostenvoranschlag online - CERTISYS","isPartOf":{"@id":"https:\/\/www.certisys.eu\/de\/#website"},"datePublished":"2020-10-12T08:31:28+00:00","dateModified":"2024-01-17T14:34:43+00:00","description":"Dieser Simulator liefert eine Sch\u00e4tzung Ihres j\u00e4hrlichen Beitrags f\u00fcr Ihre T\u00e4tigkeit als Produzent.","breadcrumb":{"@id":"https:\/\/www.certisys.eu\/de\/tarife\/kostenvoranschlag-online\/#breadcrumb"},"inLanguage":"de","potentialAction":[{"@type":"ReadAction","target":["https:\/\/www.certisys.eu\/de\/tarife\/kostenvoranschlag-online\/"]}]},{"@type":"BreadcrumbList","@id":"https:\/\/www.certisys.eu\/de\/tarife\/kostenvoranschlag-online\/#breadcrumb","itemListElement":[{"@type":"ListItem","position":1,"name":"Home","item":"https:\/\/www.certisys.eu\/de\/"},{"@type":"ListItem","position":2,"name":"Tarife","item":"https:\/\/www.certisys.eu\/de\/tarife\/"},{"@type":"ListItem","position":3,"name":"Kostenvoranschlag online"}]},{"@type":"WebSite","@id":"https:\/\/www.certisys.eu\/de\/#website","url":"https:\/\/www.certisys.eu\/de\/","name":"CERTISYS","description":"Bio Certification","potentialAction":[{"@type":"SearchAction","target":{"@type":"EntryPoint","urlTemplate":"https:\/\/www.certisys.eu\/de\/?s={search_term_string}"},"query-input":{"@type":"PropertyValueSpecification","valueRequired":true,"valueName":"search_term_string"}}],"inLanguage":"de"}]}},"jetpack_sharing_enabled":true,"_links":{"self":[{"href":"https:\/\/www.certisys.eu\/de\/wp-json\/wp\/v2\/pages\/6437","targetHints":{"allow":["GET"]}}],"collection":[{"href":"https:\/\/www.certisys.eu\/de\/wp-json\/wp\/v2\/pages"}],"about":[{"href":"https:\/\/www.certisys.eu\/de\/wp-json\/wp\/v2\/types\/page"}],"author":[{"embeddable":true,"href":"https:\/\/www.certisys.eu\/de\/wp-json\/wp\/v2\/users\/1"}],"replies":[{"embeddable":true,"href":"https:\/\/www.certisys.eu\/de\/wp-json\/wp\/v2\/comments?post=6437"}],"version-history":[{"count":19,"href":"https:\/\/www.certisys.eu\/de\/wp-json\/wp\/v2\/pages\/6437\/revisions"}],"predecessor-version":[{"id":30548,"href":"https:\/\/www.certisys.eu\/de\/wp-json\/wp\/v2\/pages\/6437\/revisions\/30548"}],"up":[{"embeddable":true,"href":"https:\/\/www.certisys.eu\/de\/wp-json\/wp\/v2\/pages\/7382"}],"wp:attachment":[{"href":"https:\/\/www.certisys.eu\/de\/wp-json\/wp\/v2\/media?parent=6437"}],"curies":[{"name":"wp","href":"https:\/\/api.w.org\/{rel}","templated":true}]}}