{"id":35562,"date":"2024-10-01T14:12:22","date_gmt":"2024-10-01T12:12:22","guid":{"rendered":"https:\/\/www.certisys.eu\/?page_id=35562"},"modified":"2025-09-05T10:25:30","modified_gmt":"2025-09-05T08:25:30","slug":"kosmetika","status":"publish","type":"page","link":"https:\/\/www.certisys.eu\/de\/labels-und-zertifizierungen\/okoprodukte\/kosmetika\/","title":{"rendered":"Kosmetika"},"content":{"rendered":"<div class=\"wpb-content-wrapper\"><p>[vc_row content_placement=&#8220;middle&#8220; css=&#8220;.vc_custom_1666872337142{padding-bottom: 50px !important;}&#8220;][vc_column width=&#8220;2\/3&#8243; offset=&#8220;vc_col-lg-offset-2 vc_col-lg-8&#8243; css=&#8220;.vc_custom_1666692642473{padding-top: 0px !important;}&#8220;][vc_column_text css=&#8220;&#8220;]<\/p>\n<h2 style=\"text-align: center;\">M\u00f6chten Sie Ihre Natur- und\/oder Biokosmetik zertifizieren lassen?<\/h2>\n<p>[\/vc_column_text][vc_column_text css=&#8220;&#8220;]<\/p>\n<p style=\"text-align: center;\">CERTISYS\u00ae bietet Ihnen mehrere Optionen.<\/p>\n<p>[\/vc_column_text][\/vc_column][\/vc_row][vc_row css=&#8220;.vc_custom_1729512229114{background-color: #f0f3f1 !important;}&#8220;][vc_column css=&#8220;.vc_custom_1616056778505{padding-top: 0px !important;}&#8220; offset=&#8220;vc_col-lg-offset-2 vc_col-lg-8 vc_col-md-offset-1 vc_col-md-10&#8243;][vc_single_image image=&#8220;37045&#8243; img_size=&#8220;150&#215;150&#8243; alignment=&#8220;center&#8220; css=&#8220;.vc_custom_1729512755322{margin-bottom: 0px !important;padding-top: 20px !important;padding-right: 20px !important;padding-bottom: 20px !important;padding-left: 20px !important;border-radius: 15px !important;}&#8220;][vc_column_text css=&#8220;&#8220;]<\/p>\n<h3 style=\"text-align: center;\">Internationale Vereinigung f\u00fcr nat\u00fcrliche und biologische Kosmetika<\/h3>\n<p>[\/vc_column_text][vc_row_inner gap=&#8220;25&#8243;][vc_column_inner width=&#8220;1\/3&#8243;][vc_column_text css=&#8220;&#8220;]<em><strong> Welches Ziel verfolgt die NATRUE-Zertifizierung? <\/strong><\/em>[\/vc_column_text][\/vc_column_inner][vc_column_inner width=&#8220;2\/3&#8243;][vc_column_text css=&#8220;&#8220;]<\/p>\n<p class=\"p1\">Die NATRUE-Zertifizierung erm\u00f6glicht es Ihnen, nat\u00fcrliche und biologische Kosmetika auf der ganzen Welt zu f\u00f6rdern, zu sch\u00fctzen und zu kommerzialisieren.<\/p>\n<p>[\/vc_column_text][\/vc_column_inner][\/vc_row_inner][vc_separator][vc_row_inner gap=&#8220;25&#8243;][vc_column_inner width=&#8220;1\/3&#8243;][vc_column_text css=&#8220;&#8220;]<em><strong> Welche Garantien bietet die NATRUE-Zertifizierung? <\/strong><\/em>[\/vc_column_text][\/vc_column_inner][vc_column_inner width=&#8220;2\/3&#8243;][vc_column_text css=&#8220;&#8220;]<\/p>\n<ul>\n<li>Nat\u00fcrliche und biologische Kosmetika bewerben und vermarkten sowie dem Verbraucher h\u00f6chste Qualit\u00e4t f\u00fcr diese Art von Kosmetika garantieren.<\/li>\n<li>Nachhaltige Innovation und verantwortungsvollen Konsum unterst\u00fctzen.<\/li>\n<li>Die Umwelt sch\u00fctzen und die M\u00fcllverringerung f\u00f6rdern.<\/li>\n<li>Das Tierwohl f\u00f6rdern.<\/li>\n<li>Die NATRUE-zertifizierten Produkte bestehen einzig und allein aus 100% nat\u00fcrlichen Substanzen, aus nat\u00fcrlichen Folgeprodukten oder aus bioidentischen Produkten.<\/li>\n<li>Keine Substanz, die aus gentechnisch ver\u00e4nderten Organismen, aus Silikonen, Parabenen, Mikroplastik, synthetischen Parfums oder Mineral\u00f6len gewonnen wird, ist in der Formulierung der Produkte mit dem NATRUE-Siegel zugelassen.<\/li>\n<li>Die Einzigartigkeit der Produkte achten: NATRUE unterscheidet zwischen 13 Kategorien, um ein angepasstes H\u00f6chstma\u00df an nat\u00fcrlichen und biologischen Inhaltsstoffen zu garantieren.<\/li>\n<li>Transparenz: Das Zertifizierungssystem ist 100% unabh\u00e4ngig. Akkreditierte, externe Zertifizierer wie Certisys bewerten die Produkte, damit sie die strengen NATRUE-Kriterien einhalten. Zudem m\u00fcssen mindestens 75% der Produkte einer Marke oder Submarke die Kriterien des Siegels erf\u00fcllen, damit diese Marke als NATRUE zertifiziert wird. So soll Greenwashing vermieden werden.<\/li>\n<\/ul>\n<div id=\"ConnectiveDocSignExtentionInstalled\" data-extension-version=\"1.0.4\"><\/div>\n<p>[\/vc_column_text][\/vc_column_inner][\/vc_row_inner][vc_separator][vc_row_inner gap=&#8220;25&#8243;][vc_column_inner width=&#8220;1\/3&#8243;][vc_column_text css=&#8220;&#8220;]<em><strong> An wen richtet sich das NATRUE-Siegel? <\/strong><\/em>[\/vc_column_text][\/vc_column_inner][vc_column_inner width=&#8220;2\/3&#8243;][vc_column_text css=&#8220;&#8220;]Das NATRUE-Siegel richtet sich an Rohstoffproduzenten, Kosmetikformulierer und -hersteller, Marken sowie an alle anderen Akteure der Kosmetikbranche. \u00a0[\/vc_column_text][\/vc_column_inner][\/vc_row_inner][vc_separator][vc_row_inner gap=&#8220;25&#8243;][vc_column_inner width=&#8220;1\/3&#8243;][vc_column_text css=&#8220;&#8220;]<em><strong> Welche Rohstoffe sollte man w\u00e4hlen? <\/strong><\/em>[\/vc_column_text][\/vc_column_inner][vc_column_inner width=&#8220;2\/3&#8243;][vc_column_text css=&#8220;&#8220;]<\/p>\n<p class=\"p1\">\u00dcber die <a href=\"https:\/\/natrue.org\/our-standard\/natrue-certified-world\/\"><span class=\"s1\">NATRUE-Datenbank<\/span><\/a> erhalten Sie Zugang zur Liste der bio-zertifizierten Inhaltsstoffe<span class=\"Apple-converted-space\">\u00a0 <\/span>und der zugelassenen Rohstoffe.<\/p>\n<p>&nbsp;<\/p>\n<p>Sie sind Kosmetikformulierer, Rohstofflieferant oder Kosmetikhersteller? Kontaktieren Sie unsere Spezialisten und steigern Sie Ihre Sichtbarkeit:<\/p>\n<p>[\/vc_column_text]<div class=\"d-flex justify-content-start vc_custom_1731677605625\"><a class=\"psh_button btn-55327848\" href=\"https:\/\/forms.office.com\/Pages\/ResponsePage.aspx?id=3OwJ-waJjESGh0DTqX2HB-O1h3gaDlhOka7S6Apa_1xUM0tER1o5WDJUUU1XM1M0NVRTSU40MzY2UC4u&embed=true\" alt=\"Demandez un devis\" target=\"_blank\">Angebot in 3 Klicks anfragen<\/a><\/div>\n        <style>.psh_button.btn-55327848{\n          font-size: 20px;\n          text-transform: none;\n          padding: 10px 25px 10px 25px;\n          border-radius: 80px;\n          border-width: 0px;\n          background-color: #e30613;\n          border-color: ;\n          border-style: solid;\n          color: #ffffff;\n          display: inline-block;\n          \n          transition: all .3s ease-in-out;\n        }\n        .psh_button.btn-55327848:hover{\n          background-color: #f18970;\n          border-color: ;\n          color: #ffffff;\n          transition: all .3s ease-in-out;\n        }.vc_custom_1731677605625{padding-bottom: 30px !important;}<\/style>[\/vc_column_inner][\/vc_row_inner][vc_separator][\/vc_column][\/vc_row][vc_row css=&#8220;.vc_custom_1729513974508{padding-bottom: 30px !important;}&#8220;][vc_column css=&#8220;.vc_custom_1616056778505{padding-top: 0px !important;}&#8220; offset=&#8220;vc_col-lg-offset-2 vc_col-lg-8 vc_col-md-offset-1 vc_col-md-10&#8243;][vc_separator][vc_single_image image=&#8220;16860&#8243; img_size=&#8220;150&#215;150&#8243; alignment=&#8220;center&#8220; css=&#8220;.vc_custom_1729513914107{margin-bottom: 0px !important;padding-top: 20px !important;padding-right: 20px !important;padding-bottom: 20px !important;padding-left: 20px !important;background-color: #ffffff !important;border-radius: 15px !important;}&#8220;][vc_column_text css=&#8220;&#8220;]<\/p>\n<h3 style=\"text-align: center;\">Ecogarantie\u00ae<\/h3>\n<p>[\/vc_column_text][vc_row_inner gap=&#8220;25&#8243;][vc_column_inner width=&#8220;1\/3&#8243;][vc_column_text css=&#8220;&#8220;]Seit vielen Jahren bietet Certisys Ihnen die M\u00f6glichkeit, das <strong>Ecogarantie\u00ae<\/strong>-Label zu erhalten.<\/p>\n<p>Dabei handelt es sich um einen privaten Standard, der f\u00fcr die Zertifizierung von Kosmetika, aber auch von Reinigungsprodukten, Sprays, Zerst\u00e4ubern, Parf\u00fcms usw. entwickelt wurde.[\/vc_column_text][\/vc_column_inner][vc_column_inner width=&#8220;2\/3&#8243;][vc_column_text css=&#8220;&#8220;]<\/p>\n<p style=\"text-align: left;\"><strong><em>Was garantiert dieses Siegel? <\/em><\/strong><\/p>\n<ul>\n<li>Inhaltsstoffe pflanzlichen Ursprungs (\u00e4therische \u00d6le, Aloe Vera usw.)100% BIO<\/li>\n<li>Keine GVOs<\/li>\n<li>Produkte, die mit m\u00f6glichst vielen biologisch abbaubaren Inhaltsstoffen hergestellt werden<\/li>\n<li>Das Verbot der meisten petrochemischen Inhaltsstoffe<\/li>\n<\/ul>\n<p>[\/vc_column_text][\/vc_column_inner][\/vc_row_inner][vc_column_text css=&#8220;.vc_custom_1730724855752{margin-top: 10px !important;}&#8220;]<\/p>\n<p style=\"text-align: center;\">Weitere Informationen \u00fcber das <strong>Ecogarantie\u00ae<\/strong>-Siegel finden Sie auf der <a href=\"https:\/\/ecogarantie.eu\/fr\/\" target=\"_blank\" rel=\"noopener\">website<\/a>.<\/p>\n<p style=\"text-align: center;\">F\u00fcr weitere Informationen dar\u00fcber, wie Sie Ihre Ecogarantie\u00ae-Produkte zertifizieren lassen k\u00f6nnen<strong>, <\/strong><a href=\"https:\/\/www.certisys.eu\/de\/meine-aktivitaet\/kosmetika-und-reinigungsmittel\/\" target=\"_blank\" rel=\"noopener\">klicken Sie bitte hier<\/a><\/p>\n<p>[\/vc_column_text][\/vc_column][\/vc_row][vc_row css=&#8220;.vc_custom_1614846917657{padding-top: 50px !important;padding-bottom: 80px !important;background-color: #f0f3f1 !important;}&#8220;][vc_column width=&#8220;1\/6&#8243;][\/vc_column][vc_column width=&#8220;2\/3&#8243;][vc_row_inner][vc_column_inner width=&#8220;1\/2&#8243;][vc_single_image image=&#8220;21260&#8243; img_size=&#8220;150&#215;150&#8243; alignment=&#8220;center&#8220; css=&#8220;.vc_custom_1729849761314{margin-bottom: 0px !important;padding-top: 20px !important;padding-right: 20px !important;padding-bottom: 20px !important;padding-left: 20px !important;}&#8220;][vc_column_text css=&#8220;&#8220;]<\/p>\n<h3 style=\"text-align: center;\">COSMOS organic<\/h3>\n<p>[\/vc_column_text][\/vc_column_inner][vc_column_inner width=&#8220;1\/2&#8243;][vc_single_image image=&#8220;21259&#8243; img_size=&#8220;150&#215;150&#8243; alignment=&#8220;center&#8220; css=&#8220;.vc_custom_1729514274019{margin-bottom: 0px !important;padding-top: 20px !important;padding-right: 20px !important;padding-bottom: 20px !important;padding-left: 20px !important;}&#8220;][vc_column_text css=&#8220;&#8220;]<\/p>\n<h3 style=\"text-align: center;\">COSMOS natural<\/h3>\n<p>[\/vc_column_text][\/vc_column_inner][\/vc_row_inner][vc_column_text css=&#8220;&#8220;]<\/p>\n<p style=\"text-align: center;\">Diese private Spezifikation legt die Kriterien fest, die Unternehmen erf\u00fcllen m\u00fcssen, um den Verbrauchern zu garantieren, dass es sich bei ihren Produkten um echte Bio- oder Naturkosmetik handelt, die nach den h\u00f6chstm\u00f6glichen Nachhaltigkeitspraktiken hergestellt wurde.<\/p>\n<p style=\"text-align: center;\">Ecocert Greenlife bietet die\u00a0<a href=\"https:\/\/www.ecocert.com\/en\/certification-detail\/natural-and-organic-cosmetics-cosmos\" target=\"_blank\" rel=\"noopener\">COSMOS-Zertifizierung<\/a>\u00a0in Benelux an.<\/p>\n<p>[\/vc_column_text][\/vc_column][vc_column width=&#8220;1\/6&#8243;][\/vc_column][\/vc_row][vc_row el_class=&#8220;custom-lastrow&#8220; css=&#8220;.vc_custom_1728996886457{padding-top: 50px !important;padding-bottom: 150px !important;background-image: url(https:\/\/www.certisys.eu\/wp-content\/uploads\/2021\/12\/bg-3-1.png?id=11277) !important;}&#8220;][vc_column][vc_column_text css=&#8220;&#8220;]<\/p>\n<h2 style=\"text-align: center;\">Ben\u00f6tigen Sie weitere Informationen?<\/h2>\n<p style=\"text-align: center;\">Unser Kundenservice hilft Ihnen gerne weiter.<\/p>\n<p>[\/vc_column_text]<div class=\"d-flex justify-content-center \"><a class=\"psh_button btn-69077650\" href=\"https:\/\/www.certisys.eu\/de\/kontaktieren-sie-unsere-teams\/\" alt=\"Kontaktieren Sie uns\" target=\"\">Kontaktieren Sie uns<\/a><\/div>\n        <style>.psh_button.btn-69077650{\n          font-size: 20px;\n          text-transform: none;\n          padding: 10px 25px 10px 25px;\n          border-radius: 80px;\n          border-width: 0px;\n          background-color: #e30613;\n          border-color: ;\n          border-style: solid;\n          color: #ffffff;\n          display: inline-block;\n          \n          transition: all .3s ease-in-out;\n        }\n        .psh_button.btn-69077650:hover{\n          background-color: #f18970;\n          border-color: ;\n          color: #ffffff;\n          transition: all .3s ease-in-out;\n        }<\/style>[\/vc_column][\/vc_row]<\/p>\n<\/div>","protected":false},"excerpt":{"rendered":"<p>[vc_row content_placement=&#8220;middle&#8220; css=&#8220;.vc_custom_1666872337142{padding-bottom: 50px !important;}&#8220;][vc_column width=&#8220;2\/3&#8243; offset=&#8220;vc_col-lg-offset-2 vc_col-lg-8&#8243; css=&#8220;.vc_custom_1666692642473{padding-top: 0px !important;}&#8220;][vc_column_text css=&#8220;&#8220;] M\u00f6chten Sie Ihre Natur- und\/oder Biokosmetik zertifizieren lassen? [\/vc_column_text][vc_column_text css=&#8220;&#8220;] CERTISYS\u00ae bietet Ihnen mehrere Optionen. [\/vc_column_text][\/vc_column][\/vc_row][vc_row css=&#8220;.vc_custom_1729512229114{background-color: #f0f3f1 !important;}&#8220;][vc_column css=&#8220;.vc_custom_1616056778505{padding-top: 0px !important;}&#8220; offset=&#8220;vc_col-lg-offset-2 vc_col-lg-8 vc_col-md-offset-1 vc_col-md-10&#8243;][vc_single_image image=&#8220;37045&#8243; img_size=&#8220;150&#215;150&#8243; alignment=&#8220;center&#8220; css=&#8220;.vc_custom_1729512755322{margin-bottom: 0px !important;padding-top: 20px !important;padding-right: 20px !important;padding-bottom: 20px !important;padding-left: 20px !important;border-radius: 15px !important;}&#8220;][vc_column_text css=&#8220;&#8220;] [&hellip;]<\/p>\n","protected":false},"author":15,"featured_media":0,"parent":17685,"menu_order":0,"comment_status":"closed","ping_status":"closed","template":"","meta":{"_acf_changed":false,"footnotes":""},"class_list":["post-35562","page","type-page","status-publish","hentry"],"acf":[],"yoast_head":"<!-- This site is optimized with the Yoast SEO plugin v27.4 - https:\/\/yoast.com\/product\/yoast-seo-wordpress\/ -->\n<title>Kosmetika - CERTISYS<\/title>\n<meta name=\"robots\" content=\"index, follow, max-snippet:-1, max-image-preview:large, max-video-preview:-1\" \/>\n<link rel=\"canonical\" href=\"https:\/\/www.certisys.eu\/de\/labels-und-zertifizierungen\/okoprodukte\/kosmetika\/\" \/>\n<meta property=\"og:locale\" content=\"de_DE\" \/>\n<meta property=\"og:type\" content=\"article\" \/>\n<meta property=\"og:title\" content=\"Kosmetika - CERTISYS\" \/>\n<meta property=\"og:description\" content=\"[vc_row content_placement=&#8220;middle&#8220; css=&#8220;.vc_custom_1666872337142{padding-bottom: 50px !important;}&#8220;][vc_column width=&#8220;2\/3&#8243; offset=&#8220;vc_col-lg-offset-2 vc_col-lg-8&#8243; css=&#8220;.vc_custom_1666692642473{padding-top: 0px !important;}&#8220;][vc_column_text css=&#8220;&#8220;] M\u00f6chten Sie Ihre Natur- und\/oder Biokosmetik zertifizieren lassen? [\/vc_column_text][vc_column_text css=&#8220;&#8220;] CERTISYS\u00ae bietet Ihnen mehrere Optionen. [\/vc_column_text][\/vc_column][\/vc_row][vc_row css=&#8220;.vc_custom_1729512229114{background-color: #f0f3f1 !important;}&#8220;][vc_column css=&#8220;.vc_custom_1616056778505{padding-top: 0px !important;}&#8220; offset=&#8220;vc_col-lg-offset-2 vc_col-lg-8 vc_col-md-offset-1 vc_col-md-10&#8243;][vc_single_image image=&#8220;37045&#8243; img_size=&#8220;150&#215;150&#8243; alignment=&#8220;center&#8220; css=&#8220;.vc_custom_1729512755322{margin-bottom: 0px !important;padding-top: 20px !important;padding-right: 20px !important;padding-bottom: 20px !important;padding-left: 20px !important;border-radius: 15px !important;}&#8220;][vc_column_text css=&#8220;&#8220;] [&hellip;]\" \/>\n<meta property=\"og:url\" content=\"https:\/\/www.certisys.eu\/de\/labels-und-zertifizierungen\/okoprodukte\/kosmetika\/\" \/>\n<meta property=\"og:site_name\" content=\"CERTISYS\" \/>\n<meta property=\"article:modified_time\" content=\"2025-09-05T08:25:30+00:00\" \/>\n<meta name=\"twitter:card\" content=\"summary_large_image\" \/>\n<meta name=\"twitter:label1\" content=\"Gesch\u00e4tzte Lesezeit\" \/>\n\t<meta name=\"twitter:data1\" content=\"5\u00a0Minuten\" \/>\n<!-- \/ Yoast SEO plugin. -->","yoast_head_json":{"title":"Kosmetika - CERTISYS","robots":{"index":"index","follow":"follow","max-snippet":"max-snippet:-1","max-image-preview":"max-image-preview:large","max-video-preview":"max-video-preview:-1"},"canonical":"https:\/\/www.certisys.eu\/de\/labels-und-zertifizierungen\/okoprodukte\/kosmetika\/","og_locale":"de_DE","og_type":"article","og_title":"Kosmetika - CERTISYS","og_description":"[vc_row content_placement=&#8220;middle&#8220; css=&#8220;.vc_custom_1666872337142{padding-bottom: 50px !important;}&#8220;][vc_column width=&#8220;2\/3&#8243; offset=&#8220;vc_col-lg-offset-2 vc_col-lg-8&#8243; css=&#8220;.vc_custom_1666692642473{padding-top: 0px !important;}&#8220;][vc_column_text css=&#8220;&#8220;] M\u00f6chten Sie Ihre Natur- und\/oder Biokosmetik zertifizieren lassen? [\/vc_column_text][vc_column_text css=&#8220;&#8220;] CERTISYS\u00ae bietet Ihnen mehrere Optionen. [\/vc_column_text][\/vc_column][\/vc_row][vc_row css=&#8220;.vc_custom_1729512229114{background-color: #f0f3f1 !important;}&#8220;][vc_column css=&#8220;.vc_custom_1616056778505{padding-top: 0px !important;}&#8220; offset=&#8220;vc_col-lg-offset-2 vc_col-lg-8 vc_col-md-offset-1 vc_col-md-10&#8243;][vc_single_image image=&#8220;37045&#8243; img_size=&#8220;150&#215;150&#8243; alignment=&#8220;center&#8220; css=&#8220;.vc_custom_1729512755322{margin-bottom: 0px !important;padding-top: 20px !important;padding-right: 20px !important;padding-bottom: 20px !important;padding-left: 20px !important;border-radius: 15px !important;}&#8220;][vc_column_text css=&#8220;&#8220;] [&hellip;]","og_url":"https:\/\/www.certisys.eu\/de\/labels-und-zertifizierungen\/okoprodukte\/kosmetika\/","og_site_name":"CERTISYS","article_modified_time":"2025-09-05T08:25:30+00:00","twitter_card":"summary_large_image","twitter_misc":{"Gesch\u00e4tzte Lesezeit":"5\u00a0Minuten"},"schema":{"@context":"https:\/\/schema.org","@graph":[{"@type":"WebPage","@id":"https:\/\/www.certisys.eu\/de\/labels-und-zertifizierungen\/okoprodukte\/kosmetika\/","url":"https:\/\/www.certisys.eu\/de\/labels-und-zertifizierungen\/okoprodukte\/kosmetika\/","name":"Kosmetika - CERTISYS","isPartOf":{"@id":"https:\/\/www.certisys.eu\/de\/#website"},"datePublished":"2024-10-01T12:12:22+00:00","dateModified":"2025-09-05T08:25:30+00:00","breadcrumb":{"@id":"https:\/\/www.certisys.eu\/de\/labels-und-zertifizierungen\/okoprodukte\/kosmetika\/#breadcrumb"},"inLanguage":"de","potentialAction":[{"@type":"ReadAction","target":["https:\/\/www.certisys.eu\/de\/labels-und-zertifizierungen\/okoprodukte\/kosmetika\/"]}]},{"@type":"BreadcrumbList","@id":"https:\/\/www.certisys.eu\/de\/labels-und-zertifizierungen\/okoprodukte\/kosmetika\/#breadcrumb","itemListElement":[{"@type":"ListItem","position":1,"name":"Home","item":"https:\/\/www.certisys.eu\/de\/"},{"@type":"ListItem","position":2,"name":"Labels und Zertifizierungen","item":"https:\/\/www.certisys.eu\/de\/labels-und-zertifizierungen\/"},{"@type":"ListItem","position":3,"name":"\u00d6koprodukte","item":"https:\/\/www.certisys.eu\/de\/labels-et-certifications\/ecoproduits\/"},{"@type":"ListItem","position":4,"name":"Kosmetika"}]},{"@type":"WebSite","@id":"https:\/\/www.certisys.eu\/de\/#website","url":"https:\/\/www.certisys.eu\/de\/","name":"CERTISYS","description":"Bio Certification","potentialAction":[{"@type":"SearchAction","target":{"@type":"EntryPoint","urlTemplate":"https:\/\/www.certisys.eu\/de\/?s={search_term_string}"},"query-input":{"@type":"PropertyValueSpecification","valueRequired":true,"valueName":"search_term_string"}}],"inLanguage":"de"}]}},"_links":{"self":[{"href":"https:\/\/www.certisys.eu\/de\/wp-json\/wp\/v2\/pages\/35562","targetHints":{"allow":["GET"]}}],"collection":[{"href":"https:\/\/www.certisys.eu\/de\/wp-json\/wp\/v2\/pages"}],"about":[{"href":"https:\/\/www.certisys.eu\/de\/wp-json\/wp\/v2\/types\/page"}],"author":[{"embeddable":true,"href":"https:\/\/www.certisys.eu\/de\/wp-json\/wp\/v2\/users\/15"}],"replies":[{"embeddable":true,"href":"https:\/\/www.certisys.eu\/de\/wp-json\/wp\/v2\/comments?post=35562"}],"version-history":[{"count":8,"href":"https:\/\/www.certisys.eu\/de\/wp-json\/wp\/v2\/pages\/35562\/revisions"}],"predecessor-version":[{"id":37448,"href":"https:\/\/www.certisys.eu\/de\/wp-json\/wp\/v2\/pages\/35562\/revisions\/37448"}],"up":[{"embeddable":true,"href":"https:\/\/www.certisys.eu\/de\/wp-json\/wp\/v2\/pages\/17685"}],"wp:attachment":[{"href":"https:\/\/www.certisys.eu\/de\/wp-json\/wp\/v2\/media?parent=35562"}],"curies":[{"name":"wp","href":"https:\/\/api.w.org\/{rel}","templated":true}]}}