{"id":35394,"date":"2024-10-14T13:46:17","date_gmt":"2024-10-14T11:46:17","guid":{"rendered":"https:\/\/www.certisys.eu\/?page_id=35394"},"modified":"2024-12-13T10:54:02","modified_gmt":"2024-12-13T08:54:02","slug":"praxisleitfaden-kunde","status":"publish","type":"page","link":"https:\/\/www.certisys.eu\/de\/vorschriften\/praxisleitfaden-kunde\/","title":{"rendered":"Praxisleitf\u00e4den"},"content":{"rendered":"<div class=\"wpb-content-wrapper\"><p>[vc_row css=&#8220;.vc_custom_1727252660029{margin-bottom: 70px !important;}&#8220;][vc_column width=&#8220;1\/6&#8243;][\/vc_column][vc_column width=&#8220;2\/3&#8243;][vc_column_text css=&#8220;&#8220;]Sie \u00fcben eine BIO-T\u00e4tigkeit aus oder Sie m\u00f6chten eine derartige T\u00e4tigkeit beginnen, die diesbez\u00fcgliche Gesetzgebung erscheint Ihnen jedoch manchmal zu umfangreich?<\/p>\n<p>Kein Problem, unser Expertenteam von Certisys hat f\u00fcr Sie Praxisleitf\u00e4den verfasst, die\u00a0<strong>f\u00fcr Ihren T\u00e4tigkeitsbereich\u00a0das Wichtigste aus der Gesetzgebung\u00a0<\/strong>zusammenfassen<\/p>\n<p><em>Um alles \u00fcber die neue Verordnung EU2018\/848\u00a0zu erfahren,\u00a0<\/em><a href=\"https:\/\/www.certisys.eu\/de\/bio-regelung-eu-2022\/\" target=\"_blank\" rel=\"noopener noreferrer\"><em>besuchen Sie bitte unsere diesbez\u00fcgliche Website<\/em><\/a>.<\/p>\n<p>[\/vc_column_text][vc_row_inner el_class=&#8220;custom-col-tablet custom-guides&#8220;][vc_column_inner width=&#8220;1\/4&#8243;][vc_single_image image=&#8220;10220&#8243; img_size=&#8220;full&#8220; alignment=&#8220;center&#8220; onclick=&#8220;custom_link&#8220; css=&#8220;&#8220; el_class=&#8220;custom-shadow&#8220; link=&#8220;https:\/\/www.certisys.eu\/wp-content\/uploads\/2026\/01\/GT001-v05_PRAKTISCHER-LEITFADEN-Das-CERTISYS-Zertifizierungssystem_DE.pdf&#8220;][vc_column_text css=&#8220;&#8220;]<\/p>\n<h4 class=\"p1\" style=\"text-align: center;\">Den Praxisleitfaden Zertifizierungssystem<\/h4>\n<p>[\/vc_column_text][\/vc_column_inner][vc_column_inner width=&#8220;1\/4&#8243;][vc_single_image image=&#8220;18612&#8243; img_size=&#8220;full&#8220; alignment=&#8220;center&#8220; onclick=&#8220;custom_link&#8220; img_link_target=&#8220;_blank&#8220; css=&#8220;&#8220; link=&#8220;https:\/\/www.certisys.eu\/wp-content\/uploads\/2022\/12\/PRAKTISCHER-LEITFADEN-Kennzeichnung.pdf&#8220; el_class=&#8220;custom-shadow&#8220;][vc_column_text css=&#8220;&#8220;]<\/p>\n<h4 class=\"p1\" style=\"text-align: center;\">Den Praxisleitfaden Etikettierung<\/h4>\n<p>[\/vc_column_text][\/vc_column_inner][vc_column_inner width=&#8220;1\/4&#8243;][vc_single_image image=&#8220;38438&#8243; img_size=&#8220;full&#8220; alignment=&#8220;center&#8220; onclick=&#8220;custom_link&#8220; img_link_target=&#8220;_blank&#8220; css=&#8220;&#8220; el_class=&#8220;custom-shadow&#8220; link=&#8220;https:\/\/www.certisys.eu\/wp-content\/uploads\/2024\/12\/GT003-v02_Vorschriften-fur-Erzeuger-in-der-biologischen-Landwirtschaft_DE.pdf&#8220;][vc_column_text css=&#8220;&#8220;]<\/p>\n<h4 class=\"p1\" style=\"text-align: center;\">Den Praxisleitfaden Biologische Landwirtschaft<\/h4>\n<p>[\/vc_column_text][\/vc_column_inner][vc_column_inner width=&#8220;1\/4&#8243;][vc_single_image image=&#8220;30239&#8243; img_size=&#8220;full&#8220; alignment=&#8220;center&#8220; onclick=&#8220;custom_link&#8220; img_link_target=&#8220;_blank&#8220; css=&#8220;&#8220; el_class=&#8220;custom-shadow&#8220; link=&#8220;https:\/\/www.certisys.eu\/wp-content\/uploads\/2023\/12\/GT004-v02_GUIDE-PRATIQUE-reglement-sur-lagriculture-biologique-pour-les-PREPARATEURS_FR.pdf&#8220;][vc_column_text css=&#8220;&#8220;]<\/p>\n<h4 class=\"p1\" style=\"text-align: center;\">Den Praxisleitfaden f\u00fcr Verarbeiter<\/h4>\n<p>[\/vc_column_text][\/vc_column_inner][\/vc_row_inner][\/vc_column][vc_column width=&#8220;1\/6&#8243;][\/vc_column][\/vc_row]<\/p>\n<\/div>","protected":false},"excerpt":{"rendered":"<p>[vc_row css=&#8220;.vc_custom_1727252660029{margin-bottom: 70px !important;}&#8220;][vc_column width=&#8220;1\/6&#8243;][\/vc_column][vc_column width=&#8220;2\/3&#8243;][vc_column_text css=&#8220;&#8220;]Sie \u00fcben eine BIO-T\u00e4tigkeit aus oder Sie m\u00f6chten eine derartige T\u00e4tigkeit beginnen, die diesbez\u00fcgliche Gesetzgebung erscheint Ihnen jedoch manchmal zu umfangreich? Kein Problem, unser Expertenteam von Certisys hat f\u00fcr Sie Praxisleitf\u00e4den verfasst, die\u00a0f\u00fcr Ihren T\u00e4tigkeitsbereich\u00a0das Wichtigste aus der Gesetzgebung\u00a0zusammenfassen Um alles \u00fcber die neue Verordnung EU2018\/848\u00a0zu erfahren,\u00a0besuchen Sie bitte [&hellip;]<\/p>\n","protected":false},"author":3,"featured_media":0,"parent":7009,"menu_order":2,"comment_status":"closed","ping_status":"closed","template":"","meta":{"_acf_changed":false,"footnotes":""},"class_list":["post-35394","page","type-page","status-publish","hentry"],"acf":[],"yoast_head":"<!-- This site is optimized with the Yoast SEO plugin v26.6 - https:\/\/yoast.com\/wordpress\/plugins\/seo\/ -->\n<title>Praxisleitf\u00e4den du Bio - CERTISYS<\/title>\n<meta name=\"description\" content=\"Nos guides pratiques reprennent l\u2019essentiel de la r\u00e9glementation propre \u00e0 votre secteur d\u2019activit\u00e9!\" \/>\n<meta name=\"robots\" content=\"index, follow, max-snippet:-1, max-image-preview:large, max-video-preview:-1\" \/>\n<link rel=\"canonical\" href=\"https:\/\/www.certisys.eu\/de\/vorschriften\/praxisleitfaden-kunde\/\" \/>\n<meta property=\"og:locale\" content=\"de_DE\" \/>\n<meta property=\"og:type\" content=\"article\" \/>\n<meta property=\"og:title\" content=\"Praxisleitf\u00e4den du Bio - CERTISYS\" \/>\n<meta property=\"og:description\" content=\"Nos guides pratiques reprennent l\u2019essentiel de la r\u00e9glementation propre \u00e0 votre secteur d\u2019activit\u00e9!\" \/>\n<meta property=\"og:url\" content=\"https:\/\/www.certisys.eu\/de\/vorschriften\/praxisleitfaden-kunde\/\" \/>\n<meta property=\"og:site_name\" content=\"CERTISYS\" \/>\n<meta property=\"article:modified_time\" content=\"2024-12-13T08:54:02+00:00\" \/>\n<meta name=\"twitter:card\" content=\"summary_large_image\" \/>\n<meta name=\"twitter:label1\" content=\"Gesch\u00e4tzte Lesezeit\" \/>\n\t<meta name=\"twitter:data1\" content=\"1\u00a0Minute\" \/>\n<!-- \/ Yoast SEO plugin. -->","yoast_head_json":{"title":"Praxisleitf\u00e4den du Bio - CERTISYS","description":"Nos guides pratiques reprennent l\u2019essentiel de la r\u00e9glementation propre \u00e0 votre secteur d\u2019activit\u00e9!","robots":{"index":"index","follow":"follow","max-snippet":"max-snippet:-1","max-image-preview":"max-image-preview:large","max-video-preview":"max-video-preview:-1"},"canonical":"https:\/\/www.certisys.eu\/de\/vorschriften\/praxisleitfaden-kunde\/","og_locale":"de_DE","og_type":"article","og_title":"Praxisleitf\u00e4den du Bio - CERTISYS","og_description":"Nos guides pratiques reprennent l\u2019essentiel de la r\u00e9glementation propre \u00e0 votre secteur d\u2019activit\u00e9!","og_url":"https:\/\/www.certisys.eu\/de\/vorschriften\/praxisleitfaden-kunde\/","og_site_name":"CERTISYS","article_modified_time":"2024-12-13T08:54:02+00:00","twitter_card":"summary_large_image","twitter_misc":{"Gesch\u00e4tzte Lesezeit":"1\u00a0Minute"},"schema":{"@context":"https:\/\/schema.org","@graph":[{"@type":"WebPage","@id":"https:\/\/www.certisys.eu\/de\/vorschriften\/praxisleitfaden-kunde\/","url":"https:\/\/www.certisys.eu\/de\/vorschriften\/praxisleitfaden-kunde\/","name":"Praxisleitf\u00e4den du Bio - CERTISYS","isPartOf":{"@id":"https:\/\/www.certisys.eu\/de\/#website"},"datePublished":"2024-10-14T11:46:17+00:00","dateModified":"2024-12-13T08:54:02+00:00","description":"Nos guides pratiques reprennent l\u2019essentiel de la r\u00e9glementation propre \u00e0 votre secteur d\u2019activit\u00e9!","breadcrumb":{"@id":"https:\/\/www.certisys.eu\/de\/vorschriften\/praxisleitfaden-kunde\/#breadcrumb"},"inLanguage":"de","potentialAction":[{"@type":"ReadAction","target":["https:\/\/www.certisys.eu\/de\/vorschriften\/praxisleitfaden-kunde\/"]}]},{"@type":"BreadcrumbList","@id":"https:\/\/www.certisys.eu\/de\/vorschriften\/praxisleitfaden-kunde\/#breadcrumb","itemListElement":[{"@type":"ListItem","position":1,"name":"Home","item":"https:\/\/www.certisys.eu\/de\/"},{"@type":"ListItem","position":2,"name":"Vorschriften","item":"https:\/\/www.certisys.eu\/de\/reglementation-bio\/"},{"@type":"ListItem","position":3,"name":"Praxisleitf\u00e4den"}]},{"@type":"WebSite","@id":"https:\/\/www.certisys.eu\/de\/#website","url":"https:\/\/www.certisys.eu\/de\/","name":"CERTISYS","description":"Bio Certification","potentialAction":[{"@type":"SearchAction","target":{"@type":"EntryPoint","urlTemplate":"https:\/\/www.certisys.eu\/de\/?s={search_term_string}"},"query-input":{"@type":"PropertyValueSpecification","valueRequired":true,"valueName":"search_term_string"}}],"inLanguage":"de"}]}},"jetpack_sharing_enabled":true,"_links":{"self":[{"href":"https:\/\/www.certisys.eu\/de\/wp-json\/wp\/v2\/pages\/35394","targetHints":{"allow":["GET"]}}],"collection":[{"href":"https:\/\/www.certisys.eu\/de\/wp-json\/wp\/v2\/pages"}],"about":[{"href":"https:\/\/www.certisys.eu\/de\/wp-json\/wp\/v2\/types\/page"}],"author":[{"embeddable":true,"href":"https:\/\/www.certisys.eu\/de\/wp-json\/wp\/v2\/users\/3"}],"replies":[{"embeddable":true,"href":"https:\/\/www.certisys.eu\/de\/wp-json\/wp\/v2\/comments?post=35394"}],"version-history":[{"count":27,"href":"https:\/\/www.certisys.eu\/de\/wp-json\/wp\/v2\/pages\/35394\/revisions"}],"predecessor-version":[{"id":38441,"href":"https:\/\/www.certisys.eu\/de\/wp-json\/wp\/v2\/pages\/35394\/revisions\/38441"}],"up":[{"embeddable":true,"href":"https:\/\/www.certisys.eu\/de\/wp-json\/wp\/v2\/pages\/7009"}],"wp:attachment":[{"href":"https:\/\/www.certisys.eu\/de\/wp-json\/wp\/v2\/media?parent=35394"}],"curies":[{"name":"wp","href":"https:\/\/api.w.org\/{rel}","templated":true}]}}