{"id":32813,"date":"2024-05-07T13:55:10","date_gmt":"2024-05-07T11:55:10","guid":{"rendered":"https:\/\/www.certisys.eu\/labels-und-zertifizierungen\/biologische-landwirtschaft\/intrants\/"},"modified":"2024-08-20T12:55:12","modified_gmt":"2024-08-20T10:55:12","slug":"betriebsmitteln","status":"publish","type":"page","link":"https:\/\/www.certisys.eu\/de\/labels-und-zertifizierungen\/biologische-landwirtschaft\/betriebsmitteln\/","title":{"rendered":"Betriebsmitteln"},"content":{"rendered":"<div class=\"wpb-content-wrapper\"><p>[vc_row content_placement=&#8220;middle&#8220; css=&#8220;.vc_custom_1713339081707{margin-top: 80px !important;padding-bottom: 80px !important;}&#8220;][vc_column width=&#8220;1\/2&#8243; offset=&#8220;vc_col-lg-offset-2 vc_col-lg-4&#8243;][vc_column_text]<\/p>\n<p class=\"p1\">Certisys bietet Ihnen zwei Arten von Garantien, um die Konformit\u00e4t Ihrer in der biologischen Landwirtschaft zugelassenen Betriebsmittel zu gew\u00e4hrleisten:<\/p>\n<ul class=\"ul1\">\n<li class=\"li1\">Die Unterlagenpr\u00fcfung<\/li>\n<li class=\"li1\">Die Betriebsmittelbescheinigun<\/li>\n<\/ul>\n<p>[\/vc_column_text][\/vc_column][vc_column width=&#8220;1\/3&#8243;][vc_single_image image=&#8220;21759&#8243; img_size=&#8220;full&#8220; alignment=&#8220;center&#8220; css_animation=&#8220;fadeInDown&#8220;][\/vc_column][\/vc_row][vc_row content_placement=&#8220;middle&#8220; css=&#8220;.vc_custom_1605630337493{padding-bottom: 30px !important;}&#8220;][vc_column width=&#8220;1\/2&#8243; offset=&#8220;vc_col-lg-offset-2 vc_col-lg-4&#8243;][vc_single_image image=&#8220;32862&#8243; img_size=&#8220;4000&#215;400&#8243; alignment=&#8220;center&#8220; style=&#8220;vc_box_circle_2&#8243; css_animation=&#8220;fadeInDown&#8220; css=&#8220;&#8220;][\/vc_column][vc_column width=&#8220;1\/3&#8243;][vc_column_text]<\/p>\n<h2>Was sind Betriebsmittel?<\/h2>\n<p class=\"p1\">Per Definition sind Betriebsmittel Produkte, die beim Herstellungsprozess eines biologisch zertifizierten Produktes zum Einsatz kommen, die jedoch selbst keiner Zertifizierung in der biologischen Landwirtschaft unterzogen werden.<\/p>\n<p class=\"p1\">Dazu geh\u00f6ren:<\/p>\n<ul class=\"ul1\">\n<li class=\"li2\">D\u00fcngemittel<\/li>\n<li class=\"li2\">Mittel zum Schutz der Kulturen<\/li>\n<li class=\"li2\">Reinigungs- und Desinfektionsmittel<\/li>\n<li class=\"li2\">\u00d6nologische Betriebsmittel<\/li>\n<li class=\"li2\">Zusatz- und Hilfsstoffe f\u00fcr die Ern\u00e4hrung von Mensch und Tier<\/li>\n<\/ul>\n<p>[\/vc_column_text][\/vc_column][\/vc_row][vc_row css=&#8220;.vc_custom_1614846917657{padding-top: 50px !important;padding-bottom: 80px !important;background-color: #f0f3f1 !important;}&#8220;][vc_column width=&#8220;1\/6&#8243;][\/vc_column][vc_column width=&#8220;2\/3&#8243;][vc_column_text]<\/p>\n<h2 style=\"text-align: center;\">Wie kann ich herausfinden, ob ein Betriebsmittel zur Verwendung in der biologischen Landwirtschaft zugelassen ist?<\/h2>\n<p>[\/vc_column_text][vc_column_text css=&#8220;&#8220;]<\/p>\n<p class=\"p1\" style=\"text-align: center;\">Die in der biologischen Landwirtschaft zugelassenen Betriebsmittel erkennt man an der Aufschrift \u201ein der biologischen Landwirtschaft zugelassene Betriebsmitel\u201c auf den Etiketten und in den technischen Datenbl\u00e4ttern der Produkte.<\/p>\n<p class=\"p1\" style=\"text-align: center;\">Das <b>europ\u00e4ische Bio-Logo (Euroblatt) darf nicht<\/b> f\u00fcr Betriebsmittel und Rohstoffe <b>verwendet werden<\/b>, sondern nur f\u00fcr einfache oder verarbeitete Produkte mit einer Bio-Zertifizierung.<\/p>\n<div id=\"ConnectiveDocSignExtentionInstalled\" data-extension-version=\"1.0.4\"><\/div>\n<p>[\/vc_column_text][\/vc_column][vc_column width=&#8220;1\/6&#8243;][\/vc_column][\/vc_row][vc_row css=&#8220;.vc_custom_1713339559497{padding-top: 50px !important;padding-bottom: 80px !important;}&#8220;][vc_column width=&#8220;1\/6&#8243;][\/vc_column][vc_column width=&#8220;2\/3&#8243;][vc_column_text css=&#8220;.vc_custom_1714053651012{padding-bottom: 30px !important;}&#8220;]<\/p>\n<h2 style=\"text-align: center;\">Zwei verschiedene Garantien f\u00fcr Ihre landwirtschaftlichen Betriebsmittel<\/h2>\n<p>[\/vc_column_text][vc_row_inner][vc_column_inner width=&#8220;1\/2&#8243;][vc_single_image image=&#8220;32869&#8243; img_size=&#8220;88&#215;100&#8243; alignment=&#8220;center&#8220; css=&#8220;&#8220;][vc_column_text css=&#8220;&#8220;]<\/p>\n<h3 style=\"text-align: center;\">Die Unterlagenpr\u00fcfung<\/h3>\n<p class=\"p1\">Dabei handelt es sich um die \u00dcberpr\u00fcfung der Formeln Ihrer Produkte, der Zutaten und der Etiketten. Falls Ihr Betriebsmittel konform ist, wird es auf der Website <a href=\"http:\/\/www.intrants.bio\">www.intrants.bio<\/a> gelistet und Sie d\u00fcrfen den Vermerk \u201eProdukt verwendbar in der biologischen Landwirtschaft\u201d auf den Etiketten und Verpackungen Ihrer Erzeugnisse anbringen.<\/p>\n<div id=\"ConnectiveDocSignExtentionInstalled\" data-extension-version=\"1.0.4\"><\/div>\n<p>[\/vc_column_text][\/vc_column_inner][vc_column_inner width=&#8220;1\/2&#8243;][vc_single_image image=&#8220;34467&#8243; img_size=&#8220;166&#215;100&#8243; alignment=&#8220;center&#8220; css=&#8220;&#8220;][vc_column_text css=&#8220;&#8220;]<\/p>\n<h3 style=\"text-align: center;\">Betriebsmittelbescheinigung<\/h3>\n<p><strong> Eine zus\u00e4tzliche Garantie in Sachen<br \/>\nR\u00fcckverfolgbarkeit, Qualit\u00e4t und Sichtbarkeit f\u00fcr Ihre Betriebsmittel! <\/strong><\/p>\n<p class=\"p1\">Die Betriebsmittelbescheinigung beginnt ebenfalls mit einer \u00dcberpr\u00fcfung der Unterlagen, im Anschluss erfolgt dann ein Audit vor Ort, um die Richtigkeit der Angaben, das Qualit\u00e4tssystem und die R\u00fcckverfolgbarkeit zu \u00fcberpr\u00fcfen.<\/p>\n<p>Im Anschluss an diese vollst\u00e4ndige Kontrolle wird Ihr Betriebsmittel, sofern es konform ist, auf der Website <a href=\"http:\/\/www.intrants.bio\">www.intrants.bio<\/a> als \u201ebescheinigt\u201d gelistet und Sie d\u00fcrfen das \u201eEcocert Betriebsmittel\u201d-Logo auf Ihren Etiketten und Verpackungen anbringen. Sie erhalten zudem einen \u201eHandelsbescheinigung\u201d, die die Konformit\u00e4t Ihrer Erzeugnisse best\u00e4tigt.[\/vc_column_text][\/vc_column_inner][\/vc_row_inner][\/vc_column][vc_column width=&#8220;1\/6&#8243;][\/vc_column][\/vc_row][vc_row full_width=&#8220;stretch_row_content_no_spaces&#8220; css=&#8220;.vc_custom_1712841935245{margin-bottom: 50px !important;padding-top: 300px !important;background-image: url(https:\/\/certisys.poush-dev.be\/wp-content\/uploads\/2024\/04\/AB-Production-47.jpg?id=32366) !important;background-position: center !important;background-repeat: no-repeat !important;background-size: cover !important;}&#8220;][vc_column][\/vc_column][\/vc_row][vc_row content_placement=&#8220;middle&#8220; css=&#8220;.vc_custom_1713339950391{padding-bottom: 150px !important;background-image: url(https:\/\/certisys.poush-dev.be\/wp-content\/uploads\/2021\/12\/bg-3-1.png?id=11277) !important;}&#8220; el_class=&#8220;custom-lastrow&#8220;][vc_column width=&#8220;1\/2&#8243; offset=&#8220;vc_col-lg-offset-2 vc_col-lg-5&#8243;][vc_column_text]<\/p>\n<h2>Die Vorteile der Aufschrift &#8222;UAB&#8220; und unserer Leistungen<\/h2>\n<p>[\/vc_column_text][vc_column_text css=&#8220;&#8220;]<\/p>\n<ul class=\"ul1\">\n<li class=\"li1\">Eine Garantie bez\u00fcglich der Konformit\u00e4t des Betriebsmittels, das Sie auf den Markt bringen.<\/li>\n<li class=\"li1\">Ein Sicherheitsnachweis f\u00fcr die H\u00e4ndler und Produzenten, die dieses Betriebsmittel verwenden. Sie erleichtern ihnen damit den Erhalt ihrer Zertifizierung in der biologischen Landwirtschaft.<\/li>\n<li class=\"li1\">Die <b>Datenbank <\/b><a href=\"http:\/\/www.intrants.bio\"><span class=\"s2\"><b>www.intrants.bio<\/b><\/span><\/a> steht Ihnen zur Verf\u00fcgung, in der Sie ganz einfach mehr als <b>10.000 <\/b>best\u00e4tigte kommerzielle \u201e<strong>in der biologischen Landwirtschaft zugelassene Betriebsmitel<\/strong><b>\u201c-Referenzen <\/b>f\u00fcr mehr als 1.100 Unternehmern auf der Welt finden k\u00f6nnen.<\/li>\n<\/ul>\n<div id=\"ConnectiveDocSignExtentionInstalled\" data-extension-version=\"1.0.4\"><\/div>\n<p>[\/vc_column_text][\/vc_column][vc_column width=&#8220;1\/4&#8243;][vc_single_image image=&#8220;32863&#8243; img_size=&#8220;4000&#215;400&#8243; alignment=&#8220;center&#8220; style=&#8220;vc_box_circle_2&#8243; css_animation=&#8220;fadeInDown&#8220; css=&#8220;&#8220;][\/vc_column][vc_column css=&#8220;.vc_custom_1713339975213{margin-top: 50px !important;}&#8220;][vc_widget_sidebar sidebar_id=&#8220;cta-activite&#8220;][\/vc_column][\/vc_row]<\/p>\n<\/div>","protected":false},"excerpt":{"rendered":"<p>[vc_row content_placement=&#8220;middle&#8220; css=&#8220;.vc_custom_1713339081707{margin-top: 80px !important;padding-bottom: 80px !important;}&#8220;][vc_column width=&#8220;1\/2&#8243; offset=&#8220;vc_col-lg-offset-2 vc_col-lg-4&#8243;][vc_column_text] Certisys bietet Ihnen zwei Arten von Garantien, um die Konformit\u00e4t Ihrer in der biologischen Landwirtschaft zugelassenen Betriebsmittel zu gew\u00e4hrleisten: Die Unterlagenpr\u00fcfung Die Betriebsmittelbescheinigun [\/vc_column_text][\/vc_column][vc_column width=&#8220;1\/3&#8243;][vc_single_image image=&#8220;21759&#8243; img_size=&#8220;full&#8220; alignment=&#8220;center&#8220; css_animation=&#8220;fadeInDown&#8220;][\/vc_column][\/vc_row][vc_row content_placement=&#8220;middle&#8220; css=&#8220;.vc_custom_1605630337493{padding-bottom: 30px !important;}&#8220;][vc_column width=&#8220;1\/2&#8243; offset=&#8220;vc_col-lg-offset-2 vc_col-lg-4&#8243;][vc_single_image image=&#8220;32862&#8243; img_size=&#8220;4000&#215;400&#8243; alignment=&#8220;center&#8220; style=&#8220;vc_box_circle_2&#8243; css_animation=&#8220;fadeInDown&#8220; css=&#8220;&#8220;][\/vc_column][vc_column width=&#8220;1\/3&#8243;][vc_column_text] Was sind [&hellip;]<\/p>\n","protected":false},"author":3,"featured_media":0,"parent":17665,"menu_order":0,"comment_status":"closed","ping_status":"closed","template":"","meta":{"_acf_changed":false,"footnotes":""},"class_list":["post-32813","page","type-page","status-publish","hentry"],"acf":[],"yoast_head":"<!-- This site is optimized with the Yoast SEO plugin v26.6 - https:\/\/yoast.com\/wordpress\/plugins\/seo\/ -->\n<title>Betriebsmitteln - CERTISYS<\/title>\n<meta name=\"robots\" content=\"index, follow, max-snippet:-1, max-image-preview:large, max-video-preview:-1\" \/>\n<link rel=\"canonical\" href=\"https:\/\/www.certisys.eu\/de\/labels-und-zertifizierungen\/biologische-landwirtschaft\/betriebsmitteln\/\" \/>\n<meta property=\"og:locale\" content=\"de_DE\" \/>\n<meta property=\"og:type\" content=\"article\" \/>\n<meta property=\"og:title\" content=\"Betriebsmitteln - CERTISYS\" \/>\n<meta property=\"og:description\" content=\"[vc_row content_placement=&#8220;middle&#8220; css=&#8220;.vc_custom_1713339081707{margin-top: 80px !important;padding-bottom: 80px !important;}&#8220;][vc_column width=&#8220;1\/2&#8243; offset=&#8220;vc_col-lg-offset-2 vc_col-lg-4&#8243;][vc_column_text] Certisys bietet Ihnen zwei Arten von Garantien, um die Konformit\u00e4t Ihrer in der biologischen Landwirtschaft zugelassenen Betriebsmittel zu gew\u00e4hrleisten: Die Unterlagenpr\u00fcfung Die Betriebsmittelbescheinigun [\/vc_column_text][\/vc_column][vc_column width=&#8220;1\/3&#8243;][vc_single_image image=&#8220;21759&#8243; img_size=&#8220;full&#8220; alignment=&#8220;center&#8220; css_animation=&#8220;fadeInDown&#8220;][\/vc_column][\/vc_row][vc_row content_placement=&#8220;middle&#8220; css=&#8220;.vc_custom_1605630337493{padding-bottom: 30px !important;}&#8220;][vc_column width=&#8220;1\/2&#8243; offset=&#8220;vc_col-lg-offset-2 vc_col-lg-4&#8243;][vc_single_image image=&#8220;32862&#8243; img_size=&#8220;4000&#215;400&#8243; alignment=&#8220;center&#8220; style=&#8220;vc_box_circle_2&#8243; css_animation=&#8220;fadeInDown&#8220; css=&#8220;&#8220;][\/vc_column][vc_column width=&#8220;1\/3&#8243;][vc_column_text] Was sind [&hellip;]\" \/>\n<meta property=\"og:url\" content=\"https:\/\/www.certisys.eu\/de\/labels-und-zertifizierungen\/biologische-landwirtschaft\/betriebsmitteln\/\" \/>\n<meta property=\"og:site_name\" content=\"CERTISYS\" \/>\n<meta property=\"article:modified_time\" content=\"2024-08-20T10:55:12+00:00\" \/>\n<meta name=\"twitter:card\" content=\"summary_large_image\" \/>\n<meta name=\"twitter:label1\" content=\"Gesch\u00e4tzte Lesezeit\" \/>\n\t<meta name=\"twitter:data1\" content=\"4\u00a0Minuten\" \/>\n<!-- \/ Yoast SEO plugin. -->","yoast_head_json":{"title":"Betriebsmitteln - CERTISYS","robots":{"index":"index","follow":"follow","max-snippet":"max-snippet:-1","max-image-preview":"max-image-preview:large","max-video-preview":"max-video-preview:-1"},"canonical":"https:\/\/www.certisys.eu\/de\/labels-und-zertifizierungen\/biologische-landwirtschaft\/betriebsmitteln\/","og_locale":"de_DE","og_type":"article","og_title":"Betriebsmitteln - CERTISYS","og_description":"[vc_row content_placement=&#8220;middle&#8220; css=&#8220;.vc_custom_1713339081707{margin-top: 80px !important;padding-bottom: 80px !important;}&#8220;][vc_column width=&#8220;1\/2&#8243; offset=&#8220;vc_col-lg-offset-2 vc_col-lg-4&#8243;][vc_column_text] Certisys bietet Ihnen zwei Arten von Garantien, um die Konformit\u00e4t Ihrer in der biologischen Landwirtschaft zugelassenen Betriebsmittel zu gew\u00e4hrleisten: Die Unterlagenpr\u00fcfung Die Betriebsmittelbescheinigun [\/vc_column_text][\/vc_column][vc_column width=&#8220;1\/3&#8243;][vc_single_image image=&#8220;21759&#8243; img_size=&#8220;full&#8220; alignment=&#8220;center&#8220; css_animation=&#8220;fadeInDown&#8220;][\/vc_column][\/vc_row][vc_row content_placement=&#8220;middle&#8220; css=&#8220;.vc_custom_1605630337493{padding-bottom: 30px !important;}&#8220;][vc_column width=&#8220;1\/2&#8243; offset=&#8220;vc_col-lg-offset-2 vc_col-lg-4&#8243;][vc_single_image image=&#8220;32862&#8243; img_size=&#8220;4000&#215;400&#8243; alignment=&#8220;center&#8220; style=&#8220;vc_box_circle_2&#8243; css_animation=&#8220;fadeInDown&#8220; css=&#8220;&#8220;][\/vc_column][vc_column width=&#8220;1\/3&#8243;][vc_column_text] Was sind [&hellip;]","og_url":"https:\/\/www.certisys.eu\/de\/labels-und-zertifizierungen\/biologische-landwirtschaft\/betriebsmitteln\/","og_site_name":"CERTISYS","article_modified_time":"2024-08-20T10:55:12+00:00","twitter_card":"summary_large_image","twitter_misc":{"Gesch\u00e4tzte Lesezeit":"4\u00a0Minuten"},"schema":{"@context":"https:\/\/schema.org","@graph":[{"@type":"WebPage","@id":"https:\/\/www.certisys.eu\/de\/labels-und-zertifizierungen\/biologische-landwirtschaft\/betriebsmitteln\/","url":"https:\/\/www.certisys.eu\/de\/labels-und-zertifizierungen\/biologische-landwirtschaft\/betriebsmitteln\/","name":"Betriebsmitteln - CERTISYS","isPartOf":{"@id":"https:\/\/www.certisys.eu\/de\/#website"},"datePublished":"2024-05-07T11:55:10+00:00","dateModified":"2024-08-20T10:55:12+00:00","breadcrumb":{"@id":"https:\/\/www.certisys.eu\/de\/labels-und-zertifizierungen\/biologische-landwirtschaft\/betriebsmitteln\/#breadcrumb"},"inLanguage":"de","potentialAction":[{"@type":"ReadAction","target":["https:\/\/www.certisys.eu\/de\/labels-und-zertifizierungen\/biologische-landwirtschaft\/betriebsmitteln\/"]}]},{"@type":"BreadcrumbList","@id":"https:\/\/www.certisys.eu\/de\/labels-und-zertifizierungen\/biologische-landwirtschaft\/betriebsmitteln\/#breadcrumb","itemListElement":[{"@type":"ListItem","position":1,"name":"Home","item":"https:\/\/www.certisys.eu\/de\/"},{"@type":"ListItem","position":2,"name":"Labels und Zertifizierungen","item":"https:\/\/www.certisys.eu\/de\/labels-und-zertifizierungen\/"},{"@type":"ListItem","position":3,"name":"Biologische Landwirtschaft","item":"https:\/\/www.certisys.eu\/de\/labels-und-zertifizierungen\/biologische-landwirtschaft\/"},{"@type":"ListItem","position":4,"name":"Betriebsmitteln"}]},{"@type":"WebSite","@id":"https:\/\/www.certisys.eu\/de\/#website","url":"https:\/\/www.certisys.eu\/de\/","name":"CERTISYS","description":"Bio Certification","potentialAction":[{"@type":"SearchAction","target":{"@type":"EntryPoint","urlTemplate":"https:\/\/www.certisys.eu\/de\/?s={search_term_string}"},"query-input":{"@type":"PropertyValueSpecification","valueRequired":true,"valueName":"search_term_string"}}],"inLanguage":"de"}]}},"jetpack_sharing_enabled":true,"_links":{"self":[{"href":"https:\/\/www.certisys.eu\/de\/wp-json\/wp\/v2\/pages\/32813","targetHints":{"allow":["GET"]}}],"collection":[{"href":"https:\/\/www.certisys.eu\/de\/wp-json\/wp\/v2\/pages"}],"about":[{"href":"https:\/\/www.certisys.eu\/de\/wp-json\/wp\/v2\/types\/page"}],"author":[{"embeddable":true,"href":"https:\/\/www.certisys.eu\/de\/wp-json\/wp\/v2\/users\/3"}],"replies":[{"embeddable":true,"href":"https:\/\/www.certisys.eu\/de\/wp-json\/wp\/v2\/comments?post=32813"}],"version-history":[{"count":13,"href":"https:\/\/www.certisys.eu\/de\/wp-json\/wp\/v2\/pages\/32813\/revisions"}],"predecessor-version":[{"id":34543,"href":"https:\/\/www.certisys.eu\/de\/wp-json\/wp\/v2\/pages\/32813\/revisions\/34543"}],"up":[{"embeddable":true,"href":"https:\/\/www.certisys.eu\/de\/wp-json\/wp\/v2\/pages\/17665"}],"wp:attachment":[{"href":"https:\/\/www.certisys.eu\/de\/wp-json\/wp\/v2\/media?parent=32813"}],"curies":[{"name":"wp","href":"https:\/\/api.w.org\/{rel}","templated":true}]}}