{"id":20510,"date":"2023-05-05T10:26:17","date_gmt":"2023-05-05T08:26:17","guid":{"rendered":"https:\/\/www.certisys.eu\/?page_id=20510"},"modified":"2023-05-10T16:10:48","modified_gmt":"2023-05-10T14:10:48","slug":"bestaetigung-anfrage","status":"publish","type":"page","link":"https:\/\/www.certisys.eu\/de\/bestaetigung-anfrage\/","title":{"rendered":"Best\u00e4tigung Anfrage"},"content":{"rendered":"<div class=\"wpb-content-wrapper\"><p>[vc_row][vc_column][vc_column_text]<\/p>\n<h1 style=\"text-align: center;\">Vielen Dank f\u00fcr die Anfrage !<\/h1>\n<p style=\"text-align: center;\">Unser Kundenservice wird Ihre Anfrage schnellstm\u00f6glich bearbeiten und sich mit Ihnen in Verbindung setzen.<\/p>\n<p>[\/vc_column_text]<div class=\"d-flex justify-content-center \"><a class=\"psh_button btn-64216480\" href=\"https:\/\/www.certisys.eu\/de\/\" alt=\"Home\" target=\"\">Kehren Sie zur Startseite zur\u00fcck<\/a><\/div>\n        <style>.psh_button.btn-64216480{\n          font-size: 20px;\n          text-transform: none;\n          padding: 10px 25px 10px 25px;\n          border-radius: 80px;\n          border-width: 0px;\n          background-color: #e30613;\n          border-color: ;\n          border-style: solid;\n          color: #ffffff;\n          display: inline-block;\n          \n          transition: all .3s ease-in-out;\n        }\n        .psh_button.btn-64216480:hover{\n          background-color: #f18970;\n          border-color: ;\n          color: #ffffff;\n          transition: all .3s ease-in-out;\n        }<\/style>[\/vc_column][\/vc_row]<\/p>\n<\/div>","protected":false},"excerpt":{"rendered":"<p>[vc_row][vc_column][vc_column_text] Vielen Dank f\u00fcr die Anfrage ! Unser Kundenservice wird Ihre Anfrage schnellstm\u00f6glich bearbeiten und sich mit Ihnen in Verbindung setzen. [\/vc_column_text][\/vc_column][\/vc_row]<\/p>\n","protected":false},"author":3,"featured_media":0,"parent":0,"menu_order":100,"comment_status":"closed","ping_status":"closed","template":"","meta":{"_acf_changed":false,"footnotes":""},"class_list":["post-20510","page","type-page","status-publish","hentry"],"acf":[],"yoast_head":"<!-- This site is optimized with the Yoast SEO plugin v26.6 - https:\/\/yoast.com\/wordpress\/plugins\/seo\/ -->\n<title>Best\u00e4tigung Anfrage - CERTISYS<\/title>\n<meta name=\"description\" content=\"Vielen Dank f\u00fcr Ihre Anfrage! Sie wurde erfolgreich gesendet. Wir bearbeiten es und werden uns so schnell wie m\u00f6glich bei Ihnen melden.\" \/>\n<meta name=\"robots\" content=\"index, follow, max-snippet:-1, max-image-preview:large, max-video-preview:-1\" \/>\n<link rel=\"canonical\" href=\"https:\/\/www.certisys.eu\/de\/bestaetigung-anfrage\/\" \/>\n<meta property=\"og:locale\" content=\"de_DE\" \/>\n<meta property=\"og:type\" content=\"article\" \/>\n<meta property=\"og:title\" content=\"Best\u00e4tigung Anfrage - CERTISYS\" \/>\n<meta property=\"og:description\" content=\"Vielen Dank f\u00fcr Ihre Anfrage! Sie wurde erfolgreich gesendet. Wir bearbeiten es und werden uns so schnell wie m\u00f6glich bei Ihnen melden.\" \/>\n<meta property=\"og:url\" content=\"https:\/\/www.certisys.eu\/de\/bestaetigung-anfrage\/\" \/>\n<meta property=\"og:site_name\" content=\"CERTISYS\" \/>\n<meta property=\"article:modified_time\" content=\"2023-05-10T14:10:48+00:00\" \/>\n<meta name=\"twitter:card\" content=\"summary_large_image\" \/>\n<!-- \/ Yoast SEO plugin. -->","yoast_head_json":{"title":"Best\u00e4tigung Anfrage - CERTISYS","description":"Vielen Dank f\u00fcr Ihre Anfrage! Sie wurde erfolgreich gesendet. Wir bearbeiten es und werden uns so schnell wie m\u00f6glich bei Ihnen melden.","robots":{"index":"index","follow":"follow","max-snippet":"max-snippet:-1","max-image-preview":"max-image-preview:large","max-video-preview":"max-video-preview:-1"},"canonical":"https:\/\/www.certisys.eu\/de\/bestaetigung-anfrage\/","og_locale":"de_DE","og_type":"article","og_title":"Best\u00e4tigung Anfrage - CERTISYS","og_description":"Vielen Dank f\u00fcr Ihre Anfrage! Sie wurde erfolgreich gesendet. Wir bearbeiten es und werden uns so schnell wie m\u00f6glich bei Ihnen melden.","og_url":"https:\/\/www.certisys.eu\/de\/bestaetigung-anfrage\/","og_site_name":"CERTISYS","article_modified_time":"2023-05-10T14:10:48+00:00","twitter_card":"summary_large_image","schema":{"@context":"https:\/\/schema.org","@graph":[{"@type":"WebPage","@id":"https:\/\/www.certisys.eu\/de\/bestaetigung-anfrage\/","url":"https:\/\/www.certisys.eu\/de\/bestaetigung-anfrage\/","name":"Best\u00e4tigung Anfrage - CERTISYS","isPartOf":{"@id":"https:\/\/www.certisys.eu\/de\/#website"},"datePublished":"2023-05-05T08:26:17+00:00","dateModified":"2023-05-10T14:10:48+00:00","description":"Vielen Dank f\u00fcr Ihre Anfrage! Sie wurde erfolgreich gesendet. Wir bearbeiten es und werden uns so schnell wie m\u00f6glich bei Ihnen melden.","breadcrumb":{"@id":"https:\/\/www.certisys.eu\/de\/bestaetigung-anfrage\/#breadcrumb"},"inLanguage":"de","potentialAction":[{"@type":"ReadAction","target":["https:\/\/www.certisys.eu\/de\/bestaetigung-anfrage\/"]}]},{"@type":"BreadcrumbList","@id":"https:\/\/www.certisys.eu\/de\/bestaetigung-anfrage\/#breadcrumb","itemListElement":[{"@type":"ListItem","position":1,"name":"Home","item":"https:\/\/www.certisys.eu\/de\/"},{"@type":"ListItem","position":2,"name":"Best\u00e4tigung Anfrage"}]},{"@type":"WebSite","@id":"https:\/\/www.certisys.eu\/de\/#website","url":"https:\/\/www.certisys.eu\/de\/","name":"CERTISYS","description":"Bio Certification","potentialAction":[{"@type":"SearchAction","target":{"@type":"EntryPoint","urlTemplate":"https:\/\/www.certisys.eu\/de\/?s={search_term_string}"},"query-input":{"@type":"PropertyValueSpecification","valueRequired":true,"valueName":"search_term_string"}}],"inLanguage":"de"}]}},"jetpack_sharing_enabled":true,"_links":{"self":[{"href":"https:\/\/www.certisys.eu\/de\/wp-json\/wp\/v2\/pages\/20510","targetHints":{"allow":["GET"]}}],"collection":[{"href":"https:\/\/www.certisys.eu\/de\/wp-json\/wp\/v2\/pages"}],"about":[{"href":"https:\/\/www.certisys.eu\/de\/wp-json\/wp\/v2\/types\/page"}],"author":[{"embeddable":true,"href":"https:\/\/www.certisys.eu\/de\/wp-json\/wp\/v2\/users\/3"}],"replies":[{"embeddable":true,"href":"https:\/\/www.certisys.eu\/de\/wp-json\/wp\/v2\/comments?post=20510"}],"version-history":[{"count":2,"href":"https:\/\/www.certisys.eu\/de\/wp-json\/wp\/v2\/pages\/20510\/revisions"}],"predecessor-version":[{"id":20748,"href":"https:\/\/www.certisys.eu\/de\/wp-json\/wp\/v2\/pages\/20510\/revisions\/20748"}],"wp:attachment":[{"href":"https:\/\/www.certisys.eu\/de\/wp-json\/wp\/v2\/media?parent=20510"}],"curies":[{"name":"wp","href":"https:\/\/api.w.org\/{rel}","templated":true}]}}