{"id":17697,"date":"2022-10-27T12:30:39","date_gmt":"2022-10-27T10:30:39","guid":{"rendered":"https:\/\/www.certisys.eu\/labels-et-certifications\/ecoproduits\/ecodetergents\/"},"modified":"2023-05-17T15:45:14","modified_gmt":"2023-05-17T13:45:14","slug":"oeko-reinigungsmittel","status":"publish","type":"page","link":"https:\/\/www.certisys.eu\/de\/labels-und-zertifizierungen\/okoprodukte\/oeko-reinigungsmittel\/","title":{"rendered":"\u00d6ko-Reinigungsmittel"},"content":{"rendered":"<div class=\"wpb-content-wrapper\"><p>[vc_row content_placement=&#8220;middle&#8220; css=&#8220;.vc_custom_1619094121978{padding-bottom: 60px !important;}&#8220;][vc_column width=&#8220;1\/3&#8243; offset=&#8220;vc_col-lg-offset-2&#8243;][vc_single_image image=&#8220;16848&#8243; img_size=&#8220;180&#215;180&#8243; alignment=&#8220;center&#8220; css_animation=&#8220;fadeInDown&#8220;][\/vc_column][vc_column width=&#8220;1\/2&#8243; offset=&#8220;vc_col-lg-4&#8243;][vc_column_text]<\/p>\n<h2>Ecocert Ecodetergent<strong><br \/>\n<\/strong><\/h2>\n<p>Diese Zertifizierung erm\u00f6glicht es Ihnen, Ihre <strong>Reinigungsmittel nat\u00fcrlichen oder biologischen Ursprungs weltweit <\/strong>zu vermarkten.<\/p>\n<p><strong><em>Was garantiert dieses Siegel? <\/em><\/strong><\/p>\n<ul>\n<li>Umweltfreundliche Produktions- und Verarbeitungsprozesse<\/li>\n<li>Die F\u00f6rderung der Verwendung von Inhaltsstoffen nat\u00fcrlichen Ursprungs oder aus biologischem Anbau<\/li>\n<li>Verantwortungsvoller Umgang mit nat\u00fcrlichen Ressourcen<\/li>\n<li>Das Verbot der meisten petrochemischen Inhaltsstoffe<\/li>\n<\/ul>\n<p>[\/vc_column_text]<div class=\"d-flex justify-content-center \"><a class=\"psh_button btn-68826868\" href=\"https:\/\/www.certisys.eu\/de\/einen-kostenvoranschlag-anfordern\/\" alt=\"Ecocert Ecod\u00e9tergent\" target=\"_blank\">Fordern Sie in 5 Minuten ein Angebot an!<\/a><\/div>\n        <style>.psh_button.btn-68826868{\n          font-size: 18px;\n          text-transform: none;\n          padding: 10px 20px 10px 20px;\n          border-radius: 80px;\n          border-width: 0px;\n          background-color: #e30613;\n          border-color: ;\n          border-style: solid;\n          color: #ffffff;\n          display: inline-block;\n          \n          transition: all .3s ease-in-out;\n        }\n        .psh_button.btn-68826868:hover{\n          background-color: #f18970;\n          border-color: ;\n          color: #ffffff;\n          transition: all .3s ease-in-out;\n        }<\/style>[\/vc_column][\/vc_row][vc_row content_placement=&#8220;middle&#8220; css=&#8220;.vc_custom_1605630337493{padding-bottom: 30px !important;}&#8220;][vc_column width=&#8220;1\/2&#8243; offset=&#8220;vc_col-lg-offset-2 vc_col-lg-4&#8243;][vc_column_text]<\/p>\n<h2>Ecogarantie\u00ae<\/h2>\n<p>Seit vielen Jahren bietet Certisys Ihnen die M\u00f6glichkeit, das ECOGARANTIE-Siegel zu erhalten. Es handelt sich dabei um einen privaten Standard, der f\u00fcr die Zertifizierung von Kosmetika, Reinigungsartikeln, Sprays, Zerst\u00e4ubern, Parf\u00fcms usw. entwickelt wurde.<\/p>\n<p><strong><em>Was garantiert dieses Siegel? <\/em><\/strong><\/p>\n<ul>\n<li>Inhaltsstoffe pflanzlichen Ursprungs (\u00e4therische \u00d6le, Aloe Vera usw.)100% BIO.<\/li>\n<li>Keine GVOs<\/li>\n<li>Produkte, die mit m\u00f6glichst vielen biologisch abbaubaren Inhaltsstoffen hergestellt werden<\/li>\n<li>&#8222;Das Verbot der meisten petrochemischen Inhaltsstoffe&#8220;<\/li>\n<\/ul>\n<p>Weitere Informationen zu diesem Siegel finden Sie auf der <a href=\"https:\/\/ecogarantie.eu\/fr\/\">Website<\/a><\/p>\n<p>F\u00fcr weitere Informationen dar\u00fcber, wie Sie Ihre Ecogarantie\u00ae-Produkte zertifizieren lassen k\u00f6nnen,<a href=\"https:\/\/www.certisys.eu\/de\/meine-aktivitaet\/kosmetika-und-reinigungsmittel\/\" target=\"_blank\" rel=\"noopener\"> klicken Sie hier<\/a>.[\/vc_column_text][\/vc_column][vc_column width=&#8220;1\/3&#8243;][vc_single_image image=&#8220;16860&#8243; img_size=&#8220;180&#215;180&#8243; alignment=&#8220;center&#8220; css_animation=&#8220;fadeInDown&#8220;][\/vc_column][\/vc_row][vc_row css=&#8220;.vc_custom_1605630039270{padding-bottom: 150px !important;background-image: url(https:\/\/www.certisys.eu\/wp-content\/uploads\/2020\/10\/bg-3-1.png?id=892) !important;}&#8220; el_class=&#8220;custom-lastrow&#8220;][vc_column css=&#8220;.vc_custom_1616056778505{padding-top: 0px !important;}&#8220; offset=&#8220;vc_col-lg-offset-2 vc_col-lg-8 vc_col-md-offset-1 vc_col-md-10&#8243;][vc_column_text]<\/p>\n<h2 style=\"text-align: center;\">Ben\u00f6tigen Sie weitere Informationen?<\/h2>\n<p style=\"text-align: center;\">Unser Team hilft Ihnen gerne weiter<\/p>\n<p>[\/vc_column_text]<div class=\"d-flex justify-content-center \"><a class=\"psh_button btn-17078158\" href=\"https:\/\/www.certisys.eu\/de\/kontakt\/\" alt=\"Kontakt\" target=\"_blank\">Kontaktieren Sie uns<\/a><\/div>\n        <style>.psh_button.btn-17078158{\n          font-size: 18px;\n          text-transform: none;\n          padding: 10px 20px 10px 20px;\n          border-radius: 80px;\n          border-width: 0px;\n          background-color: #e30613;\n          border-color: ;\n          border-style: solid;\n          color: #ffffff;\n          display: inline-block;\n          \n          transition: all .3s ease-in-out;\n        }\n        .psh_button.btn-17078158:hover{\n          background-color: #f18970;\n          border-color: ;\n          color: #ffffff;\n          transition: all .3s ease-in-out;\n        }<\/style>[\/vc_column][\/vc_row]<\/p>\n<\/div>","protected":false},"excerpt":{"rendered":"<p>[vc_row content_placement=&#8220;middle&#8220; css=&#8220;.vc_custom_1619094121978{padding-bottom: 60px !important;}&#8220;][vc_column width=&#8220;1\/3&#8243; offset=&#8220;vc_col-lg-offset-2&#8243;][vc_single_image image=&#8220;16848&#8243; img_size=&#8220;180&#215;180&#8243; alignment=&#8220;center&#8220; css_animation=&#8220;fadeInDown&#8220;][\/vc_column][vc_column width=&#8220;1\/2&#8243; offset=&#8220;vc_col-lg-4&#8243;][vc_column_text] Ecocert Ecodetergent Diese Zertifizierung erm\u00f6glicht es Ihnen, Ihre Reinigungsmittel nat\u00fcrlichen oder biologischen Ursprungs weltweit zu vermarkten. Was garantiert dieses Siegel? Umweltfreundliche Produktions- und Verarbeitungsprozesse Die F\u00f6rderung der Verwendung von Inhaltsstoffen nat\u00fcrlichen Ursprungs oder aus biologischem Anbau Verantwortungsvoller Umgang mit nat\u00fcrlichen Ressourcen Das [&hellip;]<\/p>\n","protected":false},"author":1,"featured_media":0,"parent":17685,"menu_order":0,"comment_status":"closed","ping_status":"closed","template":"","meta":{"_acf_changed":false,"footnotes":""},"class_list":["post-17697","page","type-page","status-publish","hentry"],"acf":[],"yoast_head":"<!-- This site is optimized with the Yoast SEO plugin v26.6 - https:\/\/yoast.com\/wordpress\/plugins\/seo\/ -->\n<title>\u00d6ko-Reinigungsmittel - CERTISYS<\/title>\n<meta name=\"robots\" content=\"index, follow, max-snippet:-1, max-image-preview:large, max-video-preview:-1\" \/>\n<link rel=\"canonical\" href=\"https:\/\/www.certisys.eu\/de\/labels-und-zertifizierungen\/okoprodukte\/oeko-reinigungsmittel\/\" \/>\n<meta property=\"og:locale\" content=\"de_DE\" \/>\n<meta property=\"og:type\" content=\"article\" \/>\n<meta property=\"og:title\" content=\"\u00d6ko-Reinigungsmittel - CERTISYS\" \/>\n<meta property=\"og:description\" content=\"[vc_row content_placement=&#8220;middle&#8220; css=&#8220;.vc_custom_1619094121978{padding-bottom: 60px !important;}&#8220;][vc_column width=&#8220;1\/3&#8243; offset=&#8220;vc_col-lg-offset-2&#8243;][vc_single_image image=&#8220;16848&#8243; img_size=&#8220;180&#215;180&#8243; alignment=&#8220;center&#8220; css_animation=&#8220;fadeInDown&#8220;][\/vc_column][vc_column width=&#8220;1\/2&#8243; offset=&#8220;vc_col-lg-4&#8243;][vc_column_text] Ecocert Ecodetergent Diese Zertifizierung erm\u00f6glicht es Ihnen, Ihre Reinigungsmittel nat\u00fcrlichen oder biologischen Ursprungs weltweit zu vermarkten. Was garantiert dieses Siegel? Umweltfreundliche Produktions- und Verarbeitungsprozesse Die F\u00f6rderung der Verwendung von Inhaltsstoffen nat\u00fcrlichen Ursprungs oder aus biologischem Anbau Verantwortungsvoller Umgang mit nat\u00fcrlichen Ressourcen Das [&hellip;]\" \/>\n<meta property=\"og:url\" content=\"https:\/\/www.certisys.eu\/de\/labels-und-zertifizierungen\/okoprodukte\/oeko-reinigungsmittel\/\" \/>\n<meta property=\"og:site_name\" content=\"CERTISYS\" \/>\n<meta property=\"article:modified_time\" content=\"2023-05-17T13:45:14+00:00\" \/>\n<meta name=\"twitter:card\" content=\"summary_large_image\" \/>\n<meta name=\"twitter:label1\" content=\"Gesch\u00e4tzte Lesezeit\" \/>\n\t<meta name=\"twitter:data1\" content=\"2\u00a0Minuten\" \/>\n<!-- \/ Yoast SEO plugin. -->","yoast_head_json":{"title":"\u00d6ko-Reinigungsmittel - CERTISYS","robots":{"index":"index","follow":"follow","max-snippet":"max-snippet:-1","max-image-preview":"max-image-preview:large","max-video-preview":"max-video-preview:-1"},"canonical":"https:\/\/www.certisys.eu\/de\/labels-und-zertifizierungen\/okoprodukte\/oeko-reinigungsmittel\/","og_locale":"de_DE","og_type":"article","og_title":"\u00d6ko-Reinigungsmittel - CERTISYS","og_description":"[vc_row content_placement=&#8220;middle&#8220; css=&#8220;.vc_custom_1619094121978{padding-bottom: 60px !important;}&#8220;][vc_column width=&#8220;1\/3&#8243; offset=&#8220;vc_col-lg-offset-2&#8243;][vc_single_image image=&#8220;16848&#8243; img_size=&#8220;180&#215;180&#8243; alignment=&#8220;center&#8220; css_animation=&#8220;fadeInDown&#8220;][\/vc_column][vc_column width=&#8220;1\/2&#8243; offset=&#8220;vc_col-lg-4&#8243;][vc_column_text] Ecocert Ecodetergent Diese Zertifizierung erm\u00f6glicht es Ihnen, Ihre Reinigungsmittel nat\u00fcrlichen oder biologischen Ursprungs weltweit zu vermarkten. Was garantiert dieses Siegel? Umweltfreundliche Produktions- und Verarbeitungsprozesse Die F\u00f6rderung der Verwendung von Inhaltsstoffen nat\u00fcrlichen Ursprungs oder aus biologischem Anbau Verantwortungsvoller Umgang mit nat\u00fcrlichen Ressourcen Das [&hellip;]","og_url":"https:\/\/www.certisys.eu\/de\/labels-und-zertifizierungen\/okoprodukte\/oeko-reinigungsmittel\/","og_site_name":"CERTISYS","article_modified_time":"2023-05-17T13:45:14+00:00","twitter_card":"summary_large_image","twitter_misc":{"Gesch\u00e4tzte Lesezeit":"2\u00a0Minuten"},"schema":{"@context":"https:\/\/schema.org","@graph":[{"@type":"WebPage","@id":"https:\/\/www.certisys.eu\/de\/labels-und-zertifizierungen\/okoprodukte\/oeko-reinigungsmittel\/","url":"https:\/\/www.certisys.eu\/de\/labels-und-zertifizierungen\/okoprodukte\/oeko-reinigungsmittel\/","name":"\u00d6ko-Reinigungsmittel - CERTISYS","isPartOf":{"@id":"https:\/\/www.certisys.eu\/de\/#website"},"datePublished":"2022-10-27T10:30:39+00:00","dateModified":"2023-05-17T13:45:14+00:00","breadcrumb":{"@id":"https:\/\/www.certisys.eu\/de\/labels-und-zertifizierungen\/okoprodukte\/oeko-reinigungsmittel\/#breadcrumb"},"inLanguage":"de","potentialAction":[{"@type":"ReadAction","target":["https:\/\/www.certisys.eu\/de\/labels-und-zertifizierungen\/okoprodukte\/oeko-reinigungsmittel\/"]}]},{"@type":"BreadcrumbList","@id":"https:\/\/www.certisys.eu\/de\/labels-und-zertifizierungen\/okoprodukte\/oeko-reinigungsmittel\/#breadcrumb","itemListElement":[{"@type":"ListItem","position":1,"name":"Home","item":"https:\/\/www.certisys.eu\/de\/"},{"@type":"ListItem","position":2,"name":"Labels und Zertifizierungen","item":"https:\/\/www.certisys.eu\/de\/labels-und-zertifizierungen\/"},{"@type":"ListItem","position":3,"name":"\u00d6koprodukte","item":"https:\/\/www.certisys.eu\/de\/labels-et-certifications\/ecoproduits\/"},{"@type":"ListItem","position":4,"name":"\u00d6ko-Reinigungsmittel"}]},{"@type":"WebSite","@id":"https:\/\/www.certisys.eu\/de\/#website","url":"https:\/\/www.certisys.eu\/de\/","name":"CERTISYS","description":"Bio Certification","potentialAction":[{"@type":"SearchAction","target":{"@type":"EntryPoint","urlTemplate":"https:\/\/www.certisys.eu\/de\/?s={search_term_string}"},"query-input":{"@type":"PropertyValueSpecification","valueRequired":true,"valueName":"search_term_string"}}],"inLanguage":"de"}]}},"jetpack_sharing_enabled":true,"_links":{"self":[{"href":"https:\/\/www.certisys.eu\/de\/wp-json\/wp\/v2\/pages\/17697","targetHints":{"allow":["GET"]}}],"collection":[{"href":"https:\/\/www.certisys.eu\/de\/wp-json\/wp\/v2\/pages"}],"about":[{"href":"https:\/\/www.certisys.eu\/de\/wp-json\/wp\/v2\/types\/page"}],"author":[{"embeddable":true,"href":"https:\/\/www.certisys.eu\/de\/wp-json\/wp\/v2\/users\/1"}],"replies":[{"embeddable":true,"href":"https:\/\/www.certisys.eu\/de\/wp-json\/wp\/v2\/comments?post=17697"}],"version-history":[{"count":8,"href":"https:\/\/www.certisys.eu\/de\/wp-json\/wp\/v2\/pages\/17697\/revisions"}],"predecessor-version":[{"id":20886,"href":"https:\/\/www.certisys.eu\/de\/wp-json\/wp\/v2\/pages\/17697\/revisions\/20886"}],"up":[{"embeddable":true,"href":"https:\/\/www.certisys.eu\/de\/wp-json\/wp\/v2\/pages\/17685"}],"wp:attachment":[{"href":"https:\/\/www.certisys.eu\/de\/wp-json\/wp\/v2\/media?parent=17697"}],"curies":[{"name":"wp","href":"https:\/\/api.w.org\/{rel}","templated":true}]}}