{"id":17685,"date":"2022-10-25T11:49:48","date_gmt":"2022-10-25T09:49:48","guid":{"rendered":"https:\/\/www.certisys.eu\/labels-et-certifications\/ecoproduits\/"},"modified":"2023-06-23T09:39:08","modified_gmt":"2023-06-23T07:39:08","slug":"okoprodukte","status":"publish","type":"page","link":"https:\/\/www.certisys.eu\/de\/labels-und-zertifizierungen\/okoprodukte\/","title":{"rendered":"\u00d6koprodukte"},"content":{"rendered":"<div class=\"wpb-content-wrapper\"><p>[vc_row content_placement=&#8220;middle&#8220; css=&#8220;.vc_custom_1605630337493{padding-bottom: 30px !important;}&#8220;][vc_column width=&#8220;1\/2&#8243; offset=&#8220;vc_col-lg-offset-2 vc_col-lg-4&#8243;][vc_column_text]<\/p>\n<div class=\"wpb_text_column wpb_content_element \">\n<div class=\"wpb_wrapper\">\n<p>Die Zertifizierung von Kosmetika, Reinigungsmitteln und Betriebsmitteln f\u00e4llt nicht in den Anwendungsbereich der europ\u00e4ischen Bio-Verordnung. Es gibt jedoch eine Reihe von Labels, mit denen Sie die gesundheits- und umweltvertr\u00e4gliche Zusammensetzung Ihrer Produkte kennzeichnen und Ihre nachhaltige Ausrichtung hervorheben k\u00f6nnen.<\/p>\n<p>CERTISYS, die BENELUX-Niederlassung der <a href=\"https:\/\/www.ecocert.com\/de-DE\/home\">ECOCERT-Gruppe<\/a>, dem Weltmarktf\u00fchrer f\u00fcr biologische Landwirtschaft und Kosmetik, bietet Ihnen diese verschiedenen Zertifizierungen an.<\/div>\n<\/div>\n<p>[\/vc_column_text][\/vc_column][vc_column width=&#8220;1\/3&#8243;][vc_single_image image=&#8220;3235&#8243; img_size=&#8220;400&#215;400&#8243; alignment=&#8220;center&#8220; style=&#8220;vc_box_circle_2&#8243; css_animation=&#8220;fadeInDown&#8220;][\/vc_column][\/vc_row][vc_row full_width=&#8220;stretch_row&#8220; css=&#8220;.vc_custom_1620370151972{padding-top: 50px !important;padding-bottom: 50px !important;}&#8220;][vc_column offset=&#8220;vc_col-lg-offset-2 vc_col-lg-8 vc_col-md-offset-1 vc_col-md-10&#8243;][vc_column_text]<\/p>\n<h2 style=\"text-align: center;\">Unsere l<span id=\"sample-permalink\">abels und zertifizierungen<\/span><\/h2>\n<p>[\/vc_column_text]<div class=\"d-flex justify-content-center vc_custom_1669798731582\"><a class=\"psh_button btn-51328391\" href=\"https:\/\/www.certisys.eu\/de\/labels-und-zertifizierungen\/okoprodukte\/kosmetika\/\" alt=\"Kosmetika\" target=\"\">Kosmetika<\/a><\/div>\n        <style>.psh_button.btn-51328391{\n          font-size: 18px;\n          text-transform: none;\n          padding: 10px 20px 10px 20px;\n          border-radius: 80px;\n          border-width: 0px;\n          background-color: #e30613;\n          border-color: ;\n          border-style: solid;\n          color: #ffffff;\n          display: inline-block;\n          width:300px;\n          transition: all .3s ease-in-out;\n        }\n        .psh_button.btn-51328391:hover{\n          background-color: #f18970;\n          border-color: ;\n          color: #ffffff;\n          transition: all .3s ease-in-out;\n        }.vc_custom_1669798731582{margin-bottom: 35px !important;}<\/style><div class=\"d-flex justify-content-center vc_custom_1669798750265\"><a class=\"psh_button btn-91439533\" href=\"https:\/\/www.certisys.eu\/de\/labels-und-zertifizierungen\/okoprodukte\/oeko-reinigungsmittel\/\" alt=\"Reinigungsmittel\" target=\"\">Reinigungsmittel<\/a><\/div>\n        <style>.psh_button.btn-91439533{\n          font-size: 18px;\n          text-transform: none;\n          padding: 10px 20px 10px 20px;\n          border-radius: 80px;\n          border-width: 0px;\n          background-color: #e30613;\n          border-color: ;\n          border-style: solid;\n          color: #ffffff;\n          display: inline-block;\n          width:300px;\n          transition: all .3s ease-in-out;\n        }\n        .psh_button.btn-91439533:hover{\n          background-color: #f18970;\n          border-color: ;\n          color: #ffffff;\n          transition: all .3s ease-in-out;\n        }.vc_custom_1669798750265{margin-bottom: 35px !important;}<\/style>[\/vc_column][\/vc_row]<\/p>\n<\/div>","protected":false},"excerpt":{"rendered":"<p>[vc_row content_placement=&#8220;middle&#8220; css=&#8220;.vc_custom_1605630337493{padding-bottom: 30px !important;}&#8220;][vc_column width=&#8220;1\/2&#8243; offset=&#8220;vc_col-lg-offset-2 vc_col-lg-4&#8243;][vc_column_text] Die Zertifizierung von Kosmetika, Reinigungsmitteln und Betriebsmitteln f\u00e4llt nicht in den Anwendungsbereich der europ\u00e4ischen Bio-Verordnung. Es gibt jedoch eine Reihe von Labels, mit denen Sie die gesundheits- und umweltvertr\u00e4gliche Zusammensetzung Ihrer Produkte kennzeichnen und Ihre nachhaltige Ausrichtung hervorheben k\u00f6nnen. CERTISYS, die BENELUX-Niederlassung der ECOCERT-Gruppe, dem Weltmarktf\u00fchrer f\u00fcr [&hellip;]<\/p>\n","protected":false},"author":1,"featured_media":0,"parent":17677,"menu_order":0,"comment_status":"closed","ping_status":"closed","template":"","meta":{"_acf_changed":false,"footnotes":""},"class_list":["post-17685","page","type-page","status-publish","hentry"],"acf":[],"yoast_head":"<!-- This site is optimized with the Yoast SEO plugin v26.6 - https:\/\/yoast.com\/wordpress\/plugins\/seo\/ -->\n<title>\u00d6koprodukte - CERTISYS<\/title>\n<meta name=\"robots\" content=\"index, follow, max-snippet:-1, max-image-preview:large, max-video-preview:-1\" \/>\n<link rel=\"canonical\" href=\"https:\/\/www.certisys.eu\/de\/labels-und-zertifizierungen\/okoprodukte\/\" \/>\n<meta property=\"og:locale\" content=\"de_DE\" \/>\n<meta property=\"og:type\" content=\"article\" \/>\n<meta property=\"og:title\" content=\"\u00d6koprodukte - CERTISYS\" \/>\n<meta property=\"og:description\" content=\"[vc_row content_placement=&#8220;middle&#8220; css=&#8220;.vc_custom_1605630337493{padding-bottom: 30px !important;}&#8220;][vc_column width=&#8220;1\/2&#8243; offset=&#8220;vc_col-lg-offset-2 vc_col-lg-4&#8243;][vc_column_text] Die Zertifizierung von Kosmetika, Reinigungsmitteln und Betriebsmitteln f\u00e4llt nicht in den Anwendungsbereich der europ\u00e4ischen Bio-Verordnung. Es gibt jedoch eine Reihe von Labels, mit denen Sie die gesundheits- und umweltvertr\u00e4gliche Zusammensetzung Ihrer Produkte kennzeichnen und Ihre nachhaltige Ausrichtung hervorheben k\u00f6nnen. CERTISYS, die BENELUX-Niederlassung der ECOCERT-Gruppe, dem Weltmarktf\u00fchrer f\u00fcr [&hellip;]\" \/>\n<meta property=\"og:url\" content=\"https:\/\/www.certisys.eu\/de\/labels-und-zertifizierungen\/okoprodukte\/\" \/>\n<meta property=\"og:site_name\" content=\"CERTISYS\" \/>\n<meta property=\"article:modified_time\" content=\"2023-06-23T07:39:08+00:00\" \/>\n<meta name=\"twitter:card\" content=\"summary_large_image\" \/>\n<meta name=\"twitter:label1\" content=\"Gesch\u00e4tzte Lesezeit\" \/>\n\t<meta name=\"twitter:data1\" content=\"1\u00a0Minute\" \/>\n<!-- \/ Yoast SEO plugin. -->","yoast_head_json":{"title":"\u00d6koprodukte - CERTISYS","robots":{"index":"index","follow":"follow","max-snippet":"max-snippet:-1","max-image-preview":"max-image-preview:large","max-video-preview":"max-video-preview:-1"},"canonical":"https:\/\/www.certisys.eu\/de\/labels-und-zertifizierungen\/okoprodukte\/","og_locale":"de_DE","og_type":"article","og_title":"\u00d6koprodukte - CERTISYS","og_description":"[vc_row content_placement=&#8220;middle&#8220; css=&#8220;.vc_custom_1605630337493{padding-bottom: 30px !important;}&#8220;][vc_column width=&#8220;1\/2&#8243; offset=&#8220;vc_col-lg-offset-2 vc_col-lg-4&#8243;][vc_column_text] Die Zertifizierung von Kosmetika, Reinigungsmitteln und Betriebsmitteln f\u00e4llt nicht in den Anwendungsbereich der europ\u00e4ischen Bio-Verordnung. Es gibt jedoch eine Reihe von Labels, mit denen Sie die gesundheits- und umweltvertr\u00e4gliche Zusammensetzung Ihrer Produkte kennzeichnen und Ihre nachhaltige Ausrichtung hervorheben k\u00f6nnen. CERTISYS, die BENELUX-Niederlassung der ECOCERT-Gruppe, dem Weltmarktf\u00fchrer f\u00fcr [&hellip;]","og_url":"https:\/\/www.certisys.eu\/de\/labels-und-zertifizierungen\/okoprodukte\/","og_site_name":"CERTISYS","article_modified_time":"2023-06-23T07:39:08+00:00","twitter_card":"summary_large_image","twitter_misc":{"Gesch\u00e4tzte Lesezeit":"1\u00a0Minute"},"schema":{"@context":"https:\/\/schema.org","@graph":[{"@type":"WebPage","@id":"https:\/\/www.certisys.eu\/de\/labels-und-zertifizierungen\/okoprodukte\/","url":"https:\/\/www.certisys.eu\/de\/labels-und-zertifizierungen\/okoprodukte\/","name":"\u00d6koprodukte - CERTISYS","isPartOf":{"@id":"https:\/\/www.certisys.eu\/de\/#website"},"datePublished":"2022-10-25T09:49:48+00:00","dateModified":"2023-06-23T07:39:08+00:00","breadcrumb":{"@id":"https:\/\/www.certisys.eu\/de\/labels-und-zertifizierungen\/okoprodukte\/#breadcrumb"},"inLanguage":"de","potentialAction":[{"@type":"ReadAction","target":["https:\/\/www.certisys.eu\/de\/labels-und-zertifizierungen\/okoprodukte\/"]}]},{"@type":"BreadcrumbList","@id":"https:\/\/www.certisys.eu\/de\/labels-und-zertifizierungen\/okoprodukte\/#breadcrumb","itemListElement":[{"@type":"ListItem","position":1,"name":"Home","item":"https:\/\/www.certisys.eu\/de\/"},{"@type":"ListItem","position":2,"name":"Labels und Zertifizierungen","item":"https:\/\/www.certisys.eu\/de\/labels-und-zertifizierungen\/"},{"@type":"ListItem","position":3,"name":"\u00d6koprodukte"}]},{"@type":"WebSite","@id":"https:\/\/www.certisys.eu\/de\/#website","url":"https:\/\/www.certisys.eu\/de\/","name":"CERTISYS","description":"Bio Certification","potentialAction":[{"@type":"SearchAction","target":{"@type":"EntryPoint","urlTemplate":"https:\/\/www.certisys.eu\/de\/?s={search_term_string}"},"query-input":{"@type":"PropertyValueSpecification","valueRequired":true,"valueName":"search_term_string"}}],"inLanguage":"de"}]}},"jetpack_sharing_enabled":true,"_links":{"self":[{"href":"https:\/\/www.certisys.eu\/de\/wp-json\/wp\/v2\/pages\/17685","targetHints":{"allow":["GET"]}}],"collection":[{"href":"https:\/\/www.certisys.eu\/de\/wp-json\/wp\/v2\/pages"}],"about":[{"href":"https:\/\/www.certisys.eu\/de\/wp-json\/wp\/v2\/types\/page"}],"author":[{"embeddable":true,"href":"https:\/\/www.certisys.eu\/de\/wp-json\/wp\/v2\/users\/1"}],"replies":[{"embeddable":true,"href":"https:\/\/www.certisys.eu\/de\/wp-json\/wp\/v2\/comments?post=17685"}],"version-history":[{"count":10,"href":"https:\/\/www.certisys.eu\/de\/wp-json\/wp\/v2\/pages\/17685\/revisions"}],"predecessor-version":[{"id":21201,"href":"https:\/\/www.certisys.eu\/de\/wp-json\/wp\/v2\/pages\/17685\/revisions\/21201"}],"up":[{"embeddable":true,"href":"https:\/\/www.certisys.eu\/de\/wp-json\/wp\/v2\/pages\/17677"}],"wp:attachment":[{"href":"https:\/\/www.certisys.eu\/de\/wp-json\/wp\/v2\/media?parent=17685"}],"curies":[{"name":"wp","href":"https:\/\/api.w.org\/{rel}","templated":true}]}}