{"id":17677,"date":"2022-10-25T11:14:29","date_gmt":"2022-10-25T09:14:29","guid":{"rendered":"https:\/\/www.certisys.eu\/labels-et-certifications\/"},"modified":"2025-03-18T10:19:09","modified_gmt":"2025-03-18T08:19:09","slug":"labels-und-zertifizierungen","status":"publish","type":"page","link":"https:\/\/www.certisys.eu\/de\/labels-und-zertifizierungen\/","title":{"rendered":"Labels und Zertifizierungen"},"content":{"rendered":"<div class=\"wpb-content-wrapper\"><p>[vc_row full_width=&#8220;stretch_row&#8220; css=&#8220;.vc_custom_1614242522066{padding-top: 50px !important;padding-bottom: 50px !important;background-color: #f0f3f1 !important;}&#8220;][vc_column width=&#8220;1\/6&#8243;][\/vc_column][vc_column width=&#8220;2\/3&#8243;][vc_column_text]<\/p>\n<h2 style=\"text-align: center;\">M\u00f6chten Sie einen nachhaltigen Ansatz verfolgen?<\/h2>\n<p>[\/vc_column_text][vc_column_text]<\/p>\n<p style=\"text-align: center;\">Bei CERTISYS\u00ae, der Benelux-Tochter der <a href=\"https:\/\/www.ecocert.com\/de-DE\/home\">ECOCERT-Gruppe<\/a>, sind wir Fachleute f\u00fcr biologische und nachhaltige Zertifizierungen.<\/p>\n<p style=\"text-align: center;\">Mit diesem Fachwissen unterst\u00fctzen wir Sie bei Ihren <strong>nachhaltigen Initiativen<\/strong>, egal ob Sie Landwirt, Zubereiter, H\u00e4ndler oder &#8230;. sind, indem wir Ihnen Zertifizierungen anbieten, die auf Ihre Bed\u00fcrfnisse zugeschnitten sind und die die besten sozialen und \u00f6kologischen Praktiken garantieren und aufwerten.<\/p>\n<p>[\/vc_column_text][\/vc_column][vc_column width=&#8220;1\/6&#8243;][\/vc_column][\/vc_row][vc_row full_width=&#8220;stretch_row&#8220; css=&#8220;.vc_custom_1614242503876{padding-top: 50px !important;padding-bottom: 50px !important;background-color: #325338 !important;}&#8220;][vc_column][vc_column_text el_class=&#8220;custom-white&#8220;]<\/p>\n<h2 style=\"text-align: center;\">CERTISYS\u00ae, eine gro\u00dfe Auswahl an nachhaltigen und Fair-Zertizierungen<\/h2>\n<p>[\/vc_column_text][vc_row_inner equal_height=&#8220;yes&#8220; gap=&#8220;20&#8243; el_class=&#8220;custom-certifs-btn&#8220;][vc_column_inner width=&#8220;1\/4&#8243; css=&#8220;.vc_custom_1666687945302{margin-top: 60px !important;padding-right: 30px !important;padding-bottom: 30px !important;padding-left: 30px !important;background-color: #ffffff !important;border-radius: 15px !important;}&#8220;]<div class=\"d-flex justify-content-center vc_custom_1669373521565\"><a class=\"psh_button btn-20959397\" href=\"https:\/\/www.certisys.eu\/de\/labels-und-zertifizierungen\/biologische-landwirtschaft\/\" alt=\"Biologische landwirtschaft\" target=\"\">Biologische landwirtschaft<\/a><\/div>\n        <style>.psh_button.btn-20959397{\n          font-size: 18px;\n          text-transform: uppercase;\n          padding: 15px 20px 15px 20px;\n          border-radius: 80px;\n          border-width: 0px;\n          background-color: #75af2a;\n          border-color: ;\n          border-style: solid;\n          color: #ffffff;\n          display: inline-block;\n          \n          transition: all .3s ease-in-out;\n        }\n        .psh_button.btn-20959397:hover{\n          background-color: #e2001a;\n          border-color: ;\n          color: #ffffff;\n          transition: all .3s ease-in-out;\n        }.vc_custom_1669373521565{margin-top: -80px !important;}<\/style>[vc_single_image image=&#8220;32906&#8243; img_size=&#8220;260&#215;340&#8243; alignment=&#8220;center&#8220; css=&#8220;.vc_custom_1715154165520{margin-top: 35px !important;margin-bottom: 0px !important;}&#8220;][\/vc_column_inner][vc_column_inner width=&#8220;1\/4&#8243; css=&#8220;.vc_custom_1666687952936{margin-top: 60px !important;padding-right: 30px !important;padding-bottom: 30px !important;padding-left: 30px !important;background-color: #ffffff !important;border-radius: 15px !important;}&#8220;]<div class=\"d-flex justify-content-center vc_custom_1717664320745\"><a class=\"psh_button btn-06856307\" href=\"https:\/\/www.certisys.eu\/de\/labels-und-zertifizierungen\/okoprodukte\/\" alt=\"Kosmetika, reinigungsmittel und inputs\" target=\"\">\u00d6koprodukte<\/a><\/div>\n        <style>.psh_button.btn-06856307{\n          font-size: 18px;\n          text-transform: uppercase;\n          padding: 15px 25px 15px 25px;\n          border-radius: 80px;\n          border-width: 0px;\n          background-color: #3dbead;\n          border-color: ;\n          border-style: solid;\n          color: #ffffff;\n          display: inline-block;\n          \n          transition: all .3s ease-in-out;\n        }\n        .psh_button.btn-06856307:hover{\n          background-color: #e2001a;\n          border-color: ;\n          color: #ffffff;\n          transition: all .3s ease-in-out;\n        }.vc_custom_1717664320745{margin-top: -80px !important;}<\/style>[vc_single_image image=&#8220;38593&#8243; img_size=&#8220;260&#215;340&#8243; alignment=&#8220;center&#8220; css=&#8220;.vc_custom_1734334601014{margin-top: 35px !important;margin-bottom: 0px !important;}&#8220;][\/vc_column_inner][vc_column_inner width=&#8220;1\/4&#8243; css=&#8220;.vc_custom_1741270322615{margin-top: 50px !important;padding-right: 30px !important;padding-bottom: 30px !important;padding-left: 30px !important;background-color: #ffffff !important;border-radius: 15px !important;}&#8220; offset=&#8220;vc_hidden-lg vc_hidden-md vc_hidden-sm vc_hidden-xs&#8220;]<div class=\"d-flex justify-content-center vc_custom_1669373654283\"><a class=\"psh_button btn-33276327\" href=\"https:\/\/www.certisys.eu\/de\/labels-und-zertifizierungen\/lebensmittelsicherheit\/\" alt=\"Lebensmittelsicherheit\" target=\"\">Lebensmittelsicherheit<\/a><\/div>\n        <style>.psh_button.btn-33276327{\n          font-size: 18px;\n          text-transform: uppercase;\n          padding: 15px 20px 15px 20px;\n          border-radius: 80px;\n          border-width: 0px;\n          background-color: #d79a2b;\n          border-color: ;\n          border-style: solid;\n          color: #ffffff;\n          display: inline-block;\n          \n          transition: all .3s ease-in-out;\n        }\n        .psh_button.btn-33276327:hover{\n          background-color: #e2001a;\n          border-color: ;\n          color: #ffffff;\n          transition: all .3s ease-in-out;\n        }.vc_custom_1669373654283{margin-top: -80px !important;}<\/style>[vc_single_image image=&#8220;33585&#8243; img_size=&#8220;260&#215;340&#8243; alignment=&#8220;center&#8220; css=&#8220;.vc_custom_1717665314758{margin-top: 35px !important;margin-bottom: 0px !important;}&#8220;][\/vc_column_inner][vc_column_inner width=&#8220;1\/4&#8243; css=&#8220;.vc_custom_1666688795798{margin-top: 50px !important;padding-right: 30px !important;padding-bottom: 30px !important;padding-left: 30px !important;background-color: #ffffff !important;border-radius: 15px !important;}&#8220;]<div class=\"d-flex justify-content-center vc_custom_1670921981281\"><a class=\"psh_button btn-60011749\" href=\"https:\/\/www.certisys.eu\/de\/labels-und-zertifizierungen\/fairer-und-nachhaltiger-handel\/\" alt=\"Fairer und nachhaltiger Handel\" target=\"\">Fairer und nachhaltiger Handel<\/a><\/div>\n        <style>.psh_button.btn-60011749{\n          font-size: 18px;\n          text-transform: uppercase;\n          padding: 15px 20px 15px 20px;\n          border-radius: 80px;\n          border-width: 0px;\n          background-color: #dfcc00;\n          border-color: ;\n          border-style: solid;\n          color: #ffffff;\n          display: inline-block;\n          \n          transition: all .3s ease-in-out;\n        }\n        .psh_button.btn-60011749:hover{\n          background-color: #e2001a;\n          border-color: ;\n          color: #ffffff;\n          transition: all .3s ease-in-out;\n        }.vc_custom_1670921981281{margin-top: -80px !important;}<\/style>[vc_single_image image=&#8220;42370&#8243; img_size=&#8220;260&#215;340&#8243; alignment=&#8220;center&#8220; css=&#8220;.vc_custom_1742285135279{margin-top: 35px !important;margin-bottom: 0px !important;}&#8220;][\/vc_column_inner][vc_column_inner width=&#8220;1\/4&#8243; css=&#8220;.vc_custom_1715154107733{margin-top: 60px !important;padding-right: 30px !important;padding-bottom: 30px !important;padding-left: 30px !important;background-color: #ffffff !important;border-radius: 15px !important;}&#8220;]<div class=\"d-flex justify-content-center vc_custom_1715154024088\"><a class=\"psh_button btn-56605216\" href=\"https:\/\/www.certisys.eu\/de\/labels-und-zertifizierungen\/biologische-landwirtschaft\/betriebsmitteln\/\" alt=\"Betriebsmitteln\" target=\"\">Betriebsmitteln<\/a><\/div>\n        <style>.psh_button.btn-56605216{\n          font-size: 18px;\n          text-transform: uppercase;\n          padding: 15px 20px 15px 20px;\n          border-radius: 80px;\n          border-width: 0px;\n          background-color: #943147;\n          border-color: ;\n          border-style: solid;\n          color: #ffffff;\n          display: inline-block;\n          \n          transition: all .3s ease-in-out;\n        }\n        .psh_button.btn-56605216:hover{\n          background-color: #e2001a;\n          border-color: ;\n          color: #ffffff;\n          transition: all .3s ease-in-out;\n        }.vc_custom_1715154024088{margin-top: -80px !important;}<\/style>[vc_single_image image=&#8220;42383&#8243; img_size=&#8220;260&#215;340&#8243; alignment=&#8220;center&#8220; css=&#8220;.vc_custom_1742285943855{margin-top: 35px !important;margin-bottom: 0px !important;}&#8220;][\/vc_column_inner][\/vc_row_inner][\/vc_column][\/vc_row][vc_row css=&#8220;.vc_custom_1620370884352{padding-top: 50px !important;padding-bottom: 150px !important;background-image: url(https:\/\/www.certisys.eu\/wp-content\/uploads\/2020\/10\/bg-3-1.png?id=892) !important;}&#8220; el_class=&#8220;custom-lastrow&#8220;][vc_column css=&#8220;.vc_custom_1616056778505{padding-top: 0px !important;}&#8220; offset=&#8220;vc_col-lg-offset-2 vc_col-lg-8 vc_col-md-offset-1 vc_col-md-10&#8243;][vc_column_text]<\/p>\n<h2 style=\"text-align: center;\">Kontaktieren Sie uns und lassen Sie uns gemeinsam herausfinden, welche L\u00f6sungen am besten auf Ihre T\u00e4tigkeit zugeschnitten sind!<\/h2>\n<p>[\/vc_column_text]<div class=\"d-flex justify-content-center vc_custom_1669281972122\"><a class=\"psh_button btn-40426787\" href=\"https:\/\/www.certisys.eu\/de\/kontakt\/\" alt=\"Contact\" target=\"_blank\">Kontaktiere uns<\/a><\/div>\n        <style>.psh_button.btn-40426787{\n          font-size: 18px;\n          text-transform: none;\n          padding: 10px 20px 10px 20px;\n          border-radius: 80px;\n          border-width: 0px;\n          background-color: #e30613;\n          border-color: ;\n          border-style: solid;\n          color: #ffffff;\n          display: inline-block;\n          \n          transition: all .3s ease-in-out;\n        }\n        .psh_button.btn-40426787:hover{\n          background-color: #f18970;\n          border-color: ;\n          color: #ffffff;\n          transition: all .3s ease-in-out;\n        }.vc_custom_1669281972122{margin-bottom: 15px !important;}<\/style>[\/vc_column][\/vc_row]<\/p>\n<\/div>","protected":false},"excerpt":{"rendered":"<p>[vc_row full_width=&#8220;stretch_row&#8220; css=&#8220;.vc_custom_1614242522066{padding-top: 50px !important;padding-bottom: 50px !important;background-color: #f0f3f1 !important;}&#8220;][vc_column width=&#8220;1\/6&#8243;][\/vc_column][vc_column width=&#8220;2\/3&#8243;][vc_column_text] M\u00f6chten Sie einen nachhaltigen Ansatz verfolgen? [\/vc_column_text][vc_column_text] Bei CERTISYS\u00ae, der Benelux-Tochter der ECOCERT-Gruppe, sind wir Fachleute f\u00fcr biologische und nachhaltige Zertifizierungen. Mit diesem Fachwissen unterst\u00fctzen wir Sie bei Ihren nachhaltigen Initiativen, egal ob Sie Landwirt, Zubereiter, H\u00e4ndler oder &#8230;. sind, indem wir Ihnen Zertifizierungen [&hellip;]<\/p>\n","protected":false},"author":1,"featured_media":0,"parent":0,"menu_order":3,"comment_status":"closed","ping_status":"closed","template":"","meta":{"_acf_changed":false,"footnotes":""},"class_list":["post-17677","page","type-page","status-publish","hentry"],"acf":[],"yoast_head":"<!-- This site is optimized with the Yoast SEO plugin v26.6 - https:\/\/yoast.com\/wordpress\/plugins\/seo\/ -->\n<title>Labels und Zertifizierungen - CERTISYS<\/title>\n<meta name=\"description\" content=\"Chez CERTISYS\u00ae, filiale Benelux du Groupe ECOCERT, nous sommes experts dans la certification biologique et durable.\" \/>\n<meta name=\"robots\" content=\"index, follow, max-snippet:-1, max-image-preview:large, max-video-preview:-1\" \/>\n<link rel=\"canonical\" href=\"https:\/\/www.certisys.eu\/de\/labels-und-zertifizierungen\/\" \/>\n<meta property=\"og:locale\" content=\"de_DE\" \/>\n<meta property=\"og:type\" content=\"article\" \/>\n<meta property=\"og:title\" content=\"Labels und Zertifizierungen - CERTISYS\" \/>\n<meta property=\"og:description\" content=\"Chez CERTISYS\u00ae, filiale Benelux du Groupe ECOCERT, nous sommes experts dans la certification biologique et durable.\" \/>\n<meta property=\"og:url\" content=\"https:\/\/www.certisys.eu\/de\/labels-und-zertifizierungen\/\" \/>\n<meta property=\"og:site_name\" content=\"CERTISYS\" \/>\n<meta property=\"article:modified_time\" content=\"2025-03-18T08:19:09+00:00\" \/>\n<meta name=\"twitter:card\" content=\"summary_large_image\" \/>\n<meta name=\"twitter:label1\" content=\"Gesch\u00e4tzte Lesezeit\" \/>\n\t<meta name=\"twitter:data1\" content=\"2\u00a0Minuten\" \/>\n<!-- \/ Yoast SEO plugin. -->","yoast_head_json":{"title":"Labels und Zertifizierungen - CERTISYS","description":"Chez CERTISYS\u00ae, filiale Benelux du Groupe ECOCERT, nous sommes experts dans la certification biologique et durable.","robots":{"index":"index","follow":"follow","max-snippet":"max-snippet:-1","max-image-preview":"max-image-preview:large","max-video-preview":"max-video-preview:-1"},"canonical":"https:\/\/www.certisys.eu\/de\/labels-und-zertifizierungen\/","og_locale":"de_DE","og_type":"article","og_title":"Labels und Zertifizierungen - CERTISYS","og_description":"Chez CERTISYS\u00ae, filiale Benelux du Groupe ECOCERT, nous sommes experts dans la certification biologique et durable.","og_url":"https:\/\/www.certisys.eu\/de\/labels-und-zertifizierungen\/","og_site_name":"CERTISYS","article_modified_time":"2025-03-18T08:19:09+00:00","twitter_card":"summary_large_image","twitter_misc":{"Gesch\u00e4tzte Lesezeit":"2\u00a0Minuten"},"schema":{"@context":"https:\/\/schema.org","@graph":[{"@type":"WebPage","@id":"https:\/\/www.certisys.eu\/de\/labels-und-zertifizierungen\/","url":"https:\/\/www.certisys.eu\/de\/labels-und-zertifizierungen\/","name":"Labels und Zertifizierungen - CERTISYS","isPartOf":{"@id":"https:\/\/www.certisys.eu\/de\/#website"},"datePublished":"2022-10-25T09:14:29+00:00","dateModified":"2025-03-18T08:19:09+00:00","description":"Chez CERTISYS\u00ae, filiale Benelux du Groupe ECOCERT, nous sommes experts dans la certification biologique et durable.","breadcrumb":{"@id":"https:\/\/www.certisys.eu\/de\/labels-und-zertifizierungen\/#breadcrumb"},"inLanguage":"de","potentialAction":[{"@type":"ReadAction","target":["https:\/\/www.certisys.eu\/de\/labels-und-zertifizierungen\/"]}]},{"@type":"BreadcrumbList","@id":"https:\/\/www.certisys.eu\/de\/labels-und-zertifizierungen\/#breadcrumb","itemListElement":[{"@type":"ListItem","position":1,"name":"Home","item":"https:\/\/www.certisys.eu\/de\/"},{"@type":"ListItem","position":2,"name":"Labels und Zertifizierungen"}]},{"@type":"WebSite","@id":"https:\/\/www.certisys.eu\/de\/#website","url":"https:\/\/www.certisys.eu\/de\/","name":"CERTISYS","description":"Bio Certification","potentialAction":[{"@type":"SearchAction","target":{"@type":"EntryPoint","urlTemplate":"https:\/\/www.certisys.eu\/de\/?s={search_term_string}"},"query-input":{"@type":"PropertyValueSpecification","valueRequired":true,"valueName":"search_term_string"}}],"inLanguage":"de"}]}},"jetpack_sharing_enabled":true,"_links":{"self":[{"href":"https:\/\/www.certisys.eu\/de\/wp-json\/wp\/v2\/pages\/17677","targetHints":{"allow":["GET"]}}],"collection":[{"href":"https:\/\/www.certisys.eu\/de\/wp-json\/wp\/v2\/pages"}],"about":[{"href":"https:\/\/www.certisys.eu\/de\/wp-json\/wp\/v2\/types\/page"}],"author":[{"embeddable":true,"href":"https:\/\/www.certisys.eu\/de\/wp-json\/wp\/v2\/users\/1"}],"replies":[{"embeddable":true,"href":"https:\/\/www.certisys.eu\/de\/wp-json\/wp\/v2\/comments?post=17677"}],"version-history":[{"count":23,"href":"https:\/\/www.certisys.eu\/de\/wp-json\/wp\/v2\/pages\/17677\/revisions"}],"predecessor-version":[{"id":42385,"href":"https:\/\/www.certisys.eu\/de\/wp-json\/wp\/v2\/pages\/17677\/revisions\/42385"}],"wp:attachment":[{"href":"https:\/\/www.certisys.eu\/de\/wp-json\/wp\/v2\/media?parent=17677"}],"curies":[{"name":"wp","href":"https:\/\/api.w.org\/{rel}","templated":true}]}}