{"id":17665,"date":"2022-10-25T11:28:30","date_gmt":"2022-10-25T09:28:30","guid":{"rendered":"https:\/\/www.certisys.eu\/agriculture-biologique\/"},"modified":"2022-11-30T10:55:27","modified_gmt":"2022-11-30T08:55:27","slug":"biologische-landwirtschaft","status":"publish","type":"page","link":"https:\/\/www.certisys.eu\/de\/labels-und-zertifizierungen\/biologische-landwirtschaft\/","title":{"rendered":"Biologische Landwirtschaft"},"content":{"rendered":"<div class=\"wpb-content-wrapper\"><p>[vc_row content_placement=&#8220;middle&#8220; css=&#8220;.vc_custom_1605630337493{padding-bottom: 30px !important;}&#8220;][vc_column width=&#8220;1\/2&#8243; offset=&#8220;vc_col-lg-offset-2 vc_col-lg-4&#8243;][vc_column_text]Die <strong>Verwendung des Begriffs &#8222;BIO&#8220; oder &#8222;biologisch&#8220; <\/strong>f\u00fcr Lebensmittel ist in ganz Europa durch eine Verordnung, die <a href=\"https:\/\/eur-lex.europa.eu\/legal-content\/DE\/TXT\/HTML\/?uri=CELEX:32018R0848&amp;qid=1669282538890&amp;from=FR\">RE 2018\/848<\/a>, gesetzlich <strong>gesch\u00fctzt<\/strong>.<\/p>\n<p>Wenn Sie Lebensmittel unter der <strong>Bezeichnung Bio vermarkten <\/strong>wollen, m\u00fcssen Sie sich zwingend der Kontrolle durch eine f\u00fcr BIO <strong>zugelassene Organisation <\/strong>wie <strong>CERTISYS\u00ae unterziehen<\/strong>.<\/p>\n<p>Neben dem <strong>europ\u00e4ischen BIO-Siegel <\/strong>gibt es auch <strong>internationale und private Siegel, die <\/strong>aus privaten oder staatlichen Initiativen hervorgegangen sind.<\/p>\n<p>F\u00fcr die meisten dieser Siegel m\u00fcssen Sie zun\u00e4chst nach den europ\u00e4ischen BIO-Standards zertifiziert sein, um sie erhalten zu k\u00f6nnen.<\/p>\n<p>Diese k\u00f6nnen zus\u00e4tzlich zum europ\u00e4ischen BIO-Siegel kommen und\/oder <strong>Bereiche abdecken, die nicht durch die europ\u00e4ischen BIO-Vorschriften geregelt sind, <\/strong>wie z. B. das Biogarantie\u00ae-Siegel.[\/vc_column_text][\/vc_column][vc_column width=&#8220;1\/3&#8243;][vc_single_image image=&#8220;16936&#8243; img_size=&#8220;400&#215;400&#8243; alignment=&#8220;center&#8220; style=&#8220;vc_box_circle_2&#8243; css_animation=&#8220;fadeInDown&#8220;][vc_column_text]<\/p>\n<h3 style=\"text-align: center;\"><strong>Sind Sie ein Hersteller von Betriebsmitteln?<\/strong><\/h3>\n<p>[\/vc_column_text]<div class=\"d-flex justify-content-center vc_custom_1669282796315\"><a class=\"psh_button btn-21912934\" href=\"https:\/\/www.certisys.eu\/de\/meine-aktivitaet\/betriebsmittel-inputs-und-rohstoffe\/\" alt=\"\" target=\"_blank\">Finden Sie hier alle Informationen, die mit Ihrer T\u00e4tigkeit zusammenh\u00e4ngen.<\/a><\/div>\n        <style>.psh_button.btn-21912934{\n          font-size: 18px;\n          text-transform: none;\n          padding: 10px 20px 10px 20px;\n          border-radius: 80px;\n          border-width: 0px;\n          background-color: #e30613;\n          border-color: ;\n          border-style: solid;\n          color: #ffffff;\n          display: inline-block;\n          \n          transition: all .3s ease-in-out;\n        }\n        .psh_button.btn-21912934:hover{\n          background-color: #f18970;\n          border-color: ;\n          color: #ffffff;\n          transition: all .3s ease-in-out;\n        }.vc_custom_1669282796315{margin-bottom: 50px !important;}<\/style>[\/vc_column][vc_column][\/vc_column][\/vc_row][vc_row content_placement=&#8220;middle&#8220; css=&#8220;.vc_custom_1614101002332{padding-bottom: 30px !important;}&#8220; el_id=&#8220;missions&#8220;][vc_column width=&#8220;1\/2&#8243;][vc_single_image image=&#8220;3259&#8243; img_size=&#8220;400&#215;400&#8243; alignment=&#8220;center&#8220; style=&#8220;vc_box_circle_2&#8243; css_animation=&#8220;fadeInDown&#8220; css=&#8220;.vc_custom_1618840158776{padding-left: 0px !important;}&#8220;][\/vc_column][vc_column width=&#8220;1\/2&#8243; offset=&#8220;vc_col-lg-4&#8243;][vc_column_text]Einige dieser Siegel wurden lange vor der EU-Verordnung eingef\u00fchrt. Sie bieten zus\u00e4tzliche Kontrollpunkte f\u00fcr Ihre biologischen Produkte, wie z. B. die belgische Herkunft von Zutaten (belgische Biogarantie\u00ae), die Einhaltung von Arbeitsbedingungen (Naturland), die Einhaltung biodynamischer Anbaumethoden (Demeter) usw.<\/p>\n<p>Sie k\u00f6nnen es Ihnen erm\u00f6glichen, bei Ihren Kunden f\u00fcr <strong>zus\u00e4tzliche Eigenschaften <\/strong>Ihrer biologischen Produkte zu <strong>werben <\/strong>und <strong>neue M\u00e4rkte zu erschlie\u00dfen<\/strong>.<\/p>\n<p>Wir k\u00f6nnen Ihnen Kontakte vermitteln oder Sie anleiten, um offizielle internationale Zertifizierungen au\u00dferhalb Europas zu erhalten, z. B. <strong>JAS <\/strong>in <strong>Japan<\/strong>, biologische Landwirtschaft in <strong>China, S\u00fcdkorea, <\/strong><strong>Mexiko<\/strong>, <strong>Kanada<\/strong>&#8230; <strong>Wir bieten unseren Marktteilnehmern in Belgien, die bereits in biologischer Landwirtschaft bei CERTISYS\u00ae zertifiziert sind, auch die NOP-Zertifizierung (USA) an. <\/strong>[\/vc_column_text][\/vc_column][\/vc_row][vc_row full_width=&#8220;stretch_row&#8220; css=&#8220;.vc_custom_1620370151972{padding-top: 50px !important;padding-bottom: 50px !important;}&#8220;][vc_column offset=&#8220;vc_col-lg-offset-2 vc_col-lg-8 vc_col-md-offset-1 vc_col-md-10&#8243;][vc_column_text]<\/p>\n<h2 style=\"text-align: center;\">Unsere BIO-Labels und -Zertifizierungen<\/h2>\n<p>[\/vc_column_text][vc_row_inner][vc_column_inner width=&#8220;1\/3&#8243;]<div class=\"d-flex justify-content-center vc_custom_1669798491229\"><a class=\"psh_button btn-96829378\" href=\"https:\/\/www.certisys.eu\/de\/labels-und-zertifizierungen\/bio-siegel-der-eu\/\" alt=\"Bio Siegel EU\" target=\"\">Europ\u00e4isches BIO-Siegel<\/a><\/div>\n        <style>.psh_button.btn-96829378{\n          font-size: 18px;\n          text-transform: none;\n          padding: 10px 20px 10px 20px;\n          border-radius: 80px;\n          border-width: 0px;\n          background-color: #e30613;\n          border-color: ;\n          border-style: solid;\n          color: #ffffff;\n          display: inline-block;\n          width:300px;\n          transition: all .3s ease-in-out;\n        }\n        .psh_button.btn-96829378:hover{\n          background-color: #f18970;\n          border-color: ;\n          color: #ffffff;\n          transition: all .3s ease-in-out;\n        }.vc_custom_1669798491229{margin-bottom: 35px !important;}<\/style>[\/vc_column_inner][vc_column_inner width=&#8220;1\/3&#8243;]<div class=\"d-flex justify-content-center vc_custom_1669798507262\"><a class=\"psh_button btn-57424101\" href=\"https:\/\/www.certisys.eu\/de\/labels-und-zertifizierungen\/offizielle-nationale-bio-siegel\/\" alt=\"Offizielle nationale bio Siegel\" target=\"\">Internationale BIO-Labels<\/a><\/div>\n        <style>.psh_button.btn-57424101{\n          font-size: 18px;\n          text-transform: none;\n          padding: 10px 20px 10px 20px;\n          border-radius: 80px;\n          border-width: 0px;\n          background-color: #e30613;\n          border-color: ;\n          border-style: solid;\n          color: #ffffff;\n          display: inline-block;\n          width:300px;\n          transition: all .3s ease-in-out;\n        }\n        .psh_button.btn-57424101:hover{\n          background-color: #f18970;\n          border-color: ;\n          color: #ffffff;\n          transition: all .3s ease-in-out;\n        }.vc_custom_1669798507262{margin-bottom: 35px !important;}<\/style>[\/vc_column_inner][vc_column_inner width=&#8220;1\/3&#8243;]<div class=\"d-flex justify-content-center vc_custom_1669798518146\"><a class=\"psh_button btn-57525113\" href=\"https:\/\/www.certisys.eu\/de\/labels-und-zertifizierungen\/andere-eigensiegel\/\" alt=\"andere-eigensiegel\" target=\"\">Private BIO-Labels<\/a><\/div>\n        <style>.psh_button.btn-57525113{\n          font-size: 18px;\n          text-transform: none;\n          padding: 10px 20px 10px 20px;\n          border-radius: 80px;\n          border-width: 0px;\n          background-color: #e30613;\n          border-color: ;\n          border-style: solid;\n          color: #ffffff;\n          display: inline-block;\n          width:300px;\n          transition: all .3s ease-in-out;\n        }\n        .psh_button.btn-57525113:hover{\n          background-color: #f18970;\n          border-color: ;\n          color: #ffffff;\n          transition: all .3s ease-in-out;\n        }.vc_custom_1669798518146{margin-bottom: 35px !important;}<\/style>[\/vc_column_inner][\/vc_row_inner][\/vc_column][\/vc_row]<\/p>\n<\/div>","protected":false},"excerpt":{"rendered":"<p>[vc_row content_placement=&#8220;middle&#8220; css=&#8220;.vc_custom_1605630337493{padding-bottom: 30px !important;}&#8220;][vc_column width=&#8220;1\/2&#8243; offset=&#8220;vc_col-lg-offset-2 vc_col-lg-4&#8243;][vc_column_text]Die Verwendung des Begriffs &#8222;BIO&#8220; oder &#8222;biologisch&#8220; f\u00fcr Lebensmittel ist in ganz Europa durch eine Verordnung, die RE 2018\/848, gesetzlich gesch\u00fctzt. Wenn Sie Lebensmittel unter der Bezeichnung Bio vermarkten wollen, m\u00fcssen Sie sich zwingend der Kontrolle durch eine f\u00fcr BIO zugelassene Organisation wie CERTISYS\u00ae unterziehen. Neben dem europ\u00e4ischen [&hellip;]<\/p>\n","protected":false},"author":1,"featured_media":0,"parent":17677,"menu_order":0,"comment_status":"closed","ping_status":"closed","template":"","meta":{"_acf_changed":false,"footnotes":""},"class_list":["post-17665","page","type-page","status-publish","hentry"],"acf":[],"yoast_head":"<!-- This site is optimized with the Yoast SEO plugin v26.6 - https:\/\/yoast.com\/wordpress\/plugins\/seo\/ -->\n<title>Biologische Landwirtschaft - CERTISYS<\/title>\n<meta name=\"robots\" content=\"index, follow, max-snippet:-1, max-image-preview:large, max-video-preview:-1\" \/>\n<link rel=\"canonical\" href=\"https:\/\/www.certisys.eu\/de\/labels-und-zertifizierungen\/biologische-landwirtschaft\/\" \/>\n<meta property=\"og:locale\" content=\"de_DE\" \/>\n<meta property=\"og:type\" content=\"article\" \/>\n<meta property=\"og:title\" content=\"Biologische Landwirtschaft - CERTISYS\" \/>\n<meta property=\"og:description\" content=\"[vc_row content_placement=&#8220;middle&#8220; css=&#8220;.vc_custom_1605630337493{padding-bottom: 30px !important;}&#8220;][vc_column width=&#8220;1\/2&#8243; offset=&#8220;vc_col-lg-offset-2 vc_col-lg-4&#8243;][vc_column_text]Die Verwendung des Begriffs &#8222;BIO&#8220; oder &#8222;biologisch&#8220; f\u00fcr Lebensmittel ist in ganz Europa durch eine Verordnung, die RE 2018\/848, gesetzlich gesch\u00fctzt. Wenn Sie Lebensmittel unter der Bezeichnung Bio vermarkten wollen, m\u00fcssen Sie sich zwingend der Kontrolle durch eine f\u00fcr BIO zugelassene Organisation wie CERTISYS\u00ae unterziehen. Neben dem europ\u00e4ischen [&hellip;]\" \/>\n<meta property=\"og:url\" content=\"https:\/\/www.certisys.eu\/de\/labels-und-zertifizierungen\/biologische-landwirtschaft\/\" \/>\n<meta property=\"og:site_name\" content=\"CERTISYS\" \/>\n<meta property=\"article:modified_time\" content=\"2022-11-30T08:55:27+00:00\" \/>\n<meta name=\"twitter:card\" content=\"summary_large_image\" \/>\n<meta name=\"twitter:label1\" content=\"Gesch\u00e4tzte Lesezeit\" \/>\n\t<meta name=\"twitter:data1\" content=\"2\u00a0Minuten\" \/>\n<!-- \/ Yoast SEO plugin. -->","yoast_head_json":{"title":"Biologische Landwirtschaft - CERTISYS","robots":{"index":"index","follow":"follow","max-snippet":"max-snippet:-1","max-image-preview":"max-image-preview:large","max-video-preview":"max-video-preview:-1"},"canonical":"https:\/\/www.certisys.eu\/de\/labels-und-zertifizierungen\/biologische-landwirtschaft\/","og_locale":"de_DE","og_type":"article","og_title":"Biologische Landwirtschaft - CERTISYS","og_description":"[vc_row content_placement=&#8220;middle&#8220; css=&#8220;.vc_custom_1605630337493{padding-bottom: 30px !important;}&#8220;][vc_column width=&#8220;1\/2&#8243; offset=&#8220;vc_col-lg-offset-2 vc_col-lg-4&#8243;][vc_column_text]Die Verwendung des Begriffs &#8222;BIO&#8220; oder &#8222;biologisch&#8220; f\u00fcr Lebensmittel ist in ganz Europa durch eine Verordnung, die RE 2018\/848, gesetzlich gesch\u00fctzt. Wenn Sie Lebensmittel unter der Bezeichnung Bio vermarkten wollen, m\u00fcssen Sie sich zwingend der Kontrolle durch eine f\u00fcr BIO zugelassene Organisation wie CERTISYS\u00ae unterziehen. Neben dem europ\u00e4ischen [&hellip;]","og_url":"https:\/\/www.certisys.eu\/de\/labels-und-zertifizierungen\/biologische-landwirtschaft\/","og_site_name":"CERTISYS","article_modified_time":"2022-11-30T08:55:27+00:00","twitter_card":"summary_large_image","twitter_misc":{"Gesch\u00e4tzte Lesezeit":"2\u00a0Minuten"},"schema":{"@context":"https:\/\/schema.org","@graph":[{"@type":"WebPage","@id":"https:\/\/www.certisys.eu\/de\/labels-und-zertifizierungen\/biologische-landwirtschaft\/","url":"https:\/\/www.certisys.eu\/de\/labels-und-zertifizierungen\/biologische-landwirtschaft\/","name":"Biologische Landwirtschaft - CERTISYS","isPartOf":{"@id":"https:\/\/www.certisys.eu\/de\/#website"},"datePublished":"2022-10-25T09:28:30+00:00","dateModified":"2022-11-30T08:55:27+00:00","breadcrumb":{"@id":"https:\/\/www.certisys.eu\/de\/labels-und-zertifizierungen\/biologische-landwirtschaft\/#breadcrumb"},"inLanguage":"de","potentialAction":[{"@type":"ReadAction","target":["https:\/\/www.certisys.eu\/de\/labels-und-zertifizierungen\/biologische-landwirtschaft\/"]}]},{"@type":"BreadcrumbList","@id":"https:\/\/www.certisys.eu\/de\/labels-und-zertifizierungen\/biologische-landwirtschaft\/#breadcrumb","itemListElement":[{"@type":"ListItem","position":1,"name":"Home","item":"https:\/\/www.certisys.eu\/de\/"},{"@type":"ListItem","position":2,"name":"Labels und Zertifizierungen","item":"https:\/\/www.certisys.eu\/de\/labels-und-zertifizierungen\/"},{"@type":"ListItem","position":3,"name":"Biologische Landwirtschaft"}]},{"@type":"WebSite","@id":"https:\/\/www.certisys.eu\/de\/#website","url":"https:\/\/www.certisys.eu\/de\/","name":"CERTISYS","description":"Bio Certification","potentialAction":[{"@type":"SearchAction","target":{"@type":"EntryPoint","urlTemplate":"https:\/\/www.certisys.eu\/de\/?s={search_term_string}"},"query-input":{"@type":"PropertyValueSpecification","valueRequired":true,"valueName":"search_term_string"}}],"inLanguage":"de"}]}},"jetpack_sharing_enabled":true,"_links":{"self":[{"href":"https:\/\/www.certisys.eu\/de\/wp-json\/wp\/v2\/pages\/17665","targetHints":{"allow":["GET"]}}],"collection":[{"href":"https:\/\/www.certisys.eu\/de\/wp-json\/wp\/v2\/pages"}],"about":[{"href":"https:\/\/www.certisys.eu\/de\/wp-json\/wp\/v2\/types\/page"}],"author":[{"embeddable":true,"href":"https:\/\/www.certisys.eu\/de\/wp-json\/wp\/v2\/users\/1"}],"replies":[{"embeddable":true,"href":"https:\/\/www.certisys.eu\/de\/wp-json\/wp\/v2\/comments?post=17665"}],"version-history":[{"count":8,"href":"https:\/\/www.certisys.eu\/de\/wp-json\/wp\/v2\/pages\/17665\/revisions"}],"predecessor-version":[{"id":18153,"href":"https:\/\/www.certisys.eu\/de\/wp-json\/wp\/v2\/pages\/17665\/revisions\/18153"}],"up":[{"embeddable":true,"href":"https:\/\/www.certisys.eu\/de\/wp-json\/wp\/v2\/pages\/17677"}],"wp:attachment":[{"href":"https:\/\/www.certisys.eu\/de\/wp-json\/wp\/v2\/media?parent=17665"}],"curies":[{"name":"wp","href":"https:\/\/api.w.org\/{rel}","templated":true}]}}